{"id":1075,"date":"2013-07-24T11:11:52","date_gmt":"2013-07-24T11:11:52","guid":{"rendered":"https:\/\/mycor.iam.inrae.fr\/ARBRE\/?page_id=1075"},"modified":"2015-06-16T11:32:43","modified_gmt":"2015-06-16T11:32:43","slug":"plantredyn","status":"publish","type":"page","link":"https:\/\/mycor.iam.inrae.fr\/ARBRE\/?page_id=1075","title":{"rendered":"PlantReDyn"},"content":{"rendered":"<p><strong>Plant Reserve Dynamics Workshop<\/strong><\/p>\n<p><em>Responsable scientifique : <\/em>Pascale Maillard (UMR 1137 Ecologie et Ecophysiologie Foresti\u00e8res<\/p>\n<p><em>Partenaires Labex :<\/em>\u00a0 UR BEF (Nancy) ; UMR ESE (Orsay) ; UMR 547 (Clermont-Ferrand); UR 1115, PSH (Avignon)\u00a0; URFM (Avignon)\u00a0; UMR IBFA UniCaen.<\/p>\n<p><em>Collaborations :<\/em><br \/>\nAgn\u00e8s Guilliot (Forest Future,Nancy)<br \/>\nC\u00e9cile Barbaroux (LBLGC UPRES EA 1207, Orl\u00e9ans)<br \/>\nFlorence Volaire (CNRS CEFE, Montpellier)<br \/>\nAlexia Stokes, Sylvie Sabatier, Pierre Eric Lauri (CIRAD AMAP, Montpellier)<\/p>\n<p>___________<\/p>\n<p><strong><em>Contexte<\/em> \u2014 <\/strong>Les agro-\u00e9cosyst\u00e8mes p\u00e9rennes diff\u00e8rent des \u00e9cosyst\u00e8mes naturels car leur productivit\u00e9 implique une gestion imposant des perturbations r\u00e9p\u00e9t\u00e9es polluantes (irrigation, engrais, produits phytosanitaires, &#8230;). Les probl\u00e8mes soci\u00e9taux et environnementaux que ces perturbations cr\u00e9ent, n\u00e9cessitent leur diminution, mais sous climat changeant, les cons\u00e9quences sur la productivit\u00e9 sont mal connues, notamment pour les for\u00eats plant\u00e9es et l&rsquo;industrie foresti\u00e8re. L\u2019\u00e9tude des changements de gestion sur le fonctionnement (C, N, eau) et la productivit\u00e9 d\u2019agro-\u00e9cosyst\u00e8mes p\u00e9rennes est donc n\u00e9cessaire afin de pouvoir proposer des strat\u00e9gies de gestion appropri\u00e9es.<\/p>\n<p><strong><em>Objectif<\/em> \u2014<\/strong> Pour progresser dans la connaissance des m\u00e9canismes physiologiques assurant la r\u00e9sistance au stress, la survie, la r\u00e9cup\u00e9ration ou non, et donc la stabilit\u00e9 de la production des agro-\u00e9cosyst\u00e8mes sur plusieurs ann\u00e9es contrast\u00e9es, un consortium scientifique a \u00e9t\u00e9 cr\u00e9\u00e9, unissant les forces de scientifiques fran\u00e7ais \u00e9cophysiologistes et mod\u00e9lisateurs (INRA, CIRAD, CNRS, universit\u00e9s), qui travaillent sur les arbres forestiers et fruitiers, les plantations de peupliers commerciales et les cultures fourrag\u00e8res vivaces des r\u00e9gions temp\u00e9r\u00e9es et m\u00e9diterran\u00e9ennes.<\/p>\n<p><strong><em>D\u00e9marche<\/em> \u2014<\/strong> Apr\u00e8s une premi\u00e8re r\u00e9union (INRA Paris, Novembre 2012), le consortium a d\u00e9cid\u00e9 de soumettre d\u00e9but 2014 un projet ANR blanc \u00e0 l&rsquo;Agence Nationale de la Recherche. L\u2019atelier financ\u00e9 par le labex ARBRE (INRA Nancy, 17 Octobre 2013) permettra d\u2019avancer dans les discussions et de finaliser pour 2014 le projet RESIST\u00a0(Dynamique des r\u00e9serves des plantes\u00a0: une cl\u00e9 pour la p\u00e9rennit\u00e9 et la productivit\u00e9 des agro-\u00e9cosyst\u00e8mes p\u00e9rennes sous stress croissants).<\/p>\n<p><strong><em>R\u00e9sultats et impacts attendus<\/em> \u2014<\/strong> Cet atelier r\u00e9pond aux objectifs du WP2 du Labex ARBRE (processus impliqu\u00e9s dans les r\u00e9ponses des \u00e9cosyst\u00e8mes \u00e0 un environnement changeant). Le soutien du labex puis de l\u2019ANR permettra d\u2019apporter des th\u00e9ories solides sur le fonctionnement (C, N, eau), la r\u00e9partition des r\u00e9serves en relation avec l\u2019architecture d\u2019esp\u00e8ces p\u00e9rennes, et de proposer des modes de gestion \u00e0 m\u00eame de maintenir la productivit\u00e9 sous stress environnementaux accrus.<\/p>\n<p>&nbsp;<\/p>\n","protected":false},"excerpt":{"rendered":"<p>Plant Reserve Dynamics Workshop Responsable scientifique : Pascale Maillard (UMR 1137 Ecologie et Ecophysiologie Foresti\u00e8res Partenaires Labex :\u00a0 UR BEF (Nancy) ; UMR ESE (Orsay) ; UMR 547 (Clermont-Ferrand); UR 1115, PSH (Avignon)\u00a0; URFM (Avignon)\u00a0; UMR IBFA UniCaen. Collaborations : &hellip; <a href=\"https:\/\/mycor.iam.inrae.fr\/ARBRE\/?page_id=1075\">Continuer la lecture <span class=\"meta-nav\">&rarr;<\/span><\/a><\/p>\n","protected":false},"author":2,"featured_media":0,"parent":2122,"menu_order":0,"comment_status":"closed","ping_status":"open","template":"","meta":{"footnotes":""},"class_list":["post-1075","page","type-page","status-publish","hentry"],"_links":{"self":[{"href":"https:\/\/mycor.iam.inrae.fr\/ARBRE\/index.php?rest_route=\/wp\/v2\/pages\/1075","targetHints":{"allow":["GET"]}}],"collection":[{"href":"https:\/\/mycor.iam.inrae.fr\/ARBRE\/index.php?rest_route=\/wp\/v2\/pages"}],"about":[{"href":"https:\/\/mycor.iam.inrae.fr\/ARBRE\/index.php?rest_route=\/wp\/v2\/types\/page"}],"author":[{"embeddable":true,"href":"https:\/\/mycor.iam.inrae.fr\/ARBRE\/index.php?rest_route=\/wp\/v2\/users\/2"}],"replies":[{"embeddable":true,"href":"https:\/\/mycor.iam.inrae.fr\/ARBRE\/index.php?rest_route=%2Fwp%2Fv2%2Fcomments&post=1075"}],"version-history":[{"count":0,"href":"https:\/\/mycor.iam.inrae.fr\/ARBRE\/index.php?rest_route=\/wp\/v2\/pages\/1075\/revisions"}],"up":[{"embeddable":true,"href":"https:\/\/mycor.iam.inrae.fr\/ARBRE\/index.php?rest_route=\/wp\/v2\/pages\/2122"}],"wp:attachment":[{"href":"https:\/\/mycor.iam.inrae.fr\/ARBRE\/index.php?rest_route=%2Fwp%2Fv2%2Fmedia&parent=1075"}],"curies":[{"name":"wp","href":"https:\/\/api.w.org\/{rel}","templated":true}]}}