{"id":10846,"date":"2018-01-19T07:00:26","date_gmt":"2018-01-19T07:00:26","guid":{"rendered":"https:\/\/mycor.iam.inrae.fr\/ARBRE\/?page_id=10846"},"modified":"2020-09-15T09:36:10","modified_gmt":"2020-09-15T09:36:10","slug":"resultats-aap-2018","status":"publish","type":"page","link":"https:\/\/mycor.iam.inrae.fr\/ARBRE\/?page_id=10846","title":{"rendered":"R\u00e9sultats de l&rsquo;appel \u00e0 projets 2018"},"content":{"rendered":"<p><img loading=\"lazy\" decoding=\"async\" class=\"alignnone size-full wp-image-10845\" src=\"https:\/\/mycor.iam.inrae.fr\/ARBRE\/wp-content\/uploads\/2018\/01\/AAP2018.png\" alt=\"AAP2018\" width=\"1348\" height=\"292\" srcset=\"https:\/\/mycor.iam.inrae.fr\/ARBRE\/wp-content\/uploads\/2018\/01\/AAP2018.png 1348w, https:\/\/mycor.iam.inrae.fr\/ARBRE\/wp-content\/uploads\/2018\/01\/AAP2018-300x65.png 300w, https:\/\/mycor.iam.inrae.fr\/ARBRE\/wp-content\/uploads\/2018\/01\/AAP2018-768x166.png 768w, https:\/\/mycor.iam.inrae.fr\/ARBRE\/wp-content\/uploads\/2018\/01\/AAP2018-1024x222.png 1024w, https:\/\/mycor.iam.inrae.fr\/ARBRE\/wp-content\/uploads\/2018\/01\/AAP2018-800x173.png 800w, https:\/\/mycor.iam.inrae.fr\/ARBRE\/wp-content\/uploads\/2018\/01\/AAP2018-500x108.png 500w\" sizes=\"auto, (max-width: 1348px) 100vw, 1348px\" \/><\/p>\n<h2><strong>RESULTATS<\/strong><\/h2>\n<p>Pour ce septi\u00e8me appel \u00e0 projet, <strong>34 projets ont \u00e9t\u00e9 d\u00e9pos\u00e9s<\/strong>\u00a0:<\/p>\n<ul>\n<li>15 projets innovants-recherche<\/li>\n<li>16 projets incitatifs-recherche<\/li>\n<li>1 projet incitatif-valorisation<\/li>\n<li>2 projets incitatifs-formation\/diss\u00e9mination.<\/li>\n<\/ul>\n<p>Suite \u00e0 l\u2019\u00e9valuation par des experts internationaux et par les membres du bureau ex\u00e9cutif du LabEx ARBRE, <strong>19 projets ont \u00e9t\u00e9 retenus<\/strong> :<\/p>\n<p><strong>7 projets innovants-recherche\u00a0<\/strong><\/p>\n<ul>\n<li><strong>BRAWO :\u00a0<\/strong>Fate of lignin altered by Brown Rot And White rOt fungi<\/li>\n<li><strong>GeMM :\u00a0<\/strong>Genomic, Microbiological and Geochemical Characterization of Mineralosphere<\/li>\n<li><strong>NanoSteamEx :<\/strong> Production of microfibrillated cellulose by a steam explosion process<\/li>\n<li><strong>SULPRO :<\/strong> Developing new optogenetic redox biosensors for sulfur compounds<\/li>\n<li><strong>OZMYC :<\/strong> Impact of abiotic stress (Ozone, drought) on ectoMYCorrhizal symbiosis and role of ectomycorrhization on tree responses<\/li>\n<li><strong>GENTRHI :<\/strong> Interplay between lateral gene transfer in bacteria and rhizosphere functioning<\/li>\n<li><strong>BEETWIND :<\/strong> Acclimation of Beech Trees to change in wind mechanical stress following thinning<\/li>\n<\/ul>\n<p><strong>10 projets incitatifs-recherche<\/strong><\/p>\n<ul>\n<li><strong>WaterUnWood :<\/strong> Free Water migration within Unsaturated Wood<\/li>\n<li><strong>TreeD :<\/strong> Transpiration efficiency using 3D canopy structure<\/li>\n<li><strong>SATIsFor :<\/strong> Characterize and support Sustainable Adaptations in TerrItorial Forestry systems<\/li>\n<li><strong>BENCHAFOR :<\/strong> BENchmarking applied to FORest cockCHAfor ecology to ensure regeneration in a context of forest health crises<\/li>\n<li><strong>PARaDIGM :<\/strong> Role of Poplar defense phytohormones in controlling the root microbiome<\/li>\n<li><strong>NUTRRESYM :<\/strong> NUtrient signals in forest Trees Regulating Root growth and Ecto-mycorrhizae SYMbiosis<\/li>\n<li><strong>CHIBEE :<\/strong> Dendroecological Study of Cedar Forests in Mount Lebanon<\/li>\n<li><strong>WatFluX :<\/strong> Understanding water flux in the xylem, from seasonal dynamics to long-term variations, from xylem cell maturation to forest ecosystems<\/li>\n<li><strong>Bioval :<\/strong> Bioclimatic modelling of steep-sided valleys in northeastern France<\/li>\n<li><strong>ChemXtraMat :<\/strong> Chemical-modified polyphenolic wood-extract for eco-friendly materials<\/li>\n<\/ul>\n<p><strong>1 projet incitatif-valorisation\u00a0<\/strong><\/p>\n<ul>\n<li><strong>LowCostLogger :<\/strong> Development of a low cost dater logger for measurement of soil water potential: optimizing water regime in truffle orchards.<\/li>\n<\/ul>\n<p><strong>1 projet incitatif-formation\/diss\u00e9mination<\/strong><\/p>\n<ul>\n<li><strong>expoTIQUES :<\/strong> Exposition itin\u00e9rante TIQUES : s\u2019informer, se prot\u00e9ger<\/li>\n<\/ul>\n","protected":false},"excerpt":{"rendered":"<p>RESULTATS Pour ce septi\u00e8me appel \u00e0 projet, 34 projets ont \u00e9t\u00e9 d\u00e9pos\u00e9s\u00a0: 15 projets innovants-recherche 16 projets incitatifs-recherche 1 projet incitatif-valorisation 2 projets incitatifs-formation\/diss\u00e9mination. Suite \u00e0 l\u2019\u00e9valuation par des experts internationaux et par les membres du bureau ex\u00e9cutif du LabEx &hellip; <a href=\"https:\/\/mycor.iam.inrae.fr\/ARBRE\/?page_id=10846\">Continuer la lecture <span class=\"meta-nav\">&rarr;<\/span><\/a><\/p>\n","protected":false},"author":1,"featured_media":0,"parent":256,"menu_order":1,"comment_status":"closed","ping_status":"closed","template":"","meta":{"footnotes":""},"class_list":["post-10846","page","type-page","status-publish","hentry"],"_links":{"self":[{"href":"https:\/\/mycor.iam.inrae.fr\/ARBRE\/index.php?rest_route=\/wp\/v2\/pages\/10846","targetHints":{"allow":["GET"]}}],"collection":[{"href":"https:\/\/mycor.iam.inrae.fr\/ARBRE\/index.php?rest_route=\/wp\/v2\/pages"}],"about":[{"href":"https:\/\/mycor.iam.inrae.fr\/ARBRE\/index.php?rest_route=\/wp\/v2\/types\/page"}],"author":[{"embeddable":true,"href":"https:\/\/mycor.iam.inrae.fr\/ARBRE\/index.php?rest_route=\/wp\/v2\/users\/1"}],"replies":[{"embeddable":true,"href":"https:\/\/mycor.iam.inrae.fr\/ARBRE\/index.php?rest_route=%2Fwp%2Fv2%2Fcomments&post=10846"}],"version-history":[{"count":0,"href":"https:\/\/mycor.iam.inrae.fr\/ARBRE\/index.php?rest_route=\/wp\/v2\/pages\/10846\/revisions"}],"up":[{"embeddable":true,"href":"https:\/\/mycor.iam.inrae.fr\/ARBRE\/index.php?rest_route=\/wp\/v2\/pages\/256"}],"wp:attachment":[{"href":"https:\/\/mycor.iam.inrae.fr\/ARBRE\/index.php?rest_route=%2Fwp%2Fv2%2Fmedia&parent=10846"}],"curies":[{"name":"wp","href":"https:\/\/api.w.org\/{rel}","templated":true}]}}