{"id":109,"date":"2012-12-22T17:41:12","date_gmt":"2012-12-22T17:41:12","guid":{"rendered":"https:\/\/mycor.iam.inrae.fr\/ARBRE\/?page_id=109"},"modified":"2022-11-12T09:12:43","modified_gmt":"2022-11-12T09:12:43","slug":"actions-thematiques","status":"publish","type":"page","link":"https:\/\/mycor.iam.inrae.fr\/ARBRE\/?page_id=109","title":{"rendered":"Actions th\u00e9matiques \/ Work packages"},"content":{"rendered":"<h1 style=\"text-align: justify;\"><a href=\"https:\/\/mycor.iam.inrae.fr\/ARBRE\/wp-content\/uploads\/2022\/11\/WP-fr.jpg\"><img loading=\"lazy\" decoding=\"async\" class=\"alignnone wp-image-13195 size-full\" src=\"https:\/\/mycor.iam.inrae.fr\/ARBRE\/wp-content\/uploads\/2022\/11\/WP-fr.jpg\" alt=\"\" width=\"1417\" height=\"1153\" srcset=\"https:\/\/mycor.iam.inrae.fr\/ARBRE\/wp-content\/uploads\/2022\/11\/WP-fr.jpg 1417w, https:\/\/mycor.iam.inrae.fr\/ARBRE\/wp-content\/uploads\/2022\/11\/WP-fr-300x244.jpg 300w, https:\/\/mycor.iam.inrae.fr\/ARBRE\/wp-content\/uploads\/2022\/11\/WP-fr-1024x833.jpg 1024w, https:\/\/mycor.iam.inrae.fr\/ARBRE\/wp-content\/uploads\/2022\/11\/WP-fr-768x625.jpg 768w, https:\/\/mycor.iam.inrae.fr\/ARBRE\/wp-content\/uploads\/2022\/11\/WP-fr-737x600.jpg 737w, https:\/\/mycor.iam.inrae.fr\/ARBRE\/wp-content\/uploads\/2022\/11\/WP-fr-369x300.jpg 369w\" sizes=\"auto, (max-width: 1417px) 100vw, 1417px\" \/><\/a><\/h1>\n<h1 style=\"text-align: justify;\">Organisation de l&rsquo;animation scientifique<\/h1>\n<div>\n<p style=\"text-align: justify;\">Le Bureau ex\u00e9cutif d&rsquo;ARBRE a souhait\u00e9 la mise en place de groupes de travail autour de 4 actions th\u00e9matiques et de 2 axes transverals du LabEx (pr\u00e9sent\u00e9s ici sous le terme (work packages, WP) avec pour objectifs:<\/p>\n<p style=\"text-align: justify;\">&#8211; De faciliter une connaissance r\u00e9ciproque des recherches men\u00e9es dans les diff\u00e9rentes unit\u00e9s, cela pourra passer par un \u00e9tat des lieux des recherches en cours sur chaque action th\u00e9matique (et notamment au sein de chacune des unit\u00e9s impliqu\u00e9es dans ARBRE), afin que chacun puisse prendre connaissance des recherches en cours et des m\u00e9thodologies d\u00e9velopp\u00e9es.<br \/>\n&#8211; D\u2019identifier les besoins et \u00eatre force de proposition pour la mise en place des actions concr\u00e8tes qui en d\u00e9coulent dans chaque actions th\u00e9matiques (mise en place de futurs projets multidisciplinaires, partage de techniques et de sites ateliers, etc.). ARBRE financera les projets co-construits et soutiendra des actions favorisant le rayonnement du LabEx.<\/p>\n<p style=\"text-align: justify;\">Les animateurs d&rsquo;actions th\u00e9matiques \/ axes transversaux :<br \/>\n&#8211; <strong>WP1<\/strong> &#8211; Biologie int\u00e9grative :\u00a0\u00a0\u00a0\u00a0\u00a0\u00a0\u00a0\u00a0\u00a0 \u00a0 S\u00e9bastien DUPLESSIS \/ Nicolas ROUHIER<br \/>\n&#8211;<strong> WP2 <\/strong>&#8211; Ecologie fonctionnelle :\u00a0\u00a0\u00a0\u00a0\u00a0\u00a0\u00a0 Delphine DERRIEN\u00a0 \/Matthias CUNTZ<br \/>\n&#8211; <strong>WP3 <\/strong>&#8211; Bois-mat\u00e9riau :\u00a0\u00a0\u00a0\u00a0\u00a0\u00a0\u00a0\u00a0\u00a0\u00a0\u00a0\u00a0\u00a0\u00a0\u00a0\u00a0\u00a0\u00a0\u00a0 Christine GERARDIN \/ Mathieu PETRISSANS<br \/>\n&#8211; <strong>WP4<\/strong> &#8211; Bio\u00e9conomie foresti\u00e8re :\u00a0\u00a0\u00a0\u00a0\u00a0 Serge GARCIA<br \/>\n&#8211; <strong>WP5 <\/strong>&#8211; Valorisation : \u00a0 \u00a0 \u00a0 \u00a0 \u00a0 \u00a0 \u00a0 \u00a0 \u00a0 \u00a0 \u00a0\u00a0 Catherine COLLET \/ Caroline ROGAUME<br \/>\n&#8211; <strong>WP6<\/strong> &#8211; Formation\/Diss\u00e9mination :\u00a0\u00a0 Pascale FREY-KLETT \/ Marie-Christine TROUY<\/p>\n<p style=\"text-align: justify;\">Ils sont nomm\u00e9s dans un premier temps pour une dur\u00e9e de 4 ans ; la composition de l\u2019\u00e9quipe d\u2019animation pourra ensuite \u00e9voluer au besoin. Le r\u00f4le des animateurs des actions th\u00e9matiques est de mettre en place des actions innovantes, de favoriser des \u00e9changes et d&rsquo;organiser des s\u00e9minaires scientifiques et techniques. Les animateurs organiseront plusieurs s\u00e9minaires d\u2019\u00e9changes par an et par actions th\u00e9matiques.<\/p>\n<p style=\"text-align: justify;\">L\u2019animation des actions th\u00e9matiques se fera avec l\u2019aide du LabEx (accompagnement par la charg\u00e9e de projet et sollicitation du comit\u00e9 de direction au besoin).<\/p>\n<p style=\"text-align: justify;\"><strong>WP1 : Interactions arbres-microorganismes<br \/>\n<\/strong>Cette action th\u00e9matique int\u00e8gre les savoir-faire et les outils de la g\u00e9nomique, m\u00e9tabolomique et prot\u00e9omique pour identifier les principaux g\u00e8nes, r\u00e9seaux de g\u00e8nes et mol\u00e9cules contr\u00f4lant les interactions sol-microorganismes-arbres, ainsi que le d\u00e9veloppement et le fonctionnement des arbres. Elle se d\u00e9cline autour de quatre axes : (i) g\u00e9nomique comparative d&rsquo;arbres (peupliers) et de micro-organismes mod\u00e8les, (ii) g\u00e9nomique des populations et du paysage pour identifier les g\u00e8nes impliqu\u00e9s dans l&rsquo;adaptation \u00e0 l&rsquo;environnement des champignons forestiers, (iii) caract\u00e9risation des r\u00e9seaux d&rsquo;expression spatio-temporelle de ces g\u00e8nes, et (iv) compr\u00e9hension des m\u00e9canismes d\u00e9terminant la r\u00e9silience des arbres et des microorganismes aux stress biotiques et abiotiques, avec une attention particuli\u00e8re port\u00e9e aux syst\u00e8mes de d\u00e9toxication redox et aux r\u00e9ponses au stress hydrique. Cette action th\u00e9matique permettra d&rsquo;identifier les circuits qui conditionnent l&rsquo;adaptation des arbres et des microorganismes associ\u00e9s, \u00e0 un environnement en perp\u00e9tuel changement.<\/p>\n<p style=\"text-align: justify;\"><strong>WP2 : Fonctionnement de l&rsquo;\u00e9cosyst\u00e8me forestier et de dysfonctionnement dans un environnement en mutation<br \/>\n<\/strong>La recherche foresti\u00e8re est confront\u00e9e aux demandes des politiques publiques et de la gestion foresti\u00e8re qui visent \u00e0 produire plus de bois tout en pr\u00e9servant les potentialit\u00e9s \u00e9cologiques et la biodiversit\u00e9 des \u00e9cosyst\u00e8mes forestiers. Pour faire face \u00e0 ces demandes en apparence contradictoires, les \u00e9quipes impliqu\u00e9es dans ARBRE concentrent leurs comp\u00e9tences et leurs forces pour comprendre: (i) les m\u00e9canismes impliqu\u00e9s dans les r\u00e9ponses des \u00e9cosyst\u00e8mes forestiers \u00e0 un environnement changeant, (ii) la variabilit\u00e9 de ces m\u00e9canismes en consid\u00e9rant \u00e0 la fois les facteurs internes (propri\u00e9t\u00e9s du sol, la composition des communaut\u00e9s microbiennes) et les facteurs externes (climat, gestion foresti\u00e8re), (iii) le r\u00f4le de la diversit\u00e9 des esp\u00e8ces et de la variabilit\u00e9 spatiale de cette diversit\u00e9 dans la r\u00e9silience des \u00e9cosyst\u00e8mes forestiers aux changements globaux, et (iv) la gestion des changements d&rsquo;\u00e9chelles de ces m\u00e9canismes pour obtenir des outils int\u00e9gr\u00e9s (de la mol\u00e9cule \u00e0 l&rsquo;\u00e9cosyst\u00e8me, \u00e0 la r\u00e9gion et au pays).<\/p>\n<p style=\"text-align: justify;\"><strong>WP3 : Am\u00e9liorer la comp\u00e9titivit\u00e9 du secteur bois<\/strong>Les objectifs \u00e0 long terme du WP3 sont : (i) de mieux comprendre les m\u00e9canismes de d\u00e9gradation du bois par les micro-organismes, (ii) de mieux pr\u00e9voir la durabilit\u00e9 naturelle du bois vis-\u00e0-vis des micro-organismes pour limiter le recours \u00e0 l&rsquo;utilisation de produits de pr\u00e9servation, (iii) de d\u00e9velopper des produits ou mat\u00e9riaux bio-sourc\u00e9s innovants \u00e0 partir de la biomasse lignocellulosique et (iv) de d\u00e9velopper des outils d&rsquo;aide \u00e0 la d\u00e9cision pour analyser l&rsquo;impact \u00e9conomique et environnemental\u00a0 du d\u00e9veloppement de nouveaux\u00a0 march\u00e9s li\u00e9s \u00e0 l&rsquo;utilisation croissante de biomasse ligno-cellulosique.\u00a0 Dans ce cadre, la plus-value du Labex ARBRE\u00a0 sera de stimuler l&rsquo;interdisciplinarit\u00e9 entre des chercheurs des Sciences du bois, des biologistes, des microbiologistes et des \u00e9conomistes pour favoriser les interactions entre la fili\u00e8re amont li\u00e9e \u00e0 l&rsquo;exploitation foresti\u00e8re et la fili\u00e8re avale li\u00e9e \u00e0 l&rsquo;utilisation du bois, les scientifiques et les d\u00e9cideurs institutionnels dans le but d&rsquo;am\u00e9liorer la comp\u00e9titivit\u00e9 de la fili\u00e8re for\u00eat-bois fran\u00e7aise en tenant compte de sa diversit\u00e9 et de ses particularit\u00e9s comme notamment sa richesse en essences feuillues<\/p>\n<p style=\"text-align: justify;\"><strong>\u00a0WP4 : Acteurs, territoires, ressources et fili\u00e8res \u00e9conomiques de la for\u00eat dans une perspective bio\u00e9conomique<\/strong><br \/>\nLe but du WP4 est de concevoir des approches originales en \u00e9conomie et sciences sociales pour assurer la fourniture durable des services \u00e9cosyst\u00e9miques (SE) forestiers (bois, biomasse \u00e9nerg\u00e9tique et autres SE) et la pr\u00e9servation de la biodiversit\u00e9, et r\u00e9pondre \u00e0 la demande soci\u00e9tale de nouveaux produits forestiers et de protection environnementale. Ces deux points constituent la condition n\u00e9cessaire d\u2019une bio\u00e9conomie foresti\u00e8re, face aux d\u00e9fis de la transition \u00e9cologique, transition \u00e9nerg\u00e9tique et aux changements d\u2019usages des sols.<br \/>\nPour une meilleure compr\u00e9hension des jeux d\u2019acteurs pour une bio\u00e9conomie foresti\u00e8re innovante, le WP4 a donc pour objectifs: i) d\u2019identifier les moteurs de la gestion des ressources foresti\u00e8res, les changements et les compromis, et mieux comprendre l\u2019impact des politiques publiques sur la fourniture des SE forestiers et sur le bien-\u00eatre de la soci\u00e9t\u00e9, ii) d\u2019\u00e9tudier le comportement des propri\u00e9taires en termes de choix de production en fonction des contraintes sur la ressources et environnementales, et les pr\u00e9f\u00e9rences de la soci\u00e9t\u00e9 pour les SE et les produits forestiers. L\u2019originalit\u00e9 du WP4 est bas\u00e9e sur un dialogue construit entre \u00e9conomie, industrie, \u00e9cologie et soci\u00e9t\u00e9. Ce WP a pour but de fournir de nouveaux outils de mod\u00e9lisation \u00e0 l\u2019industrie du bois et des strat\u00e9gies d\u2019adaptation efficaces des socio-\u00e9cosyst\u00e8mes forestiers aux changements et chocs multiples (climatiques, sanitaires, commerciaux, etc.).<\/p>\n<p style=\"text-align: justify;\"><strong>WP5 : Valorisation et transfert des savoir-faire vers la soci\u00e9t\u00e9 et la fili\u00e8re foresti\u00e8re<\/strong><br \/>\nLes objectifs du WP5 sont de d\u00e9velopper et accompagner l&rsquo;innovation et l&rsquo;ouverture vers les acteurs et les politiques publiques. Le Labex ARBRE accompagne la cr\u00e9ation de start-ups et les projets de transfert.<\/p>\n<p style=\"text-align: justify;\"><strong>WP6 : Formation &#8211; Sensibilisation \u00e0 la d\u00e9marche scientifique et Diss\u00e9mination<\/strong><br \/>\nLes objectifs du WP6 sont de participer au d\u00e9veloppement de la formation au sein de l&rsquo;Universit\u00e9 de Lorraine et de soutenir la formation d&rsquo;\u00e9tudiants, de jeunes chercheurs, de professionnels dans le domaine de la biologie des arbres, de l&rsquo;\u00e9cologie foresti\u00e8re, de la science du bois et de la bio\u00e9conomie foresti\u00e8re. Ce WP a non seulement une action transversale au sein du Labex ARBRE, mais a la volont\u00e9 de s&rsquo;ouvrir \u00e0 diff\u00e9rentes probl\u00e9matiques touchant la soci\u00e9t\u00e9 et n\u00e9cessitant un dialogue entre citoyens et scientifiques. Des actions de recherche participative sont ainsi d\u00e9velopp\u00e9es liant science et fili\u00e8re (ex: truffe) ou science\/soci\u00e9t\u00e9 (ex: Citique).<\/p>\n<\/div>\n","protected":false},"excerpt":{"rendered":"<p>Organisation de l&rsquo;animation scientifique Le Bureau ex\u00e9cutif d&rsquo;ARBRE a souhait\u00e9 la mise en place de groupes de travail autour de 4 actions th\u00e9matiques et de 2 axes transverals du LabEx (pr\u00e9sent\u00e9s ici sous le terme (work packages, WP) avec pour &hellip; <a href=\"https:\/\/mycor.iam.inrae.fr\/ARBRE\/?page_id=109\">Continuer la lecture <span class=\"meta-nav\">&rarr;<\/span><\/a><\/p>\n","protected":false},"author":2,"featured_media":0,"parent":13065,"menu_order":0,"comment_status":"closed","ping_status":"open","template":"","meta":{"footnotes":""},"class_list":["post-109","page","type-page","status-publish","hentry"],"_links":{"self":[{"href":"https:\/\/mycor.iam.inrae.fr\/ARBRE\/index.php?rest_route=\/wp\/v2\/pages\/109","targetHints":{"allow":["GET"]}}],"collection":[{"href":"https:\/\/mycor.iam.inrae.fr\/ARBRE\/index.php?rest_route=\/wp\/v2\/pages"}],"about":[{"href":"https:\/\/mycor.iam.inrae.fr\/ARBRE\/index.php?rest_route=\/wp\/v2\/types\/page"}],"author":[{"embeddable":true,"href":"https:\/\/mycor.iam.inrae.fr\/ARBRE\/index.php?rest_route=\/wp\/v2\/users\/2"}],"replies":[{"embeddable":true,"href":"https:\/\/mycor.iam.inrae.fr\/ARBRE\/index.php?rest_route=%2Fwp%2Fv2%2Fcomments&post=109"}],"version-history":[{"count":0,"href":"https:\/\/mycor.iam.inrae.fr\/ARBRE\/index.php?rest_route=\/wp\/v2\/pages\/109\/revisions"}],"up":[{"embeddable":true,"href":"https:\/\/mycor.iam.inrae.fr\/ARBRE\/index.php?rest_route=\/wp\/v2\/pages\/13065"}],"wp:attachment":[{"href":"https:\/\/mycor.iam.inrae.fr\/ARBRE\/index.php?rest_route=%2Fwp%2Fv2%2Fmedia&parent=109"}],"curies":[{"name":"wp","href":"https:\/\/api.w.org\/{rel}","templated":true}]}}