{"id":10924,"date":"2018-02-25T12:33:17","date_gmt":"2018-02-25T12:33:17","guid":{"rendered":"https:\/\/mycor.iam.inrae.fr\/ARBRE\/?page_id=10924"},"modified":"2018-02-25T15:22:48","modified_gmt":"2018-02-25T15:22:48","slug":"chibee","status":"publish","type":"page","link":"https:\/\/mycor.iam.inrae.fr\/ARBRE\/?page_id=10924","title":{"rendered":"CHIBEE"},"content":{"rendered":"<p style=\"text-align: center;\"><strong>Dendroecological Study of Cedar Forests in Mount Lebanon<\/strong><\/p>\n<p><span style=\"text-decoration: underline;\">Responsable scientifique<\/span> : <em>Vinceant Badeau (UMR 1434 SILVA)<br \/>\n<\/em><\/p>\n<p><span style=\"text-decoration: underline;\">Collaborations :<\/span> Rana EL ZEIN (Facult\u00e9 des Sciences de l\u2019Universit\u00e9 St. Joseph \u00e0 Beyrouth)<\/p>\n<p>________________________________________________<\/p>\n<p><strong>Contexte \u2014<\/strong> Le c\u00e8dre du Liban (<em>Cedrus libani<\/em>) ne survit que dans douze populations dispers\u00e9es au long de la chaine du Mont Liban. Il occupe seulement 5% de son ancienne aire de r\u00e9partition apr\u00e8s des si\u00e8cles de surexploitation. Cette esp\u00e8ce, symbole d\u2019espoir, de libert\u00e9 et de m\u00e9moire dans la culture libanaise, a fait l&rsquo;objet de vastes programmes de reforestation et de conservation depuis une dizaine d\u2019ann\u00e9e. Cependant, sa niche \u00e9cologique reste mal \u00e9tudi\u00e9e, tout comme sa vuln\u00e9rabilit\u00e9 aux s\u00e9cheresses induite par le changement climatique.<\/p>\n<p><strong>Objectifs \u2014<\/strong><\/p>\n<p>1) Par une approche dendro\u00e9cologique (analyse de la largeur des cernes), le projet vise \u00e0 \u00e9valuer les dynamiques de croissances radiales des populations libanaises de c\u00e8dre en r\u00e9ponse \u00e0 l&rsquo;environnement et plus pr\u00e9cis\u00e9ment au climat. La question cl\u00e9 \u00e9tant d&rsquo;identifier si des conditions climatiques particuli\u00e8res d\u00e9clenchent un processus de d\u00e9p\u00e9rissement ou si le c\u00e8dre s&rsquo;av\u00e8re r\u00e9silient aux contraintes climatiques.<\/p>\n<p>2) Le projet repose sur une collaboration bilat\u00e9rale impliquant l&rsquo;UMR Silva et la Facult\u00e9 des Sciences de l&rsquo;Universit\u00e9 Saint Joseph de Beyrouth. Gr\u00e2ce \u00e0 cette collaboration, l&rsquo;UMR Silva pourra transf\u00e9rer son expertise et accompagner le partenaire libanais dans la cr\u00e9ation d&rsquo;un laboratoire de dendro\u00e9cologie et d&rsquo;\u00e9cophysioogie foresti\u00e8re, le premier du genre au Liban.<\/p>\n<p><strong>D\u00e9marche \u2014 <\/strong>Douze populations de c\u00e8dres seront \u00e9chantillonn\u00e9es de Ehden (Nord) \u00e0 Maaser el Shouf (Sud). Une dizaine de placettes seront install\u00e9es dans chacune de ces populations afin de couvrir l&rsquo;ensemble des gammes d\u2019altitudes et d\u2019expositions. Sur chaque placette, 10 arbres dominants seront sond\u00e9s \u00e0 c\u0153ur et une description \u00e9cologique d\u00e9taill\u00e9e sera faite.<\/p>\n<p><strong>R\u00e9sultats et impacts attendus \u2014\u00a0<\/strong>Une meilleures connaissance de l\u2019\u00e9cologie du c\u00e8dre permettra d\u2019orienter les d\u00e9cisions, d\u2019une part, sur la mise en place d\u2019un \u00e9ventuel dispositif de protection de son habitat au Liban et, d\u2019autre part, sur son introduction en France ou dans d\u2019autres pays europ\u00e9ens pour reboiser les for\u00eats vuln\u00e9rables au r\u00e9chauffement climatique.<\/p>\n","protected":false},"excerpt":{"rendered":"<p>Dendroecological Study of Cedar Forests in Mount Lebanon Responsable scientifique : Vinceant Badeau (UMR 1434 SILVA) Collaborations : Rana EL ZEIN (Facult\u00e9 des Sciences de l\u2019Universit\u00e9 St. Joseph \u00e0 Beyrouth) ________________________________________________ Contexte \u2014 Le c\u00e8dre du Liban (Cedrus libani) ne &hellip; <a href=\"https:\/\/mycor.iam.inrae.fr\/ARBRE\/?page_id=10924\">Continuer la lecture <span class=\"meta-nav\">&rarr;<\/span><\/a><\/p>\n","protected":false},"author":1,"featured_media":0,"parent":2122,"menu_order":0,"comment_status":"closed","ping_status":"closed","template":"","meta":{"footnotes":""},"class_list":["post-10924","page","type-page","status-publish","hentry"],"_links":{"self":[{"href":"https:\/\/mycor.iam.inrae.fr\/ARBRE\/index.php?rest_route=\/wp\/v2\/pages\/10924","targetHints":{"allow":["GET"]}}],"collection":[{"href":"https:\/\/mycor.iam.inrae.fr\/ARBRE\/index.php?rest_route=\/wp\/v2\/pages"}],"about":[{"href":"https:\/\/mycor.iam.inrae.fr\/ARBRE\/index.php?rest_route=\/wp\/v2\/types\/page"}],"author":[{"embeddable":true,"href":"https:\/\/mycor.iam.inrae.fr\/ARBRE\/index.php?rest_route=\/wp\/v2\/users\/1"}],"replies":[{"embeddable":true,"href":"https:\/\/mycor.iam.inrae.fr\/ARBRE\/index.php?rest_route=%2Fwp%2Fv2%2Fcomments&post=10924"}],"version-history":[{"count":0,"href":"https:\/\/mycor.iam.inrae.fr\/ARBRE\/index.php?rest_route=\/wp\/v2\/pages\/10924\/revisions"}],"up":[{"embeddable":true,"href":"https:\/\/mycor.iam.inrae.fr\/ARBRE\/index.php?rest_route=\/wp\/v2\/pages\/2122"}],"wp:attachment":[{"href":"https:\/\/mycor.iam.inrae.fr\/ARBRE\/index.php?rest_route=%2Fwp%2Fv2%2Fmedia&parent=10924"}],"curies":[{"name":"wp","href":"https:\/\/api.w.org\/{rel}","templated":true}]}}