{"id":11340,"date":"2020-05-26T08:33:47","date_gmt":"2020-05-26T08:33:47","guid":{"rendered":"https:\/\/mycor.iam.inrae.fr\/ARBRE\/?page_id=11340"},"modified":"2020-05-26T08:40:23","modified_gmt":"2020-05-26T08:40:23","slug":"citations-du-labex-arbre","status":"publish","type":"page","link":"https:\/\/mycor.iam.inrae.fr\/ARBRE\/?page_id=11340","title":{"rendered":"Citations du LaBex Arbre"},"content":{"rendered":"<p>Voici les diff\u00e9rents textes pour rendre publique l&rsquo;aide apport\u00e9e par le Laboratoire d&rsquo;Excellence ARBRE :<\/p>\n<ul>\n<li><strong>En anglais:<\/strong><\/li>\n<\/ul>\n<p>&#8211; This work was supported by\u00a0a grant overseen by the French National Research Agency (ANR) as part of the \u00ab\u00a0Investissements d&rsquo;Avenir\u00a0\u00bb program (ANR-11-LABX-0002-01, Lab of Excellence ARBRE).<\/p>\n<p>&#8211; The visit of\u00a0X\u00a0was supported by\u00a0a grant overseen by the French National Research Agency (ANR) as part of the \u00ab\u00a0Investissements d&rsquo;Avenir\u00a0\u00bb program (ANR-11-LABX-0002-01, Lab of Excellence ARBRE).<\/p>\n<p>&#8211; The research stay of\u00a0X\u00a0was supported by\u00a0a grant overseen by the French National Research Agency (ANR) as part of the \u00ab\u00a0Investissements d&rsquo;Avenir\u00a0\u00bb program (ANR-11-LABX-0002-01, Lab of Excellence ARBRE).<\/p>\n<p>&#8211;\u00a0The travel grant to\u00a0X\u00a0was provided by\u00a0the French National Research Agency (ANR) as part of the \u00ab\u00a0Investissements d&rsquo;Avenir\u00a0\u00bb program (ANR-11-LABX-0002-01, Lab of Excellence ARBRE)<\/p>\n<p>&#8211; The UMRX\u00a0is supported by\u00a0a grant overseen by the French National Research Agency (ANR) as part of the \u00ab\u00a0Investissements d&rsquo;Avenir\u00a0\u00bb program (ANR-11-LABX-0002-01, Lab of Excellence ARBRE)<\/p>\n<ul>\n<li><strong>En fran\u00e7ais:<\/strong><\/li>\n<\/ul>\n<p>&#8211; Ce projet a b\u00e9n\u00e9fici\u00e9\u00a0d&rsquo;une aide de l&rsquo;Etat g\u00e9r\u00e9e par l&rsquo;Agence Nationale de la Recherche au titre du programme Investissements d&rsquo;avenir portant la r\u00e9f\u00e9rence n\u00b0 ANR-11-LABX-0002-01 (Laboratoire d&rsquo;Excellence ARBRE).<\/p>\n<p>&#8211; La visite de\u00a0X\u00a0a b\u00e9n\u00e9fici\u00e9\u00a0d&rsquo;une aide de l&rsquo;Etat g\u00e9r\u00e9e par l&rsquo;Agence Nationale de la Recherche au titre du programme Investissements d&rsquo;avenir portant la r\u00e9f\u00e9rence n\u00b0 ANR-11-LABX-0002-01 (Laboratoire d&rsquo;Excellence ARBRE)<\/p>\n<p>&#8211; Le s\u00e9jour de\u00a0X\u00a0a b\u00e9n\u00e9fici\u00e9\u00a0d&rsquo;une aide de l&rsquo;Etat g\u00e9r\u00e9e par l&rsquo;Agence Nationale de la Recherche au titre du programme Investissements d&rsquo;avenir portant la r\u00e9f\u00e9rence n\u00b0 ANR-11-LABX-0002-01 (Laboratoire d&rsquo;Excellence ARBRE)<\/p>\n<p>&#8211; La mission de\u00a0X\u00a0a b\u00e9n\u00e9fici\u00e9\u00a0d&rsquo;une aide de l&rsquo;Etat g\u00e9r\u00e9e par l&rsquo;Agence Nationale de la Recherche au titre du programme Investissements d&rsquo;avenir portant la r\u00e9f\u00e9rence n\u00b0 ANR-11-LABX-0002-01 (Laboratoire d&rsquo;Excellence ARBRE)<\/p>\n<p>&#8211; L&rsquo;UMRX\u00a0b\u00e9n\u00e9ficie\u00a0d&rsquo;une aide de l&rsquo;Etat g\u00e9r\u00e9e par l&rsquo;Agence Nationale de la Recherche au titre du programme Investissements d&rsquo;avenir portant la r\u00e9f\u00e9rence n\u00b0 ANR-11-LABX-0002-01 (Laboratoire d&rsquo;Excellence ARBRE)<\/p>\n<blockquote class=\"wp-embedded-content\" data-secret=\"ff8fdU7uJk\"><p><a href=\"https:\/\/mycor.iam.inrae.fr\/ARBRE\/?attachment_id=11341\">Citation_Remerciement LabEx ARBRE<\/a><\/p><\/blockquote>\n<p><iframe loading=\"lazy\" class=\"wp-embedded-content\" sandbox=\"allow-scripts\" security=\"restricted\" style=\"position: absolute; visibility: hidden;\" title=\"\u00ab\u00a0Citation_Remerciement LabEx ARBRE\u00a0\u00bb &#8212; Labex ARBRE\" src=\"https:\/\/mycor.iam.inrae.fr\/ARBRE\/?attachment_id=11341&#038;embed=true#?secret=4CpRMEPWOd#?secret=ff8fdU7uJk\" data-secret=\"ff8fdU7uJk\" width=\"584\" height=\"329\" frameborder=\"0\" marginwidth=\"0\" marginheight=\"0\" scrolling=\"no\"><\/iframe><\/p>\n<p>&nbsp;<\/p>\n","protected":false},"excerpt":{"rendered":"<p>Voici les diff\u00e9rents textes pour rendre publique l&rsquo;aide apport\u00e9e par le Laboratoire d&rsquo;Excellence ARBRE : En anglais: &#8211; This work was supported by\u00a0a grant overseen by the French National Research Agency (ANR) as part of the \u00ab\u00a0Investissements d&rsquo;Avenir\u00a0\u00bb program (ANR-11-LABX-0002-01, &hellip; <a href=\"https:\/\/mycor.iam.inrae.fr\/ARBRE\/?page_id=11340\">Continuer la lecture <span class=\"meta-nav\">&rarr;<\/span><\/a><\/p>\n","protected":false},"author":9,"featured_media":0,"parent":256,"menu_order":0,"comment_status":"closed","ping_status":"closed","template":"","meta":{"footnotes":""},"class_list":["post-11340","page","type-page","status-publish","hentry"],"_links":{"self":[{"href":"https:\/\/mycor.iam.inrae.fr\/ARBRE\/index.php?rest_route=\/wp\/v2\/pages\/11340","targetHints":{"allow":["GET"]}}],"collection":[{"href":"https:\/\/mycor.iam.inrae.fr\/ARBRE\/index.php?rest_route=\/wp\/v2\/pages"}],"about":[{"href":"https:\/\/mycor.iam.inrae.fr\/ARBRE\/index.php?rest_route=\/wp\/v2\/types\/page"}],"author":[{"embeddable":true,"href":"https:\/\/mycor.iam.inrae.fr\/ARBRE\/index.php?rest_route=\/wp\/v2\/users\/9"}],"replies":[{"embeddable":true,"href":"https:\/\/mycor.iam.inrae.fr\/ARBRE\/index.php?rest_route=%2Fwp%2Fv2%2Fcomments&post=11340"}],"version-history":[{"count":0,"href":"https:\/\/mycor.iam.inrae.fr\/ARBRE\/index.php?rest_route=\/wp\/v2\/pages\/11340\/revisions"}],"up":[{"embeddable":true,"href":"https:\/\/mycor.iam.inrae.fr\/ARBRE\/index.php?rest_route=\/wp\/v2\/pages\/256"}],"wp:attachment":[{"href":"https:\/\/mycor.iam.inrae.fr\/ARBRE\/index.php?rest_route=%2Fwp%2Fv2%2Fmedia&parent=11340"}],"curies":[{"name":"wp","href":"https:\/\/api.w.org\/{rel}","templated":true}]}}