{"id":11470,"date":"2020-07-07T12:30:14","date_gmt":"2020-07-07T12:30:14","guid":{"rendered":"https:\/\/mycor.iam.inrae.fr\/ARBRE\/?page_id=11470"},"modified":"2020-11-05T16:17:55","modified_gmt":"2020-11-05T16:17:55","slug":"dissemination-english-version","status":"publish","type":"page","link":"https:\/\/mycor.iam.inrae.fr\/ARBRE\/?page_id=11470","title":{"rendered":"\u00c9v\u00e8nements 2013\/2015"},"content":{"rendered":"<ul>\n<li>Conf\u00e9rence organis\u00e9e \u00e0 l&rsquo;occasion du 20\u00e8me anniversaire de l&rsquo;EFI\u00a0\u00a0 <em>7-26 September 2013<\/em><\/li>\n<li>Colloque International WoodChem\u00a0\u00a0 <em>26-27\u00a0September 2013<\/em><\/li>\n<li>Journ\u00e9es Doctorants et Post-Doctorants du LabEx ARBRE\u00a0\u00a0 <em>27-28\u00a0September 2013<\/em><\/li>\n<li>Journ\u00e9es Doctorants et Post-doctorants du LabEx ARBRE\u00a0\u00a0 <em>8-9\u00a0September 2014<\/em><\/li>\n<li>Conf\u00e9rence FEC2014 en ing\u00e9nierie foresti\u00e8re\u00a0\u00a0 <em>23-26\u00a0September 2014<\/em><\/li>\n<li>Conf\u00e9rence internationale IUFRO \u00ab\u00a0<em>Measurements methods and modeling approaches for predicting desirable future wood properties\u00a0\u00bb\u00a0\u00a0 1-4 October 2013<\/em><\/li>\n<li>Workshop d&rsquo;annotation du g\u00e9nome du Ch\u00eane\u00a0\u00a0 <em>5-7 November 2014<\/em><\/li>\n<li>Journ\u00e9es scientifiques du GDR BOIS\u00a0\u00a0 <em>12-14 November 2014<\/em><\/li>\n<li>Colloque international FORESEE (Forest Resource Estimation for Energy)\u00a0\u00a0 <em>14 November 2014<\/em><\/li>\n<li>Workshop sur les interactions plantes-champignons\u00a0\u00a0 <em>17-18 November 2014<\/em><\/li>\n<li>R\u00e9union annuelle du r\u00e9seau g\u00e9n\u00e9tique des populations et g\u00e9n\u00e9tique quantitative du d\u00e9partement EFPA <em>17-19 November 2014<\/em><\/li>\n<li>Workshop sur le pan-g\u00e9nome des Pezizomycetes\u00a0\u00a0 <em>20-21 January 2015<\/em><\/li>\n<li>Journ\u00e9e d&rsquo;\u00e9tude sur le site atelier de Montiers\u00a0\u00a0 <em>20 March 2015<\/em><\/li>\n<li>Journ\u00e9e \u00ab\u00a0Femmes en Sciences\u00a0\u00bb\u00a0\u00a0 <em>7 May 2015<\/em><\/li>\n<li>Conf\u00e9rence internationale sur les prot\u00e9ines Redox\u00a0\u00a0 <em>18-19 May 2015<\/em><\/li>\n<li>Ateliers REGEFOR 2015 \u2014 Les innovations dans les usages du bois interpellent la gestion foresti\u00e8re\u00a0\u00a0 <em>15-17 June 2015<\/em><\/li>\n<li>IUFRO Genomics &amp; Forest Tree Genetics Conference\u00a0\u00a0 <em>30 May &#8211; 2 June<\/em><\/li>\n<\/ul>\n<p>&nbsp;<\/p>\n","protected":false},"excerpt":{"rendered":"<p>Conf\u00e9rence organis\u00e9e \u00e0 l&rsquo;occasion du 20\u00e8me anniversaire de l&rsquo;EFI\u00a0\u00a0 7-26 September 2013 Colloque International WoodChem\u00a0\u00a0 26-27\u00a0September 2013 Journ\u00e9es Doctorants et Post-Doctorants du LabEx ARBRE\u00a0\u00a0 27-28\u00a0September 2013 Journ\u00e9es Doctorants et Post-doctorants du LabEx ARBRE\u00a0\u00a0 8-9\u00a0September 2014 Conf\u00e9rence FEC2014 en ing\u00e9nierie foresti\u00e8re\u00a0\u00a0 &hellip; <a href=\"https:\/\/mycor.iam.inrae.fr\/ARBRE\/?page_id=11470\">Continuer la lecture <span class=\"meta-nav\">&rarr;<\/span><\/a><\/p>\n","protected":false},"author":9,"featured_media":0,"parent":7121,"menu_order":0,"comment_status":"closed","ping_status":"closed","template":"","meta":{"footnotes":""},"class_list":["post-11470","page","type-page","status-publish","hentry"],"_links":{"self":[{"href":"https:\/\/mycor.iam.inrae.fr\/ARBRE\/index.php?rest_route=\/wp\/v2\/pages\/11470","targetHints":{"allow":["GET"]}}],"collection":[{"href":"https:\/\/mycor.iam.inrae.fr\/ARBRE\/index.php?rest_route=\/wp\/v2\/pages"}],"about":[{"href":"https:\/\/mycor.iam.inrae.fr\/ARBRE\/index.php?rest_route=\/wp\/v2\/types\/page"}],"author":[{"embeddable":true,"href":"https:\/\/mycor.iam.inrae.fr\/ARBRE\/index.php?rest_route=\/wp\/v2\/users\/9"}],"replies":[{"embeddable":true,"href":"https:\/\/mycor.iam.inrae.fr\/ARBRE\/index.php?rest_route=%2Fwp%2Fv2%2Fcomments&post=11470"}],"version-history":[{"count":0,"href":"https:\/\/mycor.iam.inrae.fr\/ARBRE\/index.php?rest_route=\/wp\/v2\/pages\/11470\/revisions"}],"up":[{"embeddable":true,"href":"https:\/\/mycor.iam.inrae.fr\/ARBRE\/index.php?rest_route=\/wp\/v2\/pages\/7121"}],"wp:attachment":[{"href":"https:\/\/mycor.iam.inrae.fr\/ARBRE\/index.php?rest_route=%2Fwp%2Fv2%2Fmedia&parent=11470"}],"curies":[{"name":"wp","href":"https:\/\/api.w.org\/{rel}","templated":true}]}}