{"id":1162,"date":"2013-07-26T16:23:43","date_gmt":"2013-07-26T16:23:43","guid":{"rendered":"https:\/\/mycor.iam.inrae.fr\/ARBRE\/?page_id=1162"},"modified":"2015-06-16T11:19:56","modified_gmt":"2015-06-16T11:19:56","slug":"henri-pegeot","status":"publish","type":"page","link":"https:\/\/mycor.iam.inrae.fr\/ARBRE\/?page_id=1162","title":{"rendered":"GST Phi chez le peuplier"},"content":{"rendered":"<p><strong>Doctorant\u00a0: <\/strong>Henri P\u00e9geot<br \/>\n<strong>Universit\u00e9\u00a0: <\/strong>Universit\u00e9 de Lorraine<em><br \/>\n<\/em><strong>Dur\u00e9e du contrat<\/strong> <strong>: <\/strong> 2012-2015<em><br \/>\n<\/em><\/p>\n<p><strong>Titre de la th\u00e8se<\/strong>\u00a0<strong>\u2014<\/strong>\u00a0Etude structure-fonction des glutathion transf\u00e9rases (GST) de la classe Phi chez l\u2019arbre mod\u00e8le <em>Populus trichocarpa<\/em><\/p>\n<p><strong>Equipe d\u2019accueil et encadrant(s)<\/strong> \u00a0<strong>\u2014<\/strong><br \/>\nEquipe<strong>\u00a0: <\/strong>Equipe R\u00e9ponse aux stress et r\u00e9gulation redox<br \/>\nDirecteur de th\u00e8se : Nicolas Rouhier<br \/>\nCo-directeur de th\u00e8se\u00a0: Arnaud Hecker<\/p>\n<p><em><em>_______________________<\/em><\/em><\/p>\n<p><strong>Contexte et \u00e9tat de l\u2019art<\/strong>\u00a0<strong>\u2014<\/strong>\u00a0Les glutathion transf\u00e9rases sont des enzymes rencontr\u00e9es chez les eucaryotes et les procaryotes. Ces prot\u00e9ines fournissent en particulier une protection contre les mol\u00e9cules x\u00e9nobiotiques et endog\u00e8nes toxiques en catalysant la conjugaison du tripeptide glutathion sur ces mol\u00e9cules. On d\u00e9nombre environ 80 GST regroup\u00e9es en neuf classes. La classe Phi est quasi sp\u00e9cifique aux organismes photosynth\u00e9tiques et regroupe huit isoformes chez le peuplier pr\u00e9sentant un fort taux d\u2019identit\u00e9, sugg\u00e9rant des possibles redondances fonctionnels. Ce sont des enzymes d\u2019environ 25 kDa pr\u00e9sentant une s\u00e9rine catalytique. Des \u00e9tudes prot\u00e9omiques et transcriptomiques ont montr\u00e9 que celles-ci \u00e9taient induites en r\u00e9ponse \u00e0 de nombreux stress. Toutefois, la fonction physiologique pr\u00e9cise et les substrats endog\u00e8nes ou exog\u00e8nes de ces GST restent inconnus.<\/p>\n<p><strong>Objectifs et questions de recherche<\/strong>\u00a0<strong>\u2014<\/strong>\u00a0Le projet consiste \u00e0 effectuer une analyse structure-fonction des GST Phi pr\u00e9sentes chez le peuplier afin d\u2019identifier les r\u00f4les physiologiques et les sp\u00e9cificit\u00e9s de chaque isoforme.<\/p>\n<p><strong>Enjeux scientifiques et socio-\u00e9conomiques<\/strong>\u00a0\u00a0<strong>\u2014<\/strong>\u00a0 Le peuplier est une esp\u00e8ce tr\u00e8s r\u00e9pandue en europe qui est indispensable au maintien de nombreux biotopes. D\u2019autre part, la populiculture a \u00e9t\u00e9 favoris\u00e9e en foresterie et en horticulture du fait de la croissance rapide de cet arbre. Les peupliers sont sujets \u00e0 de nombreuses contraintes environnementales telles que les attaques de ravageurs ou les stress r\u00e9sultant des changements climatiques. Plusieurs instituts de recherche s\u2019int\u00e9ressent \u00e0 des proc\u00e9d\u00e9s biotechnologiques ayant pour but l\u2019am\u00e9lioration g\u00e9n\u00e9tique de diff\u00e9rentes esp\u00e8ces de peuplier et \u00e0 la cr\u00e9ation de nouvelles vari\u00e9t\u00e9s plus tol\u00e9rantes \u00e0 ces stress ou utilisables en phytorem\u00e9diation. Au niveau fondamental, la compr\u00e9hension des m\u00e9canismes de r\u00e9ponse aux stress induits par ces contraintes constitue un pr\u00e9-requis crucial avant d\u2019envisager des moyens de lutte contre ces stress.<\/p>\n<p><strong>Approches m\u00e9thodologiques et r\u00e9sultats attendus<\/strong> <strong>\u2014<\/strong> La caract\u00e9risation des GST Phi se d\u00e9coupe en trois grands axes qui combinent des approches multidisciplinaires:<\/p>\n<p style=\"padding-left: 30px;\">(i) l\u2019\u00e9tude des propri\u00e9t\u00e9s enzymatiques et structurales<br \/>\n(ii) l\u2019\u00e9tude des quantit\u00e9s de transcrits et de prot\u00e9ines dans les organes de peuplier<br \/>\n(iii) la recherche de substrats physiologiques (prot\u00e9ines, m\u00e9tabolites, x\u00e9nobiotiques)<\/p>\n<p>Compte-tenu du projet et en fonction des r\u00e9sultats obtenus, il est envisag\u00e9 de publier plusieurs articles de recherche dans des revues de biologie v\u00e9g\u00e9tale, de biochimie et de biologie structurale.<\/p>\n","protected":false},"excerpt":{"rendered":"<p>Doctorant\u00a0: Henri P\u00e9geot Universit\u00e9\u00a0: Universit\u00e9 de Lorraine Dur\u00e9e du contrat : 2012-2015 Titre de la th\u00e8se\u00a0\u2014\u00a0Etude structure-fonction des glutathion transf\u00e9rases (GST) de la classe Phi chez l\u2019arbre mod\u00e8le Populus trichocarpa Equipe d\u2019accueil et encadrant(s) \u00a0\u2014 Equipe\u00a0: Equipe R\u00e9ponse aux stress &hellip; <a href=\"https:\/\/mycor.iam.inrae.fr\/ARBRE\/?page_id=1162\">Continuer la lecture <span class=\"meta-nav\">&rarr;<\/span><\/a><\/p>\n","protected":false},"author":4,"featured_media":0,"parent":2122,"menu_order":0,"comment_status":"closed","ping_status":"open","template":"","meta":{"footnotes":""},"class_list":["post-1162","page","type-page","status-publish","hentry"],"_links":{"self":[{"href":"https:\/\/mycor.iam.inrae.fr\/ARBRE\/index.php?rest_route=\/wp\/v2\/pages\/1162","targetHints":{"allow":["GET"]}}],"collection":[{"href":"https:\/\/mycor.iam.inrae.fr\/ARBRE\/index.php?rest_route=\/wp\/v2\/pages"}],"about":[{"href":"https:\/\/mycor.iam.inrae.fr\/ARBRE\/index.php?rest_route=\/wp\/v2\/types\/page"}],"author":[{"embeddable":true,"href":"https:\/\/mycor.iam.inrae.fr\/ARBRE\/index.php?rest_route=\/wp\/v2\/users\/4"}],"replies":[{"embeddable":true,"href":"https:\/\/mycor.iam.inrae.fr\/ARBRE\/index.php?rest_route=%2Fwp%2Fv2%2Fcomments&post=1162"}],"version-history":[{"count":0,"href":"https:\/\/mycor.iam.inrae.fr\/ARBRE\/index.php?rest_route=\/wp\/v2\/pages\/1162\/revisions"}],"up":[{"embeddable":true,"href":"https:\/\/mycor.iam.inrae.fr\/ARBRE\/index.php?rest_route=\/wp\/v2\/pages\/2122"}],"wp:attachment":[{"href":"https:\/\/mycor.iam.inrae.fr\/ARBRE\/index.php?rest_route=%2Fwp%2Fv2%2Fmedia&parent=1162"}],"curies":[{"name":"wp","href":"https:\/\/api.w.org\/{rel}","templated":true}]}}