{"id":1171,"date":"2013-07-26T12:16:15","date_gmt":"2013-07-26T12:16:15","guid":{"rendered":"https:\/\/mycor.iam.inrae.fr\/ARBRE\/?page_id=1171"},"modified":"2015-12-08T12:15:56","modified_gmt":"2015-12-08T12:15:56","slug":"agro-tcr","status":"publish","type":"page","link":"https:\/\/mycor.iam.inrae.fr\/ARBRE\/?page_id=1171","title":{"rendered":"AGRO-TCR"},"content":{"rendered":"<p><strong><a href=\"https:\/\/mycor.iam.inrae.fr\/ARBRE\/wp-content\/uploads\/2015\/07\/Screenshot-2015-07-16-15.01.55.png\"><img loading=\"lazy\" decoding=\"async\" class=\"alignleft  wp-image-7987\" src=\"https:\/\/mycor.iam.inrae.fr\/ARBRE\/wp-content\/uploads\/2015\/07\/Screenshot-2015-07-16-15.01.55.png\" alt=\"Screenshot 2015-07-16 15.01.55\" width=\"357\" height=\"227\" \/><\/a><\/strong><\/p>\n<p>&nbsp;<\/p>\n<p>&nbsp;<\/p>\n<p>&nbsp;<\/p>\n<p>&nbsp;<\/p>\n<p>&nbsp;<\/p>\n<p>&nbsp;<\/p>\n<p><strong>Mise en place d\u2019un dispositif atelier agro-forestier \u00e0 Champenoux : optimiser la productivit\u00e9 et la durabilit\u00e9 des syst\u00e8mes intensifs de culture gr\u00e2ce \u00e0 la fixation symbiotique de l\u2019azote<\/strong><\/p>\n<p><em>Responsable scientifique\u00a0:<\/em> \u00a0Nicolas Marron (UMR 1137 \u00ab\u00a0Ecologie et Ecophysiologie Foresti\u00e8res\u00a0\u00bb)<\/p>\n<p><em>Partenaires Labex \u00a0:<\/em> \u00a0D. Epron, B. Amiaud, S. Chauchard, D. G\u00e9rant (EEF), A. Deveau (IaM), L. Saint-Andr\u00e9 (BEF)<\/p>\n<p><em>Collaboration\u00a0:<br \/>\n<\/em>S. Piutti (UMR 1121 Laboratoire Agronomie et Environnement (LAE))<br \/>\nB. Fabre (UE 1261 Unit\u00e9 Exp\u00e9rimentale Foresti\u00e8re de Lorraine (UEFL))<br \/>\nJ. Gauvin (UE 1261 Unit\u00e9 Exp\u00e9rimentale Foresti\u00e8re de Lorraine (UEFL))<br \/>\nJ.M. Escurat (Etablissement Public Local d&rsquo;Enseignement et de Formation Professionnelle Agricole des Vosges (EPLEFPA des Vosges))<\/p>\n<p>____________________________<\/p>\n<p><strong><em>Contexte<\/em> &#8211;<\/strong> Les plantations d\u2019arbres intensives \u00e0 vocation de production de biomasse \u00e9nergie n\u2019ont pas bonne presse \u00e0 l\u2019heure actuelle : elles \u00e9puisent les sols, ne sont pas respectueuses de l\u2019environnement et ne sont pas concurrentielles par rapport aux esp\u00e8ces herbac\u00e9es. Elles repr\u00e9sentent pourtant un atout important pour atteindre les 20% de la consommation d\u2019\u00e9nergie issus de ressources renouvelables, objectif fix\u00e9 par l\u2019Union Europ\u00e9enne pour 2020. L\u2019association d\u2019esp\u00e8ces capables de fixer l\u2019azote de l\u2019atmosph\u00e8re aux esp\u00e8ces d\u2019int\u00e9r\u00eat \u00e9conomique peut \u00eatre un moyen de pallier \u00e0 plusieurs des inconv\u00e9nients pos\u00e9s par les plantations d\u2019arbres \u00e0 rotations courtes. La fixation biologique de l\u2019azote r\u00e9duit en effet les co\u00fbts financier et environnemental d\u2019une fertilisation chimique. Les esp\u00e8ces fixatrices d\u2019azote peuvent \u00eatre ligneuses (robinier, aulne) ou herbac\u00e9es (luzerne).<\/p>\n<p><strong><em>Objectifs <\/em>&#8211;<\/strong> L\u2019objectif du projet est la mise en place d\u2019une plantation atelier associant des esp\u00e8ces fixatrices d\u2019azote (aulne, luzerne) aux esp\u00e8ces d\u2019int\u00e9r\u00eat \u00e9conomique (peuplier, bl\u00e9) sur une parcelle agricole de l\u2019exploitation exp\u00e9rimentale de la Bouzule situ\u00e9e sur la commune d&rsquo;Amance.<\/p>\n<p><strong><em>D\u00e9marche <\/em>\u2014<\/strong> La plantation est compos\u00e9e (1) de placettes strictement \u00ab foresti\u00e8res \u00bb (peuplier pur, aulne pur, m\u00e9lange peuplier \/ aulne), (2) de placettes strictement agricoles (bl\u00e9 pur, luzerne pure) et (3) de placettes agroforesti\u00e8res associant les arbres aux cultures agricoles (m\u00e9lange peuplier\/luzerne, m\u00e9lange aulne\/bl\u00e9) de fa\u00e7on \u00e0 pouvoir \u00e9valuer l\u2019effet fertilisant des fixateurs d\u2019azote sur les non fixateurs. L\u2019exp\u00e9rimentation a d\u00e9but\u00e9 en avril 2014.<\/p>\n<p><strong><em>R\u00e9sultats marquants<\/em> \u2014<\/strong><\/p>\n<ul>\n<li>La prolongation du projet en 2015 a permis d\u2019effectuer un important regarni des arbres n\u2019ayant pas surv\u00e9cu en 2014. Environ 500 peupliers (\u224818% du total) et 600 aulnes (\u224830% du total) ont \u00e9t\u00e9 plant\u00e9s \u00e0 nouveau en avril 2015.<\/li>\n<li>L\u2019instrumentation du dispositif s\u2019est poursuivie par l\u2019installation d\u2019une station m\u00e9t\u00e9o et de six profils suppl\u00e9mentaires humidit\u00e9 \/ temp\u00e9rature du sol dans les parcelles foresti\u00e8res (m\u00e9lange et monoculture des deux esp\u00e8ces). Les premiers r\u00e9sultats ont montr\u00e9 que l\u2019ass\u00e8chement du sol s\u2019effectuait plus en profondeur pour les aulnes en raison de leur plantation sous forme de plants d\u00e9j\u00e0 racin\u00e9s, contrairement au peuplier (stage de Master 1 de Mathilde Chardon).<\/li>\n<li>Un suivi de croissance en hauteur d\u2019une s\u00e9lection d\u2019arbres des deux esp\u00e8ces, au sein des trois traitements (forestier pur, forestier m\u00e9lang\u00e9 et agroforestier) et des trois blocs a \u00e9t\u00e9 effectu\u00e9 au cours de la saison de v\u00e9g\u00e9tation 2015 (360 arbres). Des diff\u00e9rences sont d\u2019ores et d\u00e9j\u00e0 visibles, les arbres en traitement agroforestier pr\u00e9sentant une croissance en hauteur plus faible. Le troisi\u00e8me bloc, situ\u00e9 sur un sol tr\u00e8s superficiel, pr\u00e9sente \u00e9galement des arbres moins d\u00e9velopp\u00e9s en hauteur que les deux autres (stage de Master 1 de Guillaume Sabourin).<\/li>\n<li>L\u2019effet des traitements (agricole, forestier et agroforestier) sur les indicateurs microbiens fonctionnels (en lien avec les cycles biog\u00e9ochimiques) est encore peu marqu\u00e9. N\u00e9anmoins, ces indicateurs semblent pertinents pour \u00e9valuer la demande en nutriments des micro-organismes et donc potentiellement leur disponibilit\u00e9 dans les sols. En parall\u00e8le, des analyses au cours du temps vont permettre de mod\u00e9liser l\u2019acquisition, l\u2019allocation du carbone et de l\u2019azote dans les plantes en lien avec la dynamique de ces \u00e9l\u00e9ments dans le sol (s\u00e9jour postdoctoral d\u2019Hugues Clivot).<\/li>\n<\/ul>\n<p><strong><em>Principales conclusions<\/em> \u2014<\/strong><\/p>\n<p>Deux ans apr\u00e8s la mise en place de l\u2019essai, la plantation est encore trop jeune pour envisager d\u2019y d\u00e9velopper des projets de recherche. Aucun effet de facilitation n\u2019est encore d\u00e9tectable. Par contre, dans les parcelles agroforesti\u00e8res, les arbres sont tr\u00e8s contraints par la comp\u00e9tition avec les herbac\u00e9es au niveau racinaire.<\/p>\n<p><strong><em>Perspectives<\/em> \u2014<\/strong><\/p>\n<p>Le dispositif est candidat pour int\u00e9grer le SOERE F-ORE-T en 2016. Malgr\u00e9 la pose de paillage, de protections anti-gibier et l\u2019arrosage des arbres lors du pic de s\u00e9cheresse de l\u2019\u00e9t\u00e9 2015, un regarni sera sans doute encore n\u00e9cessaire en 2016. L\u2019instrumentation va se poursuive avec l\u2019installation d\u2019un mat portant un an\u00e9mom\u00e8tre, un pluviom\u00e8tre, un pyranom\u00e8tre, etc. Des discussions \u00e0 propos du d\u00e9veloppement de futurs projets ayant pour l\u2019objet le dispositif vont \u00eatre initi\u00e9es au cours de l\u2019hiver avec les partenaires du pr\u00e9sent projet.<\/p>\n","protected":false},"excerpt":{"rendered":"<p>&nbsp; &nbsp; &nbsp; &nbsp; &nbsp; &nbsp; Mise en place d\u2019un dispositif atelier agro-forestier \u00e0 Champenoux : optimiser la productivit\u00e9 et la durabilit\u00e9 des syst\u00e8mes intensifs de culture gr\u00e2ce \u00e0 la fixation symbiotique de l\u2019azote Responsable scientifique\u00a0: \u00a0Nicolas Marron (UMR 1137 &hellip; <a href=\"https:\/\/mycor.iam.inrae.fr\/ARBRE\/?page_id=1171\">Continuer la lecture <span class=\"meta-nav\">&rarr;<\/span><\/a><\/p>\n","protected":false},"author":4,"featured_media":0,"parent":2122,"menu_order":0,"comment_status":"closed","ping_status":"open","template":"","meta":{"footnotes":""},"class_list":["post-1171","page","type-page","status-publish","hentry"],"_links":{"self":[{"href":"https:\/\/mycor.iam.inrae.fr\/ARBRE\/index.php?rest_route=\/wp\/v2\/pages\/1171","targetHints":{"allow":["GET"]}}],"collection":[{"href":"https:\/\/mycor.iam.inrae.fr\/ARBRE\/index.php?rest_route=\/wp\/v2\/pages"}],"about":[{"href":"https:\/\/mycor.iam.inrae.fr\/ARBRE\/index.php?rest_route=\/wp\/v2\/types\/page"}],"author":[{"embeddable":true,"href":"https:\/\/mycor.iam.inrae.fr\/ARBRE\/index.php?rest_route=\/wp\/v2\/users\/4"}],"replies":[{"embeddable":true,"href":"https:\/\/mycor.iam.inrae.fr\/ARBRE\/index.php?rest_route=%2Fwp%2Fv2%2Fcomments&post=1171"}],"version-history":[{"count":0,"href":"https:\/\/mycor.iam.inrae.fr\/ARBRE\/index.php?rest_route=\/wp\/v2\/pages\/1171\/revisions"}],"up":[{"embeddable":true,"href":"https:\/\/mycor.iam.inrae.fr\/ARBRE\/index.php?rest_route=\/wp\/v2\/pages\/2122"}],"wp:attachment":[{"href":"https:\/\/mycor.iam.inrae.fr\/ARBRE\/index.php?rest_route=%2Fwp%2Fv2%2Fmedia&parent=1171"}],"curies":[{"name":"wp","href":"https:\/\/api.w.org\/{rel}","templated":true}]}}