{"id":12425,"date":"2022-01-07T10:31:16","date_gmt":"2022-01-07T10:31:16","guid":{"rendered":"https:\/\/mycor.iam.inrae.fr\/ARBRE\/?page_id=12425"},"modified":"2022-09-02T14:00:22","modified_gmt":"2022-09-02T14:00:22","slug":"appel-a-projets-du-labex-arbre-2021","status":"publish","type":"page","link":"https:\/\/mycor.iam.inrae.fr\/ARBRE\/?page_id=12425","title":{"rendered":"Appel \u00e0 projets du LabEx ARBRE 2023"},"content":{"rendered":"<table>\n<tbody>\n<tr>\n<td width=\"97\"><\/td>\n<td width=\"465\"><strong>Appel \u00e0 projets 2023 du Laboratoire d\u2019Excellence ARBRE<\/strong><br \/>\nDate limite de d\u00e9p\u00f4t des dossiers : <strong><span style=\"color: #ff0000;\">31 octobre 2022<\/span><\/strong><\/td>\n<td width=\"94\"><\/td>\n<\/tr>\n<\/tbody>\n<\/table>\n<p style=\"text-align: justify;\">Cet AAP 2023 a pour objectif de soutenir des projets originaux en accord avec les actions th\u00e9matiques d\u00e9velopp\u00e9s dans le programme du LABEX ARBRE, se situant sur <strong>des fronts de science <\/strong>ou pr\u00e9sentant <strong>un potentiel de valorisation ou de formation <\/strong>important.<\/p>\n<p><span style=\"color: #000000; font-weight: bold;\">\u21d2 <\/span><span style=\"color: #000000;\">D\u00e9couvrez le contenu et priorit\u00e9s de l\u2019appel\u00a0 :\u00a0<\/span><\/p>\n<p style=\"text-align: center;\"><a href=\"https:\/\/mycor.iam.inrae.fr\/ARBRE\/wp-content\/uploads\/2022\/09\/Appel-a\u0300-projets-2023-LabEx-ARBRE.pdf\" class=\"mtli_attachment mtli_pdf\" target=\"_blank\" rel=\"noopener\"><img loading=\"lazy\" decoding=\"async\" class=\"alignnone size-medium wp-image-12751\" src=\"https:\/\/mycor.iam.inrae.fr\/ARBRE\/wp-content\/uploads\/2022\/09\/Screen-Shot-09-02-22-at-02.22-PM-214x300.png\" alt=\"\" width=\"214\" height=\"300\" srcset=\"https:\/\/mycor.iam.inrae.fr\/ARBRE\/wp-content\/uploads\/2022\/09\/Screen-Shot-09-02-22-at-02.22-PM-214x300.png 214w, https:\/\/mycor.iam.inrae.fr\/ARBRE\/wp-content\/uploads\/2022\/09\/Screen-Shot-09-02-22-at-02.22-PM-427x600.png 427w, https:\/\/mycor.iam.inrae.fr\/ARBRE\/wp-content\/uploads\/2022\/09\/Screen-Shot-09-02-22-at-02.22-PM.png 627w\" sizes=\"auto, (max-width: 214px) 100vw, 214px\" \/><\/a><\/p>\n<p>\u21d2<u>Formulaires \u00e0 t\u00e9l\u00e9charger<\/u> :<\/p>\n<ul>\n<li><span style=\"color: #0000ff;\"><a style=\"color: #0000ff;\" href=\"https:\/\/mycor.iam.inrae.fr\/ARBRE\/wp-content\/uploads\/2022\/09\/INCITATIVE-projects-in-research-form.docx\" class=\"mtli_attachment mtli_docx\">INCITATIVE project in research form<\/a><\/span><\/li>\n<li><span style=\"color: #0000ff;\"><a style=\"color: #0000ff;\" href=\"https:\/\/mycor.iam.inrae.fr\/ARBRE\/wp-content\/uploads\/2022\/09\/INNOVATIVE-projects-in-research-form.docx\" class=\"mtli_attachment mtli_docx\">INNOVATIVE project in research form<\/a><\/span><\/li>\n<li><span style=\"color: #0000ff;\"><a style=\"color: #0000ff;\" href=\"https:\/\/mycor.iam.inrae.fr\/ARBRE\/wp-content\/uploads\/2022\/09\/Formulaire-Projet-Incitatif-Formation-Dissemination.docx\" class=\"mtli_attachment mtli_docx\">Formulaire Projet Incitatif Formation-Diss\u00e9mination<\/a><br \/>\n<\/span><\/li>\n<li><span style=\"color: #0000ff;\"><a style=\"color: #0000ff;\" href=\"https:\/\/mycor.iam.inrae.fr\/ARBRE\/wp-content\/uploads\/2022\/09\/Annexefi-ARBRE-2023_Funding-plan.xlsx\" class=\"mtli_attachment mtli_xlsx\">Annexes Financi\u00e8res <\/a><\/span><\/li>\n<\/ul>\n<p>Date limite de d\u00e9p\u00f4t des dossiers<em> : <strong>31 octobre 2022\u00a0<\/strong><\/em><em>par mail \u00e0 : <span style=\"color: #0000ff;\"><a style=\"color: #0000ff;\" href=\"mailto:labex-arbre-nancy@inrae.fr\" target=\"_blank\" rel=\"noopener\">labex-arbre-nancy@inrae.fr<\/a><\/span><\/em><\/p>\n","protected":false},"excerpt":{"rendered":"<p>Appel \u00e0 projets 2023 du Laboratoire d\u2019Excellence ARBRE Date limite de d\u00e9p\u00f4t des dossiers : 31 octobre 2022 Cet AAP 2023 a pour objectif de soutenir des projets originaux en accord avec les actions th\u00e9matiques d\u00e9velopp\u00e9s dans le programme du &hellip; <a href=\"https:\/\/mycor.iam.inrae.fr\/ARBRE\/?page_id=12425\">Continuer la lecture <span class=\"meta-nav\">&rarr;<\/span><\/a><\/p>\n","protected":false},"author":9,"featured_media":0,"parent":11764,"menu_order":0,"comment_status":"closed","ping_status":"closed","template":"","meta":{"footnotes":""},"class_list":["post-12425","page","type-page","status-publish","hentry"],"_links":{"self":[{"href":"https:\/\/mycor.iam.inrae.fr\/ARBRE\/index.php?rest_route=\/wp\/v2\/pages\/12425","targetHints":{"allow":["GET"]}}],"collection":[{"href":"https:\/\/mycor.iam.inrae.fr\/ARBRE\/index.php?rest_route=\/wp\/v2\/pages"}],"about":[{"href":"https:\/\/mycor.iam.inrae.fr\/ARBRE\/index.php?rest_route=\/wp\/v2\/types\/page"}],"author":[{"embeddable":true,"href":"https:\/\/mycor.iam.inrae.fr\/ARBRE\/index.php?rest_route=\/wp\/v2\/users\/9"}],"replies":[{"embeddable":true,"href":"https:\/\/mycor.iam.inrae.fr\/ARBRE\/index.php?rest_route=%2Fwp%2Fv2%2Fcomments&post=12425"}],"version-history":[{"count":0,"href":"https:\/\/mycor.iam.inrae.fr\/ARBRE\/index.php?rest_route=\/wp\/v2\/pages\/12425\/revisions"}],"up":[{"embeddable":true,"href":"https:\/\/mycor.iam.inrae.fr\/ARBRE\/index.php?rest_route=\/wp\/v2\/pages\/11764"}],"wp:attachment":[{"href":"https:\/\/mycor.iam.inrae.fr\/ARBRE\/index.php?rest_route=%2Fwp%2Fv2%2Fmedia&parent=12425"}],"curies":[{"name":"wp","href":"https:\/\/api.w.org\/{rel}","templated":true}]}}