{"id":12934,"date":"2022-09-22T13:47:26","date_gmt":"2022-09-22T13:47:26","guid":{"rendered":"https:\/\/mycor.iam.inrae.fr\/ARBRE\/?page_id=12934"},"modified":"2022-09-22T13:47:26","modified_gmt":"2022-09-22T13:47:26","slug":"publications-arbre-2018","status":"publish","type":"page","link":"https:\/\/mycor.iam.inrae.fr\/ARBRE\/?page_id=12934","title":{"rendered":"Publications ARBRE 2018"},"content":{"rendered":"<p><u>S\u00e9lections de publications du LabEx ARBRE dans des journaux internationaux<u><\/u> :<\/u><\/p>\n<ul>\n<li>Balesdent, J., Basile-Doelsch, I., Chadoeuf, J., Cornu, S., Derrien, D., Fekiacova, Z., and Hatte, C. (2018). Atmosphere-soil carbon transfer as a function of soil depth. Nature 559, 599-+. doi: 10.1038\/s41586-018-0328-3.<\/li>\n<\/ul>\n<ul>\n<li>Caurla, S., Bertrand, V., Delacote, P. and Le Cadre, E. (2018) Heat or power: How to increase the use of energy wood at the lowest cost?, Energy Economics, Elsevier, vol. 75(C), p 85-103. Doi: 10.1016\/j.eneco.2018.08.011<\/li>\n<\/ul>\n<ul>\n<li>Chen, WH., Lin, BJ., Colin, B., Chang, JS., P\u00e9trissans, A., Bi X. and P\u00e9trissans M. (2018) Hygroscopic transformation of woody biomass torrefaction for carbon storage. Applied Energy, 231, 768-776. <a href=\"http:\/\/doi.org\/10.1016\/j.apenergy.2018.09.135\">doi.org\/10.1016\/j.apenergy.2018.09.135<\/a><\/li>\n<\/ul>\n<ul>\n<li>Delpierre, N., Lireux, S., Hartig, F., Camarero, J.J., Cheaib, A., \u010cufar, K., Cuny, H., Deslauriers, A., Fonti, P., Gri\u00e7ar, J., Huang, J.-G., Krause, C., Liu, G., de Luis, M., M\u00e4kinen, H., Martinez del Castillo, E., Morin, H., N\u00f6jd, P., Oberhuber, W., Prislan, P., Rossi, S., Saderi, S., Treml, V., Vavrick, H. and Rathgeber, C.B.K. (2018) Chilling and forcing temperatures interact to predict the onset of wood formation in Northern Hemisphere conifers. Global Change Biol gcb.14539\u201317. doi:10.1111\/gcb.14539<\/li>\n<\/ul>\n<ul>\n<li>Fruleux, A., Bogeat-Triboulot, M. B., Collet, C., Deveau, A., Saint-Andr\u00e9, L., Santenoise, P. and Bonal, D. (2018) Aboveground overyielding in a mixed temperate forest is not explained by belowground processes. Oecologia. <a href=\"https:\/\/doi.org\/10.1007\/s00442-018-4278-0\">https:\/\/doi.org\/10.1007\/s00442-018-4278-0<\/a><\/li>\n<\/ul>\n<ul>\n<li>Hamada, J., P\u00e9trissans, A., Ruelle, J., Mothe, F., Colin, F., P\u00e9trissans, M. and G\u00e9rardin, P. (2018) Thermal stability of Abies alba wood according to its radial position and forest management. European Journal of Wood and Wood Products. 76, 1669-1676. doi:10.1007\/s00107-018-1353-5<\/li>\n<\/ul>\n<ul>\n<li>Hoff, G., Bertrand, C., Piotrowski, E., Thibessard, A., and Leblond, P. (2018) Genome plasticity is governed by double strand break DNA repair in Streptomyces. Scientific Reports 8. doi: 10.1038\/s41598-018-23622-w.<\/li>\n<\/ul>\n<ul>\n<li>Lafon-Placette, C., Le Gac, A.L., Chauveau, D., Segura, V., Delaunay, A., Lesage-Descauses, M.C., Hummel, I., Cohen, D., Jesson, B., Le Thiec, D., Bogeat-Triboulot, M.B., Brignolas, F., and Maury, S. 2018. Changes in the epigenome and transcriptome of the poplar shoot apical meristem in response to water availability affect preferentially hormone pathways. Journal of Experimental Botany. 69, 537-551. doi: 10.1093\/jxb\/erx409.<\/li>\n<\/ul>\n<ul>\n<li>Lorrain, C., Gon\u00e7alves dos Santos, K.C.,, Germain, H., Hecker, A. and Duplessis, S. (2018) <a href=\"https:\/\/nph.onlinelibrary.wiley.com\/doi\/abs\/10.1111\/nph.15641\">Advances in understanding obligate biotrophy in rust fungi.\u00a0<\/a> Tansley review. New Phytologist. doi: 10.1111\/nph.15641.<\/li>\n<\/ul>\n<ul>\n<li>Murat, C., Payen, T., Noel, B., Kuo, A., Morin, E., Chen, J., Kohler, Krizs\u00e1n, K., Balestrini, R., Da Silva, C., Montanini, B., Hainaut, M., Levati, E., Barry, K.W., Belfiori, B., Cichocki, N., Clum, A., Dockter, R.D., Fauchery, L., Guy, J., Lotti, M., Le Tacon, F., Lindquist, E.A., Lipzen, A., Malagnac, F., Mello, A., Molinier, V., Miyauchi, S., Poulain, J., Riccioni, C., Rubini, A., Sitrit, Y., Splivallo, R., Traeger, S., Wang, M., \u017dif\u010d\u00e1kov\u00e1, L., Wipf, D., Zambonelli, A., Paolocci, F., Nowrousian, M., Ottonello, S., Baldrian, P., Spatafora, J.W., Henrissat, B., Nagy, L.G., Aury, J.M., Wincker, P., Grigoriev, I.V., Bonfante , P. and Martin F. (2018) Pezizomycetes Genomes Reveal the Molecular Basis of Ectomycorrhizal Truffle Lifestyle. Nature Ecology &amp; Evolution 2 (12), 1956\u20131965. https:\/\/doi.org\/10.1038\/s41559-018-0710-4.<\/li>\n<\/ul>\n","protected":false},"excerpt":{"rendered":"<p>S\u00e9lections de publications du LabEx ARBRE dans des journaux internationaux : Balesdent, J., Basile-Doelsch, I., Chadoeuf, J., Cornu, S., Derrien, D., Fekiacova, Z., and Hatte, C. (2018). Atmosphere-soil carbon transfer as a function of soil depth. Nature 559, 599-+. doi: &hellip; <a href=\"https:\/\/mycor.iam.inrae.fr\/ARBRE\/?page_id=12934\">Continuer la lecture <span class=\"meta-nav\">&rarr;<\/span><\/a><\/p>\n","protected":false},"author":9,"featured_media":0,"parent":12928,"menu_order":0,"comment_status":"closed","ping_status":"closed","template":"","meta":{"footnotes":""},"class_list":["post-12934","page","type-page","status-publish","hentry"],"_links":{"self":[{"href":"https:\/\/mycor.iam.inrae.fr\/ARBRE\/index.php?rest_route=\/wp\/v2\/pages\/12934","targetHints":{"allow":["GET"]}}],"collection":[{"href":"https:\/\/mycor.iam.inrae.fr\/ARBRE\/index.php?rest_route=\/wp\/v2\/pages"}],"about":[{"href":"https:\/\/mycor.iam.inrae.fr\/ARBRE\/index.php?rest_route=\/wp\/v2\/types\/page"}],"author":[{"embeddable":true,"href":"https:\/\/mycor.iam.inrae.fr\/ARBRE\/index.php?rest_route=\/wp\/v2\/users\/9"}],"replies":[{"embeddable":true,"href":"https:\/\/mycor.iam.inrae.fr\/ARBRE\/index.php?rest_route=%2Fwp%2Fv2%2Fcomments&post=12934"}],"version-history":[{"count":0,"href":"https:\/\/mycor.iam.inrae.fr\/ARBRE\/index.php?rest_route=\/wp\/v2\/pages\/12934\/revisions"}],"up":[{"embeddable":true,"href":"https:\/\/mycor.iam.inrae.fr\/ARBRE\/index.php?rest_route=\/wp\/v2\/pages\/12928"}],"wp:attachment":[{"href":"https:\/\/mycor.iam.inrae.fr\/ARBRE\/index.php?rest_route=%2Fwp%2Fv2%2Fmedia&parent=12934"}],"curies":[{"name":"wp","href":"https:\/\/api.w.org\/{rel}","templated":true}]}}