{"id":12965,"date":"2022-09-23T13:51:30","date_gmt":"2022-09-23T13:51:30","guid":{"rendered":"https:\/\/mycor.iam.inrae.fr\/ARBRE\/?page_id=12965"},"modified":"2022-09-23T14:06:41","modified_gmt":"2022-09-23T14:06:41","slug":"communiques-de-presse-nationale","status":"publish","type":"page","link":"https:\/\/mycor.iam.inrae.fr\/ARBRE\/?page_id=12965","title":{"rendered":"Communiqu\u00e9s de presse nationale"},"content":{"rendered":"<p><em>09\/2022 &#8211; <\/em><strong>APPELS A PROJETS LUE<\/strong><em><strong><a href=\"https:\/\/mycor.iam.inrae.fr\/ARBRE\/wp-content\/uploads\/2022\/09\/Isite-Lorraie.jpeg\"><img loading=\"lazy\" decoding=\"async\" class=\" wp-image-12975 alignright\" src=\"https:\/\/mycor.iam.inrae.fr\/ARBRE\/wp-content\/uploads\/2022\/09\/Isite-Lorraie.jpeg\" alt=\"\" width=\"94\" height=\"94\" srcset=\"https:\/\/mycor.iam.inrae.fr\/ARBRE\/wp-content\/uploads\/2022\/09\/Isite-Lorraie.jpeg 200w, https:\/\/mycor.iam.inrae.fr\/ARBRE\/wp-content\/uploads\/2022\/09\/Isite-Lorraie-150x150.jpeg 150w, https:\/\/mycor.iam.inrae.fr\/ARBRE\/wp-content\/uploads\/2022\/09\/Isite-Lorraie-50x50.jpeg 50w\" sizes=\"auto, (max-width: 94px) 100vw, 94px\" \/><\/a><\/strong><\/em><br \/>\n<strong>\u00a0<\/strong><\/p>\n<ul>\n<li>Appel \u00e0 projets 2022 interdisciplinaire (150 keuros): cette 2\u00e8me \u00e9dition diff\u00e8re de l&rsquo;appel 2021 et il convient de le lire soigneusement. Date de soumission du 5\/12\/2022 \u00e0 12h00.<br \/>\n<em>Plus d&rsquo;infos<\/em> : <a href=\"https:\/\/mycor.iam.inrae.fr\/ARBRE\/wp-content\/uploads\/2022\/09\/VD_Appel-interdisciplinarite_2022.pdf\" class=\"mtli_attachment mtli_pdf\"><span style=\"color: #0000ff;\">VD_Appel interdisciplinarit\u00e9_2022<\/span><\/a><\/li>\n<\/ul>\n<ul>\n<li>Appel pour la campagne contrats doctoraux LUE 2023, visant \u00e0 s\u00e9lectionner 10 contrats doctoraux consacr\u00e9s \u00e0 des coop\u00e9rations internationales structur\u00e9es. Date limite de soumission du\u00a05\/12\/2022\u00a0\u00e0 12h00<br \/>\n<em>Plus d&rsquo;infos<\/em> : <a href=\"https:\/\/mycor.iam.inrae.fr\/ARBRE\/wp-content\/uploads\/2022\/09\/VD_Campagne-doctorants-LUE-2023.pdf\" class=\"mtli_attachment mtli_pdf\"><span style=\"color: #0000ff;\">VD_Campagne doctorants LUE 2023<\/span><\/a><\/li>\n<\/ul>\n<p>&nbsp;<\/p>\n","protected":false},"excerpt":{"rendered":"<p>09\/2022 &#8211; APPELS A PROJETS LUE \u00a0 Appel \u00e0 projets 2022 interdisciplinaire (150 keuros): cette 2\u00e8me \u00e9dition diff\u00e8re de l&rsquo;appel 2021 et il convient de le lire soigneusement. Date de soumission du 5\/12\/2022 \u00e0 12h00. Plus d&rsquo;infos : VD_Appel interdisciplinarit\u00e9_2022 &hellip; <a href=\"https:\/\/mycor.iam.inrae.fr\/ARBRE\/?page_id=12965\">Continuer la lecture <span class=\"meta-nav\">&rarr;<\/span><\/a><\/p>\n","protected":false},"author":9,"featured_media":0,"parent":12962,"menu_order":0,"comment_status":"closed","ping_status":"closed","template":"","meta":{"footnotes":""},"class_list":["post-12965","page","type-page","status-publish","hentry"],"_links":{"self":[{"href":"https:\/\/mycor.iam.inrae.fr\/ARBRE\/index.php?rest_route=\/wp\/v2\/pages\/12965","targetHints":{"allow":["GET"]}}],"collection":[{"href":"https:\/\/mycor.iam.inrae.fr\/ARBRE\/index.php?rest_route=\/wp\/v2\/pages"}],"about":[{"href":"https:\/\/mycor.iam.inrae.fr\/ARBRE\/index.php?rest_route=\/wp\/v2\/types\/page"}],"author":[{"embeddable":true,"href":"https:\/\/mycor.iam.inrae.fr\/ARBRE\/index.php?rest_route=\/wp\/v2\/users\/9"}],"replies":[{"embeddable":true,"href":"https:\/\/mycor.iam.inrae.fr\/ARBRE\/index.php?rest_route=%2Fwp%2Fv2%2Fcomments&post=12965"}],"version-history":[{"count":0,"href":"https:\/\/mycor.iam.inrae.fr\/ARBRE\/index.php?rest_route=\/wp\/v2\/pages\/12965\/revisions"}],"up":[{"embeddable":true,"href":"https:\/\/mycor.iam.inrae.fr\/ARBRE\/index.php?rest_route=\/wp\/v2\/pages\/12962"}],"wp:attachment":[{"href":"https:\/\/mycor.iam.inrae.fr\/ARBRE\/index.php?rest_route=%2Fwp%2Fv2%2Fmedia&parent=12965"}],"curies":[{"name":"wp","href":"https:\/\/api.w.org\/{rel}","templated":true}]}}