{"id":13,"date":"2012-10-09T12:44:26","date_gmt":"2012-10-09T12:44:26","guid":{"rendered":"https:\/\/mycor.iam.inrae.fr\/ARBRE\/?page_id=13"},"modified":"2022-10-25T07:59:38","modified_gmt":"2022-10-25T07:59:38","slug":"recherche","status":"publish","type":"page","link":"https:\/\/mycor.iam.inrae.fr\/ARBRE\/?page_id=13","title":{"rendered":"Recherche"},"content":{"rendered":"<p style=\"text-align: justify;\">L&rsquo;objectif global d&rsquo;<strong>ARBRE<\/strong> est de mieux comprendre les m\u00e9canismes qui r\u00e9gissent l&rsquo;adaptation et l&rsquo;\u00e9volution des arbres et des for\u00eats afin de pr\u00e9dire leurs r\u00e9ponses aux changements globaux (changement climatique et utilisation des terres) \u00e0 moyen et long terme, pour finalement garantir une production soutenue de biens et services \u00e9cosyst\u00e9miques de qualit\u00e9. En prenant en compte que la r\u00e9silience et la productivit\u00e9 des for\u00eats d\u00e9pendent d&rsquo;une s\u00e9rie de processus biologiques et biophysiques, le programme de recherche d&rsquo;ARBRE est centr\u00e9 sur les interactions qui se produisent entre ces processus aux micro-, m\u00e9so- et macro-\u00e9chelles.<\/p>\n<p style=\"text-align: justify;\">Les principaux objectifs de recherche d&rsquo;<strong>ARBRE<\/strong> sont d&rsquo;approfondir la compr\u00e9hension des processus biologiques, \u00e9cologiques et \u00e9volutifs qui affectent les interactions entre les organismes dans les \u00e9cosyst\u00e8mes forestiers temp\u00e9r\u00e9s, et de d\u00e9velopper de nouvelles approches pour r\u00e9pondre aux questions cl\u00e9s li\u00e9es au cycle des nutriments, au stockage et au cycle du carbone, \u00e0 la productivit\u00e9 foresti\u00e8re, aux produits du bois, aux services \u00e9cosyst\u00e9miques et \u00e0 la gestion durable des for\u00eats dans un contexte de changement globaux. Nous mettons en \u0153uvre une approche multith\u00e9matique activant un large \u00e9ventail de disciplines &#8211; de la g\u00e9nomique \u00e0 l&rsquo;\u00e9cologie fonctionnelle et des sciences du sol \u00e0 l&rsquo;\u00e9conomie &#8211; afin de comprendre, surveiller et pr\u00e9voir les structures, la dynamique et les processus des communaut\u00e9s dans les \u00e9cosyst\u00e8mes forestiers et la productivit\u00e9 de ces socio-\u00e9cosyst\u00e8mes.<\/p>\n<p style=\"text-align: justify;\"><strong>ARBRE<\/strong> s&rsquo;attache \u00e9galement \u00e0 r\u00e9pondre aux questions cl\u00e9s de l&rsquo;\u00e9cologie et de l&rsquo;\u00e9volution des for\u00eats en synth\u00e9tisant les donn\u00e9es existantes, en d\u00e9veloppant des mod\u00e8les conceptuels innovants, en concevant de nouveaux produits du bois et en formulant des recommandations politiques fond\u00e9es sur des donn\u00e9es scientifiques.<\/p>\n<p style=\"text-align: justify;\">La valeur ajout\u00e9e unique d&rsquo;<strong>ARBRE<\/strong>, par rapport aux efforts de recherche internationaux existants dans ce domaine, est son approche int\u00e9gr\u00e9e con\u00e7ue pour : (i) d\u00e9velopper une compr\u00e9hension globale, au niveau mol\u00e9culaire, du microbiome des sols forestiers, des interactions entre les microorganismes et les arbres, ainsi que du d\u00e9veloppement et du fonctionnement des arbres, par l&rsquo;application d&rsquo;approches \u00ab\u00a0-omiques\u00a0\u00bb et de la biologie syst\u00e9mique ; (ii) g\u00e9n\u00e9rer des connaissances fonctionnelles et m\u00e9canistiques sur les interactions complexes entre les cycles biog\u00e9ochimiques, la s\u00e9questration du carbone et la biodiversit\u00e9 dans les for\u00eats, y compris la variabilit\u00e9 g\u00e9n\u00e9tique intersp\u00e9cifique et intrasp\u00e9cifique des arbres. Pour ce faire, nous utilisons des observatoires \u00e0 long terme (LTO) pour des exp\u00e9riences sur le terrain telles que le tra\u00e7age isotopique et l&rsquo;analyse de grandes bases de donn\u00e9es ; iii) int\u00e9grer les connaissances fond\u00e9es sur la biochimie et la biophysique pour comprendre la formation du bois et produire du bois aux propri\u00e9t\u00e9s adapt\u00e9es aux produits finis \u00ab\u00a0verts\u00a0\u00bb ; (iv) contribuer au d\u00e9veloppement plus large des politiques sociales, \u00e9conomiques et r\u00e9glementaires li\u00e9es aux sciences foresti\u00e8res et \u00e0 l&rsquo;innovation en France, avec un accent particulier sur la biodiversit\u00e9 ; (v) fournir une formation de haut niveau pour les carri\u00e8res dans les industries et les institutions fran\u00e7aises ax\u00e9es sur la R&amp;D ; et (vi) diffuser rapidement les innovations scientifiques aux utilisateurs finaux repr\u00e9sent\u00e9s dans le consortium ARBRE [i. e., l&rsquo;Office National des For\u00eats (ONF), le Centre National de la Propri\u00e9t\u00e9 Foresti\u00e8re (CNPF), entre autres].<\/p>\n<p style=\"text-align: justify;\">Les groupes de recherche d&rsquo;<strong>ARBRE<\/strong> combinent des approches ascendantes et descendantes (de la compr\u00e9hension des processus aux fonctions foresti\u00e8res, et de la production de biens et services aux processus) au sein d&rsquo;une s\u00e9rie de groupes de travail interconnect\u00e9s. Le WP1 int\u00e8gre le savoir-faire et les outils \u2018omic\u2019 pour identifier les principaux facteurs g\u00e9n\u00e9tiques et mol\u00e9culaires contr\u00f4lant les microbiomes du sol, les interactions racines-microbes, le d\u00e9veloppement et le fonctionnement des racines des arbres, et se concentre sur les r\u00e9ponses aux changements globaux. Le WP2 \u00e9tudie les processus qui se produisent aux interfaces sol\/microorganismes\/arbre et arbre\/atmosph\u00e8re dans les \u00e9cosyst\u00e8mes forestiers et pr\u00e9voit l&rsquo;\u00e9tat et l&rsquo;\u00e9volution des for\u00eats temp\u00e9r\u00e9es. Le WP3 relie les propri\u00e9t\u00e9s du bois de la ressource foresti\u00e8re aux produits finis \u00ab\u00a0verts\u00a0\u00bb qui peuvent \u00eatre d\u00e9riv\u00e9s des fibres de bois et de leurs composants chimiques. Le WP4 se concentre sur le d\u00e9veloppement d&rsquo;indicateurs de biodiversit\u00e9 et d&rsquo;un nouvel ensemble d&rsquo;instruments \u00e9conomiques (par exemple, des instruments de paiement) pour motiver les gestionnaires forestiers sur la base de ces indicateurs. Les WP5 et WP6 sont des axes transversaux qui se concentrent : i) sur la valorisation et le transfert aux partenaires industriels pour le WP5 et ii) sur l&rsquo;\u00e9ducation, la formation et la diffusion des connaissances et du savoir-faire aux \u00e9tudiants, scientifiques, partenaires industriels et citoyens pour le WP6.<\/p>\n<p>&nbsp;<\/p>\n<p>____________________________________________________________________________<\/p>\n<ul>\n<li style=\"list-style-type: none;\">\n<ul>\n<li><span style=\"color: #3366ff;\"><a style=\"color: #3366ff;\" href=\"https:\/\/mycor.iam.inrae.fr\/ARBRE\/?page_id=109 \">Actions Th\u00e9matiques<\/a><\/span><\/li>\n<li><span style=\"color: #3366ff;\"><a style=\"color: #3366ff;\" href=\"https:\/\/mycor.iam.inrae.fr\/ARBRE\/?page_id=296\">Projets de recherche<\/a><\/span><\/li>\n<li><span style=\"color: #3366ff;\"><a style=\"color: #3366ff;\" href=\"https:\/\/mycor.iam.inrae.fr\/ARBRE\/?page_id=12304\">Projets de th\u00e8ses <\/a><\/span><\/li>\n<li><span style=\"color: #3366ff;\"><a style=\"color: #3366ff;\" href=\"https:\/\/mycor.iam.inrae.fr\/ARBRE\/?page_id=1301\">Projets post-doctoraux<\/a><\/span><\/li>\n<li><span style=\"color: #3366ff;\"><a style=\"color: #3366ff;\" href=\"https:\/\/mycor.iam.inrae.fr\/ARBRE\/?page_id=12928\">Publications<\/a><\/span><\/li>\n<\/ul>\n<\/li>\n<\/ul>\n<p><a href=\"https:\/\/mycor.iam.inrae.fr\/ARBRE\/wp-content\/uploads\/2017\/08\/logo_arbre-fond-blanc.gif\"><img loading=\"lazy\" decoding=\"async\" class=\"aligncenter wp-image-10625\" src=\"https:\/\/mycor.iam.inrae.fr\/ARBRE\/wp-content\/uploads\/2017\/08\/logo_arbre-fond-blanc.gif\" alt=\"\" width=\"118\" height=\"166\" \/><\/a><a href=\"https:\/\/mycor.iam.inrae.fr\/ARBRE\/wp-content\/uploads\/2022\/05\/Bandeau.png.jpg\"><img loading=\"lazy\" decoding=\"async\" class=\"aligncenter size-large wp-image-12538\" src=\"https:\/\/mycor.iam.inrae.fr\/ARBRE\/wp-content\/uploads\/2022\/05\/Bandeau.png-1024x125.jpg\" alt=\"\" width=\"584\" height=\"71\" srcset=\"https:\/\/mycor.iam.inrae.fr\/ARBRE\/wp-content\/uploads\/2022\/05\/Bandeau.png-1024x125.jpg 1024w, https:\/\/mycor.iam.inrae.fr\/ARBRE\/wp-content\/uploads\/2022\/05\/Bandeau.png-300x37.jpg 300w, https:\/\/mycor.iam.inrae.fr\/ARBRE\/wp-content\/uploads\/2022\/05\/Bandeau.png-768x94.jpg 768w, https:\/\/mycor.iam.inrae.fr\/ARBRE\/wp-content\/uploads\/2022\/05\/Bandeau.png-800x98.jpg 800w, https:\/\/mycor.iam.inrae.fr\/ARBRE\/wp-content\/uploads\/2022\/05\/Bandeau.png-1536x188.jpg 1536w, https:\/\/mycor.iam.inrae.fr\/ARBRE\/wp-content\/uploads\/2022\/05\/Bandeau.png-500x61.jpg 500w, https:\/\/mycor.iam.inrae.fr\/ARBRE\/wp-content\/uploads\/2022\/05\/Bandeau.png.jpg 1587w\" sizes=\"auto, (max-width: 584px) 100vw, 584px\" \/><\/a><\/p>\n","protected":false},"excerpt":{"rendered":"<p>L&rsquo;objectif global d&rsquo;ARBRE est de mieux comprendre les m\u00e9canismes qui r\u00e9gissent l&rsquo;adaptation et l&rsquo;\u00e9volution des arbres et des for\u00eats afin de pr\u00e9dire leurs r\u00e9ponses aux changements globaux (changement climatique et utilisation des terres) \u00e0 moyen et long terme, pour finalement &hellip; <a href=\"https:\/\/mycor.iam.inrae.fr\/ARBRE\/?page_id=13\">Continuer la lecture <span class=\"meta-nav\">&rarr;<\/span><\/a><\/p>\n","protected":false},"author":1,"featured_media":0,"parent":0,"menu_order":1,"comment_status":"open","ping_status":"closed","template":"","meta":{"footnotes":""},"class_list":["post-13","page","type-page","status-publish","hentry"],"_links":{"self":[{"href":"https:\/\/mycor.iam.inrae.fr\/ARBRE\/index.php?rest_route=\/wp\/v2\/pages\/13","targetHints":{"allow":["GET"]}}],"collection":[{"href":"https:\/\/mycor.iam.inrae.fr\/ARBRE\/index.php?rest_route=\/wp\/v2\/pages"}],"about":[{"href":"https:\/\/mycor.iam.inrae.fr\/ARBRE\/index.php?rest_route=\/wp\/v2\/types\/page"}],"author":[{"embeddable":true,"href":"https:\/\/mycor.iam.inrae.fr\/ARBRE\/index.php?rest_route=\/wp\/v2\/users\/1"}],"replies":[{"embeddable":true,"href":"https:\/\/mycor.iam.inrae.fr\/ARBRE\/index.php?rest_route=%2Fwp%2Fv2%2Fcomments&post=13"}],"version-history":[{"count":0,"href":"https:\/\/mycor.iam.inrae.fr\/ARBRE\/index.php?rest_route=\/wp\/v2\/pages\/13\/revisions"}],"wp:attachment":[{"href":"https:\/\/mycor.iam.inrae.fr\/ARBRE\/index.php?rest_route=%2Fwp%2Fv2%2Fmedia&parent=13"}],"curies":[{"name":"wp","href":"https:\/\/api.w.org\/{rel}","templated":true}]}}