{"id":1301,"date":"2013-07-31T09:00:36","date_gmt":"2013-07-31T09:00:36","guid":{"rendered":"https:\/\/mycor.iam.inrae.fr\/ARBRE\/?page_id=1301"},"modified":"2022-09-20T12:40:40","modified_gmt":"2022-09-20T12:40:40","slug":"projets-post-doctoraux-en-cours","status":"publish","type":"page","link":"https:\/\/mycor.iam.inrae.fr\/ARBRE\/?page_id=1301","title":{"rendered":"Projets post-doctoraux"},"content":{"rendered":"<ul>\n<li><span style=\"color: #000000;\"><strong>BELMONDO Simone<\/strong><\/span><br \/>\n<b>\u00ab\u00a0<\/b>In vitro and in situ unraveling truffle sexual reproduction using Ascobolus immersus as a test tube \u00a0\u00bb (2017-2018)<\/li>\n<\/ul>\n<ul>\n<li><span style=\"color: #000000;\"><strong>BESIC Nikola <\/strong><\/span><br \/>\n<b>\u00ab\u00a0<\/b>What models to provide guidance for the adaptation of forests to climate change? \u00a0\u00bb (2021-2021)<\/li>\n<\/ul>\n<ul>\n<li><span style=\"color: #000000;\"><strong>BONNOT Cl\u00e9mence <\/strong><\/span><br \/>\n<b>\u00ab\u00a0<\/b>Les m\u00e9canismes de signalisation impliqu\u00e9s dans le d\u00e9veloppement de la symbiose ectomycorhizienne et de la perception du niveau des \u00e9l\u00e9ments nutritifs chez le peuplier et en particulier, le r\u00f4le des facteurs de transcription de la famille JAZ dans ces m\u00e9canismes. \u00a0\u00bb (2017-2020)<\/li>\n<\/ul>\n<ul>\n<li><span style=\"color: #000000;\"><strong>BRENNAN Maree <\/strong><\/span><br \/>\n<b>\u00ab\u00a0<\/b>Within- and between- tree Biodiversity of softwood BARK TANnins \u00a0\u00bb (2018-2019)<\/li>\n<\/ul>\n<ul>\n<li><span style=\"color: #000000;\"><strong>CUNY Henri<\/strong><\/span><br \/>\n<span style=\"color: #666699;\"><strong>\u00ab\u00a0<\/strong><\/span>Influence du climat sur la dynamique de formation du bois\u00a0\u00bb (2013-2014) &#8211; <a href=\"https:\/\/mycor.iam.inrae.fr\/ARBRE\/?page_id=1536\"><em><span style=\"color: #0000ff;\">Projet<\/span><\/em><\/a><\/li>\n<\/ul>\n<ul>\n<li><span style=\"color: #000000;\"><strong>COLIN Yannick<\/strong><\/span><br \/>\n<span style=\"color: #000000;\"><b>\u00ab\u00a0<\/b><\/span>Diversit\u00e9 microbienne dans les sols forestiers\u00a0\u00bb (2014-2015) &#8211; <span style=\"color: #0000ff;\"><em><a style=\"color: #0000ff;\" href=\"https:\/\/mycor.iam.inrae.fr\/ARBRE\/?page_id=5744\">Projet<\/a><\/em><\/span><\/li>\n<\/ul>\n<ul>\n<li><strong><span style=\"color: #000000;\">DAGUERRE Yohann<\/span><br \/>\n<\/strong><span style=\"color: #000000;\">\u00ab\u00a0<\/span>Compr\u00e9hension des voies mol\u00e9culaires en Symbiose Ectomycorhizienne (2014-2015)\u00a0\u00bb &#8211; <a href=\"https:\/\/mycor.iam.inrae.fr\/ARBRE\/?page_id=1517\"><span style=\"color: #0000ff;\"><em>Projet<\/em><\/span><\/a><\/li>\n<\/ul>\n<ul>\n<li><span style=\"color: #000000;\"><strong>DE FREITAS Maira <\/strong><\/span><br \/>\n<b>\u00ab\u00a0<\/b>Impact of abiotic stress (Ozone, drought) on ectoMYCorrhizal symbiosis and role of ectomycorrhizatio \u00a0\u00bb (2016-2020)<\/li>\n<\/ul>\n<ul>\n<li><span style=\"color: #000000;\"><strong>DE LA VARGA PASTOR Herminia<\/strong><\/span><br \/>\n<span style=\"color: #000000;\"><b>\u00ab\u00a0<\/b><\/span>Am\u00e9liorer la gestion de l&rsquo;eau et effet des techniques culturales sur le myc\u00e9lium dans le sol, la production de fructification et le bilan hydrique: exp\u00e9riences pilotes vers l&rsquo;adaptation des truffi\u00e8res aux changements climatiques.\u00a0\u00bb (2014-2015) &#8211; <span style=\"color: #0000ff;\"><a style=\"color: #0000ff;\" href=\"https:\/\/mycor.iam.inrae.fr\/ARBRE\/?page_id=7275\"><em>Projet<\/em><\/a><\/span><\/li>\n<\/ul>\n<ul>\n<li><span style=\"color: #000000;\"><strong>DURAND Jonas <\/strong><\/span><br \/>\n<b>\u00ab\u00a0<\/b>Cartographier le risque infectieux li\u00e9 aux expositions aux piq\u00fbres de tiques pour am\u00e9liorer la pr\u00e9vention en utilisant les donn\u00e9es de la recherche participative dans le contexte DHDA \u00a0\u00bb (2021-2022)<\/li>\n<\/ul>\n<ul>\n<li><span style=\"color: #000000;\"><strong>FEISS Thomas <\/strong><\/span><br \/>\n<b>\u00ab\u00a0<\/b>Assessment of the forest history of the Lorraine plateau \u00a0\u00bb (2019-2019)<\/li>\n<\/ul>\n<ul>\n<li><span style=\"color: #000000;\"><strong>FRULEUX Alexandre <\/strong><\/span><br \/>\n<b>\u00ab\u00a0<\/b>Tree Species Interactions under Soil Drought Conditions \u00a0\u00bb (2016-2017)<\/li>\n<\/ul>\n<ul>\n<li><span style=\"color: #000000;\"><strong>GENNARETTI Fabio <\/strong><\/span><br \/>\n<b>\u00ab\u00a0<\/b>Root water uptake in ecosystem models constrained by water isotopes and chloride concentrations \u00a0\u00bb (2017-2019)<\/li>\n<\/ul>\n<ul>\n<li><span style=\"color: #000000;\"><strong>LAGEL Marie-Chrisitine <\/strong><\/span><br \/>\n<b>\u00ab\u00a0<\/b>Within- and between- tree Biodiversity of softwood BARK TANnins \u00a0\u00bb (2017-2018)<\/li>\n<\/ul>\n<ul>\n<li><span style=\"color: #000000;\"><strong>LEBRETON Annie <\/strong><\/span><br \/>\n<b>\u00ab\u00a0<\/b>Analyses bioinformatiques des g\u00e9nomes de champignons forestiers d\u00e9composeurs \u00a0\u00bb (2021-2022)<\/li>\n<\/ul>\n<ul>\n<li><span style=\"color: #000000;\"><strong>LIN Yan-Shih <\/strong><\/span><br \/>\n<b>\u00ab\u00a0<\/b>Tree Species Interactions under Soil Drought Conditions \u00a0\u00bb (2016-2017)<\/li>\n<\/ul>\n<ul>\n<li><span style=\"color: #000000;\"><strong>MARQUES GALVEZ Jos\u00e9 Eduardo <\/strong><\/span><br \/>\n<b>\u00ab\u00a0<\/b>Deciphering the molecular basis for the establishment of mutualistic interaction between roots of trees and fungi \u00a0\u00bb (2023-2023)<\/li>\n<\/ul>\n<ul>\n<li><span style=\"color: #000000;\"><strong>MAY Attallah <\/strong><\/span><br \/>\n<b>\u00ab\u00a0<\/b>Testing and Influencing Stakeholders\u2019 Acceptance of new techno-economic models for a sustainable harvest of forest BIOMass \u00a0\u00bb (2019-2020)<\/li>\n<\/ul>\n<ul>\n<li><span style=\"color: #000000;\"><strong>MOSELER Anna Maria <\/strong><\/span><br \/>\n<b>\u00ab\u00a0<\/b>Developing new optogenetic redox biosensors for sulfur compounds \u00a0\u00bb (2018-2019)<\/li>\n<\/ul>\n<ul>\n<li><span style=\"color: #000000;\"><strong>MULLER Elodie <\/strong><\/span><br \/>\n<b>\u00ab\u00a0<\/b>Analyse de la charge ar\u00e9rienne de spore de certains champignon phytopathog\u00e8nes sur le r\u00e9seau national de surveillance a\u00e9robiologique (RNSA) et mise en relation avec la s\u00e9v\u00e9rit\u00e9 r\u00e9gionale des maladies observ\u00e9es par le D\u00e9partement de la Sant\u00e9 des Forets. \u00a0\u00bb (2020-2021)<\/li>\n<\/ul>\n<ul>\n<li><span style=\"color: #000000;\"><strong>NGOUHOUO POUFOUN Jonas <\/strong><\/span><br \/>\n<b>\u00ab\u00a0<\/b>Risk Aversion, Livelihoods and Ecosystem Services Provisioning and Deforestation in Multifunctional \u00a0\u00bb (2017-2018)<\/li>\n<\/ul>\n<ul>\n<li><span style=\"color: #000000;\"><strong>NOYER Estelle <\/strong><\/span><br \/>\n<b>\u00ab\u00a0<\/b>Variation of wood properties and structure from innovative plantations in Lorraine: wood quality and its biomechanical implications \u00a0\u00bb (2017-2021)<\/li>\n<\/ul>\n<ul>\n<li><span style=\"color: #000000;\"><strong>OLS Cl\u00e9mentine <\/strong><\/span><br \/>\n<b>\u00ab\u00a0<\/b>Suivi instantan\u00e9 et tendanciel de l&rsquo;acquisition des ressources foresti\u00e8res frna\u00e7aises face au changement climatique \u00a0\u00bb (2020-2020)<\/li>\n<\/ul>\n<ul>\n<li><span style=\"color: #000000;\"><strong>OUVRARD Benjamin <\/strong><\/span><br \/>\n<b>\u00ab\u00a0<\/b>Biomass harvest and Ash recycling: impact on Forest Ecosystem Service values \u00a0\u00bb (2017-2018)<\/li>\n<\/ul>\n<ul>\n<li><span style=\"color: #000000;\"><strong>PEREZ DE LIS CASTRO Gonzalo <\/strong><\/span><br \/>\n\u00ab\u00a0Unravelling the influence of environment and development on intra-annual dynamics of wood formation\u00a0\u00bb (2017-2019)<\/li>\n<\/ul>\n<ul>\n<li><span style=\"color: #000000;\"><strong>PERSOONS Antoine <\/strong><\/span><br \/>\n<b>\u00ab\u00a0<\/b>Combiner des approches de g\u00e9nomique et de g\u00e9n\u00e9tique des populations pour caract\u00e9riser la variabilit\u00e9 \u00e0 un locus d&rsquo;avirulence chez un champignon phytopathog\u00e8ne \u00a0\u00bb (2018-2020)<\/li>\n<\/ul>\n<ul>\n<li><span style=\"color: #000000;\"><strong>RYDER James <\/strong><\/span><br \/>\n<b>\u00ab\u00a0<\/b>Studies of the interactions between interactive effects of drought and tree population density on the resistance and resilience of tree growth \u00a0\u00bb (2014-2020)<\/li>\n<\/ul>\n<ul>\n<li><strong><span style=\"color: #000000;\">SAINTE-MARIE Julien<br \/>\n<\/span><\/strong><b style=\"color: #000000;\">\u00ab\u00a0<\/b><span style=\"color: #000000;\">Contribution \u00e0 l&rsquo;\u00e9laboration d&rsquo;une nouvelle g\u00e9n\u00e9ration de mod\u00e8les sol-plantes\u00a0\u00bb (2016-2017) &#8211; <\/span><span style=\"color: #0000ff;\"><em><a style=\"color: #0000ff;\" href=\"https:\/\/mycor.iam.inrae.fr\/ARBRE\/?page_id=7497\">Projet<\/a><\/em><\/span><\/li>\n<\/ul>\n<ul>\n<li><span style=\"color: #000000;\"><strong>SENTAUSA Erwin <\/strong><\/span><br \/>\n<b>\u00ab\u00a0<\/b>Analyse fonctionnelle des champignons des sols forestiers par une approche metatranscriptomique \u00a0\u00bb (2015-2016)<\/li>\n<\/ul>\n<ul>\n<li><span style=\"color: #000000;\"><strong>SOUTER Thibaud <\/strong><\/span><br \/>\n<b>\u00ab\u00a0<\/b>Photogrammetric canopy height models to enhance forest resource assessments \u00a0\u00bb (2016-2018)<\/li>\n<\/ul>\n<ul>\n<li><span style=\"color: #000000;\"><strong>SPATAFORA Joseph <\/strong><\/span><br \/>\n\u00ab\u00a0Study of the evolution of lifestyles in forest fungi, including ectomycorrhizal symbionts and wood decomposers, by phylogenomics and comparative genomics within the framework of the 1000 Fungal Genomes project \u00a0\u00bb (2015-2016)<\/li>\n<\/ul>\n<ul>\n<li><span style=\"color: #000000;\"><strong>TANG Nianwu <\/strong><\/span><br \/>\n\u00ab\u00a0G\u00e9nomique comparative des champignons ectomycorhiziens du groupe des lactaires \u00a0\u00bb (2021-2022)<\/li>\n<\/ul>\n<ul>\n<li><span style=\"color: #000000;\"><strong>TEIXEIRA Rita<\/strong><strong><br \/>\n<\/strong><\/span><span style=\"color: #666699;\"><b>\u00ab\u00a0<\/b><\/span>Orchestration de la croissance racinaire du peuplier : implication de facteurs du transcription\u00a0\u00bb (2013-2014) &#8211; <span style=\"color: #0000ff;\"><a style=\"color: #0000ff;\" href=\"https:\/\/mycor.iam.inrae.fr\/ARBRE\/?page_id=784\"><em>Projet<\/em><\/a><\/span><\/li>\n<\/ul>\n<ul>\n<li><span style=\"color: #000000;\"><strong>VALETTE Nicolas <\/strong><\/span><br \/>\n\u00ab\u00a0Fate of Lignin altered by brown rot and white rot fungi \u00a0\u00bb (2018-2020)<\/li>\n<\/ul>\n<ul>\n<li><span style=\"color: #000000;\"><strong>WITTULSKY Sebastian<\/strong><\/span><br \/>\n<span style=\"color: #000000;\"><b>\u00ab\u00a0<\/b><\/span>Compr\u00e9hension des voies mol\u00e9culaires en Symbiose Ectomycorhizienne\u00a0\u00bb (2013-2015) &#8211; <span style=\"color: #0000ff;\"><em><a style=\"color: #0000ff;\" href=\"https:\/\/mycor.iam.inrae.fr\/ARBRE\/?page_id=1517\">Projet<\/a><\/em><\/span><\/li>\n<\/ul>\n<ul>\n<li><span style=\"color: #3366ff;\"><strong><span style=\"color: #000000;\">WORTEMANN R\u00e9mi<\/span><\/strong><\/span><br \/>\n<span style=\"color: #000000;\"><b>\u00ab\u00a0<\/b><\/span>Est-ce que les m\u00e9canismes hydrauliques d&rsquo;adaptation \u00e0 des \u00e9v\u00e9nements de s\u00e9cheresse changent au cours du vieillissement ?\u00a0\u00bb\u00a0 (2015-2017) &#8211; <span style=\"color: #0000ff;\"><em><a style=\"color: #0000ff;\" href=\"https:\/\/mycor.iam.inrae.fr\/ARBRE\/?page_id=7269\">Projet<\/a><\/em><\/span><\/li>\n<\/ul>\n<ul>\n<li><span style=\"color: #000000;\"><strong>YU YING Lin <\/strong><\/span><br \/>\n\u00ab\u00a0Comparative study of HEating TECHnology and INert Atmosphere affecting lignocellulosic biomass therm\u00a0\u00bb (2019-2020)<\/li>\n<\/ul>\n","protected":false},"excerpt":{"rendered":"<p>BELMONDO Simone \u00ab\u00a0In vitro and in situ unraveling truffle sexual reproduction using Ascobolus immersus as a test tube \u00a0\u00bb (2017-2018) BESIC Nikola \u00ab\u00a0What models to provide guidance for the adaptation of forests to climate change? \u00a0\u00bb (2021-2021) BONNOT Cl\u00e9mence \u00ab\u00a0Les &hellip; <a href=\"https:\/\/mycor.iam.inrae.fr\/ARBRE\/?page_id=1301\">Continuer la lecture <span class=\"meta-nav\">&rarr;<\/span><\/a><\/p>\n","protected":false},"author":4,"featured_media":0,"parent":13,"menu_order":0,"comment_status":"closed","ping_status":"open","template":"","meta":{"footnotes":""},"class_list":["post-1301","page","type-page","status-publish","hentry"],"_links":{"self":[{"href":"https:\/\/mycor.iam.inrae.fr\/ARBRE\/index.php?rest_route=\/wp\/v2\/pages\/1301","targetHints":{"allow":["GET"]}}],"collection":[{"href":"https:\/\/mycor.iam.inrae.fr\/ARBRE\/index.php?rest_route=\/wp\/v2\/pages"}],"about":[{"href":"https:\/\/mycor.iam.inrae.fr\/ARBRE\/index.php?rest_route=\/wp\/v2\/types\/page"}],"author":[{"embeddable":true,"href":"https:\/\/mycor.iam.inrae.fr\/ARBRE\/index.php?rest_route=\/wp\/v2\/users\/4"}],"replies":[{"embeddable":true,"href":"https:\/\/mycor.iam.inrae.fr\/ARBRE\/index.php?rest_route=%2Fwp%2Fv2%2Fcomments&post=1301"}],"version-history":[{"count":0,"href":"https:\/\/mycor.iam.inrae.fr\/ARBRE\/index.php?rest_route=\/wp\/v2\/pages\/1301\/revisions"}],"up":[{"embeddable":true,"href":"https:\/\/mycor.iam.inrae.fr\/ARBRE\/index.php?rest_route=\/wp\/v2\/pages\/13"}],"wp:attachment":[{"href":"https:\/\/mycor.iam.inrae.fr\/ARBRE\/index.php?rest_route=%2Fwp%2Fv2%2Fmedia&parent=1301"}],"curies":[{"name":"wp","href":"https:\/\/api.w.org\/{rel}","templated":true}]}}