{"id":13065,"date":"2022-10-24T14:47:17","date_gmt":"2022-10-24T14:47:17","guid":{"rendered":"https:\/\/mycor.iam.inrae.fr\/ARBRE\/?page_id=13065"},"modified":"2022-10-25T13:39:32","modified_gmt":"2022-10-25T13:39:32","slug":"actions-thematiques-et-evenements","status":"publish","type":"page","link":"https:\/\/mycor.iam.inrae.fr\/ARBRE\/?page_id=13065","title":{"rendered":"Actions th\u00e9matiques et \u00e9v\u00e8nements"},"content":{"rendered":"<p>\u21d2 <span style=\"color: #3366ff;\"><a style=\"color: #3366ff;\" href=\"https:\/\/mycor.iam.inrae.fr\/ARBRE\/?page_id=109\">Actions th\u00e9matiques du LabEx ARBRE<\/a><\/span><\/p>\n<p>\u21d2 <span style=\"color: #3366ff;\"><a style=\"color: #3366ff;\" href=\"https:\/\/mycor.iam.inrae.fr\/ARBRE\/?page_id=13100\">Ev\u00e8nements et animations th\u00e9matiques<\/a><\/span><\/p>\n","protected":false},"excerpt":{"rendered":"<p>\u21d2 Actions th\u00e9matiques du LabEx ARBRE \u21d2 Ev\u00e8nements et animations th\u00e9matiques<\/p>\n","protected":false},"author":9,"featured_media":0,"parent":13,"menu_order":0,"comment_status":"closed","ping_status":"closed","template":"","meta":{"footnotes":""},"class_list":["post-13065","page","type-page","status-publish","hentry"],"_links":{"self":[{"href":"https:\/\/mycor.iam.inrae.fr\/ARBRE\/index.php?rest_route=\/wp\/v2\/pages\/13065","targetHints":{"allow":["GET"]}}],"collection":[{"href":"https:\/\/mycor.iam.inrae.fr\/ARBRE\/index.php?rest_route=\/wp\/v2\/pages"}],"about":[{"href":"https:\/\/mycor.iam.inrae.fr\/ARBRE\/index.php?rest_route=\/wp\/v2\/types\/page"}],"author":[{"embeddable":true,"href":"https:\/\/mycor.iam.inrae.fr\/ARBRE\/index.php?rest_route=\/wp\/v2\/users\/9"}],"replies":[{"embeddable":true,"href":"https:\/\/mycor.iam.inrae.fr\/ARBRE\/index.php?rest_route=%2Fwp%2Fv2%2Fcomments&post=13065"}],"version-history":[{"count":0,"href":"https:\/\/mycor.iam.inrae.fr\/ARBRE\/index.php?rest_route=\/wp\/v2\/pages\/13065\/revisions"}],"up":[{"embeddable":true,"href":"https:\/\/mycor.iam.inrae.fr\/ARBRE\/index.php?rest_route=\/wp\/v2\/pages\/13"}],"wp:attachment":[{"href":"https:\/\/mycor.iam.inrae.fr\/ARBRE\/index.php?rest_route=%2Fwp%2Fv2%2Fmedia&parent=13065"}],"curies":[{"name":"wp","href":"https:\/\/api.w.org\/{rel}","templated":true}]}}