{"id":13069,"date":"2022-10-24T14:52:50","date_gmt":"2022-10-24T14:52:50","guid":{"rendered":"https:\/\/mycor.iam.inrae.fr\/ARBRE\/?page_id=13069"},"modified":"2022-10-27T14:25:21","modified_gmt":"2022-10-27T14:25:21","slug":"evenements","status":"publish","type":"page","link":"https:\/\/mycor.iam.inrae.fr\/ARBRE\/?page_id=13069","title":{"rendered":"Colloques et s\u00e9minaires du LabEx ARBRE"},"content":{"rendered":"<pre><span style=\"font-size: 12pt; font-family: arial, helvetica, sans-serif;\"><strong>Colloque annuel du LabEx ARBRE - 25\/11\/2022<\/strong><\/span><\/pre>\n<p style=\"text-align: center;\"><img loading=\"lazy\" decoding=\"async\" class=\"wp-image-12582 aligncenter\" src=\"https:\/\/mycor.iam.inrae.fr\/ARBRE\/wp-content\/uploads\/2022\/07\/Screen-Shot-07-11-22-at-09.33-AM.png\" alt=\"\" width=\"361\" height=\"502\" \/>\u21d2 Retrouvez plus d&rsquo;informations en cliquant sur ce lien :<br \/>\n<span style=\"color: #0000ff;\"><a style=\"color: #0000ff;\" href=\"https:\/\/mycor.iam.inrae.fr\/ARBRE\/?page_id=13110\">https:\/\/mycor.iam.inrae.fr\/ARBRE\/wp-admin\/post.php?post=13110<\/a><\/span><\/p>\n<pre><span style=\"font-size: 12pt; font-family: arial, helvetica, sans-serif;\"><strong>Journ\u00e9e des docs &amp; postdocs du LabEx ARBRE 2022 -\u00a0 11\/10\/2022\u00a0<\/strong><\/span><\/pre>\n<p><a href=\"https:\/\/mycor.iam.inrae.fr\/ARBRE\/wp-content\/uploads\/2022\/08\/Affiche-V.En_-1.png\"><img loading=\"lazy\" decoding=\"async\" class=\"alignright wp-image-12726\" src=\"https:\/\/mycor.iam.inrae.fr\/ARBRE\/wp-content\/uploads\/2022\/08\/Affiche-V.En_-1.png\" alt=\"\" width=\"239\" height=\"328\" \/><\/a><\/p>\n<ul>\n<li style=\"list-style-type: none; text-align: justify;\">Cette journ\u00e9e a mis en lumi\u00e8re toutes les avanc\u00e9es r\u00e9centes en termes de biologie, biotechnologie, \u00e9cologie, sciences du sol, chimie et \u00e9conomie r\u00e9alis\u00e9es dans notre consortium multidisciplinaire. Avec une session de speed dating, des discussions en table ronde, des expos\u00e9s scientifiques et des pr\u00e9sentations de posters, elle constitua un forum passionnant pour les \u00e9changes interdisciplinaires entre les participants mais fut l&rsquo;occasion \u00e9galement de relater les derni\u00e8res tendances dans les domaines de la recherche foresti\u00e8re.<\/li>\n<li style=\"list-style-type: none; text-align: center;\"><span style=\"text-decoration: underline;\"><br \/>\nPlus d&rsquo;informations sur le site de l&rsquo;\u00e9v\u00e8nement<\/span> :<br \/>\n<span style=\"color: #0000ff;\"><a style=\"color: #0000ff;\" href=\"https:\/\/labex-doc-postdoc-day-2022.journees.inrae.fr\/\" target=\"_blank\" rel=\"noopener\">https:\/\/labex-doc-postdoc-day-2022.journees.inrae.fr<\/a><\/span><\/li>\n<li style=\"list-style-type: none; text-align: center;\"><strong><a href=\"https:\/\/mycor.iam.inrae.fr\/ARBRE\/wp-content\/uploads\/2022\/10\/ABSTRACT_BOOK_LABEX_day_7.10.22.pdf\" class=\"mtli_attachment mtli_pdf\" target=\"_blank\" rel=\"noopener\"><span style=\"color: #3366ff;\">\u21d2T\u00e9l\u00e9chargez l&rsquo;abstract book<\/span><\/a><\/strong><\/li>\n<li style=\"list-style-type: none; text-align: justify;\">\n<pre><span style=\"font-size: 12pt;\"><strong><span style=\"font-family: arial, helvetica, sans-serif;\">Archives<\/span><\/strong><\/span><\/pre>\n<\/li>\n<\/ul>\n","protected":false},"excerpt":{"rendered":"<p>Colloque annuel du LabEx ARBRE &#8211; 25\/11\/2022 \u21d2 Retrouvez plus d&rsquo;informations en cliquant sur ce lien : https:\/\/mycor.iam.inrae.fr\/ARBRE\/wp-admin\/post.php?post=13110 Journ\u00e9e des docs &amp; postdocs du LabEx ARBRE 2022 &#8211;\u00a0 11\/10\/2022\u00a0 Cette journ\u00e9e a mis en lumi\u00e8re toutes les avanc\u00e9es r\u00e9centes en &hellip; <a href=\"https:\/\/mycor.iam.inrae.fr\/ARBRE\/?page_id=13069\">Continuer la lecture <span class=\"meta-nav\">&rarr;<\/span><\/a><\/p>\n","protected":false},"author":9,"featured_media":0,"parent":13065,"menu_order":0,"comment_status":"closed","ping_status":"closed","template":"","meta":{"footnotes":""},"class_list":["post-13069","page","type-page","status-publish","hentry"],"_links":{"self":[{"href":"https:\/\/mycor.iam.inrae.fr\/ARBRE\/index.php?rest_route=\/wp\/v2\/pages\/13069","targetHints":{"allow":["GET"]}}],"collection":[{"href":"https:\/\/mycor.iam.inrae.fr\/ARBRE\/index.php?rest_route=\/wp\/v2\/pages"}],"about":[{"href":"https:\/\/mycor.iam.inrae.fr\/ARBRE\/index.php?rest_route=\/wp\/v2\/types\/page"}],"author":[{"embeddable":true,"href":"https:\/\/mycor.iam.inrae.fr\/ARBRE\/index.php?rest_route=\/wp\/v2\/users\/9"}],"replies":[{"embeddable":true,"href":"https:\/\/mycor.iam.inrae.fr\/ARBRE\/index.php?rest_route=%2Fwp%2Fv2%2Fcomments&post=13069"}],"version-history":[{"count":0,"href":"https:\/\/mycor.iam.inrae.fr\/ARBRE\/index.php?rest_route=\/wp\/v2\/pages\/13069\/revisions"}],"up":[{"embeddable":true,"href":"https:\/\/mycor.iam.inrae.fr\/ARBRE\/index.php?rest_route=\/wp\/v2\/pages\/13065"}],"wp:attachment":[{"href":"https:\/\/mycor.iam.inrae.fr\/ARBRE\/index.php?rest_route=%2Fwp%2Fv2%2Fmedia&parent=13069"}],"curies":[{"name":"wp","href":"https:\/\/api.w.org\/{rel}","templated":true}]}}