{"id":13580,"date":"2023-09-26T09:47:21","date_gmt":"2023-09-26T09:47:21","guid":{"rendered":"https:\/\/mycor.iam.inrae.fr\/ARBRE\/?page_id=13580"},"modified":"2023-11-08T09:03:05","modified_gmt":"2023-11-08T09:03:05","slug":"appel-a-projet-graines-dartemis","status":"publish","type":"page","link":"https:\/\/mycor.iam.inrae.fr\/ARBRE\/?page_id=13580","title":{"rendered":"Appel \u00e0 projets \u2018Graines d\u2019ARTEMIS\u2019"},"content":{"rendered":"<p style=\"text-align: justify;\"><strong>Cadre de l&rsquo;appel<\/strong><\/p>\n<p style=\"text-align: justify;\">L&rsquo;appel \u00e0 projets \u2018<strong>Graines d\u2019ARTEMIS<\/strong>\u2019 a pour objectif d\u2019initier et de soutenir des collaborations et des projets originaux en accord avec les axes th\u00e9matiques qui seront d\u00e9velopp\u00e9s dans le <strong>Programme Interdisciplinaire (PgI) ARTEMIS<\/strong>, se situant sur <strong>des fronts de sciences <\/strong>ou pr\u00e9sentant <strong>un potentiel de valorisation, de transfert technologique, de formation ou de m\u00e9diation scientifique <\/strong>importants dans les diff\u00e9rentes dimensions de la for\u00eat et du bois.<\/p>\n<p style=\"text-align: justify;\">Pour la communaut\u00e9 du LabEx ARBRE, cette \u00e9dition op\u00e8re un changement par rapport aux ann\u00e9es pr\u00e9c\u00e9dentes, car il sera r\u00e9alis\u00e9 dans le p\u00e9rim\u00e8tre de Lorraine Universit\u00e9 d\u2019Excellence afin de contribuer \u00e0 l\u2019\u00e9mergence du programme interdisciplinaire ARTEMIS et non plus seulement dans le p\u00e9rim\u00e8tre de la communaut\u00e9 du LabEx ARBRE.<\/p>\n<p style=\"text-align: justify;\">Une attention particuli\u00e8re sera donc port\u00e9e aux projets impliquant des partenariats nouveaux, allant au-del\u00e0 du p\u00e9rim\u00e8tre du LabEx ARBRE, tout en consid\u00e9rant des partenariats \u00e9ligibles de Lorraine Universit\u00e9 d\u2019Excellence.<\/p>\n<p style=\"text-align: justify;\"><em>\u00a0\u00a0\u00a0\u00a0\u00a0\u00a0\u00a0\u00a0\u00a0\u00a0\u00a0 a) Les th\u00e9matiques de recherche et\/ou valorisation \u00e9ligibles<\/em><\/p>\n<p style=\"text-align: justify;\">Les projets de recherche, formation et\/ou de valorisation devront s\u2019inscrire dans un ou plusieurs d\u00e9fis identifi\u00e9s dans le programme interdisciplinaire ARTEMIS (voir l\u2019annexe 2). L\u2019appel \u2018Graines d\u2019ARTEMIS\u2019 a pour objectif de <strong>pr\u00e9parer l\u2019\u00e9mergence du PgI ARTEMIS en 2025,<\/strong> en maintenant une dynamique scientifique, de formation, de m\u00e9diation et d\u2019innovation autour des th\u00e8mes de la for\u00eat et du bois.<\/p>\n<p style=\"text-align: justify;\">Dans ce contexte, il s\u2019agira essentiellement de <strong>projets \u2018graine\u2019 visant \u00e0 \u00e9tablir ou conforter des partenariats ouvrant la communaut\u00e9 travaillant sur la for\u00eat et le bois \u00e0 de nouvelles disciplines et\/ou probl\u00e9matiques.<\/strong> L\u2019\u00e9valuation des propositions se fera au travers des rapports \u00e9labor\u00e9s par un rapporteur expert externe \u00e0 l\u2019Universit\u00e9 de Lorraine (francophone ou non) et un rapporteur membre du comit\u00e9 de pilotage du programme ARTEMIS en maturation. Une attention particuli\u00e8re sera port\u00e9e sur les aspects \u00e0 fort impact structurants pour le programme, mais aussi sur la base des objectifs disciplinaires, d\u2019approche fondamentale, d\u2019innovation et de transfert de technologie, de nouvelles approches de la formation, d\u2019internationalisation, et de science par et pour la soci\u00e9t\u00e9.<\/p>\n<p style=\"text-align: justify;\"><span style=\"text-decoration: underline;\">D\u00e9fis du PgI ARTEMIS<\/span><\/p>\n<ul style=\"text-align: justify;\">\n<li><em>D\u00e9coder les m\u00e9canismes biotiques et abiotiques qui r\u00e9gissent les interactions et le fonctionnement des syst\u00e8mes arbre-microbiome-sol<\/em><\/li>\n<li><em>Caract\u00e9riser et quantifier les processus de r\u00e9ponse des \u00e9cosyst\u00e8mes forestiers \u00e0 des changements environnementaux \u00e0 court et moyen terme <\/em><\/li>\n<li><em>\u00c9tudier de mani\u00e8re interactive les ressources foresti\u00e8res, les processus de formation et de transformation du bois, les produits finis et les cha\u00eenes d&rsquo;approvisionnement. Concevoir de nouveaux produits et proc\u00e9d\u00e9s (qualification et contr\u00f4le non destructif, chimie, construction, recyclage et d\u00e9toxification) pour mieux valoriser les ressources locales (feuillus, petits ou gros bois, bois de recyclage, connexes).<\/em><\/li>\n<li><em>Planification et gestion adaptative des for\u00eats en temps de crise\u00a0; caract\u00e9risation dynamique des peuplements.<\/em><\/li>\n<li><em>Mod\u00e9lisation du risque et de l\u2019assurance (\u00e9cologie, sylviculture, \u00e9conomie, approches pluridisciplinaires et multirisques).<\/em><\/li>\n<li><em>Nouvelles chaines de valeur bio\u00e9conomiques (\u00e9valuation environnementale et \u00e9conomique, analyse de cycle de vie) dans le contexte de l\u2019adaptation \u00e0 une ressource et des march\u00e9s incertains et changeants.<\/em><\/li>\n<li><em>D\u00e9veloppement de programmes de recherche\/initiatives pour et avec les citoyens int\u00e9grant les doctorants et les professionnels.<\/em><\/li>\n<\/ul>\n<p style=\"text-align: justify;\"><em>\u00a0\u00a0\u00a0\u00a0\u00a0\u00a0\u00a0\u00a0\u00a0\u00a0\u00a0\u00a0\u00a0\u00a0\u00a0 b) Formation et Diss\u00e9mination<\/em><\/p>\n<p style=\"text-align: justify;\">Un objectif prioritaire du PgI ARTEMIS est de promouvoir le couplage entre recherche et formation, en s\u2019appuyant sur les activit\u00e9s de recherche des \u00e9quipes du PgI ARTEMIS et leurs comp\u00e9tences disciplinaires. Un int\u00e9r\u00eat particulier sera port\u00e9 aux actions de formation de type \u00ab \u00c9coles Chercheurs\u00a0\u00bb ainsi qu\u2019aux projets mobilisant diff\u00e9rents publics (professionnels, scolaires, citoyens), notamment dans le cadre de projets de recherche participative ou d\u2019initiation \u00e0 la recherche.<\/p>\n<h1 style=\"text-align: justify;\">Types de projets et cr\u00e9dits allou\u00e9s :<\/h1>\n<p style=\"text-align: justify;\">Dans le cadre de son appel \u00e0 projets 2024, le PgI ARTEMIS financera :<\/p>\n<ul style=\"text-align: justify;\">\n<li><strong>8 \u00e0 10 projets \u00ab\u00a0graine\u00a0\u00bb <\/strong>qui disposeront d\u2019une <strong>dotation totale de 10 keuros<\/strong> couvrant par exemple i) une indemnit\u00e9 de stage de Masters (3600 euros) et ii) des frais de fonctionnement (6400 \u20ac ) incluant missions, prestations de service, petits \u00e9quipements, et main d&rsquo;\u0153uvre. (trame de r\u00e9daction en Annexe 1a)<\/li>\n<li><strong>1 \u00e0 2 projet(s) d\u2019Ecole chercheur ou d\u2019Atelier <\/strong>couvrant des domaines ou des disciplines relevant du PgI ARTEMIS (science avec et pour la soci\u00e9t\u00e9 (SAPs) incluses (1000 \u00e0 5000 euros).(trame de r\u00e9daction en Annexe 1b)<\/li>\n<\/ul>\n<h1 style=\"text-align: justify;\">Calendrier et modalit\u00e9s pratiques<\/h1>\n<ul style=\"text-align: justify;\">\n<li>Lancement de l\u2019appel \u00e0 projets : <strong>27 septembre 2023<\/strong>.<\/li>\n<li>Date limite de d\u00e9p\u00f4t des projets : <strong>31 octobre 2023<\/strong> par e-mail \u00e0 :\u00a0<span style=\"color: #0000ff;\"><a style=\"color: #0000ff;\" href=\"mailto:ARTEMIS-PgI@inrae.fr\">ARTEMIS-PgI@inrae.fr<\/a><\/span><\/li>\n<li><span style=\"color: #ff0000;\">Date limite de d\u00e9p\u00f4t des projets pour la vague 2 : <strong>31 novembre 2023<\/strong> par e-mail \u00e0 :\u00a0<a style=\"color: #ff0000;\" href=\"mailto:ARTEMIS-PgI@inrae.fr\">ARTEMIS-PgI@inrae.fr<\/a><\/span><\/li>\n<li>Formulaires de r\u00e9ponse : cf. Annexe 1<\/li>\n<li>R\u00e9sultats de l\u2019\u00e9valuation : <strong>janvier\/f\u00e9vrier 2024<\/strong><\/li>\n<li>Versement des cr\u00e9dits : <strong>\u00e0 partir de mars 2024<\/strong><\/li>\n<\/ul>\n<p><span style=\"color: #000000;\"><strong>Annexe 1 :<\/strong> <span style=\"color: #0000ff;\"><a style=\"color: #0000ff;\" href=\"https:\/\/mycor.iam.inrae.fr\/ARBRE\/wp-content\/uploads\/2023\/09\/Annexe-1-document-1-2.docx\" class=\"mtli_attachment mtli_docx\">Documents de soumission de projet de recherche (1a) et de formation\/\u00e9ducation\/SAPS (1b)<\/a> <\/span><\/span><span style=\"color: #0000ff;\"><strong>\u00a0<\/strong><\/span><\/p>\n<p style=\"text-align: justify;\"><span style=\"color: #000000;\"><strong>Annexe 2 :<\/strong><\/span> <span style=\"color: #0000ff;\"><a style=\"color: #0000ff;\" href=\"https:\/\/mycor.iam.inrae.fr\/ARBRE\/wp-content\/uploads\/2023\/09\/Annexe-2.pdf\" class=\"mtli_attachment mtli_pdf\" target=\"_blank\" rel=\"noopener\">Description du programme interdisciplinaire ARTEMIS<\/a><\/span><\/p>\n","protected":false},"excerpt":{"rendered":"<p>Cadre de l&rsquo;appel L&rsquo;appel \u00e0 projets \u2018Graines d\u2019ARTEMIS\u2019 a pour objectif d\u2019initier et de soutenir des collaborations et des projets originaux en accord avec les axes th\u00e9matiques qui seront d\u00e9velopp\u00e9s dans le Programme Interdisciplinaire (PgI) ARTEMIS, se situant sur des &hellip; <a href=\"https:\/\/mycor.iam.inrae.fr\/ARBRE\/?page_id=13580\">Continuer la lecture <span class=\"meta-nav\">&rarr;<\/span><\/a><\/p>\n","protected":false},"author":12,"featured_media":0,"parent":256,"menu_order":1,"comment_status":"closed","ping_status":"closed","template":"","meta":{"footnotes":""},"class_list":["post-13580","page","type-page","status-publish","hentry"],"_links":{"self":[{"href":"https:\/\/mycor.iam.inrae.fr\/ARBRE\/index.php?rest_route=\/wp\/v2\/pages\/13580","targetHints":{"allow":["GET"]}}],"collection":[{"href":"https:\/\/mycor.iam.inrae.fr\/ARBRE\/index.php?rest_route=\/wp\/v2\/pages"}],"about":[{"href":"https:\/\/mycor.iam.inrae.fr\/ARBRE\/index.php?rest_route=\/wp\/v2\/types\/page"}],"author":[{"embeddable":true,"href":"https:\/\/mycor.iam.inrae.fr\/ARBRE\/index.php?rest_route=\/wp\/v2\/users\/12"}],"replies":[{"embeddable":true,"href":"https:\/\/mycor.iam.inrae.fr\/ARBRE\/index.php?rest_route=%2Fwp%2Fv2%2Fcomments&post=13580"}],"version-history":[{"count":0,"href":"https:\/\/mycor.iam.inrae.fr\/ARBRE\/index.php?rest_route=\/wp\/v2\/pages\/13580\/revisions"}],"up":[{"embeddable":true,"href":"https:\/\/mycor.iam.inrae.fr\/ARBRE\/index.php?rest_route=\/wp\/v2\/pages\/256"}],"wp:attachment":[{"href":"https:\/\/mycor.iam.inrae.fr\/ARBRE\/index.php?rest_route=%2Fwp%2Fv2%2Fmedia&parent=13580"}],"curies":[{"name":"wp","href":"https:\/\/api.w.org\/{rel}","templated":true}]}}