{"id":13626,"date":"2023-10-04T09:43:51","date_gmt":"2023-10-04T09:43:51","guid":{"rendered":"https:\/\/mycor.iam.inrae.fr\/ARBRE\/?page_id=13626"},"modified":"2023-11-24T10:39:39","modified_gmt":"2023-11-24T10:39:39","slug":"colloque-annuel-du-labex-arbre-1er-decembre-2023","status":"publish","type":"page","link":"https:\/\/mycor.iam.inrae.fr\/ARBRE\/?page_id=13626","title":{"rendered":"Colloque annuel du LabEx ARBRE &#8211; 1er d\u00e9cembre 2023"},"content":{"rendered":"<p>&nbsp;<\/p>\n<p><a href=\"https:\/\/mycor.iam.inrae.fr\/ARBRE\/wp-content\/uploads\/2023\/10\/Flyer-colloque-2023-1-scaled.jpg\"><img loading=\"lazy\" decoding=\"async\" class=\"size-medium wp-image-13627 alignleft\" src=\"https:\/\/mycor.iam.inrae.fr\/ARBRE\/wp-content\/uploads\/2023\/10\/Flyer-colloque-2023-1-212x300.jpg\" alt=\"\" width=\"212\" height=\"300\" srcset=\"https:\/\/mycor.iam.inrae.fr\/ARBRE\/wp-content\/uploads\/2023\/10\/Flyer-colloque-2023-1-212x300.jpg 212w, https:\/\/mycor.iam.inrae.fr\/ARBRE\/wp-content\/uploads\/2023\/10\/Flyer-colloque-2023-1-724x1024.jpg 724w, https:\/\/mycor.iam.inrae.fr\/ARBRE\/wp-content\/uploads\/2023\/10\/Flyer-colloque-2023-1-768x1086.jpg 768w, https:\/\/mycor.iam.inrae.fr\/ARBRE\/wp-content\/uploads\/2023\/10\/Flyer-colloque-2023-1-424x600.jpg 424w, https:\/\/mycor.iam.inrae.fr\/ARBRE\/wp-content\/uploads\/2023\/10\/Flyer-colloque-2023-1-1086x1536.jpg 1086w, https:\/\/mycor.iam.inrae.fr\/ARBRE\/wp-content\/uploads\/2023\/10\/Flyer-colloque-2023-1-1448x2048.jpg 1448w, https:\/\/mycor.iam.inrae.fr\/ARBRE\/wp-content\/uploads\/2023\/10\/Flyer-colloque-2023-1-scaled.jpg 1810w\" sizes=\"auto, (max-width: 212px) 100vw, 212px\" \/><\/a><strong>PRESENTATION DU COLLOQUE<\/strong><\/p>\n<p>_______________________________________<\/p>\n<p style=\"text-align: justify;\">Le LabEx ARBRE \u00e9tudie les processus biologiques et \u00e9cologiques qui conditionnent le fonctionnement, la productivit\u00e9 des \u00e9cosyst\u00e8mes forestiers et la qualit\u00e9 du bois et de ses d\u00e9riv\u00e9s, et s&rsquo;inscrit dans des recherches, enseignements et innovations li\u00e9s \u00e0 la transition \u00e9cologique et \u00e9nerg\u00e9tique.<\/p>\n<p style=\"text-align: justify;\">Les objectifs sont de comprendre les m\u00e9canismes impliqu\u00e9s, de pr\u00e9voir les r\u00e9ponses de ces \u00e9cosyst\u00e8mes face aux changements globaux (climatiques, anthropiques et biologiques) et d\u2019identifier de nouvelles pistes de pr\u00e9servations et de valorisations. L&rsquo;une des principales forces d&rsquo;ARBRE est de rassembler en son sein un \u00e9ventail tr\u00e8s large de comp\u00e9tences disciplinaires et d&rsquo;\u00e9chelles d&rsquo;analyse, permettant d&rsquo;appr\u00e9hender le fonctionnement des \u00e9cosyst\u00e8mes forestiers, la biodiversit\u00e9 associ\u00e9e, l\u2019analyse de la ressource for\u00eat-bois \u00e0 diff\u00e9rents niveaux depuis la mol\u00e9cule jusqu\u2019au paysage et le d\u00e9veloppement de mat\u00e9riaux innovants issus du bois.<\/p>\n<p style=\"text-align: justify;\">D\u00e9velopper les interfaces entre les unit\u00e9s membres du LabEx pour mieux r\u00e9pondre \u00e0 ces diff\u00e9rents enjeux est le principal d\u00e9fi qu&rsquo; ARBRE a \u00e0 relever pour r\u00e9ussir cette int\u00e9gration de disciplines et d\u2019\u00e9chelles indispensable \u00e0 la compr\u00e9hension du fonctionnement particuli\u00e8rement complexe des \u00e9cosyst\u00e8mes forestiers et de sa capacit\u00e9 \u00e0 s&rsquo;adapter aux changements globaux.<\/p>\n<p style=\"text-align: justify;\">L&rsquo;\u00e9dition 2023 du colloque scientifique du LabEx ARBRE a pour but d\u2019illustrer le travail r\u00e9alis\u00e9 par les chercheurs et chercheuses des unit\u00e9s de recherche partenaires du LabEx au cours de ces derni\u00e8res ann\u00e9es et de pr\u00e9senter les nouveaux partenariats qui se sont mis en place ces derni\u00e8res ann\u00e9es et qui pr\u00e9figurent le programme interdisciplinaire ARTEMIS. Le programme de cette \u00e9dition est con\u00e7u de mani\u00e8re \u00e0 mieux rapprocher les diff\u00e9rentes disciplines et \u00e9chelles d\u2019\u00e9tude ainsi qu\u2019\u00e0 \u00e9changer les id\u00e9es aux travers des pr\u00e9sentations et des temps d&rsquo;\u00e9changes.<\/p>\n<p style=\"text-align: justify;\">Ce colloque se tiendra le vendredi <strong>1er d\u00e9cembre 2023<\/strong>\u00a0sur le Centre INRAE de Champenoux.<\/p>\n<p>____________________________________________________________________<\/p>\n<h1 style=\"text-align: center;\">S&rsquo;INSCRIRE<\/h1>\n<p style=\"text-align: center;\">L&rsquo;inscription est gratuite mais <strong>obligatoire<\/strong> jusqu\u2019au <strong>10\/11\/23<br \/>\n<span style=\"color: #3366ff;\">\u21d2 Acc\u00e9der au<\/span><\/strong><a href=\"https:\/\/forms.gle\/CtMqZVy4RUJGj6iaA\" target=\"_blank\" rel=\"noopener\"><span style=\"color: #3366ff;\"> <strong>formulaire d&rsquo;inscription<\/strong><\/span><\/a><\/p>\n<h1>______________________________________________________________________<\/h1>\n<h1 style=\"text-align: center;\"><span style=\"color: #008080;\">PROGRAMME :<\/span><\/h1>\n<pre><span style=\"font-size: 12pt; font-family: helvetica, arial, sans-serif; color: #008080;\"><strong><a href=\"https:\/\/mycor.iam.inrae.fr\/ARBRE\/wp-content\/uploads\/2023\/11\/Programme-colloque-annuel-2023-VE.pdf\" class=\"mtli_attachment mtli_pdf\" target=\"_blank\" rel=\"noopener\">Program of the LabEx annual conference 2023<\/a>\r\n<\/strong><\/span><\/pre>\n<h1>_____________________________________________________________________<\/h1>\n<h1 style=\"text-align: center;\">INFORMATIONS PRATIQUES<\/h1>\n<ul>\n<li style=\"text-align: justify;\"><span style=\"text-decoration: underline; color: #333333;\"><strong>Acc\u00e8s<br \/>\n<\/strong><\/span>Le Centre INRAE de Nancy est situ\u00e9 \u00e0 Champenoux \u00e0 environ une demi-heure de voiture du centre-ville de Nancy. Un bus est \u00e0 votre disposition pour vous emmener de Nancy \u00e0 Champenoux, le matin et le soir.<br \/>\nLes bus du r\u00e9seau TED desservent le site de l\u2019INRA de Champenoux. Pour plus d\u2019informations : <span style=\"color: #0000ff;\"><a style=\"color: #0000ff;\" href=\"https:\/\/www.fluo.eu\/fr\/horaires-de-ligne\/6\/RouteSchedules\/chateau-salins-nancy\/31496\/chateau-salins-amance\/2?Hour=12&amp;Minute=19\" target=\"_blank\" rel=\"noopener\">Horaires de ligne &#8211; 54R350\u00a0CHATEAU SALINS-NANCY &#8211; FLUO<\/a><\/span><\/li>\n<\/ul>\n<p style=\"text-align: justify; padding-left: 40px;\">\u21d2 D\u00e9couvrez la <a href=\"https:\/\/mycor.iam.inrae.fr\/ARBRE\/wp-content\/uploads\/2023\/10\/N_Fiche_pratique_Centre_Mars_2023_I-0344-FOR-05_V5.pdf\" class=\"mtli_attachment mtli_pdf\" target=\"_blank\" rel=\"noopener\"><strong><span style=\"color: #3366ff;\">fiche pratique<\/span><\/strong><\/a> <span style=\"color: #000000;\">pour vous rendre sur le Centre Inrae<\/span><\/p>\n<ul>\n<li><span style=\"text-decoration: underline; color: #333333;\"><strong>D\u00e9jeuner :<\/strong><\/span><br \/>\nLe repas sera pris \u00e0 la cantine du Centre INRAE \u00e0 partir de 12h30<br \/>\nPour les personnes qui poss\u00e8dent une carte de cantine, le tarif habituel est propos\u00e9.<\/li>\n<\/ul>\n","protected":false},"excerpt":{"rendered":"<p>&nbsp; PRESENTATION DU COLLOQUE _______________________________________ Le LabEx ARBRE \u00e9tudie les processus biologiques et \u00e9cologiques qui conditionnent le fonctionnement, la productivit\u00e9 des \u00e9cosyst\u00e8mes forestiers et la qualit\u00e9 du bois et de ses d\u00e9riv\u00e9s, et s&rsquo;inscrit dans des recherches, enseignements et innovations &hellip; <a href=\"https:\/\/mycor.iam.inrae.fr\/ARBRE\/?page_id=13626\">Continuer la lecture <span class=\"meta-nav\">&rarr;<\/span><\/a><\/p>\n","protected":false},"author":9,"featured_media":0,"parent":13100,"menu_order":0,"comment_status":"closed","ping_status":"closed","template":"","meta":{"footnotes":""},"class_list":["post-13626","page","type-page","status-publish","hentry"],"_links":{"self":[{"href":"https:\/\/mycor.iam.inrae.fr\/ARBRE\/index.php?rest_route=\/wp\/v2\/pages\/13626","targetHints":{"allow":["GET"]}}],"collection":[{"href":"https:\/\/mycor.iam.inrae.fr\/ARBRE\/index.php?rest_route=\/wp\/v2\/pages"}],"about":[{"href":"https:\/\/mycor.iam.inrae.fr\/ARBRE\/index.php?rest_route=\/wp\/v2\/types\/page"}],"author":[{"embeddable":true,"href":"https:\/\/mycor.iam.inrae.fr\/ARBRE\/index.php?rest_route=\/wp\/v2\/users\/9"}],"replies":[{"embeddable":true,"href":"https:\/\/mycor.iam.inrae.fr\/ARBRE\/index.php?rest_route=%2Fwp%2Fv2%2Fcomments&post=13626"}],"version-history":[{"count":0,"href":"https:\/\/mycor.iam.inrae.fr\/ARBRE\/index.php?rest_route=\/wp\/v2\/pages\/13626\/revisions"}],"up":[{"embeddable":true,"href":"https:\/\/mycor.iam.inrae.fr\/ARBRE\/index.php?rest_route=\/wp\/v2\/pages\/13100"}],"wp:attachment":[{"href":"https:\/\/mycor.iam.inrae.fr\/ARBRE\/index.php?rest_route=%2Fwp%2Fv2%2Fmedia&parent=13626"}],"curies":[{"name":"wp","href":"https:\/\/api.w.org\/{rel}","templated":true}]}}