{"id":1466,"date":"2013-09-02T13:15:18","date_gmt":"2013-09-02T13:15:18","guid":{"rendered":"https:\/\/mycor.iam.inrae.fr\/ARBRE\/?page_id=1466"},"modified":"2016-01-27T16:02:56","modified_gmt":"2016-01-27T16:02:56","slug":"mepib","status":"publish","type":"page","link":"https:\/\/mycor.iam.inrae.fr\/ARBRE\/?page_id=1466","title":{"rendered":"MEPiB-Death"},"content":{"rendered":"<p><a href=\"https:\/\/mycor.iam.inrae.fr\/ARBRE\/wp-content\/uploads\/2013\/09\/Screenshot-2015-12-16-12.13.27.png\"><img loading=\"lazy\" decoding=\"async\" class=\"alignleft size-full wp-image-8829\" src=\"https:\/\/mycor.iam.inrae.fr\/ARBRE\/wp-content\/uploads\/2013\/09\/Screenshot-2015-12-16-12.13.27.png\" alt=\"Screenshot 2015-12-16 12.13.27\" width=\"894\" height=\"594\" \/><\/a><\/p>\n<p>&nbsp;<\/p>\n<p>&nbsp;<\/p>\n<p><strong>MEPiB-Death :<\/strong>\u00a0 <strong>Morphological and Ecophysiological Processes leading to Beech tree Death<\/strong><\/p>\n<p><em>Responsable scientifique <\/em>: Nathalie Breda (UMR1137 &#8211;\u00a0Ecologie et Ecophysiologie Foresti\u00e8res)<\/p>\n<p><em>Partenaires Labex:<br \/>\nBEF, LERFOB, LIBio, LAE<\/em><\/p>\n<p><em>Collaboration<\/em>\u00a0:<br \/>\nUnit\u00e9 Foresti\u00e8re de Lorraine (UEFL, INRA\u00a0Nancy)<\/p>\n<p>_______________________________________<\/p>\n<p><strong>Contexte<\/strong> \u2014 Dans le contexte d&rsquo;augmentation de la fr\u00e9quence des \u00e9v\u00e8nements extr\u00eames, les risques de mortalit\u00e9 des arbres pourraient augmenter. Les gestionnaires et les services de surveillance des for\u00eats constatent en effet apr\u00e8s chaque s\u00e9cheresse exceptionnelle une mortalit\u00e9 anormale d\u2019individus au sein des peuplements. Cependant, les m\u00e9canismes qui aboutissent \u00e0 la mort d&rsquo;un arbre restent \u00e0 ce jour mal compris et largement d\u00e9battus dans la communaut\u00e9 scientifique internationale.<\/p>\n<p><strong>Objectifs<\/strong> \u2014 Le projet Mepib-death vise \u00e0 comprendre les m\u00e9canismes physiologiques et les modifications morphologiques impact\u00e9s lors de contraintes exceptionnelles mises en place pour induire la mort d\u2019arbres (d\u00e9foliation et s\u00e9cheresse). Il s&rsquo;agit en particulier d&rsquo;analyser les hypoth\u00e8ses de rupture hydraulique et de privation de carbone dans la mort des arbres. Par ailleurs, le projet explore la diversit\u00e9 des r\u00e9ponses \u00e0 ces contraintes extr\u00eames entre 14 populations de h\u00eatres issues de for\u00eats lorraines. Le projet vise \u00e9galement \u00e0 am\u00e9liorer notre compr\u00e9hension des impacts des contraintes sur le sch\u00e9ma d&rsquo;allocation du carbone, qui seront conceptualis\u00e9s en fin de projet et mis \u00e0 disposition des groupes de mod\u00e9lisation du LabEx ARBRE.<\/p>\n<p><strong>D\u00e9marche<\/strong> \u2014 Une approche exp\u00e9rimentale en conditions semi-contr\u00f4l\u00e9es est utilis\u00e9e pour modifier respectivement le statut hydrique ou carbon\u00e9 de h\u00eatres \u00e2g\u00e9s de 10 ans plant\u00e9s en p\u00e9pini\u00e8re. Environ 1000 jeunes h\u00eatres sont plac\u00e9s sous un toit pour contr\u00f4ler le r\u00e9gime hydrique. Trois traitements sont install\u00e9s : un traitement t\u00e9moin irrigu\u00e9, un traitement d\u00e9foli\u00e9 en juin 2014 et juin 2015 et irrigu\u00e9 visant \u00e0 impacter surtout le statut carbon\u00e9, un traitement sec depuis juin 2014 visant \u00e0 impacter surtout le statut hydrique. Dans chaque traitement, les 14 populations sont repr\u00e9sent\u00e9es en deux blocs de 12 arbres.<\/p>\n<p><strong>R\u00e9sultats marquants<\/strong> \u2014<\/p>\n<p>Les 1000 h\u00eatres de l&rsquo;exp\u00e9rience ont subi leur seconde saison de contraintes, avec une nouvelle d\u00e9foliation en Juin 2015 et un d\u00e9ficit hydrique qui se prolonge depuis Juin 2014 dans le traitement sec.<\/p>\n<ul>\n<li>Formation par la recherche : le doctorat de Pierre Antoine Chuste a d\u00e9but\u00e9 \u00e0 l&rsquo;automne 2014 et porte sur l&rsquo;\u00e9tude des fonctions croissance et stockage (C et N) (WP 1 et WP2). R\u00e9mi Wortemann a pris en charge le volet hydraulique (WP3) dans le cadre de son post-doctorat depuis f\u00e9vrier 2015. En 2015, cinq \u00e9tudiants en Master 1 ou 2 ont \u00e9t\u00e9 accueillis sur le dispositif avec des sujets sur ph\u00e9nologie et croissance (WP1), sur l&rsquo;acquisition du carbone (WP2), sur l&rsquo;acquisition de l&rsquo;eau et la croissance racinaire ou encore sur l&#8217;embolie native des populations (WP3).<\/li>\n<li>La saison 2015 a \u00e9t\u00e9 marqu\u00e9e par la construction et la mise en \u0153uvre de chambres de mesure d&rsquo;\u00e9changes gazeux innovantes \u00e0 l&rsquo;\u00e9chelle de l&rsquo;arbre entier (photo), des campagnes lourdes de mesures de potentiels hydriques de base des h\u00eatres, la r\u00e9alisation de marquages isotopiques (13C, 15N).<\/li>\n<li>La d\u00e9foliation 2014 a provoqu\u00e9 un ralentissement temporaire de la croissance racinaire, mais a peu affect\u00e9 la croissance primaire et secondaire. La transpiration et l&rsquo;assimilation du carbone n&rsquo;ont pas \u00e9t\u00e9 affect\u00e9es, en raison d&rsquo;une meilleure p\u00e9n\u00e9tration du rayonnement dans la partie basse des couronnes.<\/li>\n<li>Le d\u00e9ficit hydrique impos\u00e9 depuis 2014 a induit en 2015 un retard de d\u00e9bourrement au printemps, une r\u00e9duction de croissance primaire et secondaire s\u00e9v\u00e8re, une diminution de la surface \u00e9l\u00e9mentaire des feuilles, une diminution de transpiration et d&rsquo;assimilation du carbone par r\u00e9gulation stomatique.<\/li>\n<li>Le taux d&#8217;embolie native entre les 14 populations de h\u00eatre, \u00e9tudi\u00e9 dans la zone sans contrainte de la plantation comparative, a montr\u00e9 une forte plasticit\u00e9, sans diff\u00e9rence significative entre populations.<\/li>\n<li>Les premi\u00e8res mortalit\u00e9s sont apparues dans le traitement sec : \u00e0 la fin de l&rsquo;\u00e9t\u00e9 2014 en interaction avec une attaque de puceron lanig\u00e8re, et courant 2015 (7 arbres n\u2019ont pas d\u00e9bourr\u00e9 au printemps, puis 11 arbres sont morts au cours de la progression de la s\u00e9cheresse au cours de l\u2019\u00e9t\u00e9). Des pertes de conductivit\u00e9 dans les rameaux terminaux ont \u00e9t\u00e9 mesur\u00e9es. Le statut carbon\u00e9 des arbres n&rsquo;est pas encore quantifi\u00e9.<\/li>\n<li>La caract\u00e9risation de l&rsquo;\u00e9tat hydrique des arbres a \u00e9t\u00e9 r\u00e9alis\u00e9e en fin d&rsquo;\u00e9t\u00e9 sur le dispositif en for\u00eat de Hesse 2. Les potentiels hydriques de base des arbres t\u00e9moins et dans le dispositif d&rsquo;exclusion de pluie ont \u00e9t\u00e9 comparables et tr\u00e8s n\u00e9gatifs en raison de la s\u00e9cheresse estivale marqu\u00e9e en 2015. Le h\u00eatre a atteint les potentiels les plus n\u00e9gatifs comparativement au ch\u00eane, charme et bouleau, en lien avec les profondeurs d&rsquo;enracinement des essences.<\/li>\n<\/ul>\n<p>&nbsp;<\/p>\n<p><strong>Perspectives<\/strong> \u2014\u00a0 Les analyses de r\u00e9serves glucidiques et azot\u00e9es seront r\u00e9alis\u00e9es au cours de l&rsquo;hiver 2015-2016, pour partie en dosage biochimique et pour partie par spectroscopie NIRS\/MIRS : un \u00e9talonnage est en cours dans le cadre d&rsquo;une collaboration EEF\/BEF (action WP2 du Labex). Les courbes de vuln\u00e9rabilit\u00e9 \u00e0 la cavitation des 14 populations seront \u00e9tablies au cavitron de l&rsquo;UMR PIAF \u00e0 Clermont. L&rsquo;\u00e9volution de l&#8217;embolie native apr\u00e8s deux ann\u00e9es de contrainte sera \u00e9tudi\u00e9e en 2016. Les mesures \u00e9cophysiologiques et morphologiques seront poursuivies lors de la saison 2016, en particulier au printemps pour surveiller l&rsquo;apparition de mortalit\u00e9 au cours du d\u00e9bourrement et de la reprise de croissance. L&rsquo;anatomie du bois sera caract\u00e9ris\u00e9e pour les individus r\u00e9colt\u00e9s en 2015. L&rsquo;analyse du m\u00e9tabolisme secondaire (WP4) sera r\u00e9alis\u00e9e avec un \u00e9tudiant de Master 2 en 2016.<\/p>\n<p><strong>Valorisation <\/strong>\u2014\u00a0 Le projet Mepib-Death est le support d&rsquo;un projet de sciences participatives intitul\u00e9 \u00ab\u00a0SURVIVORS\u00a0\u00bb, co-construit entre l&rsquo;unit\u00e9 pilote, le labex ARBRE, le CPIE et le coll\u00e8ge d&rsquo;Einville au Jars. Initi\u00e9 en 2014, les animations se sont poursuivies avec la m\u00eame cohorte de 80 coll\u00e9giens : animations en classe de 4<sup>\u00e8me<\/sup>, participation \u00e0 la d\u00e9foliation et \u00e0 diff\u00e9rents ateliers de mesures en juin 2015, soir\u00e9e d\u00e9bat \u00ab\u00a0For\u00eats et Changement climatique\u00a0\u00bb au coll\u00e8ge en avril 2015 avec les familles. Le projet \u00ab\u00a0SURVIVORS\u00a0\u00bb a \u00e9t\u00e9 pr\u00e9sent\u00e9 lors du colloque \u00ab\u00a0Science &amp; You\u00a0\u00bb \u00e0 Nancy en juin 2015, repr\u00e9sent\u00e9 en septembre 2015 au Prix de la r\u00e9gion Lorraine Science et Soci\u00e9t\u00e9, et lors des animations du Train du Climat en gare de Nancy en octobre 2015. Le projet est cit\u00e9 dans le rapport d&rsquo;activit\u00e9 2014 de l&rsquo;INRA. Les animations se poursuivent au cours de l&rsquo;ann\u00e9e scolaire 2015-2016. Deux posters scientifiques ont \u00e9t\u00e9 pr\u00e9sent\u00e9s aux journ\u00e9es du groupe Xyl&#8217;em \u00e0 Bordeaux en septembre 2015.<\/p>\n<p>____________________________<\/p>\n<p>FREY-KLETT P., BR\u00c9DA N., MASSONNET C., GALLEY C., MARCHAL I., DEGREMONT M. A. (2015) SURVIVORS : un projet de sciences participatives avec des coll\u00e9giens. Sciences &amp; You, Nancy, 1-6 juin 2015. (comm. orale + actes) http:\/\/www.science-and-you.com\/fr\/colloque\/vendredi-5-juin.<\/p>\n<p>CHUSTE P.A., MASSONNET C., MAILLARD P. (2015) What roles of carbon and nitrogen metabolisms in the death of beech trees ? Xylem International Meeting, Bordeaux 7-9 September 2015 (Abstract +Poster)<\/p>\n<p>&nbsp;<\/p>\n<p>MASSONNET C., BR\u00c9DA N. (2015) Vulnerability of Lorraine\u2019s Beech Provenances to Drought: Disentangling Carbon and Hydraulic dysfunctions leading to Tree Mortality. Xylem International Meeting, Bordeaux 7-9 September 2015 (Abstract +Poster)<\/p>\n<p>&nbsp;<\/p>\n<p>BREDA N. (2015) Interview \u00ab\u00a0For\u00eat et Changement climatique\u00a0\u00bb, par Samuel Goldschmidt, pour RTL Le Journal Inattendu de Marie Drucker, 31 octobre 2015<\/p>\n<p>&nbsp;<\/p>\n<p>INRA. Des coll\u00e9giens observent les arbres souffrir. Rapport Annuel 2014, L&rsquo;institut, p 56.<\/p>\n<p>&nbsp;<\/p>\n<p><strong>Rapport de stages<\/strong><\/p>\n<p>&nbsp;<\/p>\n<ul>\n<li>ALCIUS S. (2015) R\u00e9ponse de la photosynth\u00e8se du h\u00eatre (<em>Fagus sylvatica<\/em>) \u00e0 la s\u00e9cheresse et \u00e0 la d\u00e9foliation. Rapport stage M2 FAGE, 26 p.<\/li>\n<li>AMMOUR H. (2015) Impact d\u2019un d\u00e9ficit hydrique et d\u2019une d\u00e9foliation sur la croissance de diff\u00e9rentes populations lorraines de h\u00eatre. Rapport de projet tutor\u00e9 Master 1, FAGE, Universit\u00e9 de Lorraine, 23 p.<\/li>\n<li>DESCHINS V. (2015) R\u00e9ponse de la photosynth\u00e8se du h\u00eatre \u00e0 la s\u00e9cheresse et \u00e0 la d\u00e9foliation. Rapport de projet tutor\u00e9 Master 1, FAGE, Universit\u00e9 de Lorraine, 20 p.<\/li>\n<\/ul>\n<ul>\n<li>FASOLIN C. (2015) Dynamique et ph\u00e9nologie racinaire de diff\u00e9rentes populations de h\u00eatre en condition de stress hydrique ou min\u00e9ral en relation avec l\u2019humidit\u00e9 du sol. Rapport de projet tutor\u00e9 Master 1, FAGE, Universit\u00e9 de Lorraine,20 p.<\/li>\n<li>TITAH M. (2015) Etude de l\u2019assimilation et du devenir du carbone dans la s\u00e8ve phlo\u00e9mienne chez le h\u00eatre par marquage au <sup>13<\/sup>CO<sub>2<\/sub>. Stage licence, Universit\u00e9 de Lorraine (Poster)<\/li>\n<\/ul>\n<ul>\n<li>TRUBER J. (2015) Etude de la variabilit\u00e9 de l\u2019embolie native chez le h\u00eatre (<em>Fagus sylvatica<\/em> L.). Rapport de projet tutor\u00e9 Master 1, FAGE, Universit\u00e9 de Lorraine, 21 p.<\/li>\n<\/ul>\n","protected":false},"excerpt":{"rendered":"<p>&nbsp; &nbsp; MEPiB-Death :\u00a0 Morphological and Ecophysiological Processes leading to Beech tree Death Responsable scientifique : Nathalie Breda (UMR1137 &#8211;\u00a0Ecologie et Ecophysiologie Foresti\u00e8res) Partenaires Labex: BEF, LERFOB, LIBio, LAE Collaboration\u00a0: Unit\u00e9 Foresti\u00e8re de Lorraine (UEFL, INRA\u00a0Nancy) _______________________________________ Contexte \u2014 Dans &hellip; <a href=\"https:\/\/mycor.iam.inrae.fr\/ARBRE\/?page_id=1466\">Continuer la lecture <span class=\"meta-nav\">&rarr;<\/span><\/a><\/p>\n","protected":false},"author":4,"featured_media":0,"parent":2122,"menu_order":0,"comment_status":"closed","ping_status":"open","template":"","meta":{"footnotes":""},"class_list":["post-1466","page","type-page","status-publish","hentry"],"_links":{"self":[{"href":"https:\/\/mycor.iam.inrae.fr\/ARBRE\/index.php?rest_route=\/wp\/v2\/pages\/1466","targetHints":{"allow":["GET"]}}],"collection":[{"href":"https:\/\/mycor.iam.inrae.fr\/ARBRE\/index.php?rest_route=\/wp\/v2\/pages"}],"about":[{"href":"https:\/\/mycor.iam.inrae.fr\/ARBRE\/index.php?rest_route=\/wp\/v2\/types\/page"}],"author":[{"embeddable":true,"href":"https:\/\/mycor.iam.inrae.fr\/ARBRE\/index.php?rest_route=\/wp\/v2\/users\/4"}],"replies":[{"embeddable":true,"href":"https:\/\/mycor.iam.inrae.fr\/ARBRE\/index.php?rest_route=%2Fwp%2Fv2%2Fcomments&post=1466"}],"version-history":[{"count":0,"href":"https:\/\/mycor.iam.inrae.fr\/ARBRE\/index.php?rest_route=\/wp\/v2\/pages\/1466\/revisions"}],"up":[{"embeddable":true,"href":"https:\/\/mycor.iam.inrae.fr\/ARBRE\/index.php?rest_route=\/wp\/v2\/pages\/2122"}],"wp:attachment":[{"href":"https:\/\/mycor.iam.inrae.fr\/ARBRE\/index.php?rest_route=%2Fwp%2Fv2%2Fmedia&parent=1466"}],"curies":[{"name":"wp","href":"https:\/\/api.w.org\/{rel}","templated":true}]}}