{"id":2463,"date":"2013-11-21T14:47:07","date_gmt":"2013-11-21T14:47:07","guid":{"rendered":"https:\/\/mycor.iam.inrae.fr\/ARBRE\/?page_id=2463"},"modified":"2015-06-16T11:31:54","modified_gmt":"2015-06-16T11:31:54","slug":"cjm-bfi","status":"publish","type":"page","link":"https:\/\/mycor.iam.inrae.fr\/ARBRE\/?page_id=2463","title":{"rendered":"CJM-BFI"},"content":{"rendered":"<p><a href=\"https:\/\/mycor.iam.inrae.fr\/ARBRE\/wp-content\/uploads\/2013\/11\/new-conferences_jacques_monod.jpg\"><img loading=\"lazy\" decoding=\"async\" class=\"alignleft size-medium wp-image-2401\" title=\"new conferences_jacques_monod\" src=\"https:\/\/mycor.iam.inrae.fr\/ARBRE\/wp-content\/uploads\/2013\/11\/new-conferences_jacques_monod-300x150.jpg\" alt=\"\" width=\"300\" height=\"150\" srcset=\"https:\/\/mycor.iam.inrae.fr\/ARBRE\/wp-content\/uploads\/2013\/11\/new-conferences_jacques_monod-300x150.jpg 300w, https:\/\/mycor.iam.inrae.fr\/ARBRE\/wp-content\/uploads\/2013\/11\/new-conferences_jacques_monod.jpg 307w\" sizes=\"auto, (max-width: 300px) 100vw, 300px\" \/><\/a><\/p>\n<p>&nbsp;<\/p>\n<p>&nbsp;<\/p>\n<p>&nbsp;<\/p>\n<p>&nbsp;<\/p>\n<p><strong>Conf\u00e9rences Jacques Monod co-organis\u00e9e par l&rsquo;INRA, le CNRS et le Labex ARBRE<\/strong> : <strong><strong>Interactions bact\u00e9ries-champignons &#8211; un domaine de recherche f\u00e9d\u00e9rateur pour la microbiologie fondamentale et appliqu\u00e9e.<\/strong><\/strong><\/p>\n<p>7-11 d\u00e9cembre \u00e0 Roscoff (Bretagne)<strong><strong><br \/>\n<\/strong><\/strong><\/p>\n<p><em><em>Responsable scientifique: <\/em>Pascale Frey-Klett (UMR1136 \u2013 INRA, Universit\u00e9 de Lorraine, \u201cTree-Microbe interactions\u201d, INRA, Centre de Nancy, Champenoux, France)<\/em><\/p>\n<p><em><em>Collaborations:<\/em> <\/em>Aur\u00e9lie Deveau, INRA Nancy\u00a0; Alain Sarniguet, INRA Rennes\u00a0; Deborah Hogan, Dartmouth Medical College, Hannover, USA.<\/p>\n<p><strong>________________________________<\/strong><\/p>\n<p><strong><strong>R\u00e9sum\u00e9<\/strong><\/strong><\/p>\n<p>La mycologie et la bact\u00e9riologie sont deux disciplines qui se sont pendant longtemps ignor\u00e9es. De ce fait, champignons et bact\u00e9ries ont souvent \u00e9t\u00e9 consid\u00e9r\u00e9s comme op\u00e9rant par eux-m\u00eames, oubliant le fait qu\u2019ils coexistent en de multiples environnements et forment des communaut\u00e9s physiquement, m\u00e9taboliquement et fonctionnellement interd\u00e9pendantes. Ces communaut\u00e9s mixtes jouent pourtant un r\u00f4le central dans un tr\u00e8s grand nombre de secteurs parmi lesquels l\u2019agriculture et la sylviculture, la protection de l\u2019environnement et du patrimoine culturel, l\u2019agroalimentaire, les biotechnologies et la m\u00e9decine.<\/p>\n<p>Les recherches qui ont \u00e9t\u00e9 jusqu\u2019\u00e0 pr\u00e9sent men\u00e9es sur les interactions entre bact\u00e9ries et champignons ont suivi des orientations vari\u00e9es en fonction des secteurs concern\u00e9s. Ces diff\u00e9rences s\u2019expliquent en partie par des contextes et des approches scientifiques distinctes d\u2019un secteur \u00e0 un autre. Mais ces diff\u00e9rences refl\u00e8tent \u00e9galement un manque de communication et d\u2019interaction entre les chercheurs appartenant \u00e0 ces diff\u00e9rents secteurs. Pourtant des recherches r\u00e9centes r\u00e9v\u00e8lent que l\u2019\u00e9cologie et les m\u00e9canismes des interactions entre bact\u00e9ries et champignons pr\u00e9sentent de tr\u00e8s nombreux points communs quels que soient les secteurs consid\u00e9r\u00e9s, de l\u2019agriculture \u00e0 la m\u00e9decine, de l\u2019agroalimentaire \u00e0 la protection de l\u2019environnement ou du patrimoine culturel. Dans ce contexte, l\u2019objectif de cette conf\u00e9rence Jacques Monod est de rassembler des scientifiques d\u2019horizons diff\u00e9rents, s\u2019int\u00e9ressant tous aux interactions entre bact\u00e9ries et champignons, afin de leur donner l\u2019opportunit\u00e9 de partager leurs connaissances et leurs comp\u00e9tences, et de s\u2019ouvrir \u00e0 de nouvelles hypoth\u00e8ses, m\u00e9thodologies ou collaborations.<\/p>\n<p>Tout au long de la Conf\u00e9rence, chaque question de recherche sera abord\u00e9e de fa\u00e7on multidisciplinaire afin de catalyser l\u2019\u00e9mergence de nouvelles voies de recherche et de rassembler les chercheurs autour de questions communes. La conf\u00e9rence sera organis\u00e9e autour de quatre th\u00e8mes principaux\u00a0: i) Champs d\u2019application des interactions bact\u00e9ries-champignons, du sol \u00e0 la m\u00e9decine, de l\u2019agroalimentaire \u00e0 la protection de l\u2019environnement et du patrimoine culturel, ii) Interactions physiques entre bact\u00e9ries et champignons, iii) Ecologie des interactions bact\u00e9ries-champignons, iv) M\u00e9canismes mol\u00e9culaires des interactions bact\u00e9ries-champignons. Afin de stimuler les \u00e9changes, d\u2019identifier les g\u00e9n\u00e9ricit\u00e9s et sp\u00e9cificit\u00e9s caract\u00e9risant les interactions entre bact\u00e9ries et champignons, chaque session rassemblera des scientifiques provenant de secteurs d\u2019application distincts.<\/p>\n<p>&nbsp;<\/p>\n","protected":false},"excerpt":{"rendered":"<p>&nbsp; &nbsp; &nbsp; &nbsp; Conf\u00e9rences Jacques Monod co-organis\u00e9e par l&rsquo;INRA, le CNRS et le Labex ARBRE : Interactions bact\u00e9ries-champignons &#8211; un domaine de recherche f\u00e9d\u00e9rateur pour la microbiologie fondamentale et appliqu\u00e9e. 7-11 d\u00e9cembre \u00e0 Roscoff (Bretagne) Responsable scientifique: Pascale Frey-Klett &hellip; <a href=\"https:\/\/mycor.iam.inrae.fr\/ARBRE\/?page_id=2463\">Continuer la lecture <span class=\"meta-nav\">&rarr;<\/span><\/a><\/p>\n","protected":false},"author":4,"featured_media":0,"parent":2122,"menu_order":0,"comment_status":"closed","ping_status":"open","template":"","meta":{"footnotes":""},"class_list":["post-2463","page","type-page","status-publish","hentry"],"_links":{"self":[{"href":"https:\/\/mycor.iam.inrae.fr\/ARBRE\/index.php?rest_route=\/wp\/v2\/pages\/2463","targetHints":{"allow":["GET"]}}],"collection":[{"href":"https:\/\/mycor.iam.inrae.fr\/ARBRE\/index.php?rest_route=\/wp\/v2\/pages"}],"about":[{"href":"https:\/\/mycor.iam.inrae.fr\/ARBRE\/index.php?rest_route=\/wp\/v2\/types\/page"}],"author":[{"embeddable":true,"href":"https:\/\/mycor.iam.inrae.fr\/ARBRE\/index.php?rest_route=\/wp\/v2\/users\/4"}],"replies":[{"embeddable":true,"href":"https:\/\/mycor.iam.inrae.fr\/ARBRE\/index.php?rest_route=%2Fwp%2Fv2%2Fcomments&post=2463"}],"version-history":[{"count":0,"href":"https:\/\/mycor.iam.inrae.fr\/ARBRE\/index.php?rest_route=\/wp\/v2\/pages\/2463\/revisions"}],"up":[{"embeddable":true,"href":"https:\/\/mycor.iam.inrae.fr\/ARBRE\/index.php?rest_route=\/wp\/v2\/pages\/2122"}],"wp:attachment":[{"href":"https:\/\/mycor.iam.inrae.fr\/ARBRE\/index.php?rest_route=%2Fwp%2Fv2%2Fmedia&parent=2463"}],"curies":[{"name":"wp","href":"https:\/\/api.w.org\/{rel}","templated":true}]}}