{"id":256,"date":"2013-01-21T12:50:41","date_gmt":"2013-01-21T12:50:41","guid":{"rendered":"https:\/\/mycor.iam.inrae.fr\/ARBRE\/?page_id=256"},"modified":"2022-10-24T12:17:34","modified_gmt":"2022-10-24T12:17:34","slug":"appels-doffres","status":"publish","type":"page","link":"https:\/\/mycor.iam.inrae.fr\/ARBRE\/?page_id=256","title":{"rendered":"Appel \u00e0 projets"},"content":{"rendered":"<p style=\"text-align: justify;\">Les objectifs op\u00e9rationnels du LabEx ARBRE sont (1) d\u2019am\u00e9liorer nos connaissances fondamentales sur la biologie des arbres forestiers et l\u2019\u00e9cologie des \u00e9cosyst\u00e8mes forestiers et (2) de proposer aux professionnels des outils et des bioindicateurs facilitant la gestion raisonn\u00e9e des for\u00eats.<\/p>\n<p style=\"text-align: justify;\">Pour atteindre ces objectifs, le LabEx ARBRE finance, via son appel \u00e0 propositions (AAP) annuel,\u00a0des travaux originaux se situant sur <b>le front de science<\/b> et l&rsquo;\u00e9mergence d&rsquo;id\u00e9es nouvelles, \u00e0 fort potentiel. L&rsquo;un des objectifs prioritaires du LabEx ARBRE est \u00e9galement de promouvoir le couplage entre recherche, m\u00e9diation scientifique et formation. En fin, l&rsquo;AAP soutient les projets visant \u00e0 diffuser les connaissances acquises vers les utilisateurs potentiels de la fili\u00e8re For\u00eat-Bois.<\/p>\n<p style=\"text-align: justify;\">Afin de stimuler l\u2019interaction entre \u00e9quipes et disciplines, l&rsquo;AAP favorise les projets construits entre des contractants venant d\u2019au moins deux <u>groupes de recherche (ou champs disciplinaires)<\/u> diff\u00e9rents du LabEx ARBRE <u>avec une pr\u00e9f\u00e9rence pour les projets inter-unit\u00e9s<\/u>. Cette orientation vers un couplage d\u2019approches ((biologie int\u00e9grative et\/ou \u00e9cologie et\/ou xylosciences et\/ou \u00e9conomie foresti\u00e8re)) r\u00e9pond au souhait du LabEx ARBRE d\u2019affirmer sa volont\u00e9 d\u2019int\u00e9gration dans le domaine des sciences foresti\u00e8res.<\/p>\n<p><img loading=\"lazy\" decoding=\"async\" class=\"alignleft size-full wp-image-11798\" src=\"https:\/\/mycor.iam.inrae.fr\/ARBRE\/wp-content\/uploads\/2020\/09\/For\u00eat-domaniale-des-Bois-Sauvages.jpg\" alt=\"\" width=\"1280\" height=\"960\" srcset=\"https:\/\/mycor.iam.inrae.fr\/ARBRE\/wp-content\/uploads\/2020\/09\/For\u00eat-domaniale-des-Bois-Sauvages.jpg 1280w, https:\/\/mycor.iam.inrae.fr\/ARBRE\/wp-content\/uploads\/2020\/09\/For\u00eat-domaniale-des-Bois-Sauvages-300x225.jpg 300w, https:\/\/mycor.iam.inrae.fr\/ARBRE\/wp-content\/uploads\/2020\/09\/For\u00eat-domaniale-des-Bois-Sauvages-768x576.jpg 768w, https:\/\/mycor.iam.inrae.fr\/ARBRE\/wp-content\/uploads\/2020\/09\/For\u00eat-domaniale-des-Bois-Sauvages-1024x768.jpg 1024w, https:\/\/mycor.iam.inrae.fr\/ARBRE\/wp-content\/uploads\/2020\/09\/For\u00eat-domaniale-des-Bois-Sauvages-800x600.jpg 800w, https:\/\/mycor.iam.inrae.fr\/ARBRE\/wp-content\/uploads\/2020\/09\/For\u00eat-domaniale-des-Bois-Sauvages-400x300.jpg 400w\" sizes=\"auto, (max-width: 1280px) 100vw, 1280px\" \/><\/p>\n<p style=\"text-align: left;\"><span style=\"color: #3366ff;\"><strong>\u21d2 Consulter l&rsquo;AAP en cours ou faire une demande au fil de l&rsquo;eau <\/strong><\/span>:<a href=\"https:\/\/mycor.iam.inrae.fr\/ARBRE\/?page_id=282\"><img loading=\"lazy\" decoding=\"async\" class=\"wp-image-11980 alignright\" src=\"https:\/\/mycor.iam.inrae.fr\/ARBRE\/wp-content\/uploads\/2020\/11\/fl\u00e8che-t\u00e9l\u00e9chargement-150x150.png\" alt=\"\" width=\"66\" height=\"66\" srcset=\"https:\/\/mycor.iam.inrae.fr\/ARBRE\/wp-content\/uploads\/2020\/11\/fl\u00e8che-t\u00e9l\u00e9chargement-150x150.png 150w, https:\/\/mycor.iam.inrae.fr\/ARBRE\/wp-content\/uploads\/2020\/11\/fl\u00e8che-t\u00e9l\u00e9chargement-50x50.png 50w, https:\/\/mycor.iam.inrae.fr\/ARBRE\/wp-content\/uploads\/2020\/11\/fl\u00e8che-t\u00e9l\u00e9chargement.png 225w\" sizes=\"auto, (max-width: 66px) 100vw, 66px\" \/><\/a><\/p>\n<p>&nbsp;<\/p>\n","protected":false},"excerpt":{"rendered":"<p>Les objectifs op\u00e9rationnels du LabEx ARBRE sont (1) d\u2019am\u00e9liorer nos connaissances fondamentales sur la biologie des arbres forestiers et l\u2019\u00e9cologie des \u00e9cosyst\u00e8mes forestiers et (2) de proposer aux professionnels des outils et des bioindicateurs facilitant la gestion raisonn\u00e9e des for\u00eats. &hellip; <a href=\"https:\/\/mycor.iam.inrae.fr\/ARBRE\/?page_id=256\">Continuer la lecture <span class=\"meta-nav\">&rarr;<\/span><\/a><\/p>\n","protected":false},"author":2,"featured_media":0,"parent":0,"menu_order":4,"comment_status":"closed","ping_status":"closed","template":"","meta":{"footnotes":""},"class_list":["post-256","page","type-page","status-publish","hentry"],"_links":{"self":[{"href":"https:\/\/mycor.iam.inrae.fr\/ARBRE\/index.php?rest_route=\/wp\/v2\/pages\/256","targetHints":{"allow":["GET"]}}],"collection":[{"href":"https:\/\/mycor.iam.inrae.fr\/ARBRE\/index.php?rest_route=\/wp\/v2\/pages"}],"about":[{"href":"https:\/\/mycor.iam.inrae.fr\/ARBRE\/index.php?rest_route=\/wp\/v2\/types\/page"}],"author":[{"embeddable":true,"href":"https:\/\/mycor.iam.inrae.fr\/ARBRE\/index.php?rest_route=\/wp\/v2\/users\/2"}],"replies":[{"embeddable":true,"href":"https:\/\/mycor.iam.inrae.fr\/ARBRE\/index.php?rest_route=%2Fwp%2Fv2%2Fcomments&post=256"}],"version-history":[{"count":0,"href":"https:\/\/mycor.iam.inrae.fr\/ARBRE\/index.php?rest_route=\/wp\/v2\/pages\/256\/revisions"}],"wp:attachment":[{"href":"https:\/\/mycor.iam.inrae.fr\/ARBRE\/index.php?rest_route=%2Fwp%2Fv2%2Fmedia&parent=256"}],"curies":[{"name":"wp","href":"https:\/\/api.w.org\/{rel}","templated":true}]}}