{"id":282,"date":"2013-01-21T13:41:26","date_gmt":"2013-01-21T13:41:26","guid":{"rendered":"https:\/\/mycor.iam.inrae.fr\/ARBRE\/?page_id=282"},"modified":"2023-09-26T09:48:48","modified_gmt":"2023-09-26T09:48:48","slug":"formulaires","status":"publish","type":"page","link":"https:\/\/mycor.iam.inrae.fr\/ARBRE\/?page_id=282","title":{"rendered":"Formulaires de demandes Labex ARBRE"},"content":{"rendered":"<p><span style=\"color: #000000;\"><strong>\u21d2 <\/strong><\/span>Le formulaire de <strong>demande de soutien au fil de l&rsquo;eau<\/strong> est \u00e0 t\u00e9l\u00e9charger ci-apr\u00e8s et \u00e0 envoyer par email au Directeur Scientifique et Technique du LabEx ARBRE \u00e0 <strong>: <em><a href=\"mailto:stephane.uroz@inrae.fr\">stephane.uroz@inrae.fr\u00a0<\/a><\/em><\/strong><\/p>\n<p><a href=\"https:\/\/mycor.iam.inrae.fr\/ARBRE\/wp-content\/uploads\/2022\/04\/Demande-Financement-Fil-de-leau_LabexARBRE.doc\" class=\"mtli_attachment mtli_doc\" target=\"_blank\" rel=\"noopener\"><img loading=\"lazy\" decoding=\"async\" class=\"aligncenter wp-image-12486\" src=\"https:\/\/mycor.iam.inrae.fr\/ARBRE\/wp-content\/uploads\/2022\/04\/Screen-Shot-04-05-22-at-01.37-PM.png\" alt=\"\" width=\"370\" height=\"284\" \/><\/a><\/p>\n<hr \/>\n<p style=\"padding-left: 40px;\"><span style=\"color: #000000;\"><strong>\u21d2\u00a0 <\/strong><span style=\"color: #0000ff;\"><a style=\"color: #0000ff;\" href=\"https:\/\/mycor.iam.inrae.fr\/ARBRE\/?page_id=12425\"><strong>Appel \u00e0 projets du LabEx ARBRE 2023\u00a0<\/strong><\/a><\/span><\/span><\/p>\n<pre><a href=\"https:\/\/mycor.iam.inrae.fr\/ARBRE\/?page_id=12425&amp;preview=true\"><span style=\"color: #000000;\">Archives<\/span><\/a><\/pre>\n","protected":false},"excerpt":{"rendered":"<p>\u21d2 Le formulaire de demande de soutien au fil de l&rsquo;eau est \u00e0 t\u00e9l\u00e9charger ci-apr\u00e8s et \u00e0 envoyer par email au Directeur Scientifique et Technique du LabEx ARBRE \u00e0 : stephane.uroz@inrae.fr\u00a0 \u21d2\u00a0 Appel \u00e0 projets du LabEx ARBRE 2023\u00a0 Archives<\/p>\n","protected":false},"author":2,"featured_media":0,"parent":256,"menu_order":2,"comment_status":"closed","ping_status":"open","template":"","meta":{"footnotes":""},"class_list":["post-282","page","type-page","status-publish","hentry"],"_links":{"self":[{"href":"https:\/\/mycor.iam.inrae.fr\/ARBRE\/index.php?rest_route=\/wp\/v2\/pages\/282","targetHints":{"allow":["GET"]}}],"collection":[{"href":"https:\/\/mycor.iam.inrae.fr\/ARBRE\/index.php?rest_route=\/wp\/v2\/pages"}],"about":[{"href":"https:\/\/mycor.iam.inrae.fr\/ARBRE\/index.php?rest_route=\/wp\/v2\/types\/page"}],"author":[{"embeddable":true,"href":"https:\/\/mycor.iam.inrae.fr\/ARBRE\/index.php?rest_route=\/wp\/v2\/users\/2"}],"replies":[{"embeddable":true,"href":"https:\/\/mycor.iam.inrae.fr\/ARBRE\/index.php?rest_route=%2Fwp%2Fv2%2Fcomments&post=282"}],"version-history":[{"count":0,"href":"https:\/\/mycor.iam.inrae.fr\/ARBRE\/index.php?rest_route=\/wp\/v2\/pages\/282\/revisions"}],"up":[{"embeddable":true,"href":"https:\/\/mycor.iam.inrae.fr\/ARBRE\/index.php?rest_route=\/wp\/v2\/pages\/256"}],"wp:attachment":[{"href":"https:\/\/mycor.iam.inrae.fr\/ARBRE\/index.php?rest_route=%2Fwp%2Fv2%2Fmedia&parent=282"}],"curies":[{"name":"wp","href":"https:\/\/api.w.org\/{rel}","templated":true}]}}