{"id":343,"date":"2013-03-08T10:22:29","date_gmt":"2013-03-08T10:22:29","guid":{"rendered":"https:\/\/mycor.iam.inrae.fr\/ARBRE\/?page_id=343"},"modified":"2015-12-15T12:18:54","modified_gmt":"2015-12-15T12:18:54","slug":"wade","status":"publish","type":"page","link":"https:\/\/mycor.iam.inrae.fr\/ARBRE\/?page_id=343","title":{"rendered":"WADE"},"content":{"rendered":"<p><strong><a href=\"https:\/\/mycor.iam.inrae.fr\/ARBRE\/wp-content\/uploads\/2013\/03\/Screenshot-2015-06-16-12.27.52.png\"><img loading=\"lazy\" decoding=\"async\" class=\"aligncenter  wp-image-7710\" src=\"https:\/\/mycor.iam.inrae.fr\/ARBRE\/wp-content\/uploads\/2013\/03\/Screenshot-2015-06-16-12.27.52.png\" alt=\"Screenshot 2015-06-16 12.27.52\" width=\"860\" height=\"222\" \/><\/a>Adaptation physiologique et fonctionnelle des structures et propri\u00e9t\u00e9s du bois \u00e0 l\u2019ouverture du couvert<br \/>\n<\/strong><\/p>\n<p><em>Responsable scientifique : <\/em>Meriem Fournier (UMR 1092 Laboratoire d\u2019Etude des Ressources For\u00eat Bois &#8211; LERFOB)<br \/>\n<em>Partenaires Labex :<\/em>\u00a0Philippe G\u00e9rardin (Laboratoire d&rsquo;Etudes et de Recherche sur le Mat\u00e9riau Bois &#8211; LERMAB), Andr\u00e9 Granier (Ecologie et Ecophysiologie Foresti\u00e8res &#8211; EEF), Laurent Saint-Andr\u00e9 (Biog\u00e9ochimie des Ecosyst\u00e8mes Forestiers &#8211; BEF)<\/p>\n<p><em>Collaborations<\/em> : Eric Badel (PIAF, INRA UBP Clermont Ferrand),\u00a0Barry Gardiner (EHYSE, INRA Bordeaux),\u00a0Joseph Gril, Tancr\u00e8de Alm\u00e9ras (CNRS LMGC Montpellier),\u00a0Barbara Lachenbruch (Oregon State University),\u00a0Franck Telewski (Michigan State University),\u00a0NFZ Wood Group<\/p>\n<p>___________________________________<\/p>\n<p><strong>Contexte<\/strong> \u2014 WADE analyse la plasticit\u00e9 des propri\u00e9t\u00e9s du bois, tissu fonctionnel de l\u2019arbre, en r\u00e9ponse \u00e0 des perturbations de l\u2019environnement. WADE s\u2019appuie sur une mod\u00e9lisation int\u00e9grative des fonctions et fonctionnalit\u00e9s du bois dans l\u2019arbre, de la paroi cellulaire avec sa composition chimique \u00e0 l\u2019organisme, en passant par les diff\u00e9rents types cellulaires et tissus. WADE utilise une vaste gamme de techniques de caract\u00e9risation sur les plateformes Xylosciences et PTEF.<\/p>\n<p><strong>Objectifs <\/strong>\u2014 WADE cherche \u00e0 lier un cadre de mod\u00e9lisation m\u00e9caniste biophysique avec les approches empiriques de la qualit\u00e9 du bois, pour d\u00e9crire et pr\u00e9dire comment les changements de micro-climat (lumineux et m\u00e9caniques) affectent les propri\u00e9t\u00e9s du bois form\u00e9 pendant la saison de v\u00e9g\u00e9tation.<\/p>\n<p><strong>D\u00e9marche <\/strong>\u2014 La t\u00e2che 1 construit le cadre g\u00e9n\u00e9ral d\u2019analyse, aussi bien le cadre th\u00e9orique de mod\u00e9lisation que les outils de caract\u00e9risation. Les trois t\u00e2ches suivantes sont centr\u00e9es sur des trois questions scientifiques : la t\u00e2che 2 \u00e9tudie comment le bois s\u2019adapte aux perturbations m\u00e9caniques, la t\u00e2che 3 est centr\u00e9e sur le bois de branches qui pr\u00e9sente des fonctionnalit\u00e9s particuli\u00e8res compar\u00e9 au bois de tronc, la t\u00e2che 4 vise \u00e0 construire une dendro-\u00e9cologie des perturbations du couvert sur les tiges juv\u00e9niles des esp\u00e8ces tol\u00e9rantes \u00e0 l\u2019ombre. La valorisation de WADE (t\u00e2che 5) s\u2019exprime vers a) l\u2019appui au d\u00e9veloppement de mod\u00e8les d\u2019aide \u00e0 la d\u00e9cision en sylviculture (modules qualit\u00e9 des bois ou r\u00e9g\u00e9n\u00e9ration), b) une meilleure connaissance des variations de propri\u00e9t\u00e9s du bois pour la valorisation industrielle.<\/p>\n<p><strong>R\u00e9sultats marquants<em>\u00a0<\/em><\/strong>\u2014<\/p>\n<p>L\u2019ann\u00e9e 2015 a vu les principaux r\u00e9sultats suivants :<\/p>\n<ul>\n<li>T\u00e2che 1\u00a0: La fin du post-doctorat d\u2019Henri Cuny a permis la publication d&rsquo;un article dans Nature Plants sur la cin\u00e9tique de formation du bois en lien avec le stockage de carbone dans l&rsquo;\u00e9cosyst\u00e8me forestier (cf principales conclusions).<\/li>\n<\/ul>\n<ul>\n<li>T\u00e2che 1\u00a0: L&rsquo;article soumis sur l\u2019interpr\u00e9tation biophysique de corr\u00e9lations \u00ab\u00a0universelles\u00a0\u00bb entre traits du bois, en collaboration avec T. Alm\u00e9ras a \u00e9t\u00e9 refus\u00e9 avec forte incitation \u00e0 resoumettre. Le message est important (interpr\u00e9tation m\u00e9caniste forte, ou au contraire inexistante, de corr\u00e9lations statistiques entre propri\u00e9t\u00e9s du bois de plus en plus observ\u00e9es par les \u00e9cologues) mais pas facile \u00e0 transmettre aux biologistes.<\/li>\n<\/ul>\n<ul>\n<li>T\u00e2che 1 : Les travaux de F\u00e9lix Hartmann (th\u00e8se CJS soutenue en juin 2015) en mod\u00e9lisation biophysique de la formation du bois montrent que la r\u00e9action-diffusion de signaux morphog\u00e9n\u00e9tiques chimiques connus peut expliquer les cin\u00e9tiques de croissance du tronc en volume mais pas la structure du cerne qui va du bois de printemps \u00e0 grandes cellules \u00e0 du bois d&rsquo;\u00e9t\u00e9 \u00e0 petites cellules. Cette structure est \u00e9tonnamment stable lorsque le mod\u00e8le g\u00e9n\u00e8re syst\u00e9matiquement des instabilit\u00e9s.<\/li>\n<\/ul>\n<ul>\n<li>T\u00e2che 1 : Les travaux conduits en biophysique du bois permettent d&rsquo;am\u00e9liorer la discussion et la valorisation de travaux conduits jusqu&rsquo;en 2014 dans le programme ANR EMERGE. (Article Longuetaud F., Mothe F, Santenoise Ph, Dlouh\u00e0 J., Fournier M., Deleuze C. \u00ab\u00a0Patterns of within-stem variations in wood specific gravity and water content for four temperate tree species\u00a0\u00bb resoumis \u00e0 Annals of Forest Science)<\/li>\n<\/ul>\n<ul>\n<li>T\u00e2che 3\u00a0: Publication des travaux sur la composition chimique des noeuds (th\u00e8se Z. Kebbi Benkeder en collaboration LERFoB LERMaB). Premiers r\u00e9sultats sur th\u00e8se de J. Song (QTL de la ramification) co-encadr\u00e9e par F. Colin LERFoB et O. Brendel EEF, en collaboration avec A. Kremer BIOGECO Bordeaux.<\/li>\n<\/ul>\n<ul>\n<li>T\u00e2che 4\u00a0: Fin d&rsquo;acquisition des donn\u00e9es de la th\u00e8se d\u2019Estelle Noyer (\u00ab\u00a0R\u00e9ponse individuelle des arbres \u00e0 l\u2019ouverture de la canop\u00e9e : caract\u00e9risation de la croissance et marquage par les propri\u00e9t\u00e9s du bois\u00a0\u00bb, co-encadrement C. Collet \u00e9cologie\/sylviculture et J. Dlouha biom\u00e9canique et physique du bois) avec l\u2019appui de l\u2019ONF (projet \u00ab\u00a0r\u00e9activit\u00e9 des perches\u00a0\u00bb). Publication du stage de master 2 de Citra Purba (master FAGE BFD, double dipl\u00f4me avec l\u2019Universit\u00e9 de Bogor, Indon\u00e9sie). S\u00e9jour d&rsquo;E. Noyer \u00e0 Oregon State University permettant de compl\u00e9ter les donn\u00e9es hydrauliques et de fixer la strat\u00e9gie de publication.<\/li>\n<\/ul>\n<ul>\n<li>T\u00e2che 5. Valorisation dans diff\u00e9rents enseignements (cours Ing\u00e9nieurs AgroParisTech et Master FAGE).<\/li>\n<\/ul>\n<p>&nbsp;<\/p>\n<p><strong>Principales conclusions\u00a0<\/strong><em> \u2014<br \/>\n<\/em><\/p>\n<p>Le principal r\u00e9sultat 2015 porte sur le post doctorat d&rsquo;Henri Cuny : \u00ab\u00a0les arbres grossissent et prennent du poids mais pas en m\u00eame temps\u00a0\u00bb. Les m\u00e9thodologies soigneuses d&rsquo;\u00e9tude des cin\u00e9tiques intra-annuelles de formation du bois mises au point par C . Rathgeber, H. Cuny, M. Harrou\u00e9, E. Cornu au LERFoB ont permis de montrer que la production de la biomasse ligneuse est retard\u00e9e d\u2019environ un mois par rapport \u00e0 l\u2019augmentation de la circonf\u00e9rence des troncs. Ils ont aussi montr\u00e9 que ces deux processus biologiques pr\u00e9sentaient des sensibilit\u00e9s diff\u00e9rentes aux conditions climatiques. En effet, l\u2019augmentation en circonf\u00e9rence est synchronis\u00e9e avec le cycle photop\u00e9riodique (le changement de la dur\u00e9e du jour et de la nuit dans l&rsquo;ann\u00e9e), alors que l\u2019augmentation de la biomasse ligneuse suit quant \u00e0 elle tr\u00e8s pr\u00e9cis\u00e9ment les variations saisonni\u00e8res des temp\u00e9ratures. Ces nouveaux r\u00e9sultats montrent toute la difficult\u00e9 qu\u2019il y a \u00e0 d\u00e9duire la dynamique intra-annuelle de s\u00e9questration du carbone dans le bois \u00e0 partir des mesures externes d\u2019augmentation de la circonf\u00e9rence des troncs (donn\u00e9es issues de dendrom\u00e8tres par exemple). Ils permettent de comprendre pourquoi la productivit\u00e9 primaire des \u00e9cosyst\u00e8mes forestiers (c&rsquo;est \u00e0 dire la quantit\u00e9 de biomasse produite gr\u00e2ce au carbone issu de la photosynth\u00e8se) ne peut \u00eatre approxim\u00e9e par les changements de dimensions des arbres sur une courte \u00e9chelle de temps. Comme cela a \u00e9t\u00e9 constat\u00e9 par des mesures directes sur quelques sites, ce n&rsquo;est pas parce que la circonf\u00e9rence des troncs n\u2019augmente plus \u00e0 l\u2019automne que la for\u00eat ne continue pas \u00e0 s\u00e9questrer du carbone, en augmentant sa masse de bois \u00e0 volume constant. Ce travail permet de mieux quantifier le bilan saisonnier de carbone, en fournissant une premi\u00e8re estimation et des m\u00e9thodes pour relier les \u00e9changes entre la for\u00eat et l\u2019atmosph\u00e8re avec la s\u00e9questration du carbone dans la biomasse ligneuse semaine apr\u00e8s semaine.<\/p>\n<p><strong>Perspectives <\/strong>\u2014<\/p>\n<p>Le projet WADE se termine fin 2015 (\u00e0 part la th\u00e8se d&rsquo;Estelle Noyer qui sera soutenue fin 2016). Construit pour soutenir des visions nouvelles et crois\u00e9es de la formation et des qualit\u00e9s du bois, il a permis de stimuler ou de mettre en coh\u00e9rence d&rsquo;autres projets au sein du LABEX (WOOD-EP-N2, WIND-IN-WOOD, WOOD ForMS, WOODCAP, EVAQB, Wood@nat devenu un MOOC important de l&rsquo;Universit\u00e9 de Lorraine) et de rayonner au del\u00e0: Cyrille Rathgeber et Henri Cuny participent \u00e0 des r\u00e9seaux et projets internationaux, Jana Dlouh\u00e0 vient de construire un projet ANR avec Eric Badel (PIAF Clermont Ferrand) avec lequel elle co-encadre une th\u00e8se EFPA. De fa\u00e7on plus appliqu\u00e9e, nous envisageons avec Thierry Constant d&rsquo;activer des travaux de R&amp;D pour l&rsquo;\u00e9valuation non destructive de la qualit\u00e9 des bois sur pied couplant les informations d&rsquo;une diversit\u00e9 d&rsquo;outils.<\/p>\n<p><strong><em><br \/>\n<\/em><\/strong><\/p>\n","protected":false},"excerpt":{"rendered":"<p>Adaptation physiologique et fonctionnelle des structures et propri\u00e9t\u00e9s du bois \u00e0 l\u2019ouverture du couvert Responsable scientifique : Meriem Fournier (UMR 1092 Laboratoire d\u2019Etude des Ressources For\u00eat Bois &#8211; LERFOB) Partenaires Labex :\u00a0Philippe G\u00e9rardin (Laboratoire d&rsquo;Etudes et de Recherche sur le &hellip; <a href=\"https:\/\/mycor.iam.inrae.fr\/ARBRE\/?page_id=343\">Continuer la lecture <span class=\"meta-nav\">&rarr;<\/span><\/a><\/p>\n","protected":false},"author":2,"featured_media":0,"parent":2122,"menu_order":0,"comment_status":"closed","ping_status":"closed","template":"","meta":{"footnotes":""},"class_list":["post-343","page","type-page","status-publish","hentry"],"_links":{"self":[{"href":"https:\/\/mycor.iam.inrae.fr\/ARBRE\/index.php?rest_route=\/wp\/v2\/pages\/343","targetHints":{"allow":["GET"]}}],"collection":[{"href":"https:\/\/mycor.iam.inrae.fr\/ARBRE\/index.php?rest_route=\/wp\/v2\/pages"}],"about":[{"href":"https:\/\/mycor.iam.inrae.fr\/ARBRE\/index.php?rest_route=\/wp\/v2\/types\/page"}],"author":[{"embeddable":true,"href":"https:\/\/mycor.iam.inrae.fr\/ARBRE\/index.php?rest_route=\/wp\/v2\/users\/2"}],"replies":[{"embeddable":true,"href":"https:\/\/mycor.iam.inrae.fr\/ARBRE\/index.php?rest_route=%2Fwp%2Fv2%2Fcomments&post=343"}],"version-history":[{"count":0,"href":"https:\/\/mycor.iam.inrae.fr\/ARBRE\/index.php?rest_route=\/wp\/v2\/pages\/343\/revisions"}],"up":[{"embeddable":true,"href":"https:\/\/mycor.iam.inrae.fr\/ARBRE\/index.php?rest_route=\/wp\/v2\/pages\/2122"}],"wp:attachment":[{"href":"https:\/\/mycor.iam.inrae.fr\/ARBRE\/index.php?rest_route=%2Fwp%2Fv2%2Fmedia&parent=343"}],"curies":[{"name":"wp","href":"https:\/\/api.w.org\/{rel}","templated":true}]}}