{"id":390,"date":"2013-03-25T09:32:40","date_gmt":"2013-03-25T09:32:40","guid":{"rendered":"https:\/\/mycor.iam.inrae.fr\/ARBRE\/?page_id=390"},"modified":"2015-12-15T11:16:53","modified_gmt":"2015-12-15T11:16:53","slug":"symwood","status":"publish","type":"page","link":"https:\/\/mycor.iam.inrae.fr\/ARBRE\/?page_id=390","title":{"rendered":"SYMWOOD"},"content":{"rendered":"<p><strong><a href=\"https:\/\/mycor.iam.inrae.fr\/ARBRE\/wp-content\/uploads\/2013\/03\/symwood-pic.png\"><img loading=\"lazy\" decoding=\"async\" class=\"alignleft size-full wp-image-8796\" src=\"https:\/\/mycor.iam.inrae.fr\/ARBRE\/wp-content\/uploads\/2013\/03\/symwood-pic.png\" alt=\"symwood pic\" width=\"912\" height=\"286\" \/><\/a><\/strong><\/p>\n<p>&nbsp;<\/p>\n<p><strong>G\u00e9nomique comparative et biochimie des m\u00e9canismes fongiques impliqu\u00e9s dans la symbiose mycorhizienne et les processus de d\u00e9composition du bois<\/strong><\/p>\n<p><em>Responsables scientifique : Francis Martin &amp;\u00a0<em>Eric Gelhaye<\/em> (UMR 1136 Interactions Arbres\/Micro-organismes)<br \/>\n<\/em><\/p>\n<p>Partenaires Labex : Philippe G\u00e9rardin (Laboratoire d&rsquo;Etudes et de Recherche sur le Mat\u00e9riau Bois\u00a0 LERMAB)<\/p>\n<p>Collaborations : Professeur David Hibbet (Clark University), Dr. Igor Grigoriev (Fungal Genomics Program, U.S. DOE Joint Genome Insitute, JGI)<\/p>\n<p>________________________________________________<\/p>\n<p><strong><em>Contexte<\/em> \u2014<\/strong> La lignocellulose est la principale source de biopolym\u00e8res des \u00e9cosyst\u00e8mes terrestres. Sa d\u00e9gradation (et donc le recyclage de ce puits de carbone) est particuli\u00e8rement \u00e9tudi\u00e9e du fait de ses nombreuses applications potentielles comme la production de biomol\u00e9cules, bio\u00e9thanol ou enzymes par exemple. Cette d\u00e9gradation est principalement r\u00e9alis\u00e9e par des champignons et notamment des agaromycetes saprophytes selon deux m\u00e9canismes distincts permettant de\u00a0 diff\u00e9rencier les champignons dits de pourriture brune de ceux dits de pourriture blanche. Les champignons ectomycorhiziens, qui jouent un r\u00f4le \u00e9cologique important en tant que symbiotes des arbres, appartiennent \u00e9galement aux agaricomycetes.<\/p>\n<p><strong><em>Objectifs<\/em> \u2014<\/strong> Nous proposons d\u2019\u00e9tudier une cinquantaine de g\u00e9nomes d\u2019agaricomycetes, saprophytes et ectomycorhiziens, repr\u00e9sentatifs des \u00e9volutions ind\u00e9pendantes des traits de vie observ\u00e9es au sein de cette classe, dans le but d\u2019identifier les r\u00e9seaux de g\u00e8nes impliqu\u00e9s dans l\u2019adaptation de ces champignons \u00e0 leurs niches \u00e9cologiques. Nous \u00e9tudierons \u00e9galement l\u2019impact du polymorphisme g\u00e9nomique intra-esp\u00e8ce sur l\u2019adaptation \u00e0 son environnement de l\u2019agaricomycete lignivore\u00a0: <em>Trametes versicolor<\/em><\/p>\n<p><strong><em>D\u00e9marche<\/em> \u2014<\/strong> Par g\u00e9nomique comparative, nous avons caract\u00e9ris\u00e9 diff\u00e9rentes familles de g\u00e8nes impliqu\u00e9s dans la d\u00e9gradation de la lignocellulose chez les champignons lignivores et ectomycorhiziens (i.e., enzymes de d\u00e9gradation des polysaccharides de la paroi v\u00e9g\u00e9tale, oxidoreductases impliqu\u00e9es dans la d\u00e9polym\u00e9risation de la lignine). Afin de caract\u00e9riser \u00e9tudier le polymorphisme g\u00e9n\u00e9tique intrasp\u00e9cifique, nous avons compar\u00e9 les s\u00e9quences g\u00e9nomiques de 10 souches de <em>Trametes versicolor<\/em> pr\u00e9lev\u00e9es sur diff\u00e9rents types de bois en d\u00e9composition.<\/p>\n<p><strong><em>R\u00e9sultats marquants<\/em> \u2014<\/strong><\/p>\n<ul>\n<li>L\u2019analyse phylog\u00e9nomique de 28 g\u00e9nomes de champignons ascomyc\u00e8tes et basidiomyc\u00e8tes a permis de mettre en \u00e9vidence une forte corr\u00e9lation entre le r\u00e9pertoire de g\u00e8nes impliqu\u00e9s dans la d\u00e9composition de la lignocellulose et les traits de vie (pourriture blanche, pourriture brune et symbiote mycorhizien).<\/li>\n<li>Dix souches de <em>Trametes versicolor<\/em> isol\u00e9es sur diff\u00e9rentes essences d\u2019arbres et de diff\u00e9rentes origines g\u00e9ographiques ont \u00e9t\u00e9 \u00e9tudi\u00e9es d\u2019un point de vue ph\u00e9notypique (vitesse de colonisation sur diff\u00e9rents milieux, capacit\u00e9 \u00e0 d\u00e9grader diff\u00e9rentes essences de bois (ch\u00eane, h\u00eatre, \u00e9picea), d\u00e9tection de diff\u00e9rentes activit\u00e9s enzymatiques impliqu\u00e9es dans la d\u00e9gradation de la lignocellulose s\u00e9cret\u00e9es durant la colonisation d\u2019aubier de ch\u00eane, analyse de ces m\u00eames s\u00e9cr\u00e9tomes par prot\u00e9omique). Une analyse en composante principale de ces donn\u00e9es sugg\u00e8re la pr\u00e9sence de deux groupes au sein de cette collection, groupes reli\u00e9s \u00e0 l\u2019essence d\u2019origine.<\/li>\n<li>L\u2019analyse du polymorphisme des s\u00e9quences g\u00e9nomiques (SNP) de cinq souches de<em> T. versicolor <\/em>semble confirmer la pr\u00e9sence de ces deux \u00e9cotypes corroborant ainsi les analyses ph\u00e9notypiques.<\/li>\n<\/ul>\n<p><strong><em>Perspectives<\/em> \u2014<br \/>\n<\/strong><\/p>\n<ul>\n<li>Compl\u00e9ter l\u2019analyse phylog\u00e9nomique afin de dater les stades de l\u2019\u00e9volution des diff\u00e9rents traits de vie\u00a0;<\/li>\n<li>Poursuivre la caract\u00e9risation ph\u00e9notypique et g\u00e9nomique des diff\u00e9rentes souches de<em> T. versicolor<\/em>\u00a0;<\/li>\n<li>Caract\u00e9risation fonctionnelle des g\u00e8nes\/prot\u00e9ines impliqu\u00e9s dans l\u2019adaptation des souches de de<em> T. versicolor<\/em>\u00a0 \u00e0 leur environnement \u2013 le bois en d\u00e9composition\u00a0;<\/li>\n<li>D\u00e9finir des marqueurs pour des approches de g\u00e9n\u00e9tique des populations \u00e0 corr\u00e9ler avec des donn\u00e9es environnementales de mani\u00e8re \u00e0 \u00e9tablir les relations potentielles entre g\u00e9notypes et environnement (notamment structure chimique du bois).<\/li>\n<\/ul>\n<p><em><strong>Valorisation<\/strong> <strong> \u2014\u00a0<\/strong><\/em><\/p>\n<ul>\n<li>Aur\u00e9lie Deroy : Ecole doctorale RP2E (Poster)<\/li>\n<li>IRG International Research Group on Wood Protection (St George, Utah, USA, mai 2014)<\/li>\n<li>International Conference \u201cthe Plant and its Environment\u201d, IFR 87, octobre 2013<\/li>\n<li>European Conference on Fungal Genetics (Seville, mars 2014)<\/li>\n<li>Whetzel-Westcott-Dimock Endowed Lectureship 2014, Cornell University, avril 2014<\/li>\n<li>33th New Phytologist Symposium \u00ab\u00a0Networks of Power &amp; Influence\u00a0\u00bb, Z\u00fcrich, mai 2014.<\/li>\n<li>XVI Molecular Plant-Microbe Interactions Congress, Rhodes, juillet 2014<\/li>\n<li>International Mycological Congress, Bangkok, ao\u00fbt 2014<\/li>\n<\/ul>\n<p>&nbsp;<\/p>\n<p><strong><em>Projets soumis<\/em><strong> \u2014<\/strong><\/strong><\/p>\n<ul>\n<li>Project JGI CSP WoodLeafLitterOME : coordination F. Martin, f\u00e9vrier 2014<\/li>\n<li>Project Screenzymes : coordination E. Gelhaye, f\u00e9vrier 2014<\/li>\n<\/ul>\n<p><strong><br \/>\n<\/strong><\/p>\n","protected":false},"excerpt":{"rendered":"<p>&nbsp; G\u00e9nomique comparative et biochimie des m\u00e9canismes fongiques impliqu\u00e9s dans la symbiose mycorhizienne et les processus de d\u00e9composition du bois Responsables scientifique : Francis Martin &amp;\u00a0Eric Gelhaye (UMR 1136 Interactions Arbres\/Micro-organismes) Partenaires Labex : Philippe G\u00e9rardin (Laboratoire d&rsquo;Etudes et de &hellip; <a href=\"https:\/\/mycor.iam.inrae.fr\/ARBRE\/?page_id=390\">Continuer la lecture <span class=\"meta-nav\">&rarr;<\/span><\/a><\/p>\n","protected":false},"author":2,"featured_media":0,"parent":2122,"menu_order":0,"comment_status":"closed","ping_status":"open","template":"","meta":{"footnotes":""},"class_list":["post-390","page","type-page","status-publish","hentry"],"_links":{"self":[{"href":"https:\/\/mycor.iam.inrae.fr\/ARBRE\/index.php?rest_route=\/wp\/v2\/pages\/390","targetHints":{"allow":["GET"]}}],"collection":[{"href":"https:\/\/mycor.iam.inrae.fr\/ARBRE\/index.php?rest_route=\/wp\/v2\/pages"}],"about":[{"href":"https:\/\/mycor.iam.inrae.fr\/ARBRE\/index.php?rest_route=\/wp\/v2\/types\/page"}],"author":[{"embeddable":true,"href":"https:\/\/mycor.iam.inrae.fr\/ARBRE\/index.php?rest_route=\/wp\/v2\/users\/2"}],"replies":[{"embeddable":true,"href":"https:\/\/mycor.iam.inrae.fr\/ARBRE\/index.php?rest_route=%2Fwp%2Fv2%2Fcomments&post=390"}],"version-history":[{"count":0,"href":"https:\/\/mycor.iam.inrae.fr\/ARBRE\/index.php?rest_route=\/wp\/v2\/pages\/390\/revisions"}],"up":[{"embeddable":true,"href":"https:\/\/mycor.iam.inrae.fr\/ARBRE\/index.php?rest_route=\/wp\/v2\/pages\/2122"}],"wp:attachment":[{"href":"https:\/\/mycor.iam.inrae.fr\/ARBRE\/index.php?rest_route=%2Fwp%2Fv2%2Fmedia&parent=390"}],"curies":[{"name":"wp","href":"https:\/\/api.w.org\/{rel}","templated":true}]}}