{"id":4105,"date":"2014-03-24T10:04:13","date_gmt":"2014-03-24T10:04:13","guid":{"rendered":"https:\/\/mycor.iam.inrae.fr\/ARBRE\/?page_id=4105"},"modified":"2014-03-24T10:04:13","modified_gmt":"2014-03-24T10:04:13","slug":"les-journees-techniques-en-trufficulture","status":"publish","type":"page","link":"https:\/\/mycor.iam.inrae.fr\/ARBRE\/?page_id=4105","title":{"rendered":"Les Journ\u00e9es Techniques en Trufficulture"},"content":{"rendered":"<p><a href=\"https:\/\/mycor.iam.inrae.fr\/ARBRE\/wp-content\/uploads\/2014\/03\/9044-0010-11.jpg\"><img loading=\"lazy\" decoding=\"async\" class=\"size-medium wp-image-4112 alignleft\" title=\"9044-0010.JPG\" src=\"https:\/\/mycor.iam.inrae.fr\/ARBRE\/wp-content\/uploads\/2014\/03\/9044-0010-11-300x206.jpg\" alt=\"\" width=\"300\" height=\"206\" srcset=\"https:\/\/mycor.iam.inrae.fr\/ARBRE\/wp-content\/uploads\/2014\/03\/9044-0010-11-300x206.jpg 300w, https:\/\/mycor.iam.inrae.fr\/ARBRE\/wp-content\/uploads\/2014\/03\/9044-0010-11-1024x704.jpg 1024w, https:\/\/mycor.iam.inrae.fr\/ARBRE\/wp-content\/uploads\/2014\/03\/9044-0010-11-400x275.jpg 400w, https:\/\/mycor.iam.inrae.fr\/ARBRE\/wp-content\/uploads\/2014\/03\/9044-0010-11-436x300.jpg 436w, https:\/\/mycor.iam.inrae.fr\/ARBRE\/wp-content\/uploads\/2014\/03\/9044-0010-11.jpg 1191w\" sizes=\"auto, (max-width: 300px) 100vw, 300px\" \/><\/a><\/p>\n<p><a href=\"https:\/\/mycor.iam.inrae.fr\/ARBRE\/wp-content\/uploads\/2014\/03\/jtt20143.jpg\"><img loading=\"lazy\" decoding=\"async\" class=\"alignleft size-full wp-image-4255\" title=\"jtt2014\" src=\"https:\/\/mycor.iam.inrae.fr\/ARBRE\/wp-content\/uploads\/2014\/03\/jtt20143.jpg\" alt=\"\" width=\"180\" height=\"56\" \/><\/a><\/p>\n<p><strong><strong><br \/>\n<\/strong><\/strong><\/p>\n<p><strong>Rencontres entre la recherche<br \/>\net la fili\u00e8re trufficole<\/strong><\/p>\n<p>Les 2 et 3 avril 2014<\/p>\n<p>______________________________________________________________________________<\/p>\n<p>l&rsquo;UMR IaM organise conjointement avec la F\u00e9d\u00e9ration Fran\u00e7aise des Trufficulteurs (FFT), la F\u00e9d\u00e9ration Interr\u00e9gionale des Trufficulteurs du Centre et de l&rsquo;Est (ITCE), Truffe 54 Lorraine, l&rsquo;AMPPTL (55) et avec le soutien du LabEx ARBRE les journ\u00e9es techniques en trufficulture.<br \/>\n<a href=\"https:\/\/colloque.inra.fr\/jtt2014\/\"><em><strong>pour plus d&rsquo;information JTT2014<\/strong><\/em><\/a><\/p>\n<p><strong><\/strong>Les JTT regroupent entre 20 et 30 personnes qui sont les techniciens\/ing\u00e9nieurs sp\u00e9cialis\u00e9es dans la trufficulture, des chercheurs invit\u00e9s, mais aussi deux ou trois repr\u00e9sentants des trufficulteurs de la zone d&rsquo;accueil et de la FFT.<\/p>\n<p><strong><em>Que sont les JTT?<\/em><\/strong><\/p>\n<p>Depuis 25 ans la baisse de la production de truffes s&rsquo;est arr\u00eat\u00e9e, il existe m\u00eame une tendance g\u00e9n\u00e9rale d\u2019augmentation de la production. Cette hausse est due en partie \u00e0 un dispositif d&rsquo;exp\u00e9rimentation mis en place par la FFT et aux avanc\u00e9es scientifiques entre autres gr\u00e2ce \u00e0 l&rsquo;investissement de l&rsquo;INRA. Depuis 20 ans, 28 techniciens ont \u00e9t\u00e9 directement impliqu\u00e9s dans le suivi des essais qui repr\u00e9sentent aujourd\u2019hui une superficie plant\u00e9e de 125 ha. Afin de discuter des r\u00e9sultats obtenus par chaque r\u00e9gion dans leurs dispositifs exp\u00e9rimentaux, depuis 1992<strong> <\/strong>une rencontre annuelle des techniciens, appel\u00e9e Journ\u00e9es Techniques Truffes (JTT), a vu le jour.<\/p>\n<p><strong> <em>Pourquoi les JTT en Lorraine<\/em><\/strong><\/p>\n<p>La Lorraine a une longue tradition de consommation et de production de truffes. En Lorraine plusieurs esp\u00e8ces de truffes sont r\u00e9colt\u00e9es comme la truffe de Bourgogne (<em>Tuber aestivum<\/em>), la truffe m\u00e9sent\u00e9rique (<em>Tuber mesentericum<\/em>) mais aussi la truffe noire du P\u00e9rigord (<em>T. melanosporum<\/em>). La culture de la truffe noire, en plus de celle de la truffe de Bourgogne, peut donc repr\u00e9senter une r\u00e9elle opportunit\u00e9 de diversifications pour les agriculteurs et les forestiers Lorrains. La maison des truffes de Boncourt sur Meuse, avec plus de 2000 visiteurs par an, est un bon exemple de l\u2019\u00e9cotourisme qui peut \u00eatre d\u00e9velopp\u00e9 gr\u00e2ce aux truffes. Les JTT en Lorraine vont donc permettre aux trufficulteurs locaux d&rsquo;\u00e9changer avec les techniciens des diff\u00e9rentes r\u00e9gions mais aussi de pr\u00e9senter les nombreuses exp\u00e9riences mises en place dans la r\u00e9gion.<\/p>\n<p><strong><em>D\u00e9roulement des JTT<\/em><\/strong><\/p>\n<p>Les JTT dureront deux jours (<a href=\"https:\/\/colloque.inra.fr\/jtt2014\/Programme\">https:\/\/colloque.inra.fr\/jtt2014\/Programme<\/a>). Le 2 avril \u00e0 l\u2019INRA de Champenoux, sera consacr\u00e9e aux restitutions techniques des exp\u00e9rimentations et aux pr\u00e9sentations par des scientifiques invit\u00e9s des derni\u00e8res avanc\u00e9es de la recherche. Dans un esprit d&rsquo;ouverture Catherine Collet (UMR LERFOB) et Arnaud Legout (UR BEF) interviendront lors de cette journ\u00e9e. Le 3 avril sera consacr\u00e9 \u00e0 des visites de terrains organis\u00e9es conjointement par la FFT et l\u2019ITCE. Le matin, les \u00e9changes seront poursuivis \u00e0 la maison des truffes de Boncourt sur Meuse et l&rsquo;apr\u00e8s midi la truffi\u00e8re exp\u00e9rimentale de la maison des truffes ainsi que des truffi\u00e8res naturelles seront visit\u00e9es. Ces visites seront l\u2019occasion de pr\u00e9senter des truffi\u00e8res naturelles de truffes de Bourgogne et m\u00e9sent\u00e9rique et de discuter sur les techniques culturales qui y sont appliqu\u00e9es.<\/p>\n<p><strong><em>Apport pour le LabEx ARBRE<\/em><\/strong><\/p>\n<p>Les truffes sont des champignons ectomycorhiziens end\u00e9miques des for\u00eats fran\u00e7aises. La truffe noire est devenue depuis quelques ann\u00e9es une esp\u00e8ce mod\u00e8le pour les ascomyc\u00e8tes ectomycorrhiziens permettant de mieux comprendre : la biologie et l&rsquo;\u00e9cologie des champignons mycorhiziens et les interactions arbres-microorganismes. Sur ce mod\u00e8le, nous d\u00e9veloppons des approches de g\u00e9nomique, de biologie int\u00e9grative et d&rsquo;\u00e9cologie fonctionnelle qui sont bien dans le cadre des actions multidisciplinaires du labex ARBRE. Les JTT vont d&rsquo;ailleurs renforcer les liens entre diff\u00e9rentes unit\u00e9s du labex avec la participation de chercheurs d&rsquo;IAM, du LERFOB, d&rsquo;EEF et de BEF.<\/p>\n<p>D&rsquo;autre part, la fili\u00e8re trufficole est tr\u00e8s bien structur\u00e9e par des rencontres r\u00e9guli\u00e8res entre les professionnelles et les chercheurs gr\u00e2ce \u00e0 des r\u00e9unions comme les JTT. Les JTT sont donc le lieu id\u00e9al pour proposer des outils aux professionnels et en discuter l\u2019int\u00e9r\u00eat et l\u2019utilisation. Les changement climatiques sont l&rsquo;une des pr\u00e9occupations des trufficulteurs, les JTT seront l&rsquo;occasion de discuter la mise en place d&rsquo;itin\u00e9raires techniques r\u00e9pondant \u00e0 un des objectif pratique du LABEX: \u00ab d\u00e9velopper et diffuser des outils pour mieux g\u00e9rer les for\u00eats et anticiper leur adaptation au changement climatique \u00bb. Ce sera aussi l\u2019occasion aux chercheurs du LABEX ARBRE d\u2019exposer leurs recherches et de discuter avec les techniciens des strat\u00e9gies de valorisation de certains r\u00e9sultats sur le terrain.<\/p>\n<p><strong><a href=\"https:\/\/mycor.iam.inrae.fr\/ARBRE\/wp-content\/uploads\/2014\/03\/JTT2014-logos.jpg\"><img loading=\"lazy\" decoding=\"async\" title=\"JTT2014 logos\" src=\"https:\/\/mycor.iam.inrae.fr\/ARBRE\/wp-content\/uploads\/2014\/03\/JTT2014-logos-300x36.jpg\" alt=\"\" width=\"300\" height=\"36\" \/><\/a><\/strong><\/p>\n","protected":false},"excerpt":{"rendered":"<p>Rencontres entre la recherche et la fili\u00e8re trufficole Les 2 et 3 avril 2014 ______________________________________________________________________________ l&rsquo;UMR IaM organise conjointement avec la F\u00e9d\u00e9ration Fran\u00e7aise des Trufficulteurs (FFT), la F\u00e9d\u00e9ration Interr\u00e9gionale des Trufficulteurs du Centre et de l&rsquo;Est (ITCE), Truffe 54 Lorraine, &hellip; <a href=\"https:\/\/mycor.iam.inrae.fr\/ARBRE\/?page_id=4105\">Continuer la lecture <span class=\"meta-nav\">&rarr;<\/span><\/a><\/p>\n","protected":false},"author":4,"featured_media":0,"parent":2122,"menu_order":0,"comment_status":"closed","ping_status":"open","template":"","meta":{"footnotes":""},"class_list":["post-4105","page","type-page","status-publish","hentry"],"_links":{"self":[{"href":"https:\/\/mycor.iam.inrae.fr\/ARBRE\/index.php?rest_route=\/wp\/v2\/pages\/4105","targetHints":{"allow":["GET"]}}],"collection":[{"href":"https:\/\/mycor.iam.inrae.fr\/ARBRE\/index.php?rest_route=\/wp\/v2\/pages"}],"about":[{"href":"https:\/\/mycor.iam.inrae.fr\/ARBRE\/index.php?rest_route=\/wp\/v2\/types\/page"}],"author":[{"embeddable":true,"href":"https:\/\/mycor.iam.inrae.fr\/ARBRE\/index.php?rest_route=\/wp\/v2\/users\/4"}],"replies":[{"embeddable":true,"href":"https:\/\/mycor.iam.inrae.fr\/ARBRE\/index.php?rest_route=%2Fwp%2Fv2%2Fcomments&post=4105"}],"version-history":[{"count":0,"href":"https:\/\/mycor.iam.inrae.fr\/ARBRE\/index.php?rest_route=\/wp\/v2\/pages\/4105\/revisions"}],"up":[{"embeddable":true,"href":"https:\/\/mycor.iam.inrae.fr\/ARBRE\/index.php?rest_route=\/wp\/v2\/pages\/2122"}],"wp:attachment":[{"href":"https:\/\/mycor.iam.inrae.fr\/ARBRE\/index.php?rest_route=%2Fwp%2Fv2%2Fmedia&parent=4105"}],"curies":[{"name":"wp","href":"https:\/\/api.w.org\/{rel}","templated":true}]}}