{"id":425,"date":"2013-03-25T10:40:03","date_gmt":"2013-03-25T10:40:03","guid":{"rendered":"https:\/\/mycor.iam.inrae.fr\/ARBRE\/?page_id=425"},"modified":"2016-01-12T09:17:03","modified_gmt":"2016-01-12T09:17:03","slug":"evaqbt2","status":"publish","type":"page","link":"https:\/\/mycor.iam.inrae.fr\/ARBRE\/?page_id=425","title":{"rendered":"EVAQBT2"},"content":{"rendered":"<p><strong><a href=\"https:\/\/mycor.iam.inrae.fr\/ARBRE\/wp-content\/uploads\/2013\/03\/Screenshot-2015-06-16-12.38.26-e1434451173595.png\"><img loading=\"lazy\" decoding=\"async\" class=\"alignleft size-full wp-image-7717\" src=\"https:\/\/mycor.iam.inrae.fr\/ARBRE\/wp-content\/uploads\/2013\/03\/Screenshot-2015-06-16-12.38.26-e1434451173595.png\" alt=\"\" width=\"1191\" height=\"254\" \/><\/a>Effet de la variabilit\u00e9 naturelle du bois sur son comportement lors du traitement thermique en vue d&rsquo;optimiser l&rsquo;utilisation de la ressource<br \/>\n<\/strong><\/p>\n<p><em>Responsable scientifique : Philippe G\u00e9rardin (EA 4370\u00a0 Laboratoire d&rsquo;Etudes et de Recherche sur le Mat\u00e9riau Bois \u2014 LERMAB)<\/em><\/p>\n<p><em>Partenaire Labex<\/em> :\u00a0 Laboratoire d&rsquo;Etudes des Resources For\u00eat Bois (LERFOB), UMR INRA-AgroParis Tech 1092<\/p>\n<p><em>Collaboration: <\/em> An\u00e9lie Petrissans, Mathieu Petrissans, Fr\u00e9d\u00e9ric Mothe, Jo\u00ebl Hamada<\/p>\n<p>___________________________________________________________<\/p>\n<p><strong><em>Contexte<\/em><\/strong> \u2014 Le traitement thermique constitue une alternative d&rsquo;int\u00e9r\u00eat pour am\u00e9liorer la r\u00e9sistance des essences peu durables aux agents de pourriture. M\u00eame si il est aujourd&rsquo;hui bien admis que les propri\u00e9t\u00e9s conf\u00e9r\u00e9es au mat\u00e9riau d\u00e9pendent du niveau de d\u00e9gradation thermique du bois r\u00e9sultant de l&rsquo;intensit\u00e9 du traitement fonction de diff\u00e9rents param\u00e8tres li\u00e9s au proc\u00e9d\u00e9, aucune \u00e9tude n&rsquo;existe \u00e0 notre connaissance sur l&rsquo;effet des propri\u00e9t\u00e9s initiales du mat\u00e9riau sur son comportement durant le traitement.<\/p>\n<p><strong><em>Objectifs<\/em> <\/strong>\u2014 Les objectifs de l&rsquo;\u00e9tude sont d&rsquo;\u00e9tudier l&rsquo;effet de la variabilit\u00e9 des propri\u00e9t\u00e9s initiales du mat\u00e9riau telles que sa densit\u00e9 ou sa composition chimique sur sa stabilit\u00e9 thermique pour des conditions de cuisson similaire et l&rsquo;effet sur les propri\u00e9t\u00e9s finales du mat\u00e9riau. De telles donn\u00e9s devraient permettre \u00e0 termes d&rsquo;am\u00e9liorer la conduite des traitements thermiques r\u00e9alis\u00e9s au niveau industriel.<\/p>\n<p><strong><em>D\u00e9marche<\/em> <\/strong>\u2014 Les travaux de l&rsquo;ann\u00e9e 2015 ont consist\u00e9 \u00e0 \u00e9tudier l&rsquo;effet de la variabilit\u00e9 naturelle du bois sur sa stabilit\u00e9 thermique et les cons\u00e9quences des r\u00e9actions de thermo-d\u00e9gradation sur les propri\u00e9t\u00e9s du mat\u00e9riau. L&rsquo;effet de la variabilit\u00e9 naturelle a \u00e9t\u00e9 \u00e9tudi\u00e9 \u00e0 deux niveaux:<\/p>\n<p>&#8211; <strong>\u00e0 un niveau macroscopique<\/strong>, l&rsquo;utilisation de planches a permis de caract\u00e9riser l&rsquo;effet de la variabilit\u00e9 naturelle sur le proc\u00e9d\u00e9, les propri\u00e9t\u00e9s et les performances du mat\u00e9riau. Les planches ont \u00e9t\u00e9 s\u00e9lectionn\u00e9es \u00e0 diff\u00e9rent endroits du tronc d&rsquo;un m\u00eame arbre ou provenant d&rsquo;arbres diff\u00e9rents r\u00e9sultant de conditions sylvicoles diff\u00e9rentes et caract\u00e9ris\u00e9es par tomographie \u00e0 rayons X. L&rsquo;influence de l&rsquo;h\u00e9t\u00e9rog\u00e9n\u00e9it\u00e9 intra et intersp\u00e9cifique sur la perte de masse a \u00e9t\u00e9 \u00e9tudi\u00e9.<\/p>\n<p>&#8211; <strong>\u00e0 un niveau plus fin<\/strong>, l&rsquo;\u00e9tude a \u00e9t\u00e9 r\u00e9alis\u00e9e sur une \u00e9chelle de l&rsquo;ordre de quelques mg de sciures pr\u00e9lev\u00e9s au niveau des cernes annuels d&rsquo;une m\u00eame section transversale de tronc pour \u00e9valu\u00e9 l&rsquo;effet de la variabilit\u00e9 intra-cerne sur les r\u00e9actions de d\u00e9gradation thermique. L&rsquo;\u00e9chantillonnage a \u00e9t\u00e9 r\u00e9alis\u00e9 pour diff\u00e9rentes zones de bois: aubier versus duramen, bois initial versus bois final, diff\u00e9rentes positions dans le duramen. Le traitement thermique a \u00e9t\u00e9 r\u00e9alis\u00e9 sur de petits \u00e9chantillons de sciure \u00e0 l&rsquo;aide d&rsquo;un \u00e9quipement d&rsquo;analyse thermogravim\u00e9trique pour \u00e9valuer le comportement des diff\u00e9rentes zones de bois. Les r\u00e9sultats obtenus permettent de formuler des recommandations pour am\u00e9liorer l&rsquo;efficacit\u00e9 des proc\u00e9d\u00e9s de traitement thermique et am\u00e9liorer la qualit\u00e9 et l&rsquo;homog\u00e9n\u00e9it\u00e9 du mat\u00e9riau.<\/p>\n<p><strong><em>R\u00e9sultats marquants<\/em> \u2014 <\/strong>Les \u00e9tudes au niveau des cernes mettent en \u00e9vidence pour les deux essences \u00e9tudi\u00e9es, le ch\u00eane (<em>Quercus petraea L.<\/em>) et le sapin (<em>Abies alba<\/em>), que le bois initial est plus sensible \u00e0 la d\u00e9gradation thermique que le bois final sugg\u00e9rant que la largeur de cerne peut \u00eatre un param\u00e8tre important lors des proc\u00e9d\u00e9s de traitement thermique du bois. . Dans les deux cas, la plus grande stabilit\u00e9 du bois final comparativement au bois initial a \u00e9t\u00e9 attribu\u00e9e \u00e0 sa plus forte teneur en cellulose. De plus, le duramen du ch\u00eane est \u00e9galement plus sensible aux r\u00e9actions de thermod\u00e9gradation que son aubier. Ce comportement est attribu\u00e9 \u00e0 la plus forte teneur en extractibles du bois de c\u0153ur, qui s&rsquo;est montr\u00e9 plus thermosensibles par analyse thermogravim\u00e9trique en pr\u00e9sence de ces derniers qu&rsquo;en leur absence.<\/p>\n<p><em><strong>Principales conclusions<\/strong><\/em>\u2014 Diff\u00e9rents facteurs intra sp\u00e9cifiques affectent directement la stabilit\u00e9 thermique du bois.La variabilit\u00e9 intra-sp\u00e9cifique comme le rapport bois initial \/ bois final ou duramen \/ aubier influence directement la stabilit\u00e9 du mat\u00e9riau du fait de la plus grande susceptibilit\u00e9 \u00e0 la thermod\u00e9gradation du bois initial par rapport au bois final ou du duramen par rapport \u00e0 l&rsquo;aubier.<\/p>\n<p><strong><em>Perspectives<\/em><\/strong> \u2014 A partir des donn\u00e9es obtenues par analyse thermogravim\u00e9trique, il est envisag\u00e9 de mod\u00e9liser la thermo d\u00e9gradation globale au niveau de planches dont les rapports bois initial \/ bois final auront \u00e9t\u00e9 d\u00e9termin\u00e9s par tomographie aux rayons X. La validit\u00e9 du mod\u00e8le sera valid\u00e9e suite \u00e0 la confrontation des r\u00e9sultats obtenus exp\u00e9rimentalement.<\/p>\n<p>___________________<\/p>\n<p><strong><em>Publications et communications<\/em><\/strong><\/p>\n<p>J. Hamada, A. P\u00e9trissans, F. Mothe, M. Fournier, M. P\u00e9trissans, P. G\u00e9rardin. Effect of the natural density variability of the european oak on the quality of thermally treated wood material, Woodchem, September 26-27, 2013 Nancy, France.<\/p>\n<p>J. Hamada, A. P\u00e9trissans, F. Mothe, M. P\u00e9trissans, P. G\u00e9rardin, Analysis of the effects of the European oak natural variability on the modification of the density distribution and chemical composition during the heat treatment, COST Actions FP0904 and FP1006 \u201eCharacterization of modified wood in relation to wood bonding and coating performance\u201c, October 16-18, 2013, Rogla, Slovenia.<\/p>\n<p>A. P\u00e9trissans, J. Hamada, M. Chaouch, M. P\u00e9trissans, P. G\u00e9rardin Modeling and numerical simulation of wood torrefaction, vi<sup>th<\/sup> international scientific and Technical Conference Innovations in Forest Industry and Engineering Design, INNO_2012, November 14-16, 2013, Yundola, Bulgaria.<\/p>\n<p>J. Hamada, A. P\u00e9trissans, F. Mothe, M. P\u00e9trissans, P. G\u00e9rardin, Effects of the intra ring density and chemical composition variability of oak wood on the thermo-degradation kinetic\u2019s behavior. 7<sup>th<\/sup> European Conference on Wood Modification, March 10 &#8211; 12, 2014, Lisbon, Portugal<\/p>\n","protected":false},"excerpt":{"rendered":"<p>Effet de la variabilit\u00e9 naturelle du bois sur son comportement lors du traitement thermique en vue d&rsquo;optimiser l&rsquo;utilisation de la ressource Responsable scientifique : Philippe G\u00e9rardin (EA 4370\u00a0 Laboratoire d&rsquo;Etudes et de Recherche sur le Mat\u00e9riau Bois \u2014 LERMAB) Partenaire &hellip; <a href=\"https:\/\/mycor.iam.inrae.fr\/ARBRE\/?page_id=425\">Continuer la lecture <span class=\"meta-nav\">&rarr;<\/span><\/a><\/p>\n","protected":false},"author":2,"featured_media":0,"parent":2122,"menu_order":0,"comment_status":"closed","ping_status":"closed","template":"","meta":{"footnotes":""},"class_list":["post-425","page","type-page","status-publish","hentry"],"_links":{"self":[{"href":"https:\/\/mycor.iam.inrae.fr\/ARBRE\/index.php?rest_route=\/wp\/v2\/pages\/425","targetHints":{"allow":["GET"]}}],"collection":[{"href":"https:\/\/mycor.iam.inrae.fr\/ARBRE\/index.php?rest_route=\/wp\/v2\/pages"}],"about":[{"href":"https:\/\/mycor.iam.inrae.fr\/ARBRE\/index.php?rest_route=\/wp\/v2\/types\/page"}],"author":[{"embeddable":true,"href":"https:\/\/mycor.iam.inrae.fr\/ARBRE\/index.php?rest_route=\/wp\/v2\/users\/2"}],"replies":[{"embeddable":true,"href":"https:\/\/mycor.iam.inrae.fr\/ARBRE\/index.php?rest_route=%2Fwp%2Fv2%2Fcomments&post=425"}],"version-history":[{"count":0,"href":"https:\/\/mycor.iam.inrae.fr\/ARBRE\/index.php?rest_route=\/wp\/v2\/pages\/425\/revisions"}],"up":[{"embeddable":true,"href":"https:\/\/mycor.iam.inrae.fr\/ARBRE\/index.php?rest_route=\/wp\/v2\/pages\/2122"}],"wp:attachment":[{"href":"https:\/\/mycor.iam.inrae.fr\/ARBRE\/index.php?rest_route=%2Fwp%2Fv2%2Fmedia&parent=425"}],"curies":[{"name":"wp","href":"https:\/\/api.w.org\/{rel}","templated":true}]}}