{"id":4858,"date":"2014-04-16T12:47:15","date_gmt":"2014-04-16T12:47:15","guid":{"rendered":"https:\/\/mycor.iam.inrae.fr\/ARBRE\/?page_id=4858"},"modified":"2014-04-16T12:47:15","modified_gmt":"2014-04-16T12:47:15","slug":"4858","status":"publish","type":"page","link":"https:\/\/mycor.iam.inrae.fr\/ARBRE\/?page_id=4858","title":{"rendered":""},"content":{"rendered":"<p style=\"text-align: center;\"><a href=\"https:\/\/mycor.iam.inrae.fr\/ARBRE\/wp-content\/uploads\/2014\/04\/fr-stephanie.png\"><img loading=\"lazy\" decoding=\"async\" class=\"size-medium wp-image-5013 aligncenter\" title=\"fr stephanie\" src=\"https:\/\/mycor.iam.inrae.fr\/ARBRE\/wp-content\/uploads\/2014\/04\/fr-stephanie-300x55.png\" alt=\"\" width=\"300\" height=\"55\" \/><\/a>Ch\u00eane d\u00e9p\u00e9rissement<em><br \/>\n2013 Champenoux<\/em><\/p>\n<p style=\"text-align: center;\"><a href=\"https:\/\/mycor.iam.inrae.fr\/ARBRE\/wp-content\/uploads\/2014\/04\/Cha\u0300ne-dC\u0327pC\u0327rissement.jpg\"><img loading=\"lazy\" decoding=\"async\" class=\"wp-image-4859 aligncenter\" title=\"49 - St\u00e9phanie Delvig\" src=\"https:\/\/mycor.iam.inrae.fr\/ARBRE\/wp-content\/uploads\/2014\/04\/Cha\u0300ne-dC\u0327pC\u0327rissement-680x1024.jpg\" alt=\"\" width=\"467\" height=\"703\" \/><\/a><\/p>\n<p style=\"text-align: center;\">______________________________________________________________________________<\/p>\n<p style=\"text-align: center;\"><a href=\"https:\/\/mycor.iam.inrae.fr\/ARBRE\/wp-content\/uploads\/2014\/04\/fr-Erwin.png\"><img loading=\"lazy\" decoding=\"async\" class=\"aligncenter size-medium wp-image-5017\" title=\"fr Erwin\" src=\"https:\/\/mycor.iam.inrae.fr\/ARBRE\/wp-content\/uploads\/2014\/04\/fr-Erwin-300x53.png\" alt=\"\" width=\"300\" height=\"53\" \/><\/a>For\u00eat de h\u00eatres<em><br \/>\n2014\u00a0 Danemark<\/em><\/p>\n<p style=\"text-align: center;\"><img loading=\"lazy\" decoding=\"async\" class=\"aligncenter size-large wp-image-4880\" title=\"60 - Erwin Dreyer\" src=\"https:\/\/mycor.iam.inrae.fr\/ARBRE\/wp-content\/uploads\/2014\/04\/smaller-fore\u0302t-de-he\u0302tres-au-Danemark_nsmail-7-1024x682.jpg\" alt=\"\" width=\"584\" height=\"388\" srcset=\"https:\/\/mycor.iam.inrae.fr\/ARBRE\/wp-content\/uploads\/2014\/04\/smaller-fore\u0302t-de-he\u0302tres-au-Danemark_nsmail-7-1024x682.jpg 1024w, https:\/\/mycor.iam.inrae.fr\/ARBRE\/wp-content\/uploads\/2014\/04\/smaller-fore\u0302t-de-he\u0302tres-au-Danemark_nsmail-7-300x200.jpg 300w, https:\/\/mycor.iam.inrae.fr\/ARBRE\/wp-content\/uploads\/2014\/04\/smaller-fore\u0302t-de-he\u0302tres-au-Danemark_nsmail-7-800x533.jpg 800w, https:\/\/mycor.iam.inrae.fr\/ARBRE\/wp-content\/uploads\/2014\/04\/smaller-fore\u0302t-de-he\u0302tres-au-Danemark_nsmail-7-450x300.jpg 450w\" sizes=\"auto, (max-width: 584px) 100vw, 584px\" \/><\/p>\n<p>\u00a0____________________________________________________________________________<\/p>\n<p>&nbsp;<\/p>\n<p style=\"text-align: center;\"><a href=\"https:\/\/mycor.iam.inrae.fr\/ARBRE\/wp-content\/uploads\/2014\/04\/fr-francois.png\"><img loading=\"lazy\" decoding=\"async\" class=\"aligncenter size-medium wp-image-5018\" title=\"fr francois\" src=\"https:\/\/mycor.iam.inrae.fr\/ARBRE\/wp-content\/uploads\/2014\/04\/fr-francois-300x57.png\" alt=\"\" width=\"300\" height=\"57\" \/><\/a>Fraxinus excelsior en contre-plong\u00e9e<em><br \/>\n2012 Picardie<\/em><\/p>\n<p><img loading=\"lazy\" decoding=\"async\" class=\"aligncenter size-large wp-image-4882\" title=\"1 - Fran\u00e7ois Jobert\" src=\"https:\/\/mycor.iam.inrae.fr\/ARBRE\/wp-content\/uploads\/2014\/04\/Photo-fraxinus-excelsior-FJ-682x1024.jpg\" alt=\"\" width=\"584\" height=\"876\" srcset=\"https:\/\/mycor.iam.inrae.fr\/ARBRE\/wp-content\/uploads\/2014\/04\/Photo-fraxinus-excelsior-FJ-682x1024.jpg 682w, https:\/\/mycor.iam.inrae.fr\/ARBRE\/wp-content\/uploads\/2014\/04\/Photo-fraxinus-excelsior-FJ-200x300.jpg 200w, https:\/\/mycor.iam.inrae.fr\/ARBRE\/wp-content\/uploads\/2014\/04\/Photo-fraxinus-excelsior-FJ-400x600.jpg 400w\" sizes=\"auto, (max-width: 584px) 100vw, 584px\" \/><\/p>\n<p>&nbsp;<\/p>\n<p>&nbsp;<\/p>\n<p>&nbsp;<\/p>\n<p>&nbsp;<\/p>\n<p>&nbsp;<\/p>\n","protected":false},"excerpt":{"rendered":"<p>Ch\u00eane d\u00e9p\u00e9rissement 2013 Champenoux ______________________________________________________________________________ For\u00eat de h\u00eatres 2014\u00a0 Danemark \u00a0____________________________________________________________________________ &nbsp; Fraxinus excelsior en contre-plong\u00e9e 2012 Picardie &nbsp; &nbsp; &nbsp; &nbsp; &nbsp;<\/p>\n","protected":false},"author":4,"featured_media":0,"parent":3494,"menu_order":0,"comment_status":"closed","ping_status":"open","template":"","meta":{"footnotes":""},"class_list":["post-4858","page","type-page","status-publish","hentry"],"_links":{"self":[{"href":"https:\/\/mycor.iam.inrae.fr\/ARBRE\/index.php?rest_route=\/wp\/v2\/pages\/4858","targetHints":{"allow":["GET"]}}],"collection":[{"href":"https:\/\/mycor.iam.inrae.fr\/ARBRE\/index.php?rest_route=\/wp\/v2\/pages"}],"about":[{"href":"https:\/\/mycor.iam.inrae.fr\/ARBRE\/index.php?rest_route=\/wp\/v2\/types\/page"}],"author":[{"embeddable":true,"href":"https:\/\/mycor.iam.inrae.fr\/ARBRE\/index.php?rest_route=\/wp\/v2\/users\/4"}],"replies":[{"embeddable":true,"href":"https:\/\/mycor.iam.inrae.fr\/ARBRE\/index.php?rest_route=%2Fwp%2Fv2%2Fcomments&post=4858"}],"version-history":[{"count":0,"href":"https:\/\/mycor.iam.inrae.fr\/ARBRE\/index.php?rest_route=\/wp\/v2\/pages\/4858\/revisions"}],"up":[{"embeddable":true,"href":"https:\/\/mycor.iam.inrae.fr\/ARBRE\/index.php?rest_route=\/wp\/v2\/pages\/3494"}],"wp:attachment":[{"href":"https:\/\/mycor.iam.inrae.fr\/ARBRE\/index.php?rest_route=%2Fwp%2Fv2%2Fmedia&parent=4858"}],"curies":[{"name":"wp","href":"https:\/\/api.w.org\/{rel}","templated":true}]}}