{"id":5305,"date":"2014-06-24T11:48:14","date_gmt":"2014-06-24T11:48:14","guid":{"rendered":"https:\/\/mycor.iam.inrae.fr\/ARBRE\/?page_id=5305"},"modified":"2019-12-10T14:50:23","modified_gmt":"2019-12-10T14:50:23","slug":"leafmap","status":"publish","type":"page","link":"https:\/\/mycor.iam.inrae.fr\/ARBRE\/?page_id=5305","title":{"rendered":"LeafMap"},"content":{"rendered":"<p><a href=\"https:\/\/mycor.iam.inrae.fr\/ARBRE\/wp-content\/uploads\/2014\/06\/Screenshot-2015-12-14-12.55.10.png\"><img loading=\"lazy\" decoding=\"async\" class=\"alignleft size-full wp-image-8762\" src=\"https:\/\/mycor.iam.inrae.fr\/ARBRE\/wp-content\/uploads\/2014\/06\/Screenshot-2015-12-14-12.55.10.png\" alt=\"Screenshot 2015-12-14 12.55.10\" width=\"418\" height=\"438\"><\/a><\/p>\n<p>&nbsp;<\/p>\n<p>&nbsp;<\/p>\n<p>&nbsp;<\/p>\n<p>&nbsp;<\/p>\n<p>&nbsp;<\/p>\n<p>&nbsp;<\/p>\n<p>&nbsp;<\/p>\n<p>&nbsp;<\/p>\n<p>&nbsp;<\/p>\n<p>&nbsp;<\/p>\n<p>&nbsp;<\/p>\n<p><strong>Long term after-effects of forest management practices<\/strong><\/p>\n<p><em>Responsable scientifique&nbsp;<\/em>: Pierre Montpied (UMR 1137 Ecologie et Ecophysiologie Foresti\u00e8res \u2013 EEF)<\/p>\n<p><em>Partenaires Labex&nbsp;:<\/em> BEF, (UL EA 7304 LOTERR)<\/p>\n<p><em>Collaboration&nbsp;:&nbsp; <\/em>B. Zeller (BEF), X. Rochel (LOTERR),J.-L. Dupouey (EEF)<\/p>\n<p>____________________________<\/p>\n<p><strong>Contexte<\/strong>\u2014 Les effets \u00e0 long terme d&rsquo;une utilisation pass\u00e9e des terres sur l&rsquo;\u00e9tat actuel des \u00e9cosyst\u00e8mes apr\u00e8s la recolonisation foresti\u00e8re sont relativement bien document\u00e9s. Les effets \u00e0 long terme de la gestion foresti\u00e8re le sont beaucoup moins alors qu&rsquo;il est important d&rsquo;\u00e9valuer leurs cons\u00e9quences sur les sols, la productivit\u00e9 ou de la biodiversit\u00e9 des for\u00eats dans le contexte actuel incitant \u00e0 augmenter l&rsquo;extraction de biomasse.<\/p>\n<p>Des changements importants dans la gestion des for\u00eats ont eu lieu au cours du XIXe si\u00e8cle suite \u00e0 la r\u00e9volution industrielle, ce qui a entra\u00een\u00e9 une diminution de la r\u00e9colte de bois de certaines for\u00eats auparavant affect\u00e9es \u00e0 la production intensive de bois \u00e9nergie. Si les effets imm\u00e9diats de la surexploitation ont \u00e9t\u00e9 largement \u00e9tudi\u00e9s, la r\u00e9silience \u00e0 long terme des \u00e9cosyst\u00e8mes forestiers de cette gestion reste largement inconnue<\/p>\n<p><strong>Objectifs<\/strong>\u2014 L&rsquo;objectif de l&rsquo;\u00e9tude est de tester l&rsquo;hypoth\u00e8se que l&rsquo;intensification de l&rsquo;extraction du bois pourrait \u00e0 long terme nuire \u00e0 la productivit\u00e9 et \u00e0 la biodiversit\u00e9 de la for\u00eat suite \u00e0 l&rsquo;appauvrissement du sol et de la flore.<\/p>\n<p><strong>D\u00e9marche<\/strong>\u2014 Nous avons compar\u00e9 des for\u00eats autrefois surexploit\u00e9es avec des for\u00eats moins intens\u00e9ment exploit\u00e9es pour \u00e9tudier les effets \u00e0 long terme de ces niveaux de r\u00e9colte \u00e9lev\u00e9s sur le sol et la v\u00e9g\u00e9tation des \u00e9cosyst\u00e8mes forestiers. Inventaires dendrom\u00e9triques, relev\u00e9s floristiques et analyses de sol, dont la m\u00e9thode innovante NIRS-MIRS, ont \u00e9t\u00e9 men\u00e9s \u00e0 cette fin. Deux campagnes annuelles ont \u00e9t\u00e9 r\u00e9alis\u00e9es, l&rsquo;une (2014) comparant les anciens quarts en r\u00e9serve et les coupes affouag\u00e8res dans les for\u00eats communales du Plateau Lorrain, l&rsquo;autre (2015) s&rsquo;int\u00e9ressant aux for\u00eats anciennement d\u00e9volues \u00e0 la production de bois \u00e9nergie pour les Salines de Lorraine.<\/p>\n<p><strong>R\u00e9sultats marquants <\/strong>\u2014<\/p>\n<ul>\n<li>Faible impact \u00e0 long terme de l&rsquo;intensit\u00e9 pass\u00e9e de la gestion sur la v\u00e9g\u00e9tation et les param\u00e8tres du sol \u00e9tudi\u00e9s ;<\/li>\n<li>Mise en \u00e9vidence de quelques esp\u00e8ces pr\u00e9f\u00e9rant les for\u00eats anciennement surexploit\u00e9es ou inversement moins intens\u00e9ment exploit\u00e9es ;<\/li>\n<li>L&rsquo;analyse NIRS-MIRS des sols a r\u00e9v\u00e9l\u00e9 des diff\u00e9rences de spectre entre les diff\u00e9rents niveaux anciens d&rsquo;intensit\u00e9 d&rsquo;exploitation, qui restent \u00e0 interpr\u00e9ter en termes de param\u00e8tres physicochimiques.<\/li>\n<\/ul>\n<p><strong>Principales conclusions <\/strong>\u2014<\/p>\n<p>Le constat d&rsquo;un faible impact apparent, sur le long terme, des anciens modes d&rsquo;exploitation des for\u00eats de Lorraine ne doit pas amener \u00e0 conclure \u00e0 l&rsquo;innocuit\u00e9 de ces modes de gestion dans la mesure o\u00f9 de fortes incertitudes demeurent sur le respect, jusqu&rsquo;au d\u00e9but du XIX<sup>e<\/sup> si\u00e8cle, des pr\u00e9conisations qu&rsquo;on retrouve dans les archives. Il est notamment fort possible que la pression de pr\u00e9l\u00e8vement de bois ait \u00e9t\u00e9 souvent aussi forte dans les for\u00eats \u00ab\u00a0prot\u00e9g\u00e9es\u00a0\u00bb que dans les autres et que, par cons\u00e9quent, la surexploitation ait \u00e9t\u00e9 g\u00e9n\u00e9ralis\u00e9e.<\/p>\n<p><strong>Perspectives <\/strong>\u2014 Les derni\u00e8res analyses de sols n&rsquo;ayant pas encore \u00e9t\u00e9 re\u00e7ues, le travail d&rsquo;analyse des donn\u00e9es, en particulier en relation avec les spectres de reflectance infrarouge doit encore continu\u00e9 et approfondi.<\/p>\n","protected":false},"excerpt":{"rendered":"<p>&nbsp; &nbsp; &nbsp; &nbsp; &nbsp; &nbsp; &nbsp; &nbsp; &nbsp; &nbsp; &nbsp; Long term after-effects of forest management practices Responsable scientifique&nbsp;: Pierre Montpied (UMR 1137 Ecologie et Ecophysiologie Foresti\u00e8res \u2013 EEF) Partenaires Labex&nbsp;: BEF, (UL EA 7304 LOTERR) Collaboration&nbsp;:&nbsp; B. Zeller &hellip; <a href=\"https:\/\/mycor.iam.inrae.fr\/ARBRE\/?page_id=5305\">Continuer la lecture <span class=\"meta-nav\">&rarr;<\/span><\/a><\/p>\n","protected":false},"author":4,"featured_media":0,"parent":2122,"menu_order":0,"comment_status":"closed","ping_status":"open","template":"","meta":{"footnotes":""},"class_list":["post-5305","page","type-page","status-publish","hentry"],"_links":{"self":[{"href":"https:\/\/mycor.iam.inrae.fr\/ARBRE\/index.php?rest_route=\/wp\/v2\/pages\/5305","targetHints":{"allow":["GET"]}}],"collection":[{"href":"https:\/\/mycor.iam.inrae.fr\/ARBRE\/index.php?rest_route=\/wp\/v2\/pages"}],"about":[{"href":"https:\/\/mycor.iam.inrae.fr\/ARBRE\/index.php?rest_route=\/wp\/v2\/types\/page"}],"author":[{"embeddable":true,"href":"https:\/\/mycor.iam.inrae.fr\/ARBRE\/index.php?rest_route=\/wp\/v2\/users\/4"}],"replies":[{"embeddable":true,"href":"https:\/\/mycor.iam.inrae.fr\/ARBRE\/index.php?rest_route=%2Fwp%2Fv2%2Fcomments&post=5305"}],"version-history":[{"count":0,"href":"https:\/\/mycor.iam.inrae.fr\/ARBRE\/index.php?rest_route=\/wp\/v2\/pages\/5305\/revisions"}],"up":[{"embeddable":true,"href":"https:\/\/mycor.iam.inrae.fr\/ARBRE\/index.php?rest_route=\/wp\/v2\/pages\/2122"}],"wp:attachment":[{"href":"https:\/\/mycor.iam.inrae.fr\/ARBRE\/index.php?rest_route=%2Fwp%2Fv2%2Fmedia&parent=5305"}],"curies":[{"name":"wp","href":"https:\/\/api.w.org\/{rel}","templated":true}]}}