{"id":5334,"date":"2014-06-24T13:59:32","date_gmt":"2014-06-24T13:59:32","guid":{"rendered":"https:\/\/mycor.iam.inrae.fr\/ARBRE\/?page_id=5334"},"modified":"2015-06-16T11:40:33","modified_gmt":"2015-06-16T11:40:33","slug":"qualidar","status":"publish","type":"page","link":"https:\/\/mycor.iam.inrae.fr\/ARBRE\/?page_id=5334","title":{"rendered":"QuaLIDAR"},"content":{"rendered":"<p><strong>Estimation de la qualit\u00e9 des bois ronds et des troncs d&rsquo;arbre par LiDAR<\/strong><\/p>\n<p><em>Responsable scientifique\u00a0<\/em>: Alexandre Piboule (ONF &#8211; P\u00f4le R&amp;D Nancy)<\/p>\n<p><em>Partenaires Labex\u00a0:<\/em> Laboratoire d&rsquo;Etude des Ressources For\u00eat-Bois (LERFOB)<\/p>\n<p><em>Collaboration\u00a0:\u00a0 <\/em>Thi\u00e8ry Constant, Francis Colin<\/p>\n<p>____________________________<\/p>\n<p><strong><em>Contexte<\/em><\/strong> \u2014 La technologie LiDAR (Light Detection And Ranging), utilis\u00e9e depuis le sol, permet de d\u00e9crire des sc\u00e8nes complexes avec un niveau de d\u00e9tail in\u00e9gal\u00e9 \u00e0 ce jour. En balayant son environnement par un faisceau laser jusqu&rsquo;\u00e0 une centaine de m\u00e8tres, l&rsquo;appareil mesure la distance le s\u00e9parant de l&rsquo;obstacle le plus proche dans des millions de directions et avec une pr\u00e9cision de quelques millim\u00e8tres. Des enjeux importants reposent sur cette technique qui bouleverse la capacit\u00e9 des scientifiques et des gestionnaires \u00e0 mesurer des arbres \u00e0 l&rsquo;\u00e9chelle d&rsquo;une placette foresti\u00e8re. De nombreuses publications scientifiques r\u00e9centes attestent de l&rsquo;int\u00e9r\u00eat port\u00e9 au niveau mondial \u00e0 l&rsquo;usage de cette technique en milieu forestier.<\/p>\n<p>L&rsquo;ONF en collaboration avec l&rsquo;ENSAM de Cluny a initi\u00e9 le d\u00e9veloppement d&rsquo;une plateforme logicielle open-source d\u00e9nomm\u00e9e Computree (<a href=\"http:\/\/computree.onf.fr\/\">http:\/\/computree.onf.fr\/<\/a>) qui a pour vocation de mutualiser les d\u00e9veloppements informatiques li\u00e9s \u00e0 l&rsquo;usage de la technologie LiDAR, et de faciliter son usage en milieu forestier<\/p>\n<p><strong><em>Objectifs<\/em><\/strong> \u2014 L&rsquo;objectif de ce projet est d&rsquo;extraire de l&rsquo;information d\u00e9livr\u00e9e par un Lidar terrestre, des caract\u00e9ristiques de forme g\u00e9n\u00e9rale des troncs (volume, courbure, inclinaison&#8230;), et de les compl\u00e9ter par la prise en compte de d\u00e9fauts pr\u00e9sents \u00e0 la surface qui modifient son relief. Ces d\u00e9fauts vont de la pr\u00e9sence de branches, \u00e0 des n\u0153uds recouverts, et jusqu&rsquo;au faible relief correspondant \u00e0 la cicatrice d&rsquo;une branche dans certaines situations d\u2019acquisition favorables.<\/p>\n<p><strong><em>D\u00e9marche<\/em><\/strong> \u2014 Nous proposons la mise au point d&rsquo;algorithmes qui permettront (i) de d\u00e9tecter les zones suspectes par une analyse du relief local, puis pour chaque zone (ii) d&rsquo;identifier le type du d\u00e9faut, et (iii) de d\u00e9terminer ses dimensions en vue de les int\u00e9grer dans des r\u00e8gles de classement. Ces algorithmes seront d\u00e9velopp\u00e9s dans la plateforme Computree. La qualit\u00e9 des algorithmes sera \u00e9valu\u00e9e \u00e0 partir de donn\u00e9es d\u00e9j\u00e0 disponibles\u00a0: sur plusieurs centaines de billons, celles-ci combinent l&rsquo;information Lidar d\u00e9crivant la surface de l&rsquo;\u00e9corce et la nodosit\u00e9 interne obtenue par examen aux rayons X.<em><br \/>\n<\/em><\/p>\n<p><strong><em>R\u00e9sultats et impacts attendus<\/em><\/strong> \u2014 Le d\u00e9veloppement d&rsquo;une m\u00e9thode automatis\u00e9e fournissant des crit\u00e8res de qualit\u00e9 en vue de classer des arbres sur pied apporterait une plus-value ind\u00e9niable dans le suivi d&rsquo;une ressource foresti\u00e8re que cela soit dans une logique d&rsquo;inventaire, de fonctionnement de l&rsquo;\u00e9cosyst\u00e8me, ou encore d&rsquo;\u00e9valuation marchande.<\/p>\n","protected":false},"excerpt":{"rendered":"<p>Estimation de la qualit\u00e9 des bois ronds et des troncs d&rsquo;arbre par LiDAR Responsable scientifique\u00a0: Alexandre Piboule (ONF &#8211; P\u00f4le R&amp;D Nancy) Partenaires Labex\u00a0: Laboratoire d&rsquo;Etude des Ressources For\u00eat-Bois (LERFOB) Collaboration\u00a0:\u00a0 Thi\u00e8ry Constant, Francis Colin ____________________________ Contexte \u2014 La technologie &hellip; <a href=\"https:\/\/mycor.iam.inrae.fr\/ARBRE\/?page_id=5334\">Continuer la lecture <span class=\"meta-nav\">&rarr;<\/span><\/a><\/p>\n","protected":false},"author":4,"featured_media":0,"parent":2122,"menu_order":0,"comment_status":"closed","ping_status":"closed","template":"","meta":{"footnotes":""},"class_list":["post-5334","page","type-page","status-publish","hentry"],"_links":{"self":[{"href":"https:\/\/mycor.iam.inrae.fr\/ARBRE\/index.php?rest_route=\/wp\/v2\/pages\/5334","targetHints":{"allow":["GET"]}}],"collection":[{"href":"https:\/\/mycor.iam.inrae.fr\/ARBRE\/index.php?rest_route=\/wp\/v2\/pages"}],"about":[{"href":"https:\/\/mycor.iam.inrae.fr\/ARBRE\/index.php?rest_route=\/wp\/v2\/types\/page"}],"author":[{"embeddable":true,"href":"https:\/\/mycor.iam.inrae.fr\/ARBRE\/index.php?rest_route=\/wp\/v2\/users\/4"}],"replies":[{"embeddable":true,"href":"https:\/\/mycor.iam.inrae.fr\/ARBRE\/index.php?rest_route=%2Fwp%2Fv2%2Fcomments&post=5334"}],"version-history":[{"count":0,"href":"https:\/\/mycor.iam.inrae.fr\/ARBRE\/index.php?rest_route=\/wp\/v2\/pages\/5334\/revisions"}],"up":[{"embeddable":true,"href":"https:\/\/mycor.iam.inrae.fr\/ARBRE\/index.php?rest_route=\/wp\/v2\/pages\/2122"}],"wp:attachment":[{"href":"https:\/\/mycor.iam.inrae.fr\/ARBRE\/index.php?rest_route=%2Fwp%2Fv2%2Fmedia&parent=5334"}],"curies":[{"name":"wp","href":"https:\/\/api.w.org\/{rel}","templated":true}]}}