{"id":5378,"date":"2014-06-26T08:50:08","date_gmt":"2014-06-26T08:50:08","guid":{"rendered":"https:\/\/mycor.iam.inrae.fr\/ARBRE\/?page_id=5378"},"modified":"2014-09-02T12:25:28","modified_gmt":"2014-09-02T12:25:28","slug":"journees-docs-postdocs","status":"publish","type":"page","link":"https:\/\/mycor.iam.inrae.fr\/ARBRE\/?page_id=5378","title":{"rendered":"ARBRE \u00c9v\u00e9nement"},"content":{"rendered":"<h1><a href=\"https:\/\/mycor.iam.inrae.fr\/ARBRE\/wp-content\/uploads\/2014\/07\/blue-fR.png\"><img loading=\"lazy\" decoding=\"async\" class=\"alignleft size-full wp-image-5521\" title=\"blue fR\" src=\"https:\/\/mycor.iam.inrae.fr\/ARBRE\/wp-content\/uploads\/2014\/07\/blue-fR.png\" alt=\"\" width=\"884\" height=\"220\" \/><\/a><\/h1>\n<h1>Pr\u00e9sentation du s\u00e9minaire<\/h1>\n<p>____________________________________________________________________________<\/p>\n<p>Le LabEx ARBRE \u00e9tudie le fonctionnement et la productivit\u00e9 des \u00e9cosyst\u00e8mes forestiers. Les objectifs sont d\u2019essayer de comprendre leurs m\u00e9canismes, de pr\u00e9voir leurs r\u00e9ponses face aux changements globaux et d\u2019identifier de nouvelles pistes de pr\u00e9servations et de valorisations de ces \u00e9cosyst\u00e8mes. L&rsquo;une des principales forces d&rsquo;ARBRE, c\u2019est de rassembler en son sein un \u00e9ventail tr\u00e8s large de comp\u00e9tences disciplinaires, permettant d&rsquo;appr\u00e9hender\u00a0le fonctionnement des \u00e9cosyst\u00e8mes forestiers et l\u2019analyse de la ressource for\u00eat-bois \u00e0 diff\u00e9rents niveaux depuis la mol\u00e9cule jusqu\u2019au paysage.<\/p>\n<p>Deux ans apr\u00e8s son lancement, d\u00e9velopper les interfaces entre les unit\u00e9s membres du LabEx est le principal d\u00e9fi qu&rsquo;ARBRE a \u00e0 relever pour r\u00e9ussir\u00a0cette int\u00e9gration de disciplines et d\u2019\u00e9chelles indispensable \u00e0 la compr\u00e9hension du fonctionnement particuli\u00e8rement complexe des \u00e9cosyst\u00e8mes forestiers.<\/p>\n<p>Dans le but d\u2019illustrer cette r\u00e9ussite scientifique transversale entre les unit\u00e9s et les quatre actions th\u00e9matiques du Labex et de valoriser le large panel disciplinaire qu\u2019englobe ARBRE, ce colloque met en avant le travail des jeunes chercheurs tels que les doctorants et les post-doctorants des unit\u00e9s de recherche partenaires du LabEx. Il est con\u00e7u de mani\u00e8re \u00e0 mieux rapprocher les diff\u00e9rentes disciplines et \u00e9chelles d\u2019\u00e9tude ainsi qu\u2019\u00e0 \u00e9changer les id\u00e9es <em>via<\/em> des pr\u00e9sentations, des ateliers et une exposition de posters. C\u2019est dans cette optique de dialogue et d\u2019\u00e9changes qu\u2019une conf\u00e9rence pour savoir \u00ab\u00a0parler de la recherche\u00a0\u00bb ou la m\u00e9diation scientifique sera anim\u00e9e par Jean-Marc Galan (CNRS, Institut Jacques-Monod\/Universit\u00e9 Paris Diderot).<\/p>\n<p>Ce colloque s\u2019\u00e9tend sur deux journ\u00e9es\u00a0: le 8 et 9 septembre 2014 \u00e0 l\u2019INRA Champenoux.<\/p>\n<p>_______________________________________________<\/p>\n<h1>Calendrier<\/h1>\n<p>La soumission des r\u00e9sum\u00e9s est close. Les inscriptions sont ouvertes jusqu\u2019au 31 ao\u00fbt 2014 (25 ao\u00fbt 2014 pour les repas).<\/p>\n<h1>_______________________________________________<\/h1>\n<h1><span style=\"color: #000000;\">Programme g\u00e9n\u00e9ral<\/span><\/h1>\n<p style=\"padding-left: 30px;\"><strong><em>lundi 8 septembre<\/em><br \/>\n<\/strong><\/p>\n<p style=\"padding-left: 60px;\"><span style=\"color: #0000ff;\">8h30 -9h00<\/span>\u00a0\u00a0\u00a0\u00a0 Accueil des participants<\/p>\n<p style=\"padding-left: 60px;\"><span style=\"color: #0000ff;\">9h00 -10h40<\/span>\u00a0\u00a0\u00a0 Pr\u00e9sentations :<br \/>\nSession 1 &#8211; Perturbations en for\u00eat : compr\u00e9hension, mod\u00e9lisation, d\u00e9cision (1\u00e8re partie)<\/p>\n<p style=\"padding-left: 60px;\"><span style=\"color: #ff6600;\">10h40 -11h10<\/span> \u00a0 Pause Caf\u00e9<\/p>\n<p style=\"padding-left: 60px;\"><span style=\"color: #0000ff;\">11h10 -12h30<\/span>\u00a0\u00a0 Pr\u00e9sentations :<br \/>\nSession 1 &#8211; Perturbations en for\u00eat : compr\u00e9hension, mod\u00e9lisation, d\u00e9cision (2\u00e8me partie)<\/p>\n<p style=\"padding-left: 60px;\"><span style=\"color: #ff6600;\">12h30 &#8211; 14h00<\/span> \u00a0\u00a0 D\u00e9jeuner<\/p>\n<p style=\"padding-left: 60px;\"><span style=\"color: #0000ff;\">14h00 &#8211; 15h00<\/span> \u00a0\u00a0 Conf\u00e9rence invit\u00e9 : Jean-Marc Galan &#8211; CNRS<br \/>\n\u00ab\u00a0Les objectifs et les difficult\u00e9s de la m\u00e9diation scientifique pour les chercheurs\u00a0\u00bb<\/p>\n<p style=\"padding-left: 60px;\"><span style=\"color: #ff6600;\">15h00 &#8211; 15h15<\/span>\u00a0\u00a0 \u00a0 Pause Caf\u00e9<\/p>\n<p style=\"padding-left: 60px;\"><span style=\"color: #0000ff;\">15h15 &#8211; 17h30<\/span> \u00a0\u00a0\u00a0 Ateliers<\/p>\n<p style=\"padding-left: 30px;\">\u00a0<strong><em>mardi 9 septembre<\/em><br \/>\n<\/strong><\/p>\n<p style=\"padding-left: 60px;\"><span style=\"color: #0000ff;\">9h -10h20<\/span>\u00a0\u00a0\u00a0\u00a0 Pr\u00e9sentations :<br \/>\nSession 2 &#8211; Am\u00e9liorer la comp\u00e9titivit\u00e9 de la fili\u00e8re bois\u00a0: innovations et impacts<\/p>\n<p style=\"padding-left: 60px;\"><span style=\"color: #ff6600;\">10h20 -10h50<\/span> \u00a0 Pause-caf\u00e9<\/p>\n<p style=\"padding-left: 60px;\"><span style=\"color: #0000ff;\">10h50 -12h30<\/span> \u00a0\u00a0 <span style=\"color: #000000;\">Pr\u00e9sentations :<\/span><br \/>\nSession 3 &#8211; Interactions arbres-microorganismes\u00a0: vers une strat\u00e9gie \u00e9volutive d\u2019adaptation<\/p>\n<p style=\"padding-left: 60px;\"><span style=\"color: #ff6600;\">12h30 &#8211; 14h00<\/span>\u00a0\u00a0\u00a0 D\u00e9jeuner<\/p>\n<p style=\"padding-left: 60px;\"><span style=\"color: #0000ff;\">14h00 &#8211;\u00a0 15h30<\/span>\u00a0\u00a0\u00a0 Restitution des ateliers et cl\u00f4ture du s\u00e9minaire<\/p>\n<p>_____________________________________________<\/p>\n<p><strong>Veuillez cliquer ici pour <\/strong><a href=\"https:\/\/mycor.iam.inrae.fr\/ARBRE\/wp-content\/uploads\/2014\/06\/Programme-de\u0301taille\u0301-Detailed-Program.pdf\" class=\"mtli_attachment mtli_pdf\"><strong><span style=\"color: #000000;\">le<\/span> <span style=\"color: #0000ff;\">Programme de\u0301taille\u0301 <\/span><\/strong><\/a><br style=\"color: #0000ff;\" \/>_____________________________________________<\/p>\n<h1>ATELIERS<\/h1>\n<p>Les ateliers sont r\u00e9serv\u00e9s aux Doctorants et Post-doctorants. Ils sont propos\u00e9s afin de stimuler les discussions inter-unit\u00e9s et inter-actions. Une restitution ouverte \u00e0 tous sera donn\u00e9e le lendemain.<\/p>\n<p>&nbsp;<\/p>\n<p><strong><span style=\"color: #ff6600;\">Atelier 1<\/span><br \/>\nChangements climatiques et qualit\u00e9 du bois\u00a0: quels impacts\u00a0? Quelles gestions\u00a0?<\/strong><\/p>\n<p>Le bois est le compos\u00e9 biologique le plus abondant de la plan\u00e8te, joue un r\u00f4le majeur dans le fonctionnement des arbres et des \u00e9cosyst\u00e8mes et fournit une ressource essentielle pour l\u2019Homme. La qualit\u00e9 est un aspect important du bois car elle conditionne le fonctionnement de l\u2019arbre et les propri\u00e9t\u00e9s finales du mat\u00e9riau. Aujourd\u2019hui, un enjeu crucial de la recherche scientifique est donc de comprendre et de pr\u00e9dire l\u2019impact des changements environnementaux sur la qualit\u00e9 du bois. Cet atelier propose d\u2019aborder cette th\u00e9matique en r\u00e9fl\u00e9chissant aux questions suivantes\u00a0:<\/p>\n<ul>\n<li>Quelle est l\u2019utilit\u00e9 du bois pour l\u2019arbre, les \u00e9cosyst\u00e8mes et pour l\u2019Homme\u00a0?<\/li>\n<li>Qu\u2019est-ce que la qualit\u00e9 du bois\u00a0?<\/li>\n<li>Que sait-on de l\u2019influence du climat sur la formation et la qualit\u00e9 du bois\u00a0? Qu\u2019en d\u00e9duire en termes d\u2019impact des changements climatiques sur la qualit\u00e9 du bois\u00a0?<\/li>\n<li>Comment tenir compte de ces changements attendus dans la gestion sylvicole\u00a0?<\/li>\n<\/ul>\n<p>&nbsp;<\/p>\n<h1><strong><span style=\"color: #ff6600;\">Atelier 2\u00a0<\/span><br \/>\nComprendre les interactions arbres-microorganismes dans une optique d\u2019am\u00e9lioration de la production et de valorisation.<\/strong><\/h1>\n<p>Le bois repr\u00e9sente une des ressources en polym\u00e8re les plus abondantes de notre \u00e9cosyst\u00e8me terrestre. Les interactions arbres-microorganismes jouent un r\u00f4le important dans le d\u00e9veloppement des milieux forestiers. En effets les microorganismes peuvent avoir des effets positifs sur la production de biomasse foresti\u00e8re mais \u00e9galement entrainer la d\u00e9gradation de celle-ci.\u00a0 Les r\u00f4les tr\u00e8s diverses des microorganismes et leurs interactions directes avec les \u00e9cosyst\u00e8mes forestiers ont un impact au niveau du bois, tant sur le plan production que sur le plan qualit\u00e9 induisant ainsi une augmentation ou au contraire une d\u00e9pr\u00e9ciation de sa valeur. De plus les microorganismes, de part leur tr\u00e8s forte activit\u00e9 lors des interactions sont et pourraient \u00eatre de bons acteurs \u00e9conomiques au niveau industriel pour le d\u00e9veloppement de\u00a0 nouvelles biotechnologies.<\/p>\n<p>Dans cet atelier nous aborderons les points suivants\u00a0:<\/p>\n<ul>\n<li><span style=\"text-decoration: underline;\">Interactions des \u00e9cosyst\u00e8mes forestiers<\/span>\u00a0: mycorhizes et MHB, comment am\u00e9liorer la biomasse\u00a0? phytopathologie, quels effets sur la production\u00a0?<\/li>\n<li><span style=\"text-decoration: underline;\">Bois mat\u00e9riau\u00a0<\/span>: quelles pr\u00e9servations face aux d\u00e9gradeurs\u00a0?<\/li>\n<li><span style=\"text-decoration: underline;\">Industrie<\/span>\u00a0: vers une utilisation des interactions arbres-microorganismes\u00a0? (d\u00e9pollution, enzymes, chimie verte\u2026)<\/li>\n<\/ul>\n<p>&nbsp;<\/p>\n<p><strong><span style=\"color: #ff6600;\">Atelier 3\u00a0<\/span><br \/>\nChangements climatiques et ph\u00e9nom\u00e8nes de migration des esp\u00e8ces (animales, microbiennes et v\u00e9g\u00e9tales) en for\u00eats.<\/strong><\/p>\n<p>Les changements climatiques globaux constituent un des probl\u00e8mes majeurs de notre \u00e9poque. On pr\u00e9dit des modifications rapides des patrons de temp\u00e9ratures et de pr\u00e9cipitations. Face \u00e0 des changements des conditions \u00e9cologiques les esp\u00e8ces peuvent r\u00e9pondre de trois fa\u00e7ons diff\u00e9rentes : s&rsquo;adapter, migrer ou s&rsquo;\u00e9teindre. Les organismes vivants sont capables d&rsquo;\u00e9voluer et de s&rsquo;adapter en r\u00e9ponse \u00e0 des changements de leurs milieux, cependant ce processus prend du temps et les modifications induites par l&rsquo;activit\u00e9 humaine depuis le d\u00e9but de l&rsquo;\u00e8re industrielle sont extr\u00eamement rapides sur l&rsquo;\u00e9chelle \u00e9volutive.<\/p>\n<p>Un nombre croissant de mod\u00e8les \u00e9cologiques ont \u00e9t\u00e9 d\u00e9velopp\u00e9s depuis le d\u00e9but des ann\u00e9es 2000s afin d\u2019\u00e9tudier les ph\u00e9nom\u00e8nes de migration des esp\u00e8ces foresti\u00e8res (animales et v\u00e9g\u00e9tales) li\u00e9s au r\u00e9chauffement climatique. De fa\u00e7on g\u00e9n\u00e9rale, les mod\u00e8les pr\u00e9disent un d\u00e9placement des aires de r\u00e9partition vers le Nord et en altitude et estiment que le potentiel de migration des esp\u00e8ces v\u00e9g\u00e9tales pourrait \u00eatre de l\u2019ordre de plusieurs centaines de kilom\u00e8tres au cours des cent prochaines ann\u00e9es. Ce ph\u00e9nom\u00e8ne de migration sera plus important dans les zones bor\u00e9ales et temp\u00e9r\u00e9es que dans les zones tropicales.<\/p>\n<p>La migration des esp\u00e8ces sous l\u2019influence du r\u00e9chauffement climatique permettrait \u00e0 moyen terme de r\u00e9pondre aux enjeux de conservation de la biodiversit\u00e9 et de p\u00e9rennisation de la production de bois. Cependant, le succ\u00e8s de la migration des esp\u00e8ces foresti\u00e8res est remis en question, entre autres, par la fragmentation des milieux forestiers li\u00e9e notamment au d\u00e9veloppement humain.<\/p>\n<p>Cet atelier propose d\u2019aborder cette th\u00e9matique en s\u2019appuyant sur les questions suivantes\u00a0:<\/p>\n<ul>\n<li>Quel avenir pour les esp\u00e8ces peuplant actuellement nos for\u00eats?<\/li>\n<li>Quelles essences peupleront nos for\u00eats dans le futur?<\/li>\n<li>De quelle(s) fa\u00e7on(s) les instruments de gestion sylvicole et de l\u2019\u00e9conomie de l\u2019environnement peuvent-ils r\u00e9pondre \u00e0 l\u2019enjeu de migration\u00a0des esp\u00e8ces v\u00e9g\u00e9tales? La faciliter\u00a0?<\/li>\n<\/ul>\n<p>_____________________________________________<\/p>\n<h1>Informations pratiques<\/h1>\n<p><span style=\"color: #ff6600;\"><strong>Acc\u00e8s <\/strong><\/span><br \/>\nLes bus du r\u00e9seau TED desservent le site de l\u2019INRA de Champenoux. Les arr\u00eats sur Nancy comprennent la gare et pr\u00e8s de l\u2019arr\u00eat de tram Division de fer.<\/p>\n<p>Pour plus d\u2019informations\u00a0: <a href=\"http:\/\/www.ted.cg54.fr\/\">http:\/\/www.ted.cg54.fr\/<\/a><\/p>\n<p><span style=\"color: #ff6600;\"><strong>Tarifs des repas <\/strong><\/span><br \/>\nLes repas seront pris en charge pour les doctorants et les post-doctorants.<br \/>\nPour ceux qui poss\u00e8dent une carte de cantine, le tarif habituel est propos\u00e9.<br \/>\nPour ceux qui ne poss\u00e8dent pas de carte de cantine, un tarif invit\u00e9 est appliqu\u00e9, soit de 10.33\u20ac HT.<\/p>\n<p>&nbsp;<\/p>\n","protected":false},"excerpt":{"rendered":"<p>Pr\u00e9sentation du s\u00e9minaire ____________________________________________________________________________ Le LabEx ARBRE \u00e9tudie le fonctionnement et la productivit\u00e9 des \u00e9cosyst\u00e8mes forestiers. Les objectifs sont d\u2019essayer de comprendre leurs m\u00e9canismes, de pr\u00e9voir leurs r\u00e9ponses face aux changements globaux et d\u2019identifier de nouvelles pistes de pr\u00e9servations et &hellip; <a href=\"https:\/\/mycor.iam.inrae.fr\/ARBRE\/?page_id=5378\">Continuer la lecture <span class=\"meta-nav\">&rarr;<\/span><\/a><\/p>\n","protected":false},"author":4,"featured_media":0,"parent":2122,"menu_order":0,"comment_status":"closed","ping_status":"open","template":"","meta":{"footnotes":""},"class_list":["post-5378","page","type-page","status-publish","hentry"],"_links":{"self":[{"href":"https:\/\/mycor.iam.inrae.fr\/ARBRE\/index.php?rest_route=\/wp\/v2\/pages\/5378","targetHints":{"allow":["GET"]}}],"collection":[{"href":"https:\/\/mycor.iam.inrae.fr\/ARBRE\/index.php?rest_route=\/wp\/v2\/pages"}],"about":[{"href":"https:\/\/mycor.iam.inrae.fr\/ARBRE\/index.php?rest_route=\/wp\/v2\/types\/page"}],"author":[{"embeddable":true,"href":"https:\/\/mycor.iam.inrae.fr\/ARBRE\/index.php?rest_route=\/wp\/v2\/users\/4"}],"replies":[{"embeddable":true,"href":"https:\/\/mycor.iam.inrae.fr\/ARBRE\/index.php?rest_route=%2Fwp%2Fv2%2Fcomments&post=5378"}],"version-history":[{"count":0,"href":"https:\/\/mycor.iam.inrae.fr\/ARBRE\/index.php?rest_route=\/wp\/v2\/pages\/5378\/revisions"}],"up":[{"embeddable":true,"href":"https:\/\/mycor.iam.inrae.fr\/ARBRE\/index.php?rest_route=\/wp\/v2\/pages\/2122"}],"wp:attachment":[{"href":"https:\/\/mycor.iam.inrae.fr\/ARBRE\/index.php?rest_route=%2Fwp%2Fv2%2Fmedia&parent=5378"}],"curies":[{"name":"wp","href":"https:\/\/api.w.org\/{rel}","templated":true}]}}