{"id":5474,"date":"2014-07-07T12:50:40","date_gmt":"2014-07-07T12:50:40","guid":{"rendered":"https:\/\/mycor.iam.inrae.fr\/ARBRE\/?page_id=5474"},"modified":"2015-12-15T12:47:23","modified_gmt":"2015-12-15T12:47:23","slug":"wood-ep-n2","status":"publish","type":"page","link":"https:\/\/mycor.iam.inrae.fr\/ARBRE\/?page_id=5474","title":{"rendered":"WOOD-EP-N2"},"content":{"rendered":"<p><a href=\"https:\/\/mycor.iam.inrae.fr\/ARBRE\/wp-content\/uploads\/2014\/07\/wood-ep.png\"><img loading=\"lazy\" decoding=\"async\" class=\"alignleft size-full wp-image-8805\" src=\"https:\/\/mycor.iam.inrae.fr\/ARBRE\/wp-content\/uploads\/2014\/07\/wood-ep.png\" alt=\"wood-ep\" width=\"920\" height=\"318\" \/><\/a><\/p>\n<p>&nbsp;<\/p>\n<p><strong>Wood<\/strong><strong> composition of Eucalyptus and Poplar from pure and mixed plantations.<\/strong><\/p>\n<p><em>Responsable scientifique<\/em> : Nicolas Brosse (LERMAB)<\/p>\n<p><em>Partenaires Labex<\/em> : EEF, LERFOB<\/p>\n<p><em>Collaboration<\/em> :<\/p>\n<p>Dominique GERANT (EEF), Ma\u00eetre de Conf\u00e9rences HDR, UMR 1137 Ecologie et Ecophysiologie Foresti\u00e8res\u2013 Equipe \u00ab\u00a0Fonctionnement int\u00e9gr\u00e9 de l\u2019arbre et de l\u2019\u00e9cosyst\u00e8me\u00a0(ARBECO) \u00bb<\/p>\n<p>Daniel EPRON (EEF) \u2013 Professeur, UMR 1137 Ecologie et Ecophysiologie Foresti\u00e8res (EEF) \u2013 Equipe \u00ab\u00a0Fonctionnement int\u00e9gr\u00e9 de l\u2019arbre et de l\u2019\u00e9cosyst\u00e8me\u00a0(ARBECO) \u00bb \u2013 en d\u00e9l\u00e9gation au CIRAD, UMR 111, Ecologie Fonctionnelle et Biog\u00e9ochimie des Sols &amp; Agrosyst\u00e8mes, Montpellier et au Centre de Recherche sur la Durabilit\u00e9 et la Productivit\u00e9 des Plantations Industrielles, Pointe Noire, Congo<\/p>\n<p>Nicolas MARRON (EEF), \u2013 Charg\u00e9 de Recherche \u2013 UMR 1137 Ecologie et Ecophysiologie Foresti\u00e8res (EEF) \u2013 Equipe \u00ab\u00a0Fonctionnement int\u00e9gr\u00e9 de l\u2019arbre et de l\u2019\u00e9cosyst\u00e8me\u00a0(ARBECO) \u00bb<\/p>\n<p>Lydie Stella KOUTIKA \u2013 chercheure, CRDPI (Centre de Recherche sur la Durabilit\u00e9 et la Productivit\u00e9 des Plantations Industrielles), Pointe Noire, Congo<\/p>\n<p>Julien RUELLE (LERFOB) \u2013 Ing\u00e9nieur de Recherche, LERFOB, Plateforme Xylosciences.<\/p>\n<p>____________________________<\/p>\n<p><strong>Contexte<\/strong>\u2014 L\u2019impact environnemental des for\u00eats plant\u00e9es constitue une pr\u00e9occupation majeure. Afin de minimiser l\u2019appauvrissement du sol en nutriments au sein des plantations, l\u2019introduction d\u2019esp\u00e8ces fixatrices d\u2019azote pourrait procurer un apport azot\u00e9 permettant une intensification de production tout en limitant les probl\u00e8mes environnementaux.<\/p>\n<p><strong>Objectifs <\/strong>\u2014 L\u2019objectif de WOOD-EP-N<sub>2<\/sub> est double\u00a0: (1) d\u00e9velopper des m\u00e9thodes analytiques rapides et efficaces disponibles dans la plate-forme Xylosciences pour l\u2019analyse chimique, physique et structurelle d\u2019\u00e9chantillons de bois\u00a0; (2) \u00e9valuer l\u2019effet des plantations mixtes et la disponibilit\u00e9 en azote sur la qualit\u00e9 du bois produit par l\u2019esp\u00e8ce non fixatrice. WOOD-EP-N<sub>2<\/sub> est un projet collaboratif transdisciplinaire.<\/p>\n<p><strong>D\u00e9marche<\/strong> \u2014\u00a0 Cette \u00e9tude a \u00e9t\u00e9 men\u00e9e sur un \u00e9chantillonnage men\u00e9 sur deux ann\u00e9es (2013 et 2014 ) et sur peuplier et eucalyptus (non fixateurs) \u00e2g\u00e9s, respectivement, de 3 et 7 ans en 2013 et issus de 2 plantations exp\u00e9rimentales de milieu temp\u00e9r\u00e9 (peuplier\/robinier \u2013 St Cyr en Val) et tropical (eucalyptus\/acacia &#8211; Congo). Les m\u00e9thodes analytiques utilis\u00e9es en chimie du bois ont \u00e9t\u00e9 adapt\u00e9es pour l\u2019analyse \u00e0 haut d\u00e9bits d\u2019\u00e9chantillons de tronc incluant une analyse statistique. Les analyses chimiques du bois de peuplier et d\u2019eucalyptus ont \u00e9t\u00e9 effectu\u00e9es en d\u00e9terminant les teneurs en cellulose, holocellulose et lignine apr\u00e8s hydrolyse. La quantification des sucres structuraux et non structuraux a \u00e9t\u00e9 \u00e9tablie. L\u2019indice de cristallinit\u00e9 (CrI) et l\u2019angle microfibrillaire (MFA) ainsi que la microdensit\u00e9 du bois ont \u00e9t\u00e9 analys\u00e9s par des techniques cristallographiques (diffraction aux rayons X) et radiologiques (densitom\u00e9trie aux rayons X).<\/p>\n<p><strong>R\u00e9sultats marquants<\/strong> \u2014<\/p>\n<p>La pr\u00e9sence de l\u2019esp\u00e8ce fixatrice d\u2019azote semble avoir un impact significatif sur\u00a0:<\/p>\n<ul>\n<li>les teneurs en lignine des deux essences. Les taux en lignine de Klason pour le peuplier et celle en lignine soluble pour l\u2019eucalyptus sont sensiblement sup\u00e9rieurs (\u2248 + 2% w\/w base masse s\u00e8che)\u00a0;<\/li>\n<li>la densit\u00e9 du bois d\u2019eucalyptus, sup\u00e9rieure dans le cas des plantations mixtes.<\/li>\n<\/ul>\n<p>Par contre, le traitement a un effet faible voire inexistant sur\u00a0:<\/p>\n<ul>\n<li>la cristallinit\u00e9 de la cellulose et la taille des cristallites qui la constitue,<\/li>\n<li>la composition en sucres (structuraux et non structuraux).<\/li>\n<\/ul>\n<p><strong>Principales conclusions<\/strong> \u2014Des m\u00e9thodes d\u2019analyse rapides et efficaces ont \u00e9t\u00e9 d\u00e9velopp\u00e9es pour l\u2019analyse chimique et physique d\u2019un grand nombre d\u2019\u00e9chantillons de bois. Le m\u00e9lange d\u2019esp\u00e8ces a un effet significatif sur les teneurs en lignine et la densit\u00e9 du bois produit par l\u2019esp\u00e8ce d\u2019int\u00e9r\u00eat \u00e9conomique non fixatrice (peuplier \/ eucalyptus). Par contre, un impact faible ou non significatif a \u00e9t\u00e9 observ\u00e9 sur la microstructure et les teneurs en sucres.<\/p>\n<p><strong>Perspectives<\/strong> \u2014 Les diff\u00e9rences de composition et de structure observ\u00e9es pour le bois provenant des plantations mixtes devront \u00eatre \u00e9valu\u00e9es par rapport aux applications industrielles envisag\u00e9es. Une augmentation de la densit\u00e9 du bois ainsi que de la teneur en lignine pourrait avoir un impact positif pour des applications \u00e9nerg\u00e9tiques. Concernant l\u2019application p\u00e2te \u00e0 papier, le mode de culture ne semble pas influer sur la qualit\u00e9 de la cellulose. Par contre des teneurs en lignine sup\u00e9rieures pourraient avoir un impact n\u00e9gatif sur les proc\u00e9d\u00e9s et les rendements papetiers. Ces premiers r\u00e9sultats demandent cependant \u00e0 \u00eatre confirm\u00e9s.<\/p>\n","protected":false},"excerpt":{"rendered":"<p>&nbsp; Wood composition of Eucalyptus and Poplar from pure and mixed plantations. Responsable scientifique : Nicolas Brosse (LERMAB) Partenaires Labex : EEF, LERFOB Collaboration : Dominique GERANT (EEF), Ma\u00eetre de Conf\u00e9rences HDR, UMR 1137 Ecologie et Ecophysiologie Foresti\u00e8res\u2013 Equipe \u00ab\u00a0Fonctionnement &hellip; <a href=\"https:\/\/mycor.iam.inrae.fr\/ARBRE\/?page_id=5474\">Continuer la lecture <span class=\"meta-nav\">&rarr;<\/span><\/a><\/p>\n","protected":false},"author":4,"featured_media":0,"parent":2122,"menu_order":0,"comment_status":"closed","ping_status":"open","template":"","meta":{"footnotes":""},"class_list":["post-5474","page","type-page","status-publish","hentry"],"_links":{"self":[{"href":"https:\/\/mycor.iam.inrae.fr\/ARBRE\/index.php?rest_route=\/wp\/v2\/pages\/5474","targetHints":{"allow":["GET"]}}],"collection":[{"href":"https:\/\/mycor.iam.inrae.fr\/ARBRE\/index.php?rest_route=\/wp\/v2\/pages"}],"about":[{"href":"https:\/\/mycor.iam.inrae.fr\/ARBRE\/index.php?rest_route=\/wp\/v2\/types\/page"}],"author":[{"embeddable":true,"href":"https:\/\/mycor.iam.inrae.fr\/ARBRE\/index.php?rest_route=\/wp\/v2\/users\/4"}],"replies":[{"embeddable":true,"href":"https:\/\/mycor.iam.inrae.fr\/ARBRE\/index.php?rest_route=%2Fwp%2Fv2%2Fcomments&post=5474"}],"version-history":[{"count":0,"href":"https:\/\/mycor.iam.inrae.fr\/ARBRE\/index.php?rest_route=\/wp\/v2\/pages\/5474\/revisions"}],"up":[{"embeddable":true,"href":"https:\/\/mycor.iam.inrae.fr\/ARBRE\/index.php?rest_route=\/wp\/v2\/pages\/2122"}],"wp:attachment":[{"href":"https:\/\/mycor.iam.inrae.fr\/ARBRE\/index.php?rest_route=%2Fwp%2Fv2%2Fmedia&parent=5474"}],"curies":[{"name":"wp","href":"https:\/\/api.w.org\/{rel}","templated":true}]}}