{"id":5488,"date":"2014-07-08T08:55:29","date_gmt":"2014-07-08T08:55:29","guid":{"rendered":"https:\/\/mycor.iam.inrae.fr\/ARBRE\/?page_id=5488"},"modified":"2015-06-16T11:23:51","modified_gmt":"2015-06-16T11:23:51","slug":"outils-de-detection-de-la-degradation-du-bois","status":"publish","type":"page","link":"https:\/\/mycor.iam.inrae.fr\/ARBRE\/?page_id=5488","title":{"rendered":"Outils de d\u00e9tection de la d\u00e9gradation du bois"},"content":{"rendered":"<p><strong>Doctorant : <\/strong>Maxime Toussaint<strong><br \/>\nUniversit\u00e9 <\/strong>: Universit\u00e9 de Lorraine, France<strong><br \/>\nDur\u00e9e du contrat <\/strong>: 2013-2016<\/p>\n<p><strong>Titre de la th\u00e8se<\/strong>\u00a0<strong>\u2014<\/strong> D\u00e9veloppement d\u2019un nouvel outil de d\u00e9tection de la d\u00e9gradation pr\u00e9coce du bois<\/p>\n<p><strong><strong>\u00c9quipe d\u2019accueil et encadrant(s)<\/strong> \u00a0<strong>\u2014<\/strong><br \/>\n<\/strong>\u00c9quipe d\u2019accueil : UMR 1128 &#8211; Dynamique des g\u00e9nomes et adaptation microbienne (DYNAMIC)<strong><br \/>\n<\/strong>Encadrants : Cyril Bontemps et Pierre Leblond<\/p>\n<p><strong><em><em>_______________________<\/em><\/em><\/strong><\/p>\n<p><strong>Contexte et \u00e9tat de l\u2019art \u2014<\/strong> La d\u00e9gradation du bois est un m\u00e9canisme complexe essentiel pour la sant\u00e9 de l\u2019arbre et des for\u00eats, ainsi que pour le recyclage du carbone dans le sol. Cependant, elle constitue \u00e9galement un probl\u00e8me socio-\u00e9conomique majeur pour les industriels de la fili\u00e8re bois, de par l\u2019utilisation croissante du bois dans la construction. La d\u00e9gradation microbienne (champignons, bact\u00e9ries) du bois est consid\u00e9r\u00e9e comme la menace la plus vive pour la pr\u00e9servation du bois sur le long terme. Etre capable de d\u00e9tecter et \u00e9valuer rapidement le degr\u00e9 et l\u2019avancement de la d\u00e9gradation du bois est un enjeu important. Cependant, les m\u00e9thodes normalis\u00e9es actuelles, bas\u00e9e sur la perte de masse cons\u00e9quente \u00e0 l\u2019attaque biologique, sont longues et non sp\u00e9cifiques. La connaissance des m\u00e9canismes biologiques de la d\u00e9gradation du bois peut \u00eatre exploit\u00e9e pour d\u00e9velopper de nouvelles m\u00e9thodes.<\/p>\n<p><strong>Objectifs et questions de recherche\u00a0\u2014<\/strong> D\u00e9velopper des m\u00e9thodes biologiques de d\u00e9tection de la d\u00e9gradation pr\u00e9coce du bois mat\u00e9riau.<\/p>\n<p><strong>Enjeux scientifiques et socio-\u00e9conomiques \u2014<\/strong> Proposer des m\u00e9thodes alternatives aux outils m\u00e9trologiques actuels dans le domaine de la pr\u00e9servation du bois.<\/p>\n<p><strong>Approches m\u00e9thodologiques et r\u00e9sultats attendus \u2014<\/strong> Les bact\u00e9ries du genre <em>Streptomyces<\/em> sont des auxiliaires de la d\u00e9gradation du bois par les champignons xylophages. Utiliser leur capacit\u00e9 \u00e0 sentir les compos\u00e9s de d\u00e9gradation (lignine, cellulose, h\u00e9micellulose) lib\u00e9r\u00e9s par les champignons constitue la base du d\u00e9veloppement de nouveaux outils de d\u00e9tection.<\/p>\n<p>Sur le plan biologique et \u00e9cologique, cette d\u00e9marche apportera une meilleure connaissance des m\u00e9canismes de la d\u00e9gradation du bois par les communaut\u00e9s microbiennes. D\u2019un point de vue biotechnologique, il s\u2019agit de fournir aux industriels de la fili\u00e8re bois de nouveaux outils rapides et sensibles pour diagnostiquer l\u2019\u00e9tat de d\u00e9gradation du bois trait\u00e9 ou non.<\/p>\n","protected":false},"excerpt":{"rendered":"<p>Doctorant : Maxime Toussaint Universit\u00e9 : Universit\u00e9 de Lorraine, France Dur\u00e9e du contrat : 2013-2016 Titre de la th\u00e8se\u00a0\u2014 D\u00e9veloppement d\u2019un nouvel outil de d\u00e9tection de la d\u00e9gradation pr\u00e9coce du bois \u00c9quipe d\u2019accueil et encadrant(s) \u00a0\u2014 \u00c9quipe d\u2019accueil : UMR &hellip; <a href=\"https:\/\/mycor.iam.inrae.fr\/ARBRE\/?page_id=5488\">Continuer la lecture <span class=\"meta-nav\">&rarr;<\/span><\/a><\/p>\n","protected":false},"author":4,"featured_media":0,"parent":2122,"menu_order":0,"comment_status":"closed","ping_status":"open","template":"","meta":{"footnotes":""},"class_list":["post-5488","page","type-page","status-publish","hentry"],"_links":{"self":[{"href":"https:\/\/mycor.iam.inrae.fr\/ARBRE\/index.php?rest_route=\/wp\/v2\/pages\/5488","targetHints":{"allow":["GET"]}}],"collection":[{"href":"https:\/\/mycor.iam.inrae.fr\/ARBRE\/index.php?rest_route=\/wp\/v2\/pages"}],"about":[{"href":"https:\/\/mycor.iam.inrae.fr\/ARBRE\/index.php?rest_route=\/wp\/v2\/types\/page"}],"author":[{"embeddable":true,"href":"https:\/\/mycor.iam.inrae.fr\/ARBRE\/index.php?rest_route=\/wp\/v2\/users\/4"}],"replies":[{"embeddable":true,"href":"https:\/\/mycor.iam.inrae.fr\/ARBRE\/index.php?rest_route=%2Fwp%2Fv2%2Fcomments&post=5488"}],"version-history":[{"count":0,"href":"https:\/\/mycor.iam.inrae.fr\/ARBRE\/index.php?rest_route=\/wp\/v2\/pages\/5488\/revisions"}],"up":[{"embeddable":true,"href":"https:\/\/mycor.iam.inrae.fr\/ARBRE\/index.php?rest_route=\/wp\/v2\/pages\/2122"}],"wp:attachment":[{"href":"https:\/\/mycor.iam.inrae.fr\/ARBRE\/index.php?rest_route=%2Fwp%2Fv2%2Fmedia&parent=5488"}],"curies":[{"name":"wp","href":"https:\/\/api.w.org\/{rel}","templated":true}]}}