{"id":552,"date":"2013-05-03T07:35:19","date_gmt":"2013-05-03T07:35:19","guid":{"rendered":"https:\/\/mycor.iam.inrae.fr\/ARBRE\/?page_id=552"},"modified":"2015-06-16T11:29:51","modified_gmt":"2015-06-16T11:29:51","slug":"ateliers-regefor-2013","status":"publish","type":"page","link":"https:\/\/mycor.iam.inrae.fr\/ARBRE\/?page_id=552","title":{"rendered":"Ateliers REGEFOR 2013"},"content":{"rendered":"<p><strong><a href=\"https:\/\/mycor.iam.inrae.fr\/ARBRE\/wp-content\/uploads\/2013\/05\/regefor_web.jpg\"><img loading=\"lazy\" decoding=\"async\" class=\"alignleft  wp-image-554\" title=\"regefor_web\" src=\"https:\/\/mycor.iam.inrae.fr\/ARBRE\/wp-content\/uploads\/2013\/05\/regefor_web.jpg\" alt=\"\" width=\"233\" height=\"138\" srcset=\"https:\/\/mycor.iam.inrae.fr\/ARBRE\/wp-content\/uploads\/2013\/05\/regefor_web.jpg 420w, https:\/\/mycor.iam.inrae.fr\/ARBRE\/wp-content\/uploads\/2013\/05\/regefor_web-300x177.jpg 300w\" sizes=\"auto, (max-width: 233px) 100vw, 233px\" \/><\/a>La gestion de la fertilit\u00e9 des sols est-elle \u00e0 un tournant ?<\/strong><\/p>\n<p><em>Responsable scientifique : \u00a0Erwin Dreyer (Pr\u00e9sidence du Centre Inra de Nancy-Lorraine)<\/em><\/p>\n<p>Partenaires :\u00a0 AgroParisTech, Universit\u00e9 de Lorraine, GIP Ecofor<\/p>\n<p>____________________________________________________________________________<\/p>\n<p><strong><em><br \/>\nContexte<\/em><\/strong>\u00a0<strong>\u2014 <\/strong>La progression rapide pr\u00e9vue de la r\u00e9colte de biomasse, notamment \u00e0 des fins \u00e9nerg\u00e9tiques, l\u2019\u00e9volution des syst\u00e8mes de production et d\u2019exploitation foresti\u00e8res, ainsi que l\u2019accentuation des changements globaux, particuli\u00e8rement climatiques, am\u00e8nent \u00e0 la question fondamentale : les sols vont-ils supporter sur le long terme ces pressions suppl\u00e9mentaires ? Autrement dit, la fertilit\u00e9 des sols dans toutes ses composantes, est-elle \u00e0 un tournant ? Comment g\u00e9rer ces \u00e9volutions en conciliant production soutenue et durabilit\u00e9 des \u00e9cosyst\u00e8mes forestiers pour tous les services rendus ?<\/p>\n<p>Face \u00e0 ces contraintes et \u00e9volutions diverses, comment les sols forestiers dont la fertilit\u00e9 est limit\u00e9e et la r\u00e9silience faible vont-ils se comporter ? La v\u00e9g\u00e9tation s\u2019est adapt\u00e9e \u00e0 ces conditions, produisant une biomasse non n\u00e9gligeable gr\u00e2ce \u00e0 un recyclage performant des ressources min\u00e9rales, mais \u00e9galement gr\u00e2ce \u00e0 des associations microbiennes tr\u00e8s efficaces pour mobiliser les nutriments. Sera-t-il possible de maintenir cette performance, en particulier en cas de s\u00e9cheresse en milieu pauvre ? Quelles pr\u00e9cautions prendre ? Quelles rem\u00e9diations mettre en \u0153uvre ?<\/p>\n<p><strong><em>Objectifs<\/em><\/strong><strong> \u2014 <\/strong>Ils sont \u00e0 la fois de faire un point sur les connaissances scientifiques dans ce domaine, de stimuler les \u00e9changes entre gestion et recherche, de discuter les aspects appliqu\u00e9s de la gestion de la fertilit\u00e9 des sols en se pla\u00e7ant dans une diversit\u00e9 de sc\u00e9narii sylvicoles possibles et dans une vision strat\u00e9gique int\u00e9grant les aspects sociaux et \u00e9conomiques.<\/p>\n<p><strong><em>D\u00e9marche<\/em><\/strong><strong>\u2014 <\/strong>Les points strat\u00e9giques abord\u00e9s seront les suivants\u00a0:<\/p>\n<ul>\n<li>Analyses des principales \u00ab\u00a0contraintes\u00a0\u00bb s\u2019exer\u00e7ant sur le syst\u00e8me forestier,<\/li>\n<li>Connaissance des processus importants contr\u00f4lant la biodisponibilit\u00e9 des \u00e9l\u00e9ments nutritifs,<\/li>\n<li>Int\u00e9r\u00eat des outils de suivi, d\u2019exp\u00e9rimentation, de simulation et d\u2019aide \u00e0 la d\u00e9cision,<\/li>\n<li>Analyse des r\u00e9ponses des sols aux contraintes et leur r\u00e9silience,<\/li>\n<li>Gestion des sols, notamment la compensation des exportations et la rem\u00e9diation des sols d\u00e9grad\u00e9s,<\/li>\n<li>Fonctions \/ services rendus par les sols en fonction des \u00e9volutions de la gestion foresti\u00e8re.<\/li>\n<\/ul>\n","protected":false},"excerpt":{"rendered":"<p>La gestion de la fertilit\u00e9 des sols est-elle \u00e0 un tournant ? Responsable scientifique : \u00a0Erwin Dreyer (Pr\u00e9sidence du Centre Inra de Nancy-Lorraine) Partenaires :\u00a0 AgroParisTech, Universit\u00e9 de Lorraine, GIP Ecofor ____________________________________________________________________________ Contexte\u00a0\u2014 La progression rapide pr\u00e9vue de la r\u00e9colte &hellip; <a href=\"https:\/\/mycor.iam.inrae.fr\/ARBRE\/?page_id=552\">Continuer la lecture <span class=\"meta-nav\">&rarr;<\/span><\/a><\/p>\n","protected":false},"author":2,"featured_media":0,"parent":2122,"menu_order":0,"comment_status":"closed","ping_status":"closed","template":"","meta":{"footnotes":""},"class_list":["post-552","page","type-page","status-publish","hentry"],"_links":{"self":[{"href":"https:\/\/mycor.iam.inrae.fr\/ARBRE\/index.php?rest_route=\/wp\/v2\/pages\/552","targetHints":{"allow":["GET"]}}],"collection":[{"href":"https:\/\/mycor.iam.inrae.fr\/ARBRE\/index.php?rest_route=\/wp\/v2\/pages"}],"about":[{"href":"https:\/\/mycor.iam.inrae.fr\/ARBRE\/index.php?rest_route=\/wp\/v2\/types\/page"}],"author":[{"embeddable":true,"href":"https:\/\/mycor.iam.inrae.fr\/ARBRE\/index.php?rest_route=\/wp\/v2\/users\/2"}],"replies":[{"embeddable":true,"href":"https:\/\/mycor.iam.inrae.fr\/ARBRE\/index.php?rest_route=%2Fwp%2Fv2%2Fcomments&post=552"}],"version-history":[{"count":0,"href":"https:\/\/mycor.iam.inrae.fr\/ARBRE\/index.php?rest_route=\/wp\/v2\/pages\/552\/revisions"}],"up":[{"embeddable":true,"href":"https:\/\/mycor.iam.inrae.fr\/ARBRE\/index.php?rest_route=\/wp\/v2\/pages\/2122"}],"wp:attachment":[{"href":"https:\/\/mycor.iam.inrae.fr\/ARBRE\/index.php?rest_route=%2Fwp%2Fv2%2Fmedia&parent=552"}],"curies":[{"name":"wp","href":"https:\/\/api.w.org\/{rel}","templated":true}]}}