{"id":5824,"date":"2014-09-26T13:58:09","date_gmt":"2014-09-26T13:58:09","guid":{"rendered":"https:\/\/mycor.iam.inrae.fr\/ARBRE\/?page_id=5824"},"modified":"2015-12-16T10:11:34","modified_gmt":"2015-12-16T10:11:34","slug":"arbre-interview-nate-osborne","status":"publish","type":"page","link":"https:\/\/mycor.iam.inrae.fr\/ARBRE\/?page_id=5824","title":{"rendered":"ARBRE Interview &#8211; Nate Osborne"},"content":{"rendered":"<p><a href=\"https:\/\/mycor.iam.inrae.fr\/ARBRE\/wp-content\/uploads\/2014\/09\/Nate-Osborne-photo5.png\"><img loading=\"lazy\" decoding=\"async\" class=\"alignleft size-medium wp-image-5825\" title=\"Nate Osborne \" src=\"https:\/\/mycor.iam.inrae.fr\/ARBRE\/wp-content\/uploads\/2014\/09\/Nate-Osborne-photo5-210x300.png\" alt=\"\" width=\"210\" height=\"300\" srcset=\"https:\/\/mycor.iam.inrae.fr\/ARBRE\/wp-content\/uploads\/2014\/09\/Nate-Osborne-photo5-210x300.png 210w, https:\/\/mycor.iam.inrae.fr\/ARBRE\/wp-content\/uploads\/2014\/09\/Nate-Osborne-photo5-421x600.png 421w, https:\/\/mycor.iam.inrae.fr\/ARBRE\/wp-content\/uploads\/2014\/09\/Nate-Osborne-photo5.png 440w\" sizes=\"auto, (max-width: 210px) 100vw, 210px\" \/><\/a><\/p>\n<p>&nbsp;<\/p>\n<p><strong>Nate Osborne<\/strong><\/p>\n<p><em>Doctorant<\/em><\/p>\n<p>26 septembre 2014<\/p>\n<p>_________________________<\/p>\n<p>&nbsp;<\/p>\n<p>&nbsp;<\/p>\n<p>Nate a pass\u00e9 les 3 premi\u00e8res semaines de septembre en France. Son s\u00e9jour visait \u00e0 pr\u00e9ciser les termes de la collaboration entre le LERFoB et l&rsquo;universit\u00e9 de l&rsquo;Or\u00e9gon \u00e0 Corvallis (OSU ; <a href=\"http:\/\/oregonstate.edu\/\">http:\/\/oregonstate.edu\/<\/a>) et particuli\u00e8rement avec la Facult\u00e9 de Foresterie (<a href=\"http:\/\/oregonstate.edu\/research\/college-forestry\">http:\/\/oregonstate.edu\/research\/college-forestry<\/a>) et le Professeur Doug Maguire (<a href=\"http:\/\/ferm.forestry.oregonstate.edu\/facstaff\/maguire-doug\">http:\/\/ferm.forestry.oregonstate.edu\/facstaff\/maguire-doug<\/a>) responsable de la coop\u00e9rative de donn\u00e9es sylvicoles CIPS (<a href=\"http:\/\/www.fsl.orst.edu\/cips\/\">http:\/\/www.fsl.orst.edu\/cips\/<\/a>), d\u00e9di\u00e9e particuli\u00e8rement au Douglas, et qui a inspir\u00e9 notre GIS\u00a0 <strong>\u201cCoop\u00e9rative de donn\u00e9es sur la croissance des peuplements forestiers\u201d<\/strong>. Celui-ci f\u00eate ses 20 ans d&rsquo;existence (<a href=\"http:\/\/agriculture.gouv.fr\/Experimentation-de-sylvicultures\">http:\/\/agriculture.gouv.fr\/Experimentation-de-sylvicultures<\/a>).<\/p>\n<p>Avec la fin de la premi\u00e8re semaine, Nate a fait une pr\u00e9sentation au colloque LabEx des docs et post-docs. Cette pr\u00e9sentation a mis en valeur notre projet de collaboration visant \u00e0 am\u00e9liorier les mod\u00e8les d&rsquo;angle de branche et de courbure des n\u0153uds du Douglas \u00e0 partir de donn\u00e9es recueillies par le tomographe du plateau de Xylosciences.<\/p>\n<p>La seconde semaine a \u00e9t\u00e9 consacr\u00e9e \u00e0 l&rsquo;introduction d&rsquo;une version simplifi\u00e9e, c&rsquo;est-\u00e0-dire ne comprenant pas les \u00e9claircies, du mod\u00e8le de croissance ORGANON (<a href=\"http:\/\/www.cof.orst.edu\/cof\/fr\/research\/organon\/\">http:\/\/www.cof.orst.edu\/cof\/fr\/research\/organon\/<\/a>) dans CAPSIS (<a href=\"http:\/\/capsis.cirad.fr\/capsis\/home\">http:\/\/capsis.cirad.fr\/capsis\/home<\/a>).<\/p>\n<p>La troisi\u00e8me semaine a permis de pr\u00e9ciser l&rsquo;\u00e9chantillonnage de Douglas commun \u00e0 la collaboration avec Nate et au contrat ModelFor, notamment par une visite en for\u00eat du Grison (au nord de Cluny), les possibilit\u00e9s d&rsquo;interpr\u00e9tation automatique des images scanner (collaboration LERFoB-INRIA) et les perspectives en mati\u00e8re d&rsquo;utilisation du mod\u00e8le ORGANON en France.<\/p>\n<p>Ci-dessous est l\u2019interview qu\u2019il nous a accord\u00e9e r\u00e9cemment.<\/p>\n<p>__________________________________________________________<\/p>\n<p><strong>D\u2019o\u00f9 \u00eates-vous originaire ?<br \/>\n<\/strong><\/p>\n<p>Je suis n\u00e9 \u00e0 Winston-Salem en Caroline du Nord dans le sud-est des \u00c9tats-Unis.<\/p>\n<p><strong>Pouvez-vous nous d\u00e9crire votre formation et ce qui vous a amen\u00e9 \u00e0 travailler avec le LERFoB \u00e0 l&rsquo;INRA ?<\/strong><\/p>\n<p>Tout a commenc\u00e9 au cours de mes \u00e9tudes sup\u00e9rieures \u00e0 la \u00ab\u00a0North Carolina State University\u00a0\u00bb. J&rsquo;ai eu la chance d\u2019\u00eatre impliqu\u00e9 dans un programme de collaboration entre les Etats-Unis et l&rsquo;Europe. Ce programme m&rsquo;a permis de travailler et de s\u00e9journer \u00e0 l&rsquo;Universit\u00e9 d&rsquo;Helsinki en Finlande o\u00f9 j\u2019ai obtenu un second dipl\u00f4me de ma\u00eetrise \u00e8s sciences. Apr\u00e8s ma ma\u00eetrise, j\u2019ai quitt\u00e9 la c\u00f4te Est pour le Nord-Ouest des Etats-Unis pour pr\u00e9parer mon doctorat \u00e0 l&rsquo;Universit\u00e9 de l&rsquo;Or\u00e9gon (OSU) \u00e0 Corvallis sous la direction du Professeur Doug Maguire. C\u2019est \u00e0 cette \u00e9poque que j&rsquo;ai rencontr\u00e9 Francis Colin, chercheur au LERFoB, qui visitait OSU et la \u00ab\u00a0Cooperative for Intensive Silviculture (CIPS). La CIPS \u00a0finance mon doctorat. Quelques mois apr\u00e8s sa visite, Francis nous a invit\u00e9, Doug Maguire et moi, \u00e0 participer au Congr\u00e8s IUFRO-MeMoWood qu\u2019il co-organisait \u00e0 Nancy. Le bon d\u00e9roulement de mon s\u00e9jour en Finlande m\u2019avait fortement motiv\u00e9 pour poursuivre ce type de collaboration internationale en France. Lors de l\u2019atelier MeMoWood, nous avons donc planifi\u00e9 un projet de collaboration visant \u00e0 partager nos expertises. Mon s\u00e9jour de trois semaines \u00e0 l&rsquo;INRA Nancy-Lorraine et au CIRAD-AMAP \u00e0 Montpellier est la premi\u00e8re \u00e9tape de ce projet collaboratif.<\/p>\n<p><strong>Parlez-nous de vos recherches &#8211; quelle est votre sp\u00e9cialit\u00e9 et pourquoi est-ce important ?<\/strong><\/p>\n<p>Mes \u00e9tudes de doctorat portent sur la mod\u00e9lisation des structures macroscopiques du bois de Douglas. En ce moment, je me concentre sur la description de la courbure des n\u0153uds. Les n\u0153uds sont les parties du bois form\u00e9es par la jonction entre les cernes de bois des branches et celles du tronc. Les n\u0153uds, ainsi que d\u2019autres structures macroscopiques (duramen, aubier, noyau juv\u00e9nile, etc) provoquent des irr\u00e9gularit\u00e9s dans les propri\u00e9t\u00e9s des billons de bois qui impactent leur utilisation finale et leur valeur marchande. Heureusement, la plupart des caract\u00e9ristiques macroscopiques du bois de Douglas peut \u00eatre contr\u00f4l\u00e9e par le biais de la gestion foresti\u00e8re. Mon projet de recherche vise donc \u00e0 am\u00e9liorer notre capacit\u00e9 d&rsquo;estimation de la qualit\u00e9 du bois par mod\u00e9lisation \u00e0 l\u2019aide du simulateur de croissance et de production ORGANON. Vous pouvez en savoir plus sur ORGANON en consultant le site suivant : www.cof.orst.edu\/ cof\/fr\/recherche\/organon. Forestiers, \u00e9tudiants, et scientifiques peuvent utiliser ORGANON pour examiner les cons\u00e9quences de la gestion foresti\u00e8re sur la qualit\u00e9 et la production de bois. La quantification de la production et de la qualit\u00e9 du bois est essentielle \u00e0 toute \u00e9valuation \u00e9conomique de la for\u00eat. Je suis convaincu que l\u2019\u00e9valuation \u00e9conomique des strat\u00e9gies de gestion foresti\u00e8re est un pr\u00e9alable essentiel afin de garantir la gestion durable des for\u00eats.<\/p>\n<p><strong>Quand avez-vous commenc\u00e9 \u00e0 vous int\u00e9resser \u00e0 la for\u00eat<\/strong><strong>, au bois et \u00e0 sa formation\/ caract\u00e9risation &#8211; plus pr\u00e9cis\u00e9ment \u00e0 la mod\u00e9lisation ?<\/strong><\/p>\n<p>Je suis depuis toujours int\u00e9ress\u00e9 par la possibilit\u00e9 de r\u00e9soudre les probl\u00e8mes de la sylviculture appliqu\u00e9e au moyen d\u2019outils quantitatifs. Au cours de mon doctorat, j\u2019ai pu me focaliser sur la mod\u00e9lisation gr\u00e2ce au Professeur Maguire et ce dans le cadre du programme de dendrom\u00e9trie \u00e0 OSU (voir\u00a0: http:\/\/ferm.forestry.oregonstate.edu\/graduate\/forest-biometrics-and-geomatics). Durant ma premi\u00e8re ann\u00e9e de doctorat, j&rsquo;ai pass\u00e9 une grande partie de mon temps \u00e0 suivre des cours de statistiques et \u00e0 terminer diff\u00e9rentes activit\u00e9s pour notre coop\u00e9rative. A la fin de ma premi\u00e8re ann\u00e9e, j&rsquo;ai assist\u00e9 \u00e0 la Conf\u00e9rence MeMoWood \u00e0 Nancy. Cette conf\u00e9rence a \u00e9t\u00e9 con\u00e7ue pour favoriser le lien entre science du bois et mod\u00e9lisation foresti\u00e8re. A l\u2019issue des discussions conduites lors de cet atelier, mon projet de doctorat a pris une nouvelle orientation. Il s\u2019agissait de renforcer la capacit\u00e9 d&rsquo;estimation de la qualit\u00e9 du bois de Douglas \u00e0 l\u2019aide du simulateur ORGANON.<\/p>\n<p><strong>Pour vous, quels sont les enjeux de la recherche scientifique sur le bois et la for\u00eat ?<\/strong><\/p>\n<p>De nos jours, il reste une multitude de questions importantes \u00e0 aborder en sylviculture. Parmi les objectifs prioritaires, il me semble qu\u2019il faut\u00a0:<\/p>\n<ul>\n<li>Encourager le transfert d&rsquo;information depuis les centres de recherche vers les praticiens et le grand public,<\/li>\n<li>Am\u00e9liorer la communication scientifique et la collaboration transdisciplinaire,<\/li>\n<li>Regrouper les recherches scientifiques dans des syst\u00e8mes d\u00e9cisionnels.<\/li>\n<\/ul>\n<p>Les projets en cours \u00e0 l\u2019INRA vont dans ce sens. Par exemple, la plate-forme Capsis, g\u00e9r\u00e9e par Fran\u00e7ois de Coligny, aborde l&rsquo;agr\u00e9gation des connaissances scientifiques dans un support d\u2019aide \u00e0 la d\u00e9cision. Capsis est une plate-forme de simulation de la croissance des arbres et de la dynamique des for\u00eats (voir Capsis \u00e0: http:\/\/capsis.cirad.fr\/capsis\/models). Pendant mon s\u00e9jour en France, le simulateur ORGANON a \u00e9t\u00e9 int\u00e9gr\u00e9 dans Capsis. La collaboration future entre l&rsquo;OSU et les laboratoires de l&rsquo;INRA sera confort\u00e9e \u00e0 travers le d\u00e9veloppement du syst\u00e8me Capsis.<\/p>\n<p><strong>Des conseils pour les jeunes chercheurs ?<\/strong><\/p>\n<p>Il me semble important de poursuivre des objectifs bien d\u00e9finis et r\u00e9alistes. Il est indispensable d\u2019\u00eatre pragmatique et de \u00e0 travailler dans un but pr\u00e9cis. Mais quand vous n\u2019\u00eates pas au travail, ne travaillez pas\u00a0! Ceci dit, n&rsquo;h\u00e9sitez pas \u00e0 prendre des risques. Une fois les moments d&rsquo;incertitude d\u00e9pass\u00e9s, la prise de risques est tr\u00e8s gratifiante.<\/p>\n<p><strong>Pourriez-vous\u00a0 commenter l&rsquo;id\u00e9e de collaboration en sciences ? Comment est-ce que cela a jou\u00e9 un r\u00f4le dans vos travaux les plus r\u00e9cents ?<\/strong><\/p>\n<p>Le tout est plus grand que la somme de ses parties. En collaborant, nous augmentons la qualit\u00e9 et l&rsquo;int\u00e9r\u00eat de notre travail. Les collaborations nous permettent d\u2019acc\u00e9der \u00e0 de nouvelles informations et de profiter de nouvelles expertises. Les possibilit\u00e9s et les opportunit\u00e9s de recherche augmentent au fur et \u00e0 mesure que notre r\u00e9seau de collaboration se d\u00e9veloppe. La collaboration entre OSU et l&rsquo;INRA est une belle illustration de l\u2019int\u00e9r\u00eat des collaborations scientifiques. Travailler avec l&rsquo;INRA a consid\u00e9rablement am\u00e9lior\u00e9 la qualit\u00e9 et les possibilit\u00e9s de mon projet de doctorat. Avant de travailler avec l&rsquo;INRA, je n&rsquo;\u00e9tais pas au courant de la possibilit\u00e9 d&rsquo;utiliser la tomographie assist\u00e9e par ordinateur dans le traitement des donn\u00e9es sur le bois et son application \u00e0 la mod\u00e9lisation foresti\u00e8re. Cette information, ainsi que les discussions avec Francis Colin lors de mon comit\u00e9 de th\u00e8se, a grandement am\u00e9lior\u00e9 la qualit\u00e9 et les perspectives de mon projet. Les applications de mon projet de th\u00e8se sont amplifi\u00e9s par mon int\u00e9gration dans la communaut\u00e9 internationale des utilisateurs de Capsis.<\/p>\n<p><strong>Enfin, quels sont vos projets scientifiques pour l&rsquo;avenir (\u00e0 court ou long terme) ?<\/strong><\/p>\n<p>Je ne sais pas o\u00f9 mon carri\u00e8re scientifique me m\u00e8nera. Mais l\u00e0 o\u00f9 je serai, je m&rsquo;efforcerai d&rsquo;engager des recherches pour mettre au point des sc\u00e9narios sylvicoles qui aient de bonnes chances d\u2019\u00eatre appliqu\u00e9es et d\u2019am\u00e9liorer la gestion des for\u00eats.<\/p>\n<p><a href=\"https:\/\/mycor.iam.inrae.fr\/ARBRE\/wp-content\/uploads\/2014\/09\/Nate-Francis-3-fixed1.jpg\"><img loading=\"lazy\" decoding=\"async\" class=\"  wp-image-5827 alignright\" src=\"https:\/\/mycor.iam.inrae.fr\/ARBRE\/wp-content\/uploads\/2014\/09\/Nate-Francis-3-fixed1.jpg\" alt=\"Nate Francis 3 fixed\" width=\"311\" height=\"380\" \/><\/a><\/p>\n","protected":false},"excerpt":{"rendered":"<p>&nbsp; Nate Osborne Doctorant 26 septembre 2014 _________________________ &nbsp; &nbsp; Nate a pass\u00e9 les 3 premi\u00e8res semaines de septembre en France. Son s\u00e9jour visait \u00e0 pr\u00e9ciser les termes de la collaboration entre le LERFoB et l&rsquo;universit\u00e9 de l&rsquo;Or\u00e9gon \u00e0 Corvallis &hellip; <a href=\"https:\/\/mycor.iam.inrae.fr\/ARBRE\/?page_id=5824\">Continuer la lecture <span class=\"meta-nav\">&rarr;<\/span><\/a><\/p>\n","protected":false},"author":4,"featured_media":0,"parent":2122,"menu_order":0,"comment_status":"closed","ping_status":"open","template":"","meta":{"footnotes":""},"class_list":["post-5824","page","type-page","status-publish","hentry"],"_links":{"self":[{"href":"https:\/\/mycor.iam.inrae.fr\/ARBRE\/index.php?rest_route=\/wp\/v2\/pages\/5824","targetHints":{"allow":["GET"]}}],"collection":[{"href":"https:\/\/mycor.iam.inrae.fr\/ARBRE\/index.php?rest_route=\/wp\/v2\/pages"}],"about":[{"href":"https:\/\/mycor.iam.inrae.fr\/ARBRE\/index.php?rest_route=\/wp\/v2\/types\/page"}],"author":[{"embeddable":true,"href":"https:\/\/mycor.iam.inrae.fr\/ARBRE\/index.php?rest_route=\/wp\/v2\/users\/4"}],"replies":[{"embeddable":true,"href":"https:\/\/mycor.iam.inrae.fr\/ARBRE\/index.php?rest_route=%2Fwp%2Fv2%2Fcomments&post=5824"}],"version-history":[{"count":0,"href":"https:\/\/mycor.iam.inrae.fr\/ARBRE\/index.php?rest_route=\/wp\/v2\/pages\/5824\/revisions"}],"up":[{"embeddable":true,"href":"https:\/\/mycor.iam.inrae.fr\/ARBRE\/index.php?rest_route=\/wp\/v2\/pages\/2122"}],"wp:attachment":[{"href":"https:\/\/mycor.iam.inrae.fr\/ARBRE\/index.php?rest_route=%2Fwp%2Fv2%2Fmedia&parent=5824"}],"curies":[{"name":"wp","href":"https:\/\/api.w.org\/{rel}","templated":true}]}}