{"id":6096,"date":"2014-11-04T12:18:43","date_gmt":"2014-11-04T12:18:43","guid":{"rendered":"https:\/\/mycor.iam.inrae.fr\/ARBRE\/?page_id=6096"},"modified":"2016-01-11T16:15:29","modified_gmt":"2016-01-11T16:15:29","slug":"effet-de-la-variabilite-naturelle-du-bois-sur-les-procede-de-traitement-thermique","status":"publish","type":"page","link":"https:\/\/mycor.iam.inrae.fr\/ARBRE\/?page_id=6096","title":{"rendered":"Effet de la variabilit\u00e9 naturelle du bois sur les proc\u00e9d\u00e9 de traitement thermique"},"content":{"rendered":"<p><strong>Doctorant\u00a0<\/strong>: Jo\u00ebl Hamada<br \/>\n<strong>Universit\u00e9 \/ Institution :<\/strong> Universit\u00e9 de Lorraine<br \/>\n<strong>Dur\u00e9e du contrat :\u00a0<\/strong> 2014-2016<\/p>\n<p><strong>Titre de la th\u00e8se <\/strong><strong> \u2014\u00a0<\/strong> Effet de la variabilit\u00e9 naturelle du bois sur les r\u00e9actions de thermo-d\u00e9gradation intervenant \u00a0lors du traitement thermique du bois dans l&rsquo;optique de mieux contr\u00f4ler le proc\u00e9d\u00e9 et la qualit\u00e9 du mat\u00e9riau obtenu.<\/p>\n<p><strong>\u00c9quipe d\u2019accueil et encadrant(s)<br \/>\n<\/strong>\u00c9quipe d&rsquo;accueil : Laboratoire d\u2019\u00c9tudes et de Recherche sur le Mat\u00e9riau Bois &#8211; LERMAB<br \/>\nResponsable scientifique : Philippe G\u00e9rardin (Laboratoire d\u2019\u00c9tudes et de Recherche sur le Mat\u00e9riau Bois &#8211; LERMAB)<\/p>\n<p>____________________________________________<\/p>\n<p><strong>Contexte et \u00e9tat de l&rsquo;art &#8211;<\/strong> Le traitement thermiquement du bois par pyrolyse douce est un proc\u00e9d\u00e9 de pr\u00e9servation \u00e0 faible impact environnemental constituant une alternative aux traitements par impr\u00e9gnation de biocides. En fonction des conditions de traitement (temps, temp\u00e9rature), la composition chimique des diff\u00e9rents constituants pari\u00e9taux est plus ou moins modifi\u00e9e influen\u00e7ant les propri\u00e9t\u00e9s du mat\u00e9riau comme sa durabilit\u00e9 aux attaques fongiques et sa stabilit\u00e9 dimensionnelle. Un des verrous actuels du d\u00e9veloppement de ce proc\u00e9d\u00e9 \u00e0 l&rsquo;\u00e9chelle industrielle est la difficult\u00e9 de r\u00e9aliser un produit de qualit\u00e9 constante (durabilit\u00e9, stabilit\u00e9 dimensionnelle, couleur). Ces difficult\u00e9s peuvent s&rsquo;expliquer soit par une ma\u00eetrise imparfaite du proc\u00e9d\u00e9 de traitement soit par la variabilit\u00e9 inter et intra sp\u00e9cifique du bois.<\/p>\n<p><strong>Objectifs et questions de recherche<\/strong><strong><strong> \u2014<\/strong><\/strong> \u00c9tudier l\u2019effet de la variabilit\u00e9 naturelle du bois (densit\u00e9, composition chimique) sur les r\u00e9actions de thermo-d\u00e9gradation se produisant lors du traitement thermique et sur les propri\u00e9t\u00e9s conf\u00e9r\u00e9es au mat\u00e9riau de mani\u00e8re \u00e0 attribuer la \u00a0part d&rsquo;h\u00e9t\u00e9rog\u00e9n\u00e9it\u00e9 du produit fini relevant de la mati\u00e8re premi\u00e8re et celle relevant du proc\u00e9d\u00e9.<\/p>\n<p><strong>Enjeux scientifiques et socio-\u00e9conomiques<\/strong> <strong><strong>\u2014<\/strong><\/strong> Mieux comprendre les r\u00e9actions de thermo-d\u00e9gradation du bois pour d\u00e9velopper des outils de contr\u00f4le et de pr\u00e9diction de la qualit\u00e9 du bois trait\u00e9 thermiquement pour optimiser les proc\u00e9d\u00e9s industriels existant et optimiser l&rsquo;utilisation de la ressource<\/p>\n<p><strong>Approches m\u00e9thodologiques et r\u00e9sultats attendus <strong>\u2014<\/strong><\/strong><\/p>\n<p>Deux niveaux d&rsquo;\u00e9tude sont envisag\u00e9s sur diff\u00e9rentes essences feuillues et r\u00e9sineuses.<\/p>\n<ul>\n<li>A l&rsquo;\u00e9chelle de <strong>la planche<\/strong>\u00a0: des planches de diff\u00e9rentes qualit\u00e9s provenant de conditions sylvicoles diff\u00e9rentes pr\u00e9sentant des densit\u00e9s variables permettront de caract\u00e9riser l\u2019effet de la densit\u00e9 sur les cin\u00e9tiques de thermo-d\u00e9gradation du bois et les propri\u00e9t\u00e9s conf\u00e9r\u00e9es au mat\u00e9riau;<\/li>\n<\/ul>\n<ul>\n<li>A l&rsquo;\u00e9chelle <strong>des cernes<\/strong>: la s\u00e9paration au niveau des cernes annuels du bois initial et du bois final, de l&rsquo;aubier et du duramen, et leur analyse thermogravim\u00e9trique permettra de caract\u00e9riser le comportement de ces diff\u00e9rents tissus vis-\u00e0-vis des r\u00e9actions de thermo-d\u00e9gradation.<\/li>\n<\/ul>\n<p>Les r\u00e9sultats obtenus devraient permettre de mieux pr\u00e9voir le comportement du bois en fonction de ses propri\u00e9t\u00e9s initiales et permettre ainsi de mieux ma\u00eetriser le proc\u00e9d\u00e9 et la qualit\u00e9 des bois trait\u00e9s thermiquement.<\/p>\n","protected":false},"excerpt":{"rendered":"<p>Doctorant\u00a0: Jo\u00ebl Hamada Universit\u00e9 \/ Institution : Universit\u00e9 de Lorraine Dur\u00e9e du contrat :\u00a0 2014-2016 Titre de la th\u00e8se \u2014\u00a0 Effet de la variabilit\u00e9 naturelle du bois sur les r\u00e9actions de thermo-d\u00e9gradation intervenant \u00a0lors du traitement thermique du bois dans &hellip; <a href=\"https:\/\/mycor.iam.inrae.fr\/ARBRE\/?page_id=6096\">Continuer la lecture <span class=\"meta-nav\">&rarr;<\/span><\/a><\/p>\n","protected":false},"author":4,"featured_media":0,"parent":2122,"menu_order":0,"comment_status":"closed","ping_status":"open","template":"","meta":{"footnotes":""},"class_list":["post-6096","page","type-page","status-publish","hentry"],"_links":{"self":[{"href":"https:\/\/mycor.iam.inrae.fr\/ARBRE\/index.php?rest_route=\/wp\/v2\/pages\/6096","targetHints":{"allow":["GET"]}}],"collection":[{"href":"https:\/\/mycor.iam.inrae.fr\/ARBRE\/index.php?rest_route=\/wp\/v2\/pages"}],"about":[{"href":"https:\/\/mycor.iam.inrae.fr\/ARBRE\/index.php?rest_route=\/wp\/v2\/types\/page"}],"author":[{"embeddable":true,"href":"https:\/\/mycor.iam.inrae.fr\/ARBRE\/index.php?rest_route=\/wp\/v2\/users\/4"}],"replies":[{"embeddable":true,"href":"https:\/\/mycor.iam.inrae.fr\/ARBRE\/index.php?rest_route=%2Fwp%2Fv2%2Fcomments&post=6096"}],"version-history":[{"count":0,"href":"https:\/\/mycor.iam.inrae.fr\/ARBRE\/index.php?rest_route=\/wp\/v2\/pages\/6096\/revisions"}],"up":[{"embeddable":true,"href":"https:\/\/mycor.iam.inrae.fr\/ARBRE\/index.php?rest_route=\/wp\/v2\/pages\/2122"}],"wp:attachment":[{"href":"https:\/\/mycor.iam.inrae.fr\/ARBRE\/index.php?rest_route=%2Fwp%2Fv2%2Fmedia&parent=6096"}],"curies":[{"name":"wp","href":"https:\/\/api.w.org\/{rel}","templated":true}]}}