{"id":6559,"date":"2015-02-04T12:06:48","date_gmt":"2015-02-04T12:06:48","guid":{"rendered":"https:\/\/mycor.iam.inrae.fr\/ARBRE\/?page_id=6559"},"modified":"2015-02-19T20:04:40","modified_gmt":"2015-02-19T20:04:40","slug":"arbre-interview-emeline-hily","status":"publish","type":"page","link":"https:\/\/mycor.iam.inrae.fr\/ARBRE\/?page_id=6559","title":{"rendered":"ARBRE Interview &#8211; Emeline Hily"},"content":{"rendered":"<p><a href=\"https:\/\/mycor.iam.inrae.fr\/ARBRE\/wp-content\/uploads\/2015\/01\/image-5.jpg\"><img loading=\"lazy\" decoding=\"async\" class=\"  wp-image-6483 alignleft\" src=\"https:\/\/mycor.iam.inrae.fr\/ARBRE\/wp-content\/uploads\/2015\/01\/image-5-972x1024.jpg\" alt=\"image-5\" width=\"268\" height=\"282\" srcset=\"https:\/\/mycor.iam.inrae.fr\/ARBRE\/wp-content\/uploads\/2015\/01\/image-5-972x1024.jpg 972w, https:\/\/mycor.iam.inrae.fr\/ARBRE\/wp-content\/uploads\/2015\/01\/image-5-285x300.jpg 285w, https:\/\/mycor.iam.inrae.fr\/ARBRE\/wp-content\/uploads\/2015\/01\/image-5-570x600.jpg 570w, https:\/\/mycor.iam.inrae.fr\/ARBRE\/wp-content\/uploads\/2015\/01\/image-5.jpg 1216w\" sizes=\"auto, (max-width: 268px) 100vw, 268px\" \/><\/a><strong><br \/>\nEmeline Hilly<br \/>\n<\/strong><\/p>\n<p><em>Doctorant<\/em><\/p>\n<p><em>4 f\u00e9vrier 2015<\/em><\/p>\n<p>_________________________<\/p>\n<p>&nbsp;<\/p>\n<p>&nbsp;<\/p>\n<p>&nbsp;<\/p>\n<p>Emeline Hily est jeune chercheuse en \u00e9conomie de l\u2019environnement au Laboratoire d\u2019Economie Foresti\u00e8re. Ses recherches portent sur le d\u00e9veloppement d\u2019incitations financi\u00e8res pour encourager les propri\u00e9taires forestiers \u00e0 prot\u00e9ger la biodiversit\u00e9 sur leurs terrains dans un contexte de changement climatique.<\/p>\n<p>En septembre dernier et en collaboration avec six autres doctorants et post-doctorants financ\u00e9s par le LabEx, Emeline a organis\u00e9 les premi\u00e8res journ\u00e9es Doctorants\/Post-doctorants du LabEx ARBRE.<\/p>\n<p>R\u00e9cemment, Emeline a \u00e9galement suivi la formation Sciences et M\u00e9diation, un projet qui propose aux doctorants de l\u2019Universit\u00e9 de Lorraine de se pr\u00e9parer \u00e0 la rencontre de publics non scientifiques.<\/p>\n<p>Emeline r\u00e9alise sa th\u00e8se dans un contexte interdisciplinaire, dans le cadre d\u2019une collaboration entre le LERFoB et le LEF.<\/p>\n<p>Ci-dessous est l&rsquo;interview qu&rsquo;elle nous a accord\u00e9e r\u00e9cemment.<\/p>\n<p>______________________________________________________________________<\/p>\n<p><strong>D&rsquo;ou venez vous?<\/strong><\/p>\n<p>Je suis originaire de Lorraine. Je suis n\u00e9e \u00e0 Metz et ai v\u00e9cu toute mon enfance et mon adolescence dans une petite ville de Meurthe et Moselle: Pont-\u00e0-Mousson.<\/p>\n<p><strong>Pouvez-vous nous d\u00e9crire votre formation jusqu&rsquo;\u00e0 pr\u00e9sent (votre parcours) &#8211; et ce que vous ont amen\u00e9 \u00e0 travailler avec LEF \u00e0 l&rsquo;INRA ?<\/strong><\/p>\n<p>Apr\u00e8s mon baccalaur\u00e9at scientifique, j\u2019ai \u00e9tudi\u00e9 deux ans en Classe Pr\u00e9paratoire aux Grandes Ecoles. C\u2019est un cursus tr\u00e8s sp\u00e9cifique \u00e0 la France qui a pour but de conduire les \u00e9tudiants \u00e0 int\u00e9grer \u2013 entres autres &#8211; des \u00e9coles d\u2019ing\u00e9nieur.<\/p>\n<p>J\u2019ai poursuivi mes \u00e9tudes \u00e0 AgroParisTech, une \u00e9cole d\u2019ing\u00e9nieur g\u00e9n\u00e9raliste formant ses \u00e9tudiants pour les m\u00e9tiers des sciences du vivant. Apr\u00e8s une ann\u00e9e g\u00e9n\u00e9raliste en Ile de France, j\u2019ai suivi pendant 8 mois la formation des ing\u00e9nieurs forestiers sur le site AgroParisTech de Nancy. Pendant ce temps, j\u2019ai \u00e9t\u00e9 form\u00e9e \u00e0 l\u2019\u00e9cologie foresti\u00e8re et \u00e0 la gestion des milieux naturels.<\/p>\n<p>J\u2019ai ensuite effectu\u00e9 un semestre Erasmus \u00e0 l\u2019Universit\u00e9 de Wageningen, au Pays-Bas, au cours duquel j\u2019ai suivi des cours en \u00e9conomie, \u00e9conomie et politique de l\u2019environnement. J\u2019ai achev\u00e9 ma formation de second cycle par un Master en \u00e9conomie de l\u2019environnement et du d\u00e9veloppement durable que j\u2019ai suivi \u00e0 Paris sur le site AgroParisTech du Maine.<\/p>\n<p>Apr\u00e8s ce Master, j\u2019ai souhait\u00e9 poursuivre ma formation par un doctorat en \u00e9conomie de l\u2019environnement. Etant particuli\u00e8rement int\u00e9ress\u00e9e par les questions foresti\u00e8re et de biodiversit\u00e9, j\u2019ai contact\u00e9 le LEF afin d\u2019y faire mon stage de Master 2 et j\u2019ai eu la chance de pouvoir d\u00e9buter une th\u00e8se dans ce laboratoire \u00e0 l\u2019issu de mon stage de fin d\u2019\u00e9tudes.<\/p>\n<p><strong>Parlez-nous de vos recherches &#8211; quelle est votre sp\u00e9cialit\u00e9 et pourquoi est-ce important<\/strong><\/p>\n<p>Mes recherches portent sur la d\u00e9finition de paiements incitatifs pour la conservation de la biodiversit\u00e9 dans un contexte de changement climatique.<\/p>\n<p>Conserver la biodiversit\u00e9 est essentiel car elle est \u00e0 l\u2019origine de nombreux services rendus \u00e0 l\u2019Homme par la Nature. Cependant, prot\u00e9ger la biodiversit\u00e9 co\u00fbte de l\u2019argent mais n\u2019en rapporte pas\u00a0: par exemple le propri\u00e9taire qui accepte de ne pas couper certains arbres \u00e2g\u00e9s parce qu\u2019\u00e0 l\u2019avenir ils pourraient constituer un r\u00e9servoir de biodiversit\u00e9 perd de l\u2019argent. Ces propri\u00e9taires ne sont pas r\u00e9compens\u00e9s pour leur \u00ab\u00a0bonnes actions\u00a0\u00bb et cela explique qu\u2019ils sont moins nombreux que n\u00e9cessaire \u00e0 participer \u00e0 la conservation de la biodiversit\u00e9.De plus, face au changement climatique, la conservation de la biodiversit\u00e9 devient plus urgente encore.<\/p>\n<p>Mon travail consiste \u00e0 d\u00e9finir des incitations financi\u00e8res r\u00e9compensant les propri\u00e9taires forestiers souhaitant participer \u00e0 la conservation de la biodiversit\u00e9 et ce, afin qu\u2019ils soient plus nombreux. Ces incitations financi\u00e8res doivent \u00eatre adapt\u00e9es \u00e0 la diversit\u00e9 des propri\u00e9taires qui sont plus ou moins bons gestionnaires de l\u2019environnement, plus ou moins attach\u00e9s \u00e0 la biodiversit\u00e9 et donc plus ou moins enclins \u00e0 la conserver. Chaque propri\u00e9taire doit \u00eatre pay\u00e9 au juste prix afin de d\u00e9penser l\u2019argent public de fa\u00e7on \u00ab\u00a0parcimonieuse\u00a0\u00bb. De plus, je dois inclure dans la d\u00e9finition des paiements un syst\u00e8me de contr\u00f4le \u00ab\u00a0anti-fraude\u00a0\u00bb afin d\u2019emp\u00eacher les candidats d\u2019obtenir des paiements sup\u00e9rieurs \u00e0 ce qu\u2019il leur est d\u00fb, l\u00e0 encore afin de d\u00e9penser judicieusement l\u2019argent public. La d\u00e9finition de ces paiements doit \u00eatre \u00e9volutive afin de s\u2019adapter au changement climatique.<\/p>\n<p>Enfin, je dois d\u00e9finir ces incitations de fa\u00e7on \u00e0 amener les propri\u00e9taires \u00e0 se coordonner afin de mettre en place des corridors \u00e9cologiques qui permettront aux esp\u00e8ces de se d\u00e9placer au cours du changement climatique.<\/p>\n<p><strong>Quand \u00eates-vous tout d&rsquo;abord devenu int\u00e9ress\u00e9 \u00e0 l&rsquo;\u00e9conomie de l&rsquo;environnement, l&rsquo;\u00e9conom\u00e9trie appliqu\u00e9e et les services \u00e9co-syst\u00e9miques ?<\/strong><\/p>\n<p>De fa\u00e7on g\u00e9n\u00e9rale j\u2019aime les activit\u00e9s d\u2019ext\u00e9rieur, passer du temps dans la nature et je me sens tr\u00e8s concern\u00e9e par les questions environnementales. Mais c\u2019est pendant ma formation \u00e0 AgroParisTech que j\u2019ai d\u00e9couvert la for\u00eat sous un autre angle. J\u2019ai pu comprendre \u00e0 quel point c\u2019est un milieu complexe, riche mais pourtant m\u00e9connu. L\u2019Homme tire \u00e9norm\u00e9ment de b\u00e9n\u00e9fices de la for\u00eat mais fait en comparaison peu d\u2019effort pour la pr\u00e9server. De par cette formation j\u2019ai \u00e9t\u00e9 encore davantage sensibilis\u00e9e aux enjeux de pr\u00e9servation de la biodiversit\u00e9 et je souhaitais vivement m\u2019y investir.<\/p>\n<p>Parall\u00e8lement, c\u2019est \u00e9galement \u00e0 AgroParisTech que j\u2019ai d\u00e9couvert les sciences \u00e9conomiques et en particulier l\u2019\u00e9conomie de l\u2019environnement. Je me suis passionn\u00e9e pour cette discipline dont l\u2019objectif est justement de faire prendre conscience \u00e0 l\u2019Homme de l\u2019importance de l\u2019environnement et des ressources naturelles dans la bonne marche des soci\u00e9t\u00e9s humaines. C\u2019est la multitude d\u2019outils disponibles et la possibilit\u00e9 de les appliquer au sein de politiques environnementales visant \u00e0 faire changer les comportements qui m\u2019ont convaincu de m\u2019engager dans cette discipline.<\/p>\n<p><strong>Pour vous, quel est l&rsquo;avenir de la science et des \u00e9tudes l&rsquo;\u00e9conomie de l&rsquo;environnement ?<\/strong><\/p>\n<p>Comme c\u2019est le cas pour d\u2019autres disciplines, le changement climatique est un des sujets majeurs \u00e9tudi\u00e9 par les chercheurs en \u00e9conomie de l\u2019environnement au cours de ces derni\u00e8res ann\u00e9es. Savoir comment nos soci\u00e9t\u00e9s vont pouvoir s\u2019adapter mais aussi att\u00e9nuer les effets du changement climatique est crucial. Cette question concerne de multiples th\u00e9matiques couvertes par l\u2019\u00e9conomie de l\u2019environnement\u00a0telles que l\u2019\u00e9nergie, la conservation de la biodiversit\u00e9, les transports, l\u2019agriculture, etc.<\/p>\n<p>Du fait qu\u2019elle fournit des outils et conseils pour la mise en place de politiques publiques, notamment environnementales, la recherche en \u00e9conomie de l\u2019environnement a une opportunit\u00e9 et une responsabilit\u00e9 importante dans la modification des comportement dans nos soci\u00e9t\u00e9s face au changement climatique.<\/p>\n<p><strong>Des conseils pour les jeunes chercheurs ?<\/strong><\/p>\n<p>Je ne sais pas vraiment si je peux donner des conseils \u00e0 de jeunes chercheurs puisque je suis moi-m\u00eame une toute jeune chercheuse\u00a0: je termine tout juste ma premi\u00e8re ann\u00e9e de doctorat\u00a0! N\u00e9anmoins, je pense que dans le milieu de la recherche, il faut \u00eatre patient, pers\u00e9v\u00e9rant mais aussi savoir souffler de temps en temps. Dans ma discipline, et en particulier quand on fait une th\u00e8se th\u00e9orique, il y a une grande part de cr\u00e9ativit\u00e9\u00a0: il faut accepter que l\u2019\u00e9criture d\u2019un mod\u00e8le prend tu temps, et qu\u2019une fois \u00e9crit, celui-ci ne sera- la plupart du temps -jamais abouti du premier coup. Et si l\u2019inspiration n\u2019est pas l\u00e0, il faut accepter de passer \u00e0 une autre t\u00e2che pour quelques heures, quelques jours afin de revenir sur son mod\u00e8le l\u2019esprit plus clair.<\/p>\n<p><strong>Derni\u00e8rement, o\u00f9 esp\u00e9rez-vous que votre science vous am\u00e8nera \u00e0 l&rsquo;avenir (\u00e0 court ou long terme) ?<\/strong><\/p>\n<p>Pour le moment je vois \u00e0 court terme\u00a0: je souhaite poursuivre mon parcours de doctorat dans la joie et la bonne humeur pour l\u2019ann\u00e9e et demie restante et surtout d\u00e9crocher mon doctorat\u00a0! Apr\u00e8s \u00e7a j\u2019esp\u00e8re avoir l\u2019occasion de faire un post-doc dans une universit\u00e9 \u00e9trang\u00e8re afin de d\u00e9couvrir comment on fait de la recherche ailleurs\u00a0!<\/p>\n<p>______________________________________<\/p>\n<p>Pour plus d&rsquo;informations ..<\/p>\n<p><a href=\"https:\/\/mycor.iam.inrae.fr\/ARBRE\/?page_id=1167\"><span style=\"color: #ff6600;\">Emeline Hily &#8211; Projet de th\u00e8se en cours<\/span><\/a><\/p>\n","protected":false},"excerpt":{"rendered":"<p>Emeline Hilly Doctorant 4 f\u00e9vrier 2015 _________________________ &nbsp; &nbsp; &nbsp; Emeline Hily est jeune chercheuse en \u00e9conomie de l\u2019environnement au Laboratoire d\u2019Economie Foresti\u00e8re. Ses recherches portent sur le d\u00e9veloppement d\u2019incitations financi\u00e8res pour encourager les propri\u00e9taires forestiers \u00e0 prot\u00e9ger la biodiversit\u00e9 &hellip; <a href=\"https:\/\/mycor.iam.inrae.fr\/ARBRE\/?page_id=6559\">Continuer la lecture <span class=\"meta-nav\">&rarr;<\/span><\/a><\/p>\n","protected":false},"author":4,"featured_media":0,"parent":2122,"menu_order":0,"comment_status":"closed","ping_status":"closed","template":"","meta":{"footnotes":""},"class_list":["post-6559","page","type-page","status-publish","hentry"],"_links":{"self":[{"href":"https:\/\/mycor.iam.inrae.fr\/ARBRE\/index.php?rest_route=\/wp\/v2\/pages\/6559","targetHints":{"allow":["GET"]}}],"collection":[{"href":"https:\/\/mycor.iam.inrae.fr\/ARBRE\/index.php?rest_route=\/wp\/v2\/pages"}],"about":[{"href":"https:\/\/mycor.iam.inrae.fr\/ARBRE\/index.php?rest_route=\/wp\/v2\/types\/page"}],"author":[{"embeddable":true,"href":"https:\/\/mycor.iam.inrae.fr\/ARBRE\/index.php?rest_route=\/wp\/v2\/users\/4"}],"replies":[{"embeddable":true,"href":"https:\/\/mycor.iam.inrae.fr\/ARBRE\/index.php?rest_route=%2Fwp%2Fv2%2Fcomments&post=6559"}],"version-history":[{"count":0,"href":"https:\/\/mycor.iam.inrae.fr\/ARBRE\/index.php?rest_route=\/wp\/v2\/pages\/6559\/revisions"}],"up":[{"embeddable":true,"href":"https:\/\/mycor.iam.inrae.fr\/ARBRE\/index.php?rest_route=\/wp\/v2\/pages\/2122"}],"wp:attachment":[{"href":"https:\/\/mycor.iam.inrae.fr\/ARBRE\/index.php?rest_route=%2Fwp%2Fv2%2Fmedia&parent=6559"}],"curies":[{"name":"wp","href":"https:\/\/api.w.org\/{rel}","templated":true}]}}