{"id":6600,"date":"2015-02-10T09:23:10","date_gmt":"2015-02-10T09:23:10","guid":{"rendered":"https:\/\/mycor.iam.inrae.fr\/ARBRE\/?page_id=6600"},"modified":"2015-06-16T11:25:22","modified_gmt":"2015-06-16T11:25:22","slug":"qualite-des-bois-ronds-par-lidar","status":"publish","type":"page","link":"https:\/\/mycor.iam.inrae.fr\/ARBRE\/?page_id=6600","title":{"rendered":"Qualit\u00e9 des bois ronds par LiDAR"},"content":{"rendered":"<p><strong>Doctorant : <\/strong>Van Tho Ngyuen<strong><br \/>\nUniversit\u00e9 <\/strong>: Institut de la Francophonie pour l\u2019Informatique (IFI), Hanoi, Vietnam\/ Universit\u00e9 de la Rochelle, France<br \/>\n<strong>Dur\u00e9e du contrat <\/strong>: 2015-2018<\/p>\n<p><strong>Titre de la th\u00e8se<\/strong>\u00a0<strong>\u2014 <\/strong>Evaluation de la qualit\u00e9 de bois ronds et de tronc d&rsquo;arbre \u00e0 partir de donn\u00e9es 3D issues d&rsquo;un LiDAR terrestre<\/p>\n<p><strong><strong>Equipe d\u2019accueil et encadrant(s)<\/strong> \u00a0<strong>\u2014<\/strong><br \/>\n<\/strong>\u00c9quipe d\u2019accueil : Laboratoire d&rsquo;\u00e9tude des ressources for\u00eat-bois (LERFOB) &#8211; \u00c9quipe Croissance, production, qualit\u00e9 des bois<br \/>\nEncadrants\u00a0: Francis Colin (LERFOB) \/ Thierry Constant (INRA) \/ Alexandre Piboule (ONF)<\/p>\n<p><strong><em><em>_______________________<\/em><\/em><\/strong><\/p>\n<p><strong><strong>Contexte et \u00e9tat de l\u2019art<\/strong>\u00a0<strong>\u2014<br \/>\n<\/strong><\/strong>Ce travail s&rsquo;inscrit dans la forte \u00e9volution actuelle des moyens de mesure \u00e0 disposition des gestionnaires et des scientifiques pour quantifier dles attributs d&rsquo;une for\u00eat ou d&rsquo;un arbre. Il concerne plus particuli\u00e8rement l&rsquo;utilisation d&rsquo;appareils, comme le LiDAR terrestre, capable de fournir une information tridimensionnelle \u00e0 haute r\u00e9solution \u00e0 l&rsquo;\u00e9chelle d&rsquo;une placette d&rsquo;inventaire ou d&rsquo;un individu. Certains travaux ont abord\u00e9 la question d&rsquo;extraire des informations sur la qualit\u00e9 de l&rsquo;arbre et de son bois \u00e0 partir de l&rsquo;information tridimensionnelle d\u00e9crivant une grume (Schuut, 2004) allant des caract\u00e9ristiques des branches (Klemmt et al. 2010) jusqu&rsquo;\u00e0 leur stade de cicatrices (Stangle et al. 2013) et en passant par l&rsquo;analyse du relief de l&rsquo;\u00e9corce pour reconna\u00eetre l&rsquo;esp\u00e8ce (Othmani et al. 2013).<\/p>\n<p><strong>Objectifs et questions de recherche\u00a0\u2014 <\/strong>Les objectifs concernent le d\u00e9veloppement d&rsquo;algorithmes capables d&rsquo;analyser automatiquement le relief de la surface du tronc pour y rep\u00e9rer les zones susceptibles de correspondre \u00e0 des d\u00e9fauts, de typer ces d\u00e9fauts, et d&rsquo;obtenir leurs caract\u00e9ristiques dimensionnelles. Les questions de recherche associ\u00e9es concernent le choix de m\u00e9thodes de reconnaissance de forme capables d&rsquo;appr\u00e9hender la grande diversit\u00e9 de forme qu&rsquo;un m\u00eame type de d\u00e9faut peut prendre, et sur le plan biologique mieux quantifier les relations entre la morphologie du d\u00e9faut en surface et ses caract\u00e9ristiques internes.<\/p>\n<p><strong>Enjeux scientifiques et socio-\u00e9conomiques \u2014 <\/strong>Le d\u00e9veloppement d&rsquo;une m\u00e9thode automatis\u00e9e permettant de fournir des crit\u00e8res de qualit\u00e9 servant au classement des arbres sur pied apporterait une plus-value ind\u00e9niable dans des op\u00e9rations de suivi d&rsquo;une ressource foresti\u00e8re pour diff\u00e9rents objectifs tels que l&rsquo;inventaire forestier, le fonctionnement de l&rsquo;\u00e9cosyst\u00e8me ou encore l&rsquo;\u00e9valuation marchande.<\/p>\n<p><strong>Approches m\u00e9thodologiques et r\u00e9sultats attendus \u2014 <\/strong>Apr\u00e8s un inventaire critique des m\u00e9thodes permettant (i) la segmentation d&rsquo;une zone de d\u00e9faut, (ii) l&rsquo;identification de son type et (iii) sa caract\u00e9risation dimensionnelle, les m\u00e9thodes \u00e9mergentes seront impl\u00e9ment\u00e9es dans la plateforme Computree (http:\/\/computree.onf.fr). La performance des algorithmes sera \u00e9valu\u00e9e en s&rsquo;appuyant sur une base de donn\u00e9es existantes issues de billons d\u00e9crits par des scans LiDAR et RX. Ces derniers obtenus par tomographie \u00e0 rayons X, fournissent des mesures de r\u00e9f\u00e9rence des d\u00e9fauts, et en particulier des n\u0153uds.<\/p>\n","protected":false},"excerpt":{"rendered":"<p>Doctorant : Van Tho Ngyuen Universit\u00e9 : Institut de la Francophonie pour l\u2019Informatique (IFI), Hanoi, Vietnam\/ Universit\u00e9 de la Rochelle, France Dur\u00e9e du contrat : 2015-2018 Titre de la th\u00e8se\u00a0\u2014 Evaluation de la qualit\u00e9 de bois ronds et de tronc &hellip; <a href=\"https:\/\/mycor.iam.inrae.fr\/ARBRE\/?page_id=6600\">Continuer la lecture <span class=\"meta-nav\">&rarr;<\/span><\/a><\/p>\n","protected":false},"author":4,"featured_media":0,"parent":2122,"menu_order":0,"comment_status":"closed","ping_status":"closed","template":"","meta":{"footnotes":""},"class_list":["post-6600","page","type-page","status-publish","hentry"],"_links":{"self":[{"href":"https:\/\/mycor.iam.inrae.fr\/ARBRE\/index.php?rest_route=\/wp\/v2\/pages\/6600","targetHints":{"allow":["GET"]}}],"collection":[{"href":"https:\/\/mycor.iam.inrae.fr\/ARBRE\/index.php?rest_route=\/wp\/v2\/pages"}],"about":[{"href":"https:\/\/mycor.iam.inrae.fr\/ARBRE\/index.php?rest_route=\/wp\/v2\/types\/page"}],"author":[{"embeddable":true,"href":"https:\/\/mycor.iam.inrae.fr\/ARBRE\/index.php?rest_route=\/wp\/v2\/users\/4"}],"replies":[{"embeddable":true,"href":"https:\/\/mycor.iam.inrae.fr\/ARBRE\/index.php?rest_route=%2Fwp%2Fv2%2Fcomments&post=6600"}],"version-history":[{"count":0,"href":"https:\/\/mycor.iam.inrae.fr\/ARBRE\/index.php?rest_route=\/wp\/v2\/pages\/6600\/revisions"}],"up":[{"embeddable":true,"href":"https:\/\/mycor.iam.inrae.fr\/ARBRE\/index.php?rest_route=\/wp\/v2\/pages\/2122"}],"wp:attachment":[{"href":"https:\/\/mycor.iam.inrae.fr\/ARBRE\/index.php?rest_route=%2Fwp%2Fv2%2Fmedia&parent=6600"}],"curies":[{"name":"wp","href":"https:\/\/api.w.org\/{rel}","templated":true}]}}