{"id":6796,"date":"2015-03-31T12:36:26","date_gmt":"2015-03-31T12:36:26","guid":{"rendered":"https:\/\/mycor.iam.inrae.fr\/ARBRE\/?page_id=6796"},"modified":"2015-07-24T07:47:09","modified_gmt":"2015-07-24T07:47:09","slug":"arbre-interview-christine-strullu","status":"publish","type":"page","link":"https:\/\/mycor.iam.inrae.fr\/ARBRE\/?page_id=6796","title":{"rendered":"ARBRE Interview \u2014 Christine Strullu-Derrien"},"content":{"rendered":"<p><a href=\"https:\/\/mycor.iam.inrae.fr\/ARBRE\/wp-content\/uploads\/2015\/03\/photo-LEGF2.jpg\"><img loading=\"lazy\" decoding=\"async\" class=\"alignleft  wp-image-8018\" src=\"https:\/\/mycor.iam.inrae.fr\/ARBRE\/wp-content\/uploads\/2015\/03\/photo-LEGF2.jpg\" alt=\"photo LEGF\" width=\"337\" height=\"529\" \/><\/a><\/p>\n<p>&nbsp;<\/p>\n<p>&nbsp;<\/p>\n<p><strong>Christine Strullu-Derrien<\/strong><\/p>\n<p><em>Chercheure visiteur<\/em><\/p>\n<p>24 juillet 2015<\/p>\n<p>___________________________<\/p>\n<p>&nbsp;<\/p>\n<p>&nbsp;<\/p>\n<p>&nbsp;<\/p>\n<p>&nbsp;<\/p>\n<p>&nbsp;<\/p>\n<p>&nbsp;<\/p>\n<p>Christine Strullu-Derrien, chercheure du Mus\u00e9um d&rsquo;Histoire naturelle de Londres effectue un s\u00e9jour de 6 mois dans l&rsquo;unit\u00e9 IAM, dans le cadre du LabEx ARBRE. Christine est une pal\u00e9obotaniste et pal\u00e9omycologiste tentant de reconstruire l&rsquo;histoire \u00e9volutive des plantes et de leur interaction avec les champignons et les oomyc\u00e8tes. Elle a \u00e9galement \u00e9tudi\u00e9 les premiers fossiles de bois et tente d&rsquo;en reconstruire la structure hydraulique et la composition. Elle s&rsquo;efforce de coupler pal\u00e9obotanique et phylog\u00e9nomique et d&rsquo;insuffler une vision moderne \u00e0 une discipline qui est en train de faire sa r\u00e9volution gr\u00e2ce \u00e0 la microscopie laser et la microtomographie synchrotron.<\/p>\n<p>Ci-dessous est l&rsquo;interview qu&rsquo;elle nous a accord\u00e9e r\u00e9cemment.<\/p>\n<p>______________________________________________________________________________________<\/p>\n<p><strong>D\u2019ou venez vous?<\/strong><\/p>\n<p>Je suis originaire de Bretagne, puis je suis venue \u00e0 Angers. En ce moment je partage mon temps entre Nancy et Londres<\/p>\n<p><strong>Pourquoi avez-vous d\u00e9cid\u00e9 de poursuivre une carri\u00e8re dans la recherche?<\/strong><\/p>\n<p>En 2005 j\u2019ai realis\u00e9 que les travaux r\u00e9alis\u00e9s en pal\u00e9obotanique offraient de nouvelles perspectives et que tr\u00e8s peu de personnes s\u2019int\u00e9ressaient \u00e0 l\u2019\u00e9tude des relations plantes-champignons dans le registre fossile (personne en France, je pense). C\u2019est ce qui m\u2019a d\u00e9cid\u00e9e \u00e0 entreprendre des recherches dans ce domaine.<\/p>\n<p><strong>Quand avez-vous commenc\u00e9 \u00e0 vous int\u00e9resser aux sciences de l&rsquo;environnement? Qu&rsquo;est qui vous a motiv\u00e9 \u00e0 poursuivre vos \u00e9tudes doctorales en pal\u00e9obotanique?<br \/>\n<\/strong><\/p>\n<p>J\u2019ai d\u2019abord \u00e9t\u00e9 int\u00e9ress\u00e9e par les sciences environnementales, lorsque j\u2019\u00e9tais au Lyc\u00e9e. J\u2019aimais \u00e0 la fois la g\u00e9ologie et la botanique ainsi la pal\u00e9obotanique a \u00e9t\u00e9 un bon moyen de concilier les deux. Je suis particuli\u00e8rement int\u00e9ress\u00e9e par les \u00e9tudes sur l\u2019Evolution.<\/p>\n<p><strong>Qu&rsquo;est-ce qui vous a conduit \u00e0 travailler ici \u00e0 l&rsquo;INRA, avec Francis Martin et son \u00e9quipe sur les g\u00e9nomes et les interactions microorganismes\/arbres ?<\/strong><\/p>\n<p>Je suis \u00e0 l\u2019INRA (i) pour renforcer les liens entre le Laboratoire de Francis Martin et celui de Paul Kenrick (Natural History Museum, Londres) et (ii) pour explorer les possibilities de d\u00e9velopper des recherches multidisciplinaires dans le domaine des interactions plantes-champignons.<\/p>\n<p><strong>Votre travail est-il le fruit d\u2019une collaboration. Si oui, comment cette collaboration a-t-elle influenc\u00e9 votre travail ?<\/strong><\/p>\n<p>J\u2019ai toujours travaill\u00e9 en collaboration, c\u2019est essentiel pour moi. De cette fa\u00e7on on combine les expertises de chacun; c\u2019est notamment le cas lorsque l\u2019on utilise les nouvelles techniques de plus en plus sophistiqu\u00e9es. La recherche en science est une belle aventure humaine.<\/p>\n<p><strong>Pour vous, quels sont les enjeux de la recherche scientifique en<\/strong> <strong>pal\u00e9obotanique?<\/strong><\/p>\n<p>Associer pal\u00e9omycologie et les \u00e9tudes en g\u00e9nomique des champignons est certainement un enjeu d\u2019avenir. Les interactions plantes-champignons sont cruciales dans les environnements actuels. Nous avons besoin de comprendre comment elles fonctionnent et comment elles se comporteront dans le contexte de changement climatique. Les deux disciplines conjugu\u00e9es peuvent aider \u00e0 apporter des r\u00e9ponses.<\/p>\n<p><strong>Vous passez beaucoup de temps \u00e0 travailler \u00e0 Londres, au c\u00e9l\u00e8bre Natural History Museum. Pouvez-vous d\u00e9crire ce que cela fait travailler parmi les plus importantes collections de pal\u00e9obotanique dans le monde?<\/strong><\/p>\n<p>Les collections du Natural History Museum \u00e0 Londres sont absolument fascinantes. Je passe des heures \u00e0 travailler sur des lames minces, faites dans des roches il y a plus de 100 ans. La preservation des fossiles y est exceptionnelle. J\u2019aime aussi beaucoup l\u2019ambiance de travail.<\/p>\n<p><a href=\"https:\/\/mycor.iam.inrae.fr\/ARBRE\/wp-content\/uploads\/2015\/03\/london-3.png\"><img loading=\"lazy\" decoding=\"async\" class=\"alignleft size-full wp-image-8017\" src=\"https:\/\/mycor.iam.inrae.fr\/ARBRE\/wp-content\/uploads\/2015\/03\/london-3.png\" alt=\"london 3\" width=\"1095\" height=\"301\" srcset=\"https:\/\/mycor.iam.inrae.fr\/ARBRE\/wp-content\/uploads\/2015\/03\/london-3.png 1095w, https:\/\/mycor.iam.inrae.fr\/ARBRE\/wp-content\/uploads\/2015\/03\/london-3-300x82.png 300w, https:\/\/mycor.iam.inrae.fr\/ARBRE\/wp-content\/uploads\/2015\/03\/london-3-1024x281.png 1024w, https:\/\/mycor.iam.inrae.fr\/ARBRE\/wp-content\/uploads\/2015\/03\/london-3-800x220.png 800w, https:\/\/mycor.iam.inrae.fr\/ARBRE\/wp-content\/uploads\/2015\/03\/london-3-500x137.png 500w\" sizes=\"auto, (max-width: 1095px) 100vw, 1095px\" \/><\/a><\/p>\n<p><strong>Vous avez fait une brillante carri\u00e8re. Vous \u00eates reconnue pour avoir propos\u00e9 de nouvelles id\u00e9es dans un domaine qui vous passionne<\/strong><strong>. <\/strong><strong>Pourriez-vous parler de ce que cela signifie d&rsquo;\u00eatre une femme travaillant dans le domaine des sciences?<\/strong><\/p>\n<p>Je pense que je fais simplement un travail qui me passionne. J\u2019ai eu la chance de faire des d\u00e9couvertes qui m\u2019ont permis de forger de nouvelles id\u00e9es. Je suis reconnaissante envers Francis Martin qui me donne l\u2019occasion d\u2019aller plus loin, en travaillant avec lui et son \u00e9quipe, ici \u00e0 Nancy, pour d\u00e9velopper ces id\u00e9es. C\u2019est ma vision de la science\u2026.<\/p>\n<p><strong>Lors de votre plus r\u00e9cent document publi\u00e9 \u00e0 New Phytologist (mars 2014) (Fungal associations in Horneophyton ligneri from the Rhynie Chert (c. 407 million year old) closely resemble those in extant lower land plants: novel insights into ancestral plant-fungus symbioses. New Phytologist.), vous avez document\u00e9 deux nouvelles symbioses fongiques associ\u00e9es \u00e0 la plante Horneophyton lignieri (C. 407 millions d&rsquo;ans), que vous avez nomm\u00e9e <\/strong><strong>Palaeoendogone gwynne-vaughniae<\/strong><strong> en l&rsquo;honneur de l&rsquo;\u00e9minente botaniste britannique, mycologue <span style=\"color: #0000ff;\"><a style=\"color: #0000ff;\" href=\"http:\/\/spartacus-educational.com\/Wgwynne.htm\">Dame Helen Gwynne-Vaughan<\/a><\/span>. Cette femme engag\u00e9e a pris des risques consid\u00e9rables \u00e0 forger sa propre carri\u00e8re en science au d\u00e9but du xixe si\u00e8cle. Entre autres choses, elle a \u00e9crit une s\u00e9rie d&rsquo;articles importants qui ont fait date dans les ann\u00e9es 1920 et 1930 sur la cytologie de champignons. Pourriez-vous parler de la fa\u00e7on dont le travail de sa vie peut avoir influenc\u00e9 votre propre vie?<\/strong><\/p>\n<p>Je ne dirai pas que sa fa\u00e7on de travailler ait influenc\u00e9 la mienne. Je dirai plut\u00f4t que j\u2019ai une tr\u00e8s grande admiration pour Dame Helen Gwynne-Vaughan pour la force dont elle a fait preuve en choissisant une carri\u00e8re scientifique \u00e0 son \u00e9poque et pour tout ce qu\u2019elle a accompli pendant sa carri\u00e8re. Elle a aussi fait preuve d\u2019un grand courage pendant la premi\u00e8re guerre mondiale.<br \/>\n<a href=\"https:\/\/mycor.iam.inrae.fr\/ARBRE\/wp-content\/uploads\/2015\/03\/3-photos1.png\"><img loading=\"lazy\" decoding=\"async\" class=\"aligncenter size-full wp-image-6882\" src=\"https:\/\/mycor.iam.inrae.fr\/ARBRE\/wp-content\/uploads\/2015\/03\/3-photos1.png\" alt=\"3 photos\" width=\"928\" height=\"293\" srcset=\"https:\/\/mycor.iam.inrae.fr\/ARBRE\/wp-content\/uploads\/2015\/03\/3-photos1.png 928w, https:\/\/mycor.iam.inrae.fr\/ARBRE\/wp-content\/uploads\/2015\/03\/3-photos1-300x95.png 300w, https:\/\/mycor.iam.inrae.fr\/ARBRE\/wp-content\/uploads\/2015\/03\/3-photos1-800x253.png 800w, https:\/\/mycor.iam.inrae.fr\/ARBRE\/wp-content\/uploads\/2015\/03\/3-photos1-500x158.png 500w\" sizes=\"auto, (max-width: 928px) 100vw, 928px\" \/><\/a><\/p>\n<p><strong>Enfin, quels sont vos projets scientifiques pour l\u2019avenir (\u00e0 court ou long terme) ?<br \/>\nDes conseils pour les jeunes qui veulent se lancer vers une carri\u00e8re dans la recherche ?<\/strong><\/p>\n<p>J\u2019esp\u00e8re pouvoir continuer \u00e0 faire des d\u00e9couvertes qui pourront aider \u00e0 mieux comprendre comment les relations complexes entre les plantes et les champignons se sont mises en place et comment elles \u00e9voluent.<\/p>\n<p>Mon conseil serait: soyez passionn\u00e9(e) par les sciences et appr\u00e9ciez de travailler en collaboration.<\/p>\n<p>_____________________________________________________________________________<\/p>\n<p>&nbsp;<\/p>\n<p><a href=\"https:\/\/mycor.iam.inrae.fr\/ARBRE\/wp-content\/uploads\/2015\/03\/Screenshot-2015-07-23-09.17.49.png\"><img loading=\"lazy\" decoding=\"async\" class=\"alignleft size-full wp-image-8013\" src=\"https:\/\/mycor.iam.inrae.fr\/ARBRE\/wp-content\/uploads\/2015\/03\/Screenshot-2015-07-23-09.17.49.png\" alt=\"Screenshot 2015-07-23 09.17.49\" width=\"613\" height=\"603\" srcset=\"https:\/\/mycor.iam.inrae.fr\/ARBRE\/wp-content\/uploads\/2015\/03\/Screenshot-2015-07-23-09.17.49.png 613w, https:\/\/mycor.iam.inrae.fr\/ARBRE\/wp-content\/uploads\/2015\/03\/Screenshot-2015-07-23-09.17.49-300x295.png 300w, https:\/\/mycor.iam.inrae.fr\/ARBRE\/wp-content\/uploads\/2015\/03\/Screenshot-2015-07-23-09.17.49-50x50.png 50w, https:\/\/mycor.iam.inrae.fr\/ARBRE\/wp-content\/uploads\/2015\/03\/Screenshot-2015-07-23-09.17.49-610x600.png 610w, https:\/\/mycor.iam.inrae.fr\/ARBRE\/wp-content\/uploads\/2015\/03\/Screenshot-2015-07-23-09.17.49-305x300.png 305w\" sizes=\"auto, (max-width: 613px) 100vw, 613px\" \/><\/a><\/p>\n<p>&nbsp;<\/p>\n","protected":false},"excerpt":{"rendered":"<p>&nbsp; &nbsp; Christine Strullu-Derrien Chercheure visiteur 24 juillet 2015 ___________________________ &nbsp; &nbsp; &nbsp; &nbsp; &nbsp; &nbsp; Christine Strullu-Derrien, chercheure du Mus\u00e9um d&rsquo;Histoire naturelle de Londres effectue un s\u00e9jour de 6 mois dans l&rsquo;unit\u00e9 IAM, dans le cadre du LabEx ARBRE. &hellip; <a href=\"https:\/\/mycor.iam.inrae.fr\/ARBRE\/?page_id=6796\">Continuer la lecture <span class=\"meta-nav\">&rarr;<\/span><\/a><\/p>\n","protected":false},"author":4,"featured_media":0,"parent":2122,"menu_order":0,"comment_status":"closed","ping_status":"closed","template":"","meta":{"footnotes":""},"class_list":["post-6796","page","type-page","status-publish","hentry"],"_links":{"self":[{"href":"https:\/\/mycor.iam.inrae.fr\/ARBRE\/index.php?rest_route=\/wp\/v2\/pages\/6796","targetHints":{"allow":["GET"]}}],"collection":[{"href":"https:\/\/mycor.iam.inrae.fr\/ARBRE\/index.php?rest_route=\/wp\/v2\/pages"}],"about":[{"href":"https:\/\/mycor.iam.inrae.fr\/ARBRE\/index.php?rest_route=\/wp\/v2\/types\/page"}],"author":[{"embeddable":true,"href":"https:\/\/mycor.iam.inrae.fr\/ARBRE\/index.php?rest_route=\/wp\/v2\/users\/4"}],"replies":[{"embeddable":true,"href":"https:\/\/mycor.iam.inrae.fr\/ARBRE\/index.php?rest_route=%2Fwp%2Fv2%2Fcomments&post=6796"}],"version-history":[{"count":0,"href":"https:\/\/mycor.iam.inrae.fr\/ARBRE\/index.php?rest_route=\/wp\/v2\/pages\/6796\/revisions"}],"up":[{"embeddable":true,"href":"https:\/\/mycor.iam.inrae.fr\/ARBRE\/index.php?rest_route=\/wp\/v2\/pages\/2122"}],"wp:attachment":[{"href":"https:\/\/mycor.iam.inrae.fr\/ARBRE\/index.php?rest_route=%2Fwp%2Fv2%2Fmedia&parent=6796"}],"curies":[{"name":"wp","href":"https:\/\/api.w.org\/{rel}","templated":true}]}}