{"id":7269,"date":"2015-05-12T10:41:13","date_gmt":"2015-05-12T10:41:13","guid":{"rendered":"https:\/\/mycor.iam.inrae.fr\/ARBRE\/?page_id=7269"},"modified":"2015-06-16T11:27:08","modified_gmt":"2015-06-16T11:27:08","slug":"est-ce-que-les-mecanismes-hydrauliques-dadaptation-a-des-evenements-de-secheresse-changent-au-cours-du-vieillissement","status":"publish","type":"page","link":"https:\/\/mycor.iam.inrae.fr\/ARBRE\/?page_id=7269","title":{"rendered":"Les m\u00e9canismes hydrauliques d&rsquo;adaptation \u00e0 des \u00e9v\u00e9nements de s\u00e9cheresse"},"content":{"rendered":"<p><strong>Postdoctorant<\/strong> : R\u00e9mi Wortemann<br \/>\n<strong>Universit\u00e9 d&rsquo;origine<\/strong> :<br \/>\n<strong>Dur\u00e9e du contrat<\/strong> : Deux ans (2015-2017)<\/p>\n<p><strong>Titre de projet<\/strong> <strong>\u2014<\/strong> Est-ce que les m\u00e9canismes hydrauliques d&rsquo;adaptation \u00e0 des \u00e9v\u00e9nements de s\u00e9cheresse changent au cours du vieillissement?<\/p>\n<p><strong>\u00c9quipe d\u2019accueil et encadrant(s)<\/strong>\u00a0 <strong>\u2014<br \/>\n<\/strong>\u00c9quipe : UMR 1137 \u2013 \u00c9cologie et \u00e9cophysiologie foresti\u00e8res (EEF)<br \/>\nEncadrant : Nathalie Br\u00e9da<\/p>\n<p>&nbsp;<\/p>\n<p>_________________________________________<\/p>\n<p><strong>Contexte et \u00e9tat de l\u2019art<\/strong>\u00a0<strong>\u2014 <\/strong>Les scenarii de changement climatique pr\u00e9disent une augmentation de \u00e9v\u00e9nements de s\u00e9cheresse extr\u00eame comme ceux de 1976 et 2003. Les impacts des s\u00e9cheresses sur la sant\u00e9 et la productivit\u00e9 des \u00e9cosyst\u00e8mes sont connus, mais des questions subsistent dans la compr\u00e9hension des m\u00e9canismes de survie et de r\u00e9silience des esp\u00e8ces. En effet, les processus \u00e9cophysiologiques menant \u00e0 la mort de l\u2019arbre ne sont pas \u00e0 ce jour parfaitement identifi\u00e9s. Le h\u00eatre (<em>Fagus sylvatica<\/em> L.) qui est une esp\u00e8ce constitutive et r\u00e9pandue des for\u00eats europ\u00e9ennes sera notre mod\u00e8le d\u2019\u00e9tude. Il est connu que la croissance radiale du h\u00eatre est sensible au d\u00e9ficit hydrique mais il est surprenant de constater que relativement peu de d\u00e9p\u00e9rissements ont \u00e9t\u00e9 report\u00e9s par l\u2019ICP Forest. La strat\u00e9gie du h\u00eatre pour survivre \u00e0 un manque d\u2019eau impliquant un compromis entre le contr\u00f4le de croissance, la s\u00e9curit\u00e9 hydraulique et le contr\u00f4le stomatique est donc questionn\u00e9e.<\/p>\n<p><strong>Objectifs et questions de recherche<\/strong> <strong>\u2014<\/strong> Ce projet a deux objectifs principaux: (1) identification des param\u00e8tres cl\u00e9s impliques dans la survie des arbre soumis \u00e0 une p\u00e9riode de s\u00e9cheresse extr\u00eame, (2) comparaison de la r\u00e9sistance \u00e0 la s\u00e9cheresse des 14 populations naturelles de h\u00eatre.<\/p>\n<p><strong>Enjeux scientifiques et socio-\u00e9conomiques<\/strong>\u00a0\u00a0<strong>\u2014<\/strong> L&rsquo;identification des ces param\u00e8tres cl\u00e9s impliqu\u00e9s dans la survie du h\u00eatre soumis \u00e0 une extr\u00eame s\u00e9cheresse et\/ou l&rsquo;identification de population de h\u00eatre adapt\u00e9es peut aider les forestiers \u00e0 adapter la s\u00e9lection des arbres pour maximiser la production et limiter l&rsquo;impact des changements climatiques.<\/p>\n<p><strong>Approches m\u00e9thodologiques et r\u00e9sultats attendu<\/strong>\u00a0<strong>\u2014<\/strong> Au printemps 2014 un dispositif exp\u00e9rimental a \u00e9t\u00e9 install\u00e9 \u00e0 la p\u00e9pini\u00e8re de l&rsquo;INRA. Un toit de 500 m2 couvre environ 1000 h\u00eatres provenant de 14 populations naturelles originaires de 7 for\u00eats lorraines s\u00e9lectionn\u00e9es le long d&rsquo;un gradient Nord-Sud de 250 km. Un dispositif avec un syst\u00e8me d&rsquo;exclusion partiel des pluies pr\u00e9sent \u00e0 Hesse depuis 2007 sera \u00e9galement utilis\u00e9. Dans les deux cas les arbres soumis \u00e0 la s\u00e9cheresse et ceux bien hydrat\u00e9s (contr\u00f4le) seront compar\u00e9s.<\/p>\n<p>Les param\u00e8tres morphologiques (croissance primaire et secondaire, propri\u00e9t\u00e9s du bois et des feuilles..) et les fonctions physiologiques (WUF, r\u00e9sistance \u00e0 la cavitation, propri\u00e9t\u00e9s hydrauliques, conductance stomatique..) seront mesur\u00e9s pour identifier les param\u00e8tres cl\u00e9s impliqu\u00e9s du fonctionnement hydrique dans la survie des arbres. Les 14 populations seront suivies et compar\u00e9es. Les adaptations hydrauliques et morphologiques acquises durant la longue p\u00e9riode de s\u00e9cheresse seront \u00e9valu\u00e9es.<\/p>\n","protected":false},"excerpt":{"rendered":"<p>Postdoctorant : R\u00e9mi Wortemann Universit\u00e9 d&rsquo;origine : Dur\u00e9e du contrat : Deux ans (2015-2017) Titre de projet \u2014 Est-ce que les m\u00e9canismes hydrauliques d&rsquo;adaptation \u00e0 des \u00e9v\u00e9nements de s\u00e9cheresse changent au cours du vieillissement? \u00c9quipe d\u2019accueil et encadrant(s)\u00a0 \u2014 \u00c9quipe &hellip; <a href=\"https:\/\/mycor.iam.inrae.fr\/ARBRE\/?page_id=7269\">Continuer la lecture <span class=\"meta-nav\">&rarr;<\/span><\/a><\/p>\n","protected":false},"author":4,"featured_media":0,"parent":2122,"menu_order":0,"comment_status":"closed","ping_status":"closed","template":"","meta":{"footnotes":""},"class_list":["post-7269","page","type-page","status-publish","hentry"],"_links":{"self":[{"href":"https:\/\/mycor.iam.inrae.fr\/ARBRE\/index.php?rest_route=\/wp\/v2\/pages\/7269","targetHints":{"allow":["GET"]}}],"collection":[{"href":"https:\/\/mycor.iam.inrae.fr\/ARBRE\/index.php?rest_route=\/wp\/v2\/pages"}],"about":[{"href":"https:\/\/mycor.iam.inrae.fr\/ARBRE\/index.php?rest_route=\/wp\/v2\/types\/page"}],"author":[{"embeddable":true,"href":"https:\/\/mycor.iam.inrae.fr\/ARBRE\/index.php?rest_route=\/wp\/v2\/users\/4"}],"replies":[{"embeddable":true,"href":"https:\/\/mycor.iam.inrae.fr\/ARBRE\/index.php?rest_route=%2Fwp%2Fv2%2Fcomments&post=7269"}],"version-history":[{"count":0,"href":"https:\/\/mycor.iam.inrae.fr\/ARBRE\/index.php?rest_route=\/wp\/v2\/pages\/7269\/revisions"}],"up":[{"embeddable":true,"href":"https:\/\/mycor.iam.inrae.fr\/ARBRE\/index.php?rest_route=\/wp\/v2\/pages\/2122"}],"wp:attachment":[{"href":"https:\/\/mycor.iam.inrae.fr\/ARBRE\/index.php?rest_route=%2Fwp%2Fv2%2Fmedia&parent=7269"}],"curies":[{"name":"wp","href":"https:\/\/api.w.org\/{rel}","templated":true}]}}