{"id":7275,"date":"2015-05-12T11:32:26","date_gmt":"2015-05-12T11:32:26","guid":{"rendered":"https:\/\/mycor.iam.inrae.fr\/ARBRE\/?page_id=7275"},"modified":"2015-06-16T11:25:46","modified_gmt":"2015-06-16T11:25:46","slug":"ameliorer-la-gestion-de-leau-et-effet-des-techniques-culturales-sur-le-mycelium-dans-le-sol-la-production-de-fructifications-et-le-bilan-hydrique","status":"publish","type":"page","link":"https:\/\/mycor.iam.inrae.fr\/ARBRE\/?page_id=7275","title":{"rendered":"Am\u00e9liorer la gestion de l\u2019eau et effet des techniques culturales"},"content":{"rendered":"<p><strong>Postdoctorant<\/strong> : Herminia de la Varga Pastor<br \/>\n<strong>Universit\u00e9 d&rsquo;origine<\/strong> : Universit\u00e9 de Lorraine<br \/>\n<strong>Dur\u00e9e du contrat<\/strong> : 12 mois<\/p>\n<p><strong>Titre de projet<\/strong> <strong>\u2014<\/strong> Am\u00e9liorer la gestion de l&rsquo;eau et effet des techniques culturales sur le myc\u00e9lium dans le sol, la production de fructification et le bilan hydrique: exp\u00e9riences pilotes vers l&rsquo;adaptation des truffi\u00e8res aux changements climatiques.<\/p>\n<p><strong>\u00c9quipe d\u2019accueil et encadrant(s)<\/strong>\u00a0 <strong>\u2014<\/strong><br \/>\n\u00c9quipe: UMR 1136 Interactions Arbres\/Micro-organismes (IAM)<br \/>\nEncadrant : Claude Murat<\/p>\n<p>_________________________________________<\/p>\n<p><strong>Contexte et \u00e9tat de l\u2019art<\/strong>\u00a0<strong>\u2014 <\/strong>Les truffes sont des champignons ectomycorhiziens \u00e9tablissant une symbiose mutualiste avec de nombreux arbres et arbustes. Les truffi\u00e8res sont des \u00e9cosyst\u00e8mes ouverts, de type agro-forestier, qui jouent un r\u00f4le paysager notable. Comme tous les champignons, la production de fructifications de truffes est fortement influenc\u00e9e par le climat. Pour rendre la production moins al\u00e9atoire il est donc indispensable de mieux conna\u00eetre les facteurs climatiques influen\u00e7ant leur cycle biologique surtout dans le contexte des changements climatiques. En effet, le climat peut influencer les diff\u00e9rentes phases du cycle biologique comme la phase symbiotique, le d\u00e9veloppement du myc\u00e9lium dans le sol, la phase de reproduction sexu\u00e9e et le grossissement des fructifications. La phase de reproduction sexu\u00e9e de truffes repose sur l&rsquo;interaction entre deux myc\u00e9liums compatibles de types sexuels diff\u00e9rents. Gr\u00e2ce \u00e0 l&rsquo;analyse du g\u00e9nome de la truffe noire du P\u00e9rigord nous disposons actuellement des g\u00e8nes de compatibilit\u00e9 sexuelle.<\/p>\n<p><strong>Objectifs et questions de recherche \u2014 <\/strong>Les objectifs du projet ClimaTruf sont de mod\u00e9liser les effets du climat sur la production de truffes, de d\u00e9velopper des outils de suivi du myc\u00e9lium de truffes dans le sol et de mettre en place des sites exp\u00e9rimentaux.<\/p>\n<p>Les principales questions de recherches trait\u00e9es par la post-doc sont:<\/p>\n<ol>\n<li>Quelle corr\u00e9lation existe t&rsquo;il entre la production de truffes et le climat;<\/li>\n<li>Mise au point du protocole de suivi des deux types sexuels dans le sol;<\/li>\n<li>Comment \u00e9volue la quantit\u00e9 de myc\u00e9lium de truffes des deux types sexuels dans le sol.<\/li>\n<\/ol>\n<p><strong>Enjeux scientifiques et socio-\u00e9conomiques \u2014 <\/strong>Les enjeux scientifiques sont une meilleur connaissance du cycle biologique des truffes <em>in situ <\/em> en lien avec le climat. Ceci permettra de faire \u00e9voluer les techniques culturales. Le transfert vers le mode socio-\u00e9conomique sera facilit\u00e9 par l&rsquo;implication dans le projet ClimaTruf de la f\u00e9d\u00e9ration fran\u00e7aise des trufficulteurs et d&rsquo;une soci\u00e9t\u00e9 priv\u00e9e ALCINA qui exploitera d&rsquo;un point de vu commercial le protocole d\u00e9velopp\u00e9 par la post-doc.<\/p>\n<p><strong>Approche m\u00e9thodologique et r\u00e9sultats attendus \u2014 <\/strong>Les r\u00e9sultats attendus sont un mod\u00e8le permettant de pr\u00e9dire la production de truffes en fonction du climat, un kit de diagnostic permettant de quantifier le myc\u00e9lium de truffes dans le sol, la dynamique annuelle du myc\u00e9lium de truffes et des sites exp\u00e9rimentaux pour suivre le bilan hydrique \u00e0 long terme.<\/p>\n","protected":false},"excerpt":{"rendered":"<p>Postdoctorant : Herminia de la Varga Pastor Universit\u00e9 d&rsquo;origine : Universit\u00e9 de Lorraine Dur\u00e9e du contrat : 12 mois Titre de projet \u2014 Am\u00e9liorer la gestion de l&rsquo;eau et effet des techniques culturales sur le myc\u00e9lium dans le sol, la &hellip; <a href=\"https:\/\/mycor.iam.inrae.fr\/ARBRE\/?page_id=7275\">Continuer la lecture <span class=\"meta-nav\">&rarr;<\/span><\/a><\/p>\n","protected":false},"author":4,"featured_media":0,"parent":2122,"menu_order":0,"comment_status":"closed","ping_status":"closed","template":"","meta":{"footnotes":""},"class_list":["post-7275","page","type-page","status-publish","hentry"],"_links":{"self":[{"href":"https:\/\/mycor.iam.inrae.fr\/ARBRE\/index.php?rest_route=\/wp\/v2\/pages\/7275","targetHints":{"allow":["GET"]}}],"collection":[{"href":"https:\/\/mycor.iam.inrae.fr\/ARBRE\/index.php?rest_route=\/wp\/v2\/pages"}],"about":[{"href":"https:\/\/mycor.iam.inrae.fr\/ARBRE\/index.php?rest_route=\/wp\/v2\/types\/page"}],"author":[{"embeddable":true,"href":"https:\/\/mycor.iam.inrae.fr\/ARBRE\/index.php?rest_route=\/wp\/v2\/users\/4"}],"replies":[{"embeddable":true,"href":"https:\/\/mycor.iam.inrae.fr\/ARBRE\/index.php?rest_route=%2Fwp%2Fv2%2Fcomments&post=7275"}],"version-history":[{"count":0,"href":"https:\/\/mycor.iam.inrae.fr\/ARBRE\/index.php?rest_route=\/wp\/v2\/pages\/7275\/revisions"}],"up":[{"embeddable":true,"href":"https:\/\/mycor.iam.inrae.fr\/ARBRE\/index.php?rest_route=\/wp\/v2\/pages\/2122"}],"wp:attachment":[{"href":"https:\/\/mycor.iam.inrae.fr\/ARBRE\/index.php?rest_route=%2Fwp%2Fv2%2Fmedia&parent=7275"}],"curies":[{"name":"wp","href":"https:\/\/api.w.org\/{rel}","templated":true}]}}