{"id":7825,"date":"2015-07-15T08:37:38","date_gmt":"2015-07-15T08:37:38","guid":{"rendered":"https:\/\/mycor.iam.inrae.fr\/ARBRE\/?page_id=7825"},"modified":"2016-02-05T16:00:06","modified_gmt":"2016-02-05T16:00:06","slug":"arbre-interview-peter-oviatt","status":"publish","type":"page","link":"https:\/\/mycor.iam.inrae.fr\/ARBRE\/?page_id=7825","title":{"rendered":"ARBRE Interview &#8211; Peter Oviatt"},"content":{"rendered":"<p><a href=\"https:\/\/mycor.iam.inrae.fr\/ARBRE\/wp-content\/uploads\/2015\/06\/PO-greenhouse.jpg\"><img loading=\"lazy\" decoding=\"async\" class=\"alignleft  wp-image-7827\" src=\"https:\/\/mycor.iam.inrae.fr\/ARBRE\/wp-content\/uploads\/2015\/06\/PO-greenhouse.jpg\" alt=\"PO greenhouse\" width=\"360\" height=\"477\" \/><\/a><\/p>\n<p>&nbsp;<\/p>\n<p><strong>Peter Oviatt<\/strong><\/p>\n<p><em>Doctorant<\/em><\/p>\n<p>24 juin 2015<\/p>\n<p>________________<\/p>\n<p>&nbsp;<\/p>\n<p>&nbsp;<\/p>\n<p>&nbsp;<\/p>\n<p>&nbsp;<\/p>\n<p>&nbsp;<\/p>\n<p>&nbsp;<\/p>\n<p>Peter est doctorant dans le domaine de l\u2019Histoire, de l\u2019Anthropologie et de l\u2019\u00e9tude des Sciences et Technologies (HASTS) \u00e0 l\u2019Institut de Technologie du Massachusetts (MIT). Il \u00e9tudie les interactions entre les champignons, les plantes et l&rsquo;activit\u00e9 humaine, particuli\u00e8rement dans les zones fortement impact\u00e9es par ces derniers. Que ce soit dans des jardins urbains, des truffi\u00e8res ou de vastes monocultures intensives, son int\u00e9r\u00eat se porte sur la rhizosph\u00e8re\u00a0: partie du sol en contact avec les racines, l\u00e0 o\u00f9 champignons et arbres se rencontrent. Peter \u00e9tudie la progression du corpus de connaissances relatives aux champignons du sol et leurs symbiontes, ainsi que de la fa\u00e7on dont ils sont per\u00e7us. Il porte une attention particuli\u00e8re aux collaborations, scientifiques ou non, \u2026 Tr\u00e8s int\u00e9ress\u00e9 par l\u2019application de ces connaissances et de leur impact sur les soci\u00e9t\u00e9s humaines et les paysages, Peter porte une attention particuli\u00e8re aux diff\u00e9rentes collaborations, scientifiques ou non, allant dans ce sens.<\/p>\n<p>Son principal sujet d\u2019\u00e9tude est la symbiose mycorhizienne, association entre certains champignons filamenteux du sol et la plupart des plantes terrestres. Avec l\u2019exploitation des champignons mycorhiziens, utilis\u00e9 en tant que fertilisant, d\u00e9polluant ou bien encore pour la production de champignons comestibles, une v\u00e9ritable \u00e9conomie bas\u00e9e sur l&rsquo;exploitation de la symbiose mutualiste mycorhizienne est n\u00e9e, dont la complexit\u00e9 sociale requiert une \u00e9tude approfondie. Suite \u00e0 l\u2019int\u00e9r\u00eat grandissant pour les champignons la perception du public sur ces organismes \u00e9volue rapidement. A travers son travail sur la symbiose mycorhizienne, Peter esp\u00e8re apporter un nouveau regard sur des sujets aussi divers que l\u2019agro-\u00e9cologie, l\u2019usage des sols et les sciences de l&rsquo;environnement au sens large.<\/p>\n<p>Peter est \u00e0 Nancy cet \u00e9t\u00e9 pour travailler avec les chercheurs du LabEx ARBRE dans l&rsquo;UMR Interactions Arbres\/Microorganismes (IaM), dont Fran\u00e7ois Le Tacon, Francis Martin et Claude Murat.\u00a0 Il est encore au stade pr\u00e9liminaire de son travail de recherche, et souhaite donc rencontrer diff\u00e9rents chercheurs du domaine pur acqu\u00e9rir une meilleure compr\u00e9hension de leur travail, et \u00e9largir son r\u00e9seau de connaissances.<\/p>\n<p>Ci-dessous est l&rsquo;interview (en anglais) qu&rsquo;il nous a accord\u00e9e r\u00e9cemment.<\/p>\n<p>_____________________________________________________________________________<\/p>\n<p>&nbsp;<\/p>\n<p><strong>Where are you from originally and where do you spend most of your time now? <\/strong><\/p>\n<p>I grew up in Cleveland, Ohio. I left the area after graduating high school and moved to New York City. In between traveling and a few jobs, I earned my bachelor\u2019s and master\u2019s degree in New York. In 2013, I moved to Cambridge Mass to start my PhD at MIT.<\/p>\n<p>&nbsp;<\/p>\n<p><strong>When did you start to take an interest in science or research? Did you experience a particular light-bulb moment when you knew what direction you wanted to take?<\/strong><\/p>\n<p>I don\u2019t think there was a single light-bulb moment. For me, life and research is more of a tortuous path, along which I pick up influences and interests. That said, my earliest experience with mycorrhiza occurred when I was maybe 18 years old. My brother is a certified arborist, and as a summer job I would go out with the company he worked with to care for trees. On one occasion, I remember asking why he was giving something called mycorrhiza to a sickly tree. He told me it\u2019s a fungus. This didn\u2019t make sense to me. Fungi harm trees, right? I guess my brother wasn\u2019t in the mood to explain mycorrhizal associations to his younger sibling&#8211;all he said was, \u201cthink of it as medicine.\u201d I was intrigued and confused, but didn\u2019t pursue the question until much later. Looking back, however, I think the experience left an important mark on my thoughts. How do we come to know, and perceive organisms and natural processes as good or bad, important or not\u2026<\/p>\n<p><strong>Take us briefly through your educational path. When did you realize you wanted to study politics in the context of social research? What interested you most about studying mycorrhiza? And is Paul Stamets right, can mushrooms save the world?<\/strong><\/p>\n<p>Again, for me, the path is rarely straight. After completing my bachelor\u2019s degree, I desired a change of environment and pace. I decided to work for a local educational NGO in Cameroon. I spent about five months in West Africa, teaching English and business skills at a vocational school for teenagers. While in Cameroon I became interested in global food systems and local land-use. I found myself surrounded by troubling environmental and economic issues. I sought to understand the scientific and social factors that drive international development, food production and resource use. While still in Cameroon I applied for master\u2019s program in Politics at the New School for Social Research, in New York City. The New School is very progressive; the institution insists upon multi-disciplinary work. And so, my work in politics did not concern democracy and elections, per se, but every-day power structures. My research looked at the intersection of ecology, environmentalism, and food-production.<\/p>\n<p>For my MA thesis I conducted a comparative study of tea production in Yunnan Province (China) and West Bengal (India). I was interested in \u201csustainable\u201d forms of tea production, and tea gardens that boast of high biodiversity, bucolic landscapes, and alternative forms of land-use\u2014such as agro-forestry mixed with community-based agriculture. I didn\u2019t know it beforehand, but my research in Yunnan took place during the peak of mushroom season. The fungal diversity and cultural importance of mushrooms blew my mind (maybe this was my light-bulb moment). I quickly switched topics, as the production and trade of an edible mycorrhizal mushroom called matsutake captured my attention. This mushroom was completely transforming rural communities. The global trade of matsutake was leading to what mycologist David Arora calls \u201cmatsutake mansions,\u201d elaborate houses in the middle of rural and often-impoverished regions of Yunnan. I then began to ask why these mushrooms are so expensive and culturally valued? Why aren\u2019t they cultivated?<\/p>\n<p>I continued to study mixed forms of land use, such as agro-forestry and myco-silviculture. I also became interested in local and global schemes to cultivate saprophytic mushrooms on agricultural wastes (saprophytes grow by degrading cellulose, hemicellulose and lignin).<\/p>\n<p>Yes, you are right to bring up Paul Stamets: A big piece of my work considers the claims made by environmentalists and entrepreneurs (such as Stamets), in relation to emerging fields of research in mycology and soil ecology.<\/p>\n<p><a href=\"https:\/\/mycor.iam.inrae.fr\/ARBRE\/wp-content\/uploads\/2015\/06\/PO-cropped-hall_edited-1.jpg\"><img loading=\"lazy\" decoding=\"async\" class=\"alignleft  wp-image-7836\" src=\"https:\/\/mycor.iam.inrae.fr\/ARBRE\/wp-content\/uploads\/2015\/06\/PO-cropped-hall_edited-1.jpg\" alt=\"PO cropped hall_edited-1\" width=\"287\" height=\"431\" \/><\/a><br \/>\n<strong>Tell us about your research today &#8211; what is your specific focus at the moment and why is it important?<br \/>\n<\/strong><\/p>\n<p>Currently, my aim is to dive deeper into the latest research surrounding mycorrhiza. Who or what is driving this research forward: Global environmental concerns? Regional economies? Emerging tools for genetic analysis? In pursuing these questions, I couldn\u2019t ask for a better team than IAM. They conduct leading research in fungal genomics alongside critical work in applied mycology\u2014such as emerging agro-forestry practices and quality control for mycorrhizal products. IAM shows that basic and applied work is necessarily intertwined, if not a false dichotomy!<\/p>\n<p>I pay close attention to how this science fits into the current historical moment. Discussing with researchers who have worked with mycorrhiza for decades, and experienced trends in social and scientific interests, is invaluable to my research. I strive to tack back and forth between specific research projects, such as Fran\u00e7ois Le Tacon and Claude Murat\u2019s work with truffle orchards, and broader currents in science, technology and society.<br \/>\n<strong>Could you comment on the idea of collaboration in science and how that has that played a role in your own work?<\/strong><\/p>\n<p>Collaboration is key, and especially across disciplines. For instance, a core discipline in my program at MIT (Science and Technology Studies (STS) is inherently un-disciplined. It is housed within the social sciences, but filled with those trained and active in natural science research. There are all sorts of natural-social combinations. To cover such expansive ground, and show that the natural-social divide is not so sharp, I collaborate with researchers in ecology, anthropology, environmental history and microbiology.<\/p>\n<p><strong>And on your experience in Lorraine?<\/strong><\/p>\n<p>I am indeed making new discoveries here in Lorraine. My project looks at the network of scientists and mycorrhizal technologies in the U.S. and France. This international research community is intimate, but filled with styles of experimentation and implementation that are culturally unique. I am still in an early stage of my research, so its safer here to keep this abstract, for now.<\/p>\n<p><strong>What would you name as the major scientific issues &#8211; or next frontiers &#8211; for mycorrhiza?<\/strong><\/p>\n<p>Applied work with mycorrhiza, and soil-dwelling symbionts in general, is wide open. It is what attracts me to the subject. I don\u2019t know which is rising faster, public interest in mycorrhiza or the number of studies on the topic. Of course, the two work hand in hand. And as this occurs, branches of mycorrhizal research multiply. Much of this is driven by uncertainties of mycorrhiza\u2019s role in carbon sequestration, or its ability to help plants withstand the stresses of increasingly polluted and desiccated soils. In the United States, mycorrhiza is increasingly connected with efforts to \u201cremediate\u201d industrially damaged soils, or \u201crewild\u201d swaths of land. And yes, now we find ourselves back in \u201cmushrooms will save the world\u201d discourse. So much of the popular and scientific literature is filled with it; in many respects, mycorrhiza has become a morally-charged concept.<\/p>\n<p>This connects with another interest: Applications aside, how might increasing public awareness of mycorrhiza (and other microbial-plant interactions) alter environmental perceptions? Will deeper understandings of soil ecologies and multi-Kingdom interactions impact the way individuals garden? The horticultural products they buy, or the agricultural policies they support?<br \/>\n<strong>Do non-scientific moments make you a better researcher?\u00a0<\/strong><\/p>\n<p>Absolutely. In fact, I would ask what is it that separates the scientific from the non-scientific moments? More than working together, they seem inseparable! Ok, I\u2019m being a little facetious here, but only partly. I believe that remaining open and transparent to one\u2019s values and unique position in society is necessary, regardless if one works as a scientist, farmer, politician, or otherwise.<\/p>\n<p><strong>And for staying balanced and maintaining perspective?<\/strong><\/p>\n<p>Among other things, long distance cycling and Ashtanga yoga.<\/p>\n<p><strong>What advice would you give to young people just launching their careers in science and research?<\/strong><\/p>\n<p>Remain open to the larger context in which science and research takes place. The social and economic factors that drive, and are driven by, science demand continual evaluation.<br \/>\n<strong>Where do you hope your science will lead you in the future? What are your next steps?<\/strong><\/p>\n<p>At this point, I am still refining the research questions for my dissertation. It is why I am in France this summer. After Lorraine, I will visit with researchers in Toulouse, and managers of truffle orchards and farmers in the south of France. In the fall I return to Cambridge to complete requirements for my PhD program. The following year I will return to France for extended fieldwork with communities as diverse as farmers, ecologists, activists, industrialists and politicians, who, in one way or another, incorporate mycorrhiza into their lives and work.<\/p>\n<p>&nbsp;<\/p>\n<p>______________________________________________________________________________<\/p>\n<p>Listen to the <a href=\"https:\/\/www.ted.com\/talks\/paul_stamets_on_6_ways_mushrooms_can_save_the_world\"><strong><span style=\"color: #3366ff;\">Ted Talk by Paul Stamets<\/span><\/strong><\/a><\/p>\n<p>Read Peter&rsquo;s blog <span style=\"color: #666699;\"><a style=\"color: #666699;\" href=\"http:\/\/hasts.mit.edu\/2014\/01\/12\/under-the-darjeeling-fog\/\"><strong>Under the Darjeeling Fog<\/strong><\/a><\/span><\/p>\n<p><a href=\"https:\/\/mycor.iam.inrae.fr\/ARBRE\/wp-content\/uploads\/2015\/06\/Screenshot-2015-06-24-16.00.04.png\"><img loading=\"lazy\" decoding=\"async\" class=\"alignleft  wp-image-7839\" src=\"https:\/\/mycor.iam.inrae.fr\/ARBRE\/wp-content\/uploads\/2015\/06\/Screenshot-2015-06-24-16.00.04.png\" alt=\"Screenshot 2015-06-24 16.00.04\" width=\"357\" height=\"263\" \/><\/a><\/p>\n<p>&nbsp;<\/p>\n<p>&nbsp;<\/p>\n<p>&nbsp;<\/p>\n<p>&nbsp;<\/p>\n<p><a href=\"https:\/\/mycor.iam.inrae.fr\/ARBRE\/wp-content\/uploads\/2015\/06\/Screenshot-2015-06-24-16.00.14.png\"><img loading=\"lazy\" decoding=\"async\" class=\"alignleft  wp-image-7840\" src=\"https:\/\/mycor.iam.inrae.fr\/ARBRE\/wp-content\/uploads\/2015\/06\/Screenshot-2015-06-24-16.00.14.png\" alt=\"Screenshot 2015-06-24 16.00.14\" width=\"352\" height=\"287\" \/><\/a><\/p>\n<p>&nbsp;<\/p>\n<p>&nbsp;<\/p>\n<p>&nbsp;<\/p>\n<p>&nbsp;<\/p>\n<p>&nbsp;<\/p>\n<p>&nbsp;<\/p>\n<p>&nbsp;<\/p>\n","protected":false},"excerpt":{"rendered":"<p>&nbsp; Peter Oviatt Doctorant 24 juin 2015 ________________ &nbsp; &nbsp; &nbsp; &nbsp; &nbsp; &nbsp; Peter est doctorant dans le domaine de l\u2019Histoire, de l\u2019Anthropologie et de l\u2019\u00e9tude des Sciences et Technologies (HASTS) \u00e0 l\u2019Institut de Technologie du Massachusetts (MIT). Il &hellip; <a href=\"https:\/\/mycor.iam.inrae.fr\/ARBRE\/?page_id=7825\">Continuer la lecture <span class=\"meta-nav\">&rarr;<\/span><\/a><\/p>\n","protected":false},"author":4,"featured_media":0,"parent":2122,"menu_order":0,"comment_status":"closed","ping_status":"closed","template":"","meta":{"footnotes":""},"class_list":["post-7825","page","type-page","status-publish","hentry"],"_links":{"self":[{"href":"https:\/\/mycor.iam.inrae.fr\/ARBRE\/index.php?rest_route=\/wp\/v2\/pages\/7825","targetHints":{"allow":["GET"]}}],"collection":[{"href":"https:\/\/mycor.iam.inrae.fr\/ARBRE\/index.php?rest_route=\/wp\/v2\/pages"}],"about":[{"href":"https:\/\/mycor.iam.inrae.fr\/ARBRE\/index.php?rest_route=\/wp\/v2\/types\/page"}],"author":[{"embeddable":true,"href":"https:\/\/mycor.iam.inrae.fr\/ARBRE\/index.php?rest_route=\/wp\/v2\/users\/4"}],"replies":[{"embeddable":true,"href":"https:\/\/mycor.iam.inrae.fr\/ARBRE\/index.php?rest_route=%2Fwp%2Fv2%2Fcomments&post=7825"}],"version-history":[{"count":0,"href":"https:\/\/mycor.iam.inrae.fr\/ARBRE\/index.php?rest_route=\/wp\/v2\/pages\/7825\/revisions"}],"up":[{"embeddable":true,"href":"https:\/\/mycor.iam.inrae.fr\/ARBRE\/index.php?rest_route=\/wp\/v2\/pages\/2122"}],"wp:attachment":[{"href":"https:\/\/mycor.iam.inrae.fr\/ARBRE\/index.php?rest_route=%2Fwp%2Fv2%2Fmedia&parent=7825"}],"curies":[{"name":"wp","href":"https:\/\/api.w.org\/{rel}","templated":true}]}}