{"id":830,"date":"2013-07-10T12:21:43","date_gmt":"2013-07-10T12:21:43","guid":{"rendered":"https:\/\/mycor.iam.inrae.fr\/ARBRE\/?page_id=830"},"modified":"2015-12-08T10:59:31","modified_gmt":"2015-12-08T10:59:31","slug":"rootex","status":"publish","type":"page","link":"https:\/\/mycor.iam.inrae.fr\/ARBRE\/?page_id=830","title":{"rendered":"ROOTex"},"content":{"rendered":"<p><span style=\"color: #000000;\"><strong><a href=\"https:\/\/mycor.iam.inrae.fr\/ARBRE\/wp-content\/uploads\/2013\/07\/ROOTex-photo-green4.jpg\"><img loading=\"lazy\" decoding=\"async\" class=\"alignleft size-thumbnail wp-image-854\" title=\"ROOTex photo green\" src=\"https:\/\/mycor.iam.inrae.fr\/ARBRE\/wp-content\/uploads\/2013\/07\/ROOTex-photo-green4-150x150.jpg\" alt=\"\" width=\"150\" height=\"150\" srcset=\"https:\/\/mycor.iam.inrae.fr\/ARBRE\/wp-content\/uploads\/2013\/07\/ROOTex-photo-green4-150x150.jpg 150w, https:\/\/mycor.iam.inrae.fr\/ARBRE\/wp-content\/uploads\/2013\/07\/ROOTex-photo-green4-300x300.jpg 300w, https:\/\/mycor.iam.inrae.fr\/ARBRE\/wp-content\/uploads\/2013\/07\/ROOTex-photo-green4.jpg 432w\" sizes=\"auto, (max-width: 150px) 100vw, 150px\" \/><\/a>Implication des facteurs de transcription dans l\u2019orchestration de la croissance racinaire<\/strong><\/span><\/p>\n<p><span style=\"color: #000000;\"><em>Responsable scientifique : Val\u00e9rie Legu\u00e9 (UMR 1136 Interactions Arbres \/ Micro-organismes &#8211; IaM)<\/em><\/span><\/p>\n<p><span style=\"color: #000000;\">Partenaires Labex : M.B. Bogeat-Triboulot et I. Hummel (UMR 1137 Ecologie et Ecophysiologie Foresti\u00e8res &#8211; EEF)<\/span><\/p>\n<p><span style=\"color: #000000;\"><strong><em>Contexte<\/em> \u2014<\/strong> Le syst\u00e8me racinaire joue un r\u00f4le majeur dans le d\u00e9veloppement des plantes. Son d\u00e9veloppement, qui implique la croissance racinaire et la formation des racines lat\u00e9rales, est soumis \u00e0 de nombreux facteurs \u00e9daphiques tels que les interactions avec les champignons, la disponibilit\u00e9 en nutriments et en eau. La plasticit\u00e9 du syst\u00e8me racinaire permet \u00e0 la plante de r\u00e9pondre rapidement aux changements de conditions environnementales, ce qui lui conf\u00e8re une valeur adaptative importante. En particulier, la croissance est modul\u00e9e par les facteurs de la rhizosph\u00e8re (eau, \u00e9l\u00e9ments min\u00e9raux, micro-organismes\u2026). Alors que l\u2019activit\u00e9 des cellules souches est n\u00e9cessaire au maintien de la croissance, l\u2019impact de l\u2019environnement sur leur activit\u00e9 n\u2019a pas<br \/>\n<\/span><\/p>\n<p><span style=\"color: #000000;\"><strong><em>Objectifs <\/em>\u2014 <\/strong><\/span>D\u00e9crypter les m\u00e9canismes impliqu\u00e9s dans la plasticit\u00e9 de la croissance des racines de peuplier. Nous testons l\u2019hypoth\u00e8se selon laquelle les modulations de croissance observ\u00e9es lors de la symbiose et sous contrainte hydrique reposent, au moins en partie, sur une modification de l\u2019activit\u00e9 des cellules souches au sein du m\u00e9rist\u00e8me.<\/p>\n<p>&nbsp;<\/p>\n<p><span style=\"color: #000000;\"><strong><em>D\u00e9marche <\/em>\u2014 <\/strong><\/span>Nous menons une analyse parall\u00e8le de la croissance et de l\u2019expression des facteurs de transcription (FT) impliqu\u00e9s dans l\u2019activit\u00e9 des cellules souches en r\u00e9ponse aux deux facteurs de l\u2019environnement consid\u00e9r\u00e9s.<\/p>\n<p><span style=\"color: #000000;\"><strong><em>R\u00e9sultats marquants <\/em>\u2014\u00a0<\/strong><\/span><\/p>\n<ul>\n<li>L\u2019inhibition de la croissance est induite d\u00e8s une semaine de contact avec le champignon mycorhizien. En r\u00e9ponse au d\u00e9ficit hydrique, la croissance est ralentie d\u2019autant plus que le stress est fort.<\/li>\n<li>Les homologues des g\u00e8nes d\u2019int\u00e9r\u00eat ont \u00e9t\u00e9 identifi\u00e9s dans le g\u00e9nome du peuplier et les amorces sp\u00e9cifiques dessin\u00e9es.<\/li>\n<li>L\u2019ensemble des facteurs de transcription \u00e9tudi\u00e9s est exprim\u00e9 dans l\u2019apex racinaire, qu\u2019il soit t\u00e9moin, mycorhiz\u00e9 ou soumis \u00e0 un stress osmotique.<\/li>\n<li>Une cin\u00e9tique d\u2019expression des FT au cours de la formation de la mycorhize (1 point\/semaine) montre des inductions significatives au stade pr\u00e9coce (semaine 1).<\/li>\n<li>Les r\u00e9gulations en r\u00e9ponse au stress osmotique sont en cours d\u2019analyse.<\/li>\n<\/ul>\n<p><em><strong>Principales conclusions incluant des points-cl\u00e9s de discussion<\/strong> <strong> \u2014<\/strong><\/em> Les variations de croissance induites par les facteurs biotique et abiotique \u00e9tudi\u00e9s sont associ\u00e9es \u00e0 des r\u00e9gulations de l\u2019expression de FT dans l\u2019apex racinaire. Sachant que ces FT sont exprim\u00e9s de fa\u00e7on tr\u00e8s localis\u00e9s chez Arabidopsis, il serait important de connaitre le patron d\u2019expression au sein d\u2019un m\u00e9rist\u00e8me plus complexe tel celui du peuplier.<\/p>\n<p><strong><em>Perspectives<\/em> \u2014<\/strong> Dans le cadre du projet postdoctoral qui se termine en avril 2014, nous envisageons d\u2019analyser l\u2019expression des FT candidats dans des lign\u00e9es Arabidopsis marqueur de leur expression (GUS, GFP, CFP) en r\u00e9ponse au d\u00e9ficit hydrique.<\/p>\n<p>&nbsp;<\/p>\n","protected":false},"excerpt":{"rendered":"<p>Implication des facteurs de transcription dans l\u2019orchestration de la croissance racinaire Responsable scientifique : Val\u00e9rie Legu\u00e9 (UMR 1136 Interactions Arbres \/ Micro-organismes &#8211; IaM) Partenaires Labex : M.B. Bogeat-Triboulot et I. Hummel (UMR 1137 Ecologie et Ecophysiologie Foresti\u00e8res &#8211; EEF) &hellip; <a href=\"https:\/\/mycor.iam.inrae.fr\/ARBRE\/?page_id=830\">Continuer la lecture <span class=\"meta-nav\">&rarr;<\/span><\/a><\/p>\n","protected":false},"author":2,"featured_media":0,"parent":2122,"menu_order":0,"comment_status":"closed","ping_status":"closed","template":"","meta":{"footnotes":""},"class_list":["post-830","page","type-page","status-publish","hentry"],"_links":{"self":[{"href":"https:\/\/mycor.iam.inrae.fr\/ARBRE\/index.php?rest_route=\/wp\/v2\/pages\/830","targetHints":{"allow":["GET"]}}],"collection":[{"href":"https:\/\/mycor.iam.inrae.fr\/ARBRE\/index.php?rest_route=\/wp\/v2\/pages"}],"about":[{"href":"https:\/\/mycor.iam.inrae.fr\/ARBRE\/index.php?rest_route=\/wp\/v2\/types\/page"}],"author":[{"embeddable":true,"href":"https:\/\/mycor.iam.inrae.fr\/ARBRE\/index.php?rest_route=\/wp\/v2\/users\/2"}],"replies":[{"embeddable":true,"href":"https:\/\/mycor.iam.inrae.fr\/ARBRE\/index.php?rest_route=%2Fwp%2Fv2%2Fcomments&post=830"}],"version-history":[{"count":0,"href":"https:\/\/mycor.iam.inrae.fr\/ARBRE\/index.php?rest_route=\/wp\/v2\/pages\/830\/revisions"}],"up":[{"embeddable":true,"href":"https:\/\/mycor.iam.inrae.fr\/ARBRE\/index.php?rest_route=\/wp\/v2\/pages\/2122"}],"wp:attachment":[{"href":"https:\/\/mycor.iam.inrae.fr\/ARBRE\/index.php?rest_route=%2Fwp%2Fv2%2Fmedia&parent=830"}],"curies":[{"name":"wp","href":"https:\/\/api.w.org\/{rel}","templated":true}]}}