{"id":8352,"date":"2015-09-29T11:41:01","date_gmt":"2015-09-29T11:41:01","guid":{"rendered":"https:\/\/mycor.iam.inrae.fr\/ARBRE\/?page_id=8352"},"modified":"2015-10-05T12:08:56","modified_gmt":"2015-10-05T12:08:56","slug":"pierre-antoine-chuste","status":"publish","type":"page","link":"https:\/\/mycor.iam.inrae.fr\/ARBRE\/?page_id=8352","title":{"rendered":"Pierre-Antoine Chuste"},"content":{"rendered":"<p><strong><span style=\"color: #333399;\">BIOLOGIE FORESTI\u00c8RE\u00a0<\/span><\/strong><em><strong><br \/>\n<\/strong>Comment les arbres meurent-ils\u00a0?<br \/>\n<\/em><\/p>\n<p><span style=\"color: #000000;\"><strong>\u00c9cole doctorale<\/strong> : <\/span><span style=\"color: #666699;\"><span style=\"color: #000000;\">RP2E \u2014 Sciences et Ing\u00e9nierie Ressources Proc\u00e9d\u00e9s Produits Environnement<\/span><br \/>\n<span style=\"color: #000000;\"><strong>Sujet de th\u00e8se : <\/strong>\u00c9tude de la sensibilit\u00e9 des populations lorraines de h\u00eatre \u00e0 un \u00e9v\u00e9nement climatique extr\u00eame &#8211; Quels r\u00f4les des m\u00e9tabolismes carbon\u00e9 et azot\u00e9 dans la mort des arbres ?<br \/>\n<\/span><\/span><\/p>\n<p><a href=\"https:\/\/mycor.iam.inrae.fr\/ARBRE\/wp-content\/uploads\/2015\/09\/Screenshot-2015-09-29-11.50.28.png\"><img loading=\"lazy\" decoding=\"async\" class=\"alignleft size-full wp-image-8356\" src=\"https:\/\/mycor.iam.inrae.fr\/ARBRE\/wp-content\/uploads\/2015\/09\/Screenshot-2015-09-29-11.50.28.png\" alt=\"Screenshot 2015-09-29 11.50.28\" width=\"487\" height=\"314\" srcset=\"https:\/\/mycor.iam.inrae.fr\/ARBRE\/wp-content\/uploads\/2015\/09\/Screenshot-2015-09-29-11.50.28.png 487w, https:\/\/mycor.iam.inrae.fr\/ARBRE\/wp-content\/uploads\/2015\/09\/Screenshot-2015-09-29-11.50.28-300x193.png 300w, https:\/\/mycor.iam.inrae.fr\/ARBRE\/wp-content\/uploads\/2015\/09\/Screenshot-2015-09-29-11.50.28-465x300.png 465w\" sizes=\"auto, (max-width: 487px) 100vw, 487px\" \/><\/a><\/p>\n<p>&nbsp;<\/p>\n<p>&nbsp;<\/p>\n<p>&nbsp;<\/p>\n<p>&nbsp;<\/p>\n<p>&nbsp;<\/p>\n<p>&nbsp;<\/p>\n<p>__________________________________________________________________________________________<\/p>\n<p><a href=\"https:\/\/mycor.iam.inrae.fr\/ARBRE\/wp-content\/uploads\/2015\/09\/Screenshot-2015-09-29-11.50.55.png\"><img loading=\"lazy\" decoding=\"async\" class=\"alignleft size-full wp-image-8357\" src=\"https:\/\/mycor.iam.inrae.fr\/ARBRE\/wp-content\/uploads\/2015\/09\/Screenshot-2015-09-29-11.50.55.png\" alt=\"Screenshot 2015-09-29 11.50.55\" width=\"521\" height=\"298\" srcset=\"https:\/\/mycor.iam.inrae.fr\/ARBRE\/wp-content\/uploads\/2015\/09\/Screenshot-2015-09-29-11.50.55.png 521w, https:\/\/mycor.iam.inrae.fr\/ARBRE\/wp-content\/uploads\/2015\/09\/Screenshot-2015-09-29-11.50.55-300x172.png 300w, https:\/\/mycor.iam.inrae.fr\/ARBRE\/wp-content\/uploads\/2015\/09\/Screenshot-2015-09-29-11.50.55-500x286.png 500w\" sizes=\"auto, (max-width: 521px) 100vw, 521px\" \/><\/a><\/p>\n<p>&nbsp;<\/p>\n<p>&nbsp;<\/p>\n<p>&nbsp;<\/p>\n<p>&nbsp;<\/p>\n<p>&nbsp;<\/p>\n<p>&nbsp;<\/p>\n<p>&nbsp;<\/p>\n<p><a href=\"https:\/\/mycor.iam.inrae.fr\/ARBRE\/wp-content\/uploads\/2015\/09\/Screenshot-2015-09-29-11.48.49.png\"><img loading=\"lazy\" decoding=\"async\" class=\"alignleft size-full wp-image-8354\" src=\"https:\/\/mycor.iam.inrae.fr\/ARBRE\/wp-content\/uploads\/2015\/09\/Screenshot-2015-09-29-11.48.49.png\" alt=\"Screenshot 2015-09-29 11.48.49\" width=\"511\" height=\"779\" srcset=\"https:\/\/mycor.iam.inrae.fr\/ARBRE\/wp-content\/uploads\/2015\/09\/Screenshot-2015-09-29-11.48.49.png 511w, https:\/\/mycor.iam.inrae.fr\/ARBRE\/wp-content\/uploads\/2015\/09\/Screenshot-2015-09-29-11.48.49-197x300.png 197w, https:\/\/mycor.iam.inrae.fr\/ARBRE\/wp-content\/uploads\/2015\/09\/Screenshot-2015-09-29-11.48.49-394x600.png 394w\" sizes=\"auto, (max-width: 511px) 100vw, 511px\" \/><\/a><\/p>\n","protected":false},"excerpt":{"rendered":"<p>BIOLOGIE FORESTI\u00c8RE\u00a0 Comment les arbres meurent-ils\u00a0? \u00c9cole doctorale : RP2E \u2014 Sciences et Ing\u00e9nierie Ressources Proc\u00e9d\u00e9s Produits Environnement Sujet de th\u00e8se : \u00c9tude de la sensibilit\u00e9 des populations lorraines de h\u00eatre \u00e0 un \u00e9v\u00e9nement climatique extr\u00eame &#8211; Quels r\u00f4les des &hellip; <a href=\"https:\/\/mycor.iam.inrae.fr\/ARBRE\/?page_id=8352\">Continuer la lecture <span class=\"meta-nav\">&rarr;<\/span><\/a><\/p>\n","protected":false},"author":4,"featured_media":0,"parent":2122,"menu_order":0,"comment_status":"closed","ping_status":"closed","template":"","meta":{"footnotes":""},"class_list":["post-8352","page","type-page","status-publish","hentry"],"_links":{"self":[{"href":"https:\/\/mycor.iam.inrae.fr\/ARBRE\/index.php?rest_route=\/wp\/v2\/pages\/8352","targetHints":{"allow":["GET"]}}],"collection":[{"href":"https:\/\/mycor.iam.inrae.fr\/ARBRE\/index.php?rest_route=\/wp\/v2\/pages"}],"about":[{"href":"https:\/\/mycor.iam.inrae.fr\/ARBRE\/index.php?rest_route=\/wp\/v2\/types\/page"}],"author":[{"embeddable":true,"href":"https:\/\/mycor.iam.inrae.fr\/ARBRE\/index.php?rest_route=\/wp\/v2\/users\/4"}],"replies":[{"embeddable":true,"href":"https:\/\/mycor.iam.inrae.fr\/ARBRE\/index.php?rest_route=%2Fwp%2Fv2%2Fcomments&post=8352"}],"version-history":[{"count":0,"href":"https:\/\/mycor.iam.inrae.fr\/ARBRE\/index.php?rest_route=\/wp\/v2\/pages\/8352\/revisions"}],"up":[{"embeddable":true,"href":"https:\/\/mycor.iam.inrae.fr\/ARBRE\/index.php?rest_route=\/wp\/v2\/pages\/2122"}],"wp:attachment":[{"href":"https:\/\/mycor.iam.inrae.fr\/ARBRE\/index.php?rest_route=%2Fwp%2Fv2%2Fmedia&parent=8352"}],"curies":[{"name":"wp","href":"https:\/\/api.w.org\/{rel}","templated":true}]}}