{"id":8358,"date":"2015-09-29T11:40:25","date_gmt":"2015-09-29T11:40:25","guid":{"rendered":"https:\/\/mycor.iam.inrae.fr\/ARBRE\/?page_id=8358"},"modified":"2015-10-05T08:16:50","modified_gmt":"2015-10-05T08:16:50","slug":"maxime-burst","status":"publish","type":"page","link":"https:\/\/mycor.iam.inrae.fr\/ARBRE\/?page_id=8358","title":{"rendered":"Maxime Burst"},"content":{"rendered":"<p><strong><span style=\"color: #333399;\">\u00c9COLOGIE DES COMMUNAUT\u00c9S<\/span><br \/>\n<\/strong><em>Comprendre les habitats naturels et leur histoire pour pr\u00e9server notre patrimoine v\u00e9g\u00e9tal<\/em><\/p>\n<p><span style=\"color: #000000;\"><strong>\u00c9cole doctorale<\/strong> : <\/span><span style=\"color: #666699;\"><span style=\"color: #000000;\">RP2E \u2014 Sciences et Ing\u00e9nierie Ressources Proc\u00e9d\u00e9s Produits Environnement<\/span><br \/>\n<span style=\"color: #000000;\"><strong>Sujet de th\u00e8se : <\/strong>Les interfaces for\u00eats-prairies comme \u00e9l\u00e9ments de conservation de la diversit\u00e9 v\u00e9g\u00e9tale dans des territoires en mutation<\/span><br \/>\n<\/span><\/p>\n<p><a href=\"https:\/\/mycor.iam.inrae.fr\/ARBRE\/wp-content\/uploads\/2015\/09\/Screenshot-2015-09-29-11.53.42.png\"><img loading=\"lazy\" decoding=\"async\" class=\"alignleft size-full wp-image-8359\" src=\"https:\/\/mycor.iam.inrae.fr\/ARBRE\/wp-content\/uploads\/2015\/09\/Screenshot-2015-09-29-11.53.42.png\" alt=\"Screenshot 2015-09-29 11.53.42\" width=\"698\" height=\"456\" srcset=\"https:\/\/mycor.iam.inrae.fr\/ARBRE\/wp-content\/uploads\/2015\/09\/Screenshot-2015-09-29-11.53.42.png 698w, https:\/\/mycor.iam.inrae.fr\/ARBRE\/wp-content\/uploads\/2015\/09\/Screenshot-2015-09-29-11.53.42-300x196.png 300w, https:\/\/mycor.iam.inrae.fr\/ARBRE\/wp-content\/uploads\/2015\/09\/Screenshot-2015-09-29-11.53.42-459x300.png 459w\" sizes=\"auto, (max-width: 698px) 100vw, 698px\" \/><\/a><\/p>\n<p>__________________________________________________________________________________________<\/p>\n<p><a href=\"https:\/\/mycor.iam.inrae.fr\/ARBRE\/wp-content\/uploads\/2015\/09\/Screenshot-2015-09-29-11.54.13.png\"><img loading=\"lazy\" decoding=\"async\" class=\"alignleft  wp-image-8360\" src=\"https:\/\/mycor.iam.inrae.fr\/ARBRE\/wp-content\/uploads\/2015\/09\/Screenshot-2015-09-29-11.54.13.png\" alt=\"Screenshot 2015-09-29 11.54.13\" width=\"522\" height=\"357\" \/><\/a><\/p>\n<p>&nbsp;<\/p>\n<p><a href=\"https:\/\/mycor.iam.inrae.fr\/ARBRE\/wp-content\/uploads\/2015\/09\/Screenshot-2015-09-29-11.54.52.png\"><img loading=\"lazy\" decoding=\"async\" class=\"alignleft size-full wp-image-8361\" src=\"https:\/\/mycor.iam.inrae.fr\/ARBRE\/wp-content\/uploads\/2015\/09\/Screenshot-2015-09-29-11.54.52.png\" alt=\"Screenshot 2015-09-29 11.54.52\" width=\"514\" height=\"786\" srcset=\"https:\/\/mycor.iam.inrae.fr\/ARBRE\/wp-content\/uploads\/2015\/09\/Screenshot-2015-09-29-11.54.52.png 514w, https:\/\/mycor.iam.inrae.fr\/ARBRE\/wp-content\/uploads\/2015\/09\/Screenshot-2015-09-29-11.54.52-196x300.png 196w, https:\/\/mycor.iam.inrae.fr\/ARBRE\/wp-content\/uploads\/2015\/09\/Screenshot-2015-09-29-11.54.52-392x600.png 392w\" sizes=\"auto, (max-width: 514px) 100vw, 514px\" \/><\/a><\/p>\n","protected":false},"excerpt":{"rendered":"<p>\u00c9COLOGIE DES COMMUNAUT\u00c9S Comprendre les habitats naturels et leur histoire pour pr\u00e9server notre patrimoine v\u00e9g\u00e9tal \u00c9cole doctorale : RP2E \u2014 Sciences et Ing\u00e9nierie Ressources Proc\u00e9d\u00e9s Produits Environnement Sujet de th\u00e8se : Les interfaces for\u00eats-prairies comme \u00e9l\u00e9ments de conservation de la &hellip; <a href=\"https:\/\/mycor.iam.inrae.fr\/ARBRE\/?page_id=8358\">Continuer la lecture <span class=\"meta-nav\">&rarr;<\/span><\/a><\/p>\n","protected":false},"author":4,"featured_media":0,"parent":2122,"menu_order":0,"comment_status":"closed","ping_status":"closed","template":"","meta":{"footnotes":""},"class_list":["post-8358","page","type-page","status-publish","hentry"],"_links":{"self":[{"href":"https:\/\/mycor.iam.inrae.fr\/ARBRE\/index.php?rest_route=\/wp\/v2\/pages\/8358","targetHints":{"allow":["GET"]}}],"collection":[{"href":"https:\/\/mycor.iam.inrae.fr\/ARBRE\/index.php?rest_route=\/wp\/v2\/pages"}],"about":[{"href":"https:\/\/mycor.iam.inrae.fr\/ARBRE\/index.php?rest_route=\/wp\/v2\/types\/page"}],"author":[{"embeddable":true,"href":"https:\/\/mycor.iam.inrae.fr\/ARBRE\/index.php?rest_route=\/wp\/v2\/users\/4"}],"replies":[{"embeddable":true,"href":"https:\/\/mycor.iam.inrae.fr\/ARBRE\/index.php?rest_route=%2Fwp%2Fv2%2Fcomments&post=8358"}],"version-history":[{"count":0,"href":"https:\/\/mycor.iam.inrae.fr\/ARBRE\/index.php?rest_route=\/wp\/v2\/pages\/8358\/revisions"}],"up":[{"embeddable":true,"href":"https:\/\/mycor.iam.inrae.fr\/ARBRE\/index.php?rest_route=\/wp\/v2\/pages\/2122"}],"wp:attachment":[{"href":"https:\/\/mycor.iam.inrae.fr\/ARBRE\/index.php?rest_route=%2Fwp%2Fv2%2Fmedia&parent=8358"}],"curies":[{"name":"wp","href":"https:\/\/api.w.org\/{rel}","templated":true}]}}