{"id":8369,"date":"2015-09-29T11:42:11","date_gmt":"2015-09-29T11:42:11","guid":{"rendered":"https:\/\/mycor.iam.inrae.fr\/ARBRE\/?page_id=8369"},"modified":"2015-09-30T15:21:15","modified_gmt":"2015-09-30T15:21:15","slug":"emeline-hily-2","status":"publish","type":"page","link":"https:\/\/mycor.iam.inrae.fr\/ARBRE\/?page_id=8369","title":{"rendered":"Emeline Hily"},"content":{"rendered":"<p><strong><span style=\"color: #333399;\">\u00c9CONOMIE DE L&rsquo;ENVIRONNEMENT<\/span><br \/>\n<\/strong><em>Payer pour conserver les esp\u00e8ces v\u00e9g\u00e9tales vuln\u00e9rables en for\u00eat<br \/>\n<\/em><\/p>\n<p><span style=\"color: #000000;\"><strong>\u00c9cole doctorale<\/strong> : <\/span><span style=\"color: #666699;\"><span style=\"color: #000000;\">SJPEG \u2014 Sciences Juridiques, politiques, \u00c9conomiques et de Gestion<\/span><br \/>\n<span style=\"color: #000000;\"><strong>Sujet de th\u00e8se : <\/strong>Paiements incitatifs pour la conservation de la biodiversit\u00e9 &#8211; Analyse dynamique et spatiale<br \/>\n<\/span><\/span><\/p>\n<p><a href=\"https:\/\/mycor.iam.inrae.fr\/ARBRE\/wp-content\/uploads\/2015\/09\/Screenshot-2015-09-29-12.11.10.png\"><img loading=\"lazy\" decoding=\"async\" class=\"alignleft  wp-image-8370\" src=\"https:\/\/mycor.iam.inrae.fr\/ARBRE\/wp-content\/uploads\/2015\/09\/Screenshot-2015-09-29-12.11.10.png\" alt=\"Screenshot 2015-09-29 12.11.10\" width=\"528\" height=\"352\" \/><\/a><\/p>\n<p>&nbsp;<\/p>\n<p>&nbsp;<\/p>\n<p>&nbsp;<\/p>\n<p>&nbsp;<\/p>\n<p>&nbsp;<\/p>\n<p>&nbsp;<\/p>\n<p>__________________________________________________________________________________________<\/p>\n<p><a href=\"https:\/\/mycor.iam.inrae.fr\/ARBRE\/wp-content\/uploads\/2015\/09\/Screenshot-2015-09-29-12.11.45.png\"><img loading=\"lazy\" decoding=\"async\" class=\"alignleft  wp-image-8371\" src=\"https:\/\/mycor.iam.inrae.fr\/ARBRE\/wp-content\/uploads\/2015\/09\/Screenshot-2015-09-29-12.11.45.png\" alt=\"Screenshot 2015-09-29 12.11.45\" width=\"512\" height=\"343\" \/><\/a><\/p>\n<p>&nbsp;<\/p>\n<p>&nbsp;<\/p>\n<p>&nbsp;<\/p>\n<p>&nbsp;<\/p>\n<p>&nbsp;<\/p>\n<p>&nbsp;<\/p>\n<p>&nbsp;<\/p>\n<p><a href=\"https:\/\/mycor.iam.inrae.fr\/ARBRE\/wp-content\/uploads\/2015\/09\/Screenshot-2015-09-29-12.12.15.png\"><img loading=\"lazy\" decoding=\"async\" class=\"alignleft size-full wp-image-8372\" src=\"https:\/\/mycor.iam.inrae.fr\/ARBRE\/wp-content\/uploads\/2015\/09\/Screenshot-2015-09-29-12.12.15.png\" alt=\"Screenshot 2015-09-29 12.12.15\" width=\"504\" height=\"782\" srcset=\"https:\/\/mycor.iam.inrae.fr\/ARBRE\/wp-content\/uploads\/2015\/09\/Screenshot-2015-09-29-12.12.15.png 504w, https:\/\/mycor.iam.inrae.fr\/ARBRE\/wp-content\/uploads\/2015\/09\/Screenshot-2015-09-29-12.12.15-193x300.png 193w, https:\/\/mycor.iam.inrae.fr\/ARBRE\/wp-content\/uploads\/2015\/09\/Screenshot-2015-09-29-12.12.15-387x600.png 387w\" sizes=\"auto, (max-width: 504px) 100vw, 504px\" \/><\/a><\/p>\n","protected":false},"excerpt":{"rendered":"<p>\u00c9CONOMIE DE L&rsquo;ENVIRONNEMENT Payer pour conserver les esp\u00e8ces v\u00e9g\u00e9tales vuln\u00e9rables en for\u00eat \u00c9cole doctorale : SJPEG \u2014 Sciences Juridiques, politiques, \u00c9conomiques et de Gestion Sujet de th\u00e8se : Paiements incitatifs pour la conservation de la biodiversit\u00e9 &#8211; Analyse dynamique et &hellip; <a href=\"https:\/\/mycor.iam.inrae.fr\/ARBRE\/?page_id=8369\">Continuer la lecture <span class=\"meta-nav\">&rarr;<\/span><\/a><\/p>\n","protected":false},"author":4,"featured_media":0,"parent":2122,"menu_order":0,"comment_status":"closed","ping_status":"closed","template":"","meta":{"footnotes":""},"class_list":["post-8369","page","type-page","status-publish","hentry"],"_links":{"self":[{"href":"https:\/\/mycor.iam.inrae.fr\/ARBRE\/index.php?rest_route=\/wp\/v2\/pages\/8369","targetHints":{"allow":["GET"]}}],"collection":[{"href":"https:\/\/mycor.iam.inrae.fr\/ARBRE\/index.php?rest_route=\/wp\/v2\/pages"}],"about":[{"href":"https:\/\/mycor.iam.inrae.fr\/ARBRE\/index.php?rest_route=\/wp\/v2\/types\/page"}],"author":[{"embeddable":true,"href":"https:\/\/mycor.iam.inrae.fr\/ARBRE\/index.php?rest_route=\/wp\/v2\/users\/4"}],"replies":[{"embeddable":true,"href":"https:\/\/mycor.iam.inrae.fr\/ARBRE\/index.php?rest_route=%2Fwp%2Fv2%2Fcomments&post=8369"}],"version-history":[{"count":0,"href":"https:\/\/mycor.iam.inrae.fr\/ARBRE\/index.php?rest_route=\/wp\/v2\/pages\/8369\/revisions"}],"up":[{"embeddable":true,"href":"https:\/\/mycor.iam.inrae.fr\/ARBRE\/index.php?rest_route=\/wp\/v2\/pages\/2122"}],"wp:attachment":[{"href":"https:\/\/mycor.iam.inrae.fr\/ARBRE\/index.php?rest_route=%2Fwp%2Fv2%2Fmedia&parent=8369"}],"curies":[{"name":"wp","href":"https:\/\/api.w.org\/{rel}","templated":true}]}}