{"id":8979,"date":"2016-02-01T13:48:00","date_gmt":"2016-02-01T13:48:00","guid":{"rendered":"https:\/\/mycor.iam.inrae.fr\/ARBRE\/?page_id=8979"},"modified":"2016-03-01T08:48:45","modified_gmt":"2016-03-01T08:48:45","slug":"ascotube","status":"publish","type":"page","link":"https:\/\/mycor.iam.inrae.fr\/ARBRE\/?page_id=8979","title":{"rendered":"AscoTube"},"content":{"rendered":"<p><a href=\"https:\/\/mycor.iam.inrae.fr\/ARBRE\/wp-content\/uploads\/2016\/02\/Screenshot-2016-02-01-09.56.51.png\"><img loading=\"lazy\" decoding=\"async\" class=\"alignleft size-full wp-image-8983\" src=\"https:\/\/mycor.iam.inrae.fr\/ARBRE\/wp-content\/uploads\/2016\/02\/Screenshot-2016-02-01-09.56.51.png\" alt=\"Screenshot 2016-02-01 09.56.51\" width=\"564\" height=\"108\" \/><\/a><\/p>\n<p>&nbsp;<\/p>\n<p>&nbsp;<\/p>\n<p>&nbsp;<\/p>\n<p><strong><em>In vitro<\/em><\/strong><strong> and <em>in situ<\/em> unraveling truffle sexual reproduction using<em> Ascobolus immersus<\/em> as a test tube model<\/strong><\/p>\n<p><span style=\"color: #000000;\"><em>Responsable scientifique : <\/em>Claude Murat (UMR 1136 Interactions Arbres \/ Micro-organismes \u2014 IAM))<\/span><\/p>\n<p><span style=\"color: #000000;\"><em>Partenaires LabEx<\/em> : <\/span><\/p>\n<p><span style=\"color: #000000;\"><span style=\"text-decoration: underline;\">Internationale<br \/>\n<\/span>Francesco Paolocci, CNR &#8211; Institute of Biosciences and Bioresources (IBBR-DNR), Perugia, Italie<br \/>\n<\/span><\/p>\n<p><span style=\"text-decoration: underline;\">IDEX Paris-Saclay<br \/>\n<\/span>Fabienne Malagnac, I2BC, UMR 9198 CEA, CNRS, Universit\u00e9 Paris Sud<\/p>\n<p><span style=\"text-decoration: underline;\">Secteur de truffe<br \/>\n<\/span>Dominique Barry, ALCINA<br \/>\nMichel Tournayre, F\u00e9d\u00e9ration Fran\u00e7aise des Trufficulteurs (FFT)<\/p>\n<p>______________________________________________<\/p>\n<p><strong>Contexte<\/strong> \u2014 Les truffes sont des champignons ectomycorhiziens important pour le d\u00e9veloppement des arbres dont plusieurs esp\u00e8ces sont end\u00e9miques en France et en Lorraine. D\u2019autre part, elles forment des fructifications hypog\u00e9es ayant des qualit\u00e9s organoleptiques tr\u00e8s appr\u00e9ci\u00e9es. Comme les truffes,<em> Ascobolus immersus <\/em>est une esp\u00e8ce mod\u00e8le appartenant aux P\u00e9zizomyc\u00e8tes, une ancienne lign\u00e9e des Pezizomycotina. De nombreuses ressources g\u00e9nomiques sont maintenant disponibles chez les P\u00e9zizomyc\u00e8tes, toutefois pour la plupart des esp\u00e8ces, dont les truffes, nous ne disposons pas des outils g\u00e9n\u00e9tiques n\u00e9cessaires \u00e0 l\u2019exploration fonctionnelle de leur cycle de vie et en particulier de leur mode de reproduction. La fili\u00e8re trufficole nous a r\u00e9cemment interpell\u00e9es pour mieux conna\u00eetre les programmes de d\u00e9veloppement sexu\u00e9 conduisant \u00e0 la formation des fructifications.<\/p>\n<p><strong>Objectifs<\/strong> \u2014 Dans ce contexte nous proposons d\u2019utiliser <em>A. immersus <\/em>pour \u00e9tudier <em>in vitro<\/em> ces m\u00e9canismes mol\u00e9culaires chez les truffes. La dynamique de la reproduction sexu\u00e9e sera aussi suivie <em>in situ<\/em>.<\/p>\n<p><strong>D\u00e9marche<\/strong> \u2014 AscoTube est un projet conjoint entre la recherche acad\u00e9mique fran\u00e7aise (IAM, I2BC) et italienne (IBBR-CNR), la fili\u00e8re trufficole (FFT) et une soci\u00e9t\u00e9 priv\u00e9e ALCINA tr\u00e8s impliqu\u00e9e dans la trufficulture. Pour cela <em>A. immersus<\/em> sera transform\u00e9 g\u00e9n\u00e9tiquement avec des g\u00e8nes li\u00e9s \u00e0 la reproduction sexu\u00e9e pour \u00e9valuer la reconnaissance intra et inter sp\u00e9cifique. La dynamique et la distribution des myc\u00e9liums des deux types de compatibilit\u00e9 de <em>T. melanosporum<\/em> seront aussi suivies dans une plantation.<\/p>\n<p><strong>R\u00e9sultats et impacts attendus<\/strong> \u2014 Les r\u00e9sultats attendus sont une v\u00e9rification fonctionnelle de l\u2019annotation bioinformatique de plusieurs g\u00e8nes et une meilleure compr\u00e9hension de l\u2019interaction des souches de truffes <em>in situ<\/em>. Les principales retomb\u00e9es du projet seront \u00e0 la fois scientifiques mais aussi pratiques pour la fili\u00e8re trufficole. En effet, l\u2019\u00e9valuation de la compatibilit\u00e9 entre <em>T. melanosporum<\/em> et <em>T. indicum<\/em> est primordial pour \u00e9valuer les cons\u00e9quences \u00e9cologiques si cette truffe est implant\u00e9e en France.<\/p>\n<p>&nbsp;<\/p>\n","protected":false},"excerpt":{"rendered":"<p>&nbsp; &nbsp; &nbsp; In vitro and in situ unraveling truffle sexual reproduction using Ascobolus immersus as a test tube model Responsable scientifique : Claude Murat (UMR 1136 Interactions Arbres \/ Micro-organismes \u2014 IAM)) Partenaires LabEx : Internationale Francesco Paolocci, CNR &hellip; <a href=\"https:\/\/mycor.iam.inrae.fr\/ARBRE\/?page_id=8979\">Continuer la lecture <span class=\"meta-nav\">&rarr;<\/span><\/a><\/p>\n","protected":false},"author":4,"featured_media":0,"parent":2122,"menu_order":0,"comment_status":"closed","ping_status":"closed","template":"","meta":{"footnotes":""},"class_list":["post-8979","page","type-page","status-publish","hentry"],"_links":{"self":[{"href":"https:\/\/mycor.iam.inrae.fr\/ARBRE\/index.php?rest_route=\/wp\/v2\/pages\/8979","targetHints":{"allow":["GET"]}}],"collection":[{"href":"https:\/\/mycor.iam.inrae.fr\/ARBRE\/index.php?rest_route=\/wp\/v2\/pages"}],"about":[{"href":"https:\/\/mycor.iam.inrae.fr\/ARBRE\/index.php?rest_route=\/wp\/v2\/types\/page"}],"author":[{"embeddable":true,"href":"https:\/\/mycor.iam.inrae.fr\/ARBRE\/index.php?rest_route=\/wp\/v2\/users\/4"}],"replies":[{"embeddable":true,"href":"https:\/\/mycor.iam.inrae.fr\/ARBRE\/index.php?rest_route=%2Fwp%2Fv2%2Fcomments&post=8979"}],"version-history":[{"count":0,"href":"https:\/\/mycor.iam.inrae.fr\/ARBRE\/index.php?rest_route=\/wp\/v2\/pages\/8979\/revisions"}],"up":[{"embeddable":true,"href":"https:\/\/mycor.iam.inrae.fr\/ARBRE\/index.php?rest_route=\/wp\/v2\/pages\/2122"}],"wp:attachment":[{"href":"https:\/\/mycor.iam.inrae.fr\/ARBRE\/index.php?rest_route=%2Fwp%2Fv2%2Fmedia&parent=8979"}],"curies":[{"name":"wp","href":"https:\/\/api.w.org\/{rel}","templated":true}]}}