{"id":9027,"date":"2016-02-01T15:17:57","date_gmt":"2016-02-01T15:17:57","guid":{"rendered":"https:\/\/mycor.iam.inrae.fr\/ARBRE\/?page_id=9027"},"modified":"2016-02-01T15:17:57","modified_gmt":"2016-02-01T15:17:57","slug":"bileurope","status":"publish","type":"page","link":"https:\/\/mycor.iam.inrae.fr\/ARBRE\/?page_id=9027","title":{"rendered":"BILEUROPE"},"content":{"rendered":"<p><a href=\"https:\/\/mycor.iam.inrae.fr\/ARBRE\/wp-content\/uploads\/2016\/02\/Screenshot-2016-02-01-14.29.47.png\"><img loading=\"lazy\" decoding=\"async\" class=\"alignleft size-full wp-image-9028\" src=\"https:\/\/mycor.iam.inrae.fr\/ARBRE\/wp-content\/uploads\/2016\/02\/Screenshot-2016-02-01-14.29.47.png\" alt=\"Screenshot 2016-02-01 14.29.47\" width=\"445\" height=\"287\" \/><\/a><\/p>\n<p>&nbsp;<\/p>\n<p>&nbsp;<\/p>\n<p>&nbsp;<\/p>\n<p>&nbsp;<\/p>\n<p>&nbsp;<\/p>\n<p>&nbsp;<\/p>\n<p>&nbsp;<\/p>\n<p><strong>Soil properties from geographic databases : a prerequisite for soil water balance mapping in European Forests<\/strong><\/p>\n<p><em>Responsable scientifique : <\/em>Joseph Levillain (UMR INRA-UL 1137 Ecologie et Ecophysiologie Foresti\u00e8re \u2014 EEF)<\/p>\n<p><em>Collaboration :<br \/>\n<\/em>Vincent Badeau, Nathalie Br\u00e9da, Alain B\u00e9nard (EEF)<br \/>\nChristine Le Bas (INRA-US Infosol)<br \/>\nNo\u00e9mie Pousse (ONF D\u00e9partement Recherche &amp; D\u00e9veloppement)<\/p>\n<p>__________________________________________________________<\/p>\n<p><strong>Contexte<\/strong> \u2014 Dans un contexte de changement climatique s\u2019accompagnant de p\u00e9riodes de s\u00e9cheresses plus fr\u00e9quentes et plus s\u00e9v\u00e8res dans de nombreuses r\u00e9gions du monde, une baisse importante de l\u2019eau disponible pour les plantes est attendue (Nemani et al., 2003; Sch\u00e4r et al., 2004). En France, les s\u00e9cheresses r\u00e9currentes pass\u00e9es ont \u00e9t\u00e9 clairement identifi\u00e9es comme l&rsquo;al\u00e9a induisant des cycles de d\u00e9p\u00e9rissements et de mortalit\u00e9 des arbres (Badeau et al., 2010; Br\u00e9da et al., 2000; Br\u00e9da and Badeau, 2008; Levy and Becker, 1987). En effet, les s\u00e9cheresses engendrent des d\u00e9ficits de disponibilit\u00e9 en eau dans les sols pour les arbres, ainsi ils mettent en place des m\u00e9canismes de r\u00e9gulation limitant leur croissance (Br\u00e9da et al., 1993; Br\u00e9da and Granier, 1996; Granier et al., 2000). Lors de d\u00e9ficits longs ou intenses, les r\u00e9gulations sont insuffisantes et des dommages irr\u00e9versibles s&rsquo;installent, compromettant la survie des arbres les plus vuln\u00e9rables (Br\u00e9da et al., 2006). Ainsi, il est important de comprendre la vuln\u00e9rabilit\u00e9 et l&rsquo;adaptabilit\u00e9 r\u00e9gionale des for\u00eats europ\u00e9ennes, sujet encore peu d\u00e9velopp\u00e9 par la communaut\u00e9 scientifique. La quantification spatiale et temporelle du d\u00e9ficit en eau du sol sera un facteur cl\u00e9 pour comprendre et anticiper les impacts sur la sant\u00e9 et la productivit\u00e9 des for\u00eats.<\/p>\n<p><strong>Objectifs<\/strong> \u2014 Dans le projet BILEUROPE, l\u2019objectif principal et novateur est de proposer une d\u00e9marche d&rsquo;exploitation des bases de donn\u00e9es g\u00e9ographiques europ\u00e9ennes afin de renseigner les param\u00e8tres de sol requis par un mod\u00e8le de bilan hydrique \u00e0 petite \u00e9chelle.<\/p>\n<p><strong>D\u00e9marche<\/strong> \u2014 Le projet BILEUROPE vise \u00e0 \u00e9tablir des strat\u00e9gies d&rsquo;\u00e9chantillonnage des bases de donn\u00e9es g\u00e9ographiques afin de d\u00e9finir les propri\u00e9t\u00e9s hydrodynamiques du sol requis par le mod\u00e8le de bilan hydrique BILJOU\u00a9 d\u00e9velopp\u00e9 dans l\u2019\u00e9quipe. Du point de vue informatique, tous les ajustements n\u00e9cessaires sur le mod\u00e8le seront \u00e9tudi\u00e9s afin d\u2019optimiser les temps de calculs de bilan hydrique sur de gros jeux de donn\u00e9es. Enfin, nous analyserons la distribution des indices de s\u00e9cheresse calcul\u00e9s par le mod\u00e8le afin de quantifier la distribution spatiale de la s\u00e9v\u00e9rit\u00e9 du d\u00e9ficit hydrique subit par les peuplements forestiers europ\u00e9ens.<\/p>\n<p><strong>R\u00e9sultats et impacts attendus<\/strong> \u2014 Le d\u00e9fi sera de caract\u00e9riser les propri\u00e9t\u00e9s de sol \u00e0 partir des bases de donn\u00e9es g\u00e9ographiques disponibles en Europe afin d\u2019\u00e9tablir des cartes de s\u00e9cheresse sur les for\u00eats europ\u00e9ennes. Ces cartes seront utiles pour une large communaut\u00e9 scientifique internationale travaillant sur la sant\u00e9 des for\u00eats et la productivit\u00e9 des for\u00eats, les services \u00e9cosyst\u00e9miques de production d&rsquo;eau et de stockage de carbone, et la distribution des esp\u00e8ces sous climats pass\u00e9s, pr\u00e9sents et futurs.<\/p>\n","protected":false},"excerpt":{"rendered":"<p>&nbsp; &nbsp; &nbsp; &nbsp; &nbsp; &nbsp; &nbsp; Soil properties from geographic databases : a prerequisite for soil water balance mapping in European Forests Responsable scientifique : Joseph Levillain (UMR INRA-UL 1137 Ecologie et Ecophysiologie Foresti\u00e8re \u2014 EEF) Collaboration : Vincent &hellip; <a href=\"https:\/\/mycor.iam.inrae.fr\/ARBRE\/?page_id=9027\">Continuer la lecture <span class=\"meta-nav\">&rarr;<\/span><\/a><\/p>\n","protected":false},"author":4,"featured_media":0,"parent":2122,"menu_order":0,"comment_status":"closed","ping_status":"closed","template":"","meta":{"footnotes":""},"class_list":["post-9027","page","type-page","status-publish","hentry"],"_links":{"self":[{"href":"https:\/\/mycor.iam.inrae.fr\/ARBRE\/index.php?rest_route=\/wp\/v2\/pages\/9027","targetHints":{"allow":["GET"]}}],"collection":[{"href":"https:\/\/mycor.iam.inrae.fr\/ARBRE\/index.php?rest_route=\/wp\/v2\/pages"}],"about":[{"href":"https:\/\/mycor.iam.inrae.fr\/ARBRE\/index.php?rest_route=\/wp\/v2\/types\/page"}],"author":[{"embeddable":true,"href":"https:\/\/mycor.iam.inrae.fr\/ARBRE\/index.php?rest_route=\/wp\/v2\/users\/4"}],"replies":[{"embeddable":true,"href":"https:\/\/mycor.iam.inrae.fr\/ARBRE\/index.php?rest_route=%2Fwp%2Fv2%2Fcomments&post=9027"}],"version-history":[{"count":0,"href":"https:\/\/mycor.iam.inrae.fr\/ARBRE\/index.php?rest_route=\/wp\/v2\/pages\/9027\/revisions"}],"up":[{"embeddable":true,"href":"https:\/\/mycor.iam.inrae.fr\/ARBRE\/index.php?rest_route=\/wp\/v2\/pages\/2122"}],"wp:attachment":[{"href":"https:\/\/mycor.iam.inrae.fr\/ARBRE\/index.php?rest_route=%2Fwp%2Fv2%2Fmedia&parent=9027"}],"curies":[{"name":"wp","href":"https:\/\/api.w.org\/{rel}","templated":true}]}}