{"id":9033,"date":"2016-02-01T15:37:15","date_gmt":"2016-02-01T15:37:15","guid":{"rendered":"https:\/\/mycor.iam.inrae.fr\/ARBRE\/?page_id=9033"},"modified":"2017-03-24T14:08:31","modified_gmt":"2017-03-24T14:08:31","slug":"depalep","status":"publish","type":"page","link":"https:\/\/mycor.iam.inrae.fr\/ARBRE\/?page_id=9033","title":{"rendered":"DOPALEP-2"},"content":{"rendered":"<p><a href=\"https:\/\/mycor.iam.inrae.fr\/ARBRE\/wp-content\/uploads\/2016\/02\/Screenshot-2016-02-01-16.20.13.png\"><img loading=\"lazy\" decoding=\"async\" class=\"wp-image-9034 alignnone\" src=\"https:\/\/mycor.iam.inrae.fr\/ARBRE\/wp-content\/uploads\/2016\/02\/Screenshot-2016-02-01-16.20.13.png\" alt=\"Screenshot 2016-02-01 16.20.13\" width=\"492\" height=\"328\" \/><\/a><\/p>\n<p style=\"text-align: center;\"><strong>D\u00e9veloppement d&#8217;outils partag\u00e9s pour la sylviculture de pin d&#8217;Alep de qualit\u00e9<\/strong><\/p>\n<p><span style=\"text-decoration: underline;\">Responsable scientifique :<\/span> Eric Lacombe (UMR 1092 Laboratoire d&#8217;Etude des Ressources For\u00eats-Bois \u2014 <em>LERFOB<\/em>)<\/p>\n<p><span style=\"text-decoration: underline;\">Partenaire LabEx :<\/span> UMR 356 INRA-AgroParisTech Laboratoire d&#8217;Economie Foresti\u00e8re &#8211;<em>LEF<\/em><\/p>\n<p><span style=\"text-decoration: underline;\">Collaboration :<\/span> Bureau d&#8217;\u00e9tudes forestier Alcina<\/p>\n<p>______________________________________________________________<\/p>\n<p><strong>Contexte \u2014<\/strong> Le pin d\u2019Alep (<em>Pinus halepensis<\/em> Mill.) repr\u00e9sente 232\u00a0000 ha (18% des for\u00eats de la r\u00e9gion m\u00e9diterran\u00e9enne fran\u00e7aise), essentiellement en for\u00eat priv\u00e9e (82%).<\/p>\n<p>La gestion de ces pineraies reste modeste mais, toutefois, la situation \u00e9volue rapidement\u00a0avec l\u2019installation d\u2019unit\u00e9s de g\u00e9n\u00e9ration d\u2019\u00e9lectricit\u00e9 \u00e0 partir de biomasse ligneuse en r\u00e9gion PACA, et de la normalisation en cours du bois de pin d\u2019Alep pour l&#8217;utilisation en structure.<\/p>\n<p>Ces initiatives devraient relancer la r\u00e9colte du pin d\u2019Alep\u00a0; mais les propri\u00e9taires forestiers restent\u00a0 interrogatifs sur les nouveaux d\u00e9bouch\u00e9s de la fili\u00e8re bois, qu\u2019ils confrontent aux coupes souvent rases qui leur sont propos\u00e9es.<\/p>\n<p><strong>Objectifs<\/strong> <strong>\u2014<\/strong> Ce projet vise \u00e0 am\u00e9liorer et tirer parti des outils techniques de simulation issus de la recherche, dans le but de co-construire des sc\u00e9narios de gestion des futaies de pin d\u2019Alep, en confrontant des simulations et des indicateurs notamment \u00e9conomiques aux demandes et exp\u00e9riences des acteurs.<\/p>\n<p><strong>D\u00e9marche et r\u00e9sultats attendus<\/strong>\u00a0\u2014<\/p>\n<ul>\n<li>Ce projet, d\u00e9but\u00e9 en 2016, a permis \u00e0 Mathieu Fortin de d\u00e9velopper un nouveau mod\u00e8le de croissance en fin d\u2019ann\u00e9e\u00a0;<\/li>\n<li>Ce mod\u00e8le, implant\u00e9 sur la plate-forme de simulation CAPSIS, est actuellement utilis\u00e9 par un groupe d\u2019\u00e9l\u00e8ves-ing\u00e9nieurs d\u2019AgroParisTech pour \u00e9tablir une premi\u00e8re \u00e9valuation \u00e9conomique d\u2019itin\u00e9raires de gestion propos\u00e9s par le bureau d\u2019\u00e9tudes forestier Alcina\u00a0;<\/li>\n<li>L\u2019objectif est ensuite de confronter ces analyses aux donn\u00e9es dendrom\u00e9triques r\u00e9colt\u00e9es par Alcina sur des peuplements m\u00e9diterran\u00e9ens, d\u2019ajuster en cons\u00e9quence les scenari, et de les mettre \u00e0 disposition des sylviculteurs sur la plate-forme p\u00e9dagogique \u00ab\u00a0Cours en ligne\u00a0\u00bb d\u2019AgroParisTech\u00a0;<\/li>\n<li>Une am\u00e9lioration des outils et du didacticiel \u00e0 l\u2019aide des retours d\u2019exp\u00e9rience des acteurs principaux\u00a0sera \u00e0 nouveau r\u00e9alis\u00e9e;<\/li>\n<li><em>In fine<\/em>, un outil multi-crit\u00e8re d\u2019aide au choix d\u2019un sc\u00e9nario selon les enjeux sera propos\u00e9 et l\u2019ensemble des outils sera pr\u00e9sent\u00e9 au cours d\u2019un s\u00e9minaire en r\u00e9gion m\u00e9diterran\u00e9enne vers la fin 2018.<\/li>\n<\/ul>\n<p><strong>A souligner \u2014<\/strong> Certaines phases de l\u2019\u00e9tude seront men\u00e9es en lien avec des projets d\u2019\u00e9l\u00e8ves ing\u00e9nieurs forestiers d\u2019AgroParisTech, ce qui constitue une des originalit\u00e9s de ce projet.<\/p>\n","protected":false},"excerpt":{"rendered":"<p>D\u00e9veloppement d&#8217;outils partag\u00e9s pour la sylviculture de pin d&#8217;Alep de qualit\u00e9 Responsable scientifique : Eric Lacombe (UMR 1092 Laboratoire d&#8217;Etude des Ressources For\u00eats-Bois \u2014 LERFOB) Partenaire LabEx : UMR 356 INRA-AgroParisTech Laboratoire d&#8217;Economie Foresti\u00e8re &#8211;LEF Collaboration : Bureau d&#8217;\u00e9tudes forestier &hellip; <a href=\"https:\/\/mycor.iam.inrae.fr\/ARBRE\/?page_id=9033\">Continue reading <span class=\"meta-nav\">&rarr;<\/span><\/a><\/p>\n","protected":false},"author":4,"featured_media":0,"parent":2122,"menu_order":0,"comment_status":"closed","ping_status":"closed","template":"","meta":{"footnotes":""},"class_list":["post-9033","page","type-page","status-publish","hentry"],"_links":{"self":[{"href":"https:\/\/mycor.iam.inrae.fr\/ARBRE\/index.php?rest_route=\/wp\/v2\/pages\/9033","targetHints":{"allow":["GET"]}}],"collection":[{"href":"https:\/\/mycor.iam.inrae.fr\/ARBRE\/index.php?rest_route=\/wp\/v2\/pages"}],"about":[{"href":"https:\/\/mycor.iam.inrae.fr\/ARBRE\/index.php?rest_route=\/wp\/v2\/types\/page"}],"author":[{"embeddable":true,"href":"https:\/\/mycor.iam.inrae.fr\/ARBRE\/index.php?rest_route=\/wp\/v2\/users\/4"}],"replies":[{"embeddable":true,"href":"https:\/\/mycor.iam.inrae.fr\/ARBRE\/index.php?rest_route=%2Fwp%2Fv2%2Fcomments&post=9033"}],"version-history":[{"count":0,"href":"https:\/\/mycor.iam.inrae.fr\/ARBRE\/index.php?rest_route=\/wp\/v2\/pages\/9033\/revisions"}],"up":[{"embeddable":true,"href":"https:\/\/mycor.iam.inrae.fr\/ARBRE\/index.php?rest_route=\/wp\/v2\/pages\/2122"}],"wp:attachment":[{"href":"https:\/\/mycor.iam.inrae.fr\/ARBRE\/index.php?rest_route=%2Fwp%2Fv2%2Fmedia&parent=9033"}],"curies":[{"name":"wp","href":"https:\/\/api.w.org\/{rel}","templated":true}]}}