{"id":9114,"date":"2016-02-06T09:17:30","date_gmt":"2016-02-06T09:17:30","guid":{"rendered":"https:\/\/mycor.iam.inrae.fr\/ARBRE\/?page_id=9114"},"modified":"2016-02-06T09:17:30","modified_gmt":"2016-02-06T09:17:30","slug":"scan-comp","status":"publish","type":"page","link":"https:\/\/mycor.iam.inrae.fr\/ARBRE\/?page_id=9114","title":{"rendered":"SCAN-COMP"},"content":{"rendered":"<p><a href=\"https:\/\/mycor.iam.inrae.fr\/ARBRE\/wp-content\/uploads\/2016\/02\/Screenshot-2016-02-06-10.01.46.png\"><img loading=\"lazy\" decoding=\"async\" class=\"alignleft size-full wp-image-9156\" src=\"https:\/\/mycor.iam.inrae.fr\/ARBRE\/wp-content\/uploads\/2016\/02\/Screenshot-2016-02-06-10.01.46.png\" alt=\"Screenshot 2016-02-06 10.01.46\" width=\"866\" height=\"325\" \/><\/a><\/p>\n<p><strong>Linking crown plasticity to tree growth using terrestrial laser scanning under a gradient of competition conditions<br \/>\n<\/strong><\/p>\n<p><em>Responsable scientifique : <\/em>Ignacio Barbeito (Laboratoire d\u2019\u00c9tude Ressource For\u00eat-Bois \u2014 LERFOB)<\/p>\n<p><em>Partenaires LabEx <\/em>:<br \/>\nFran\u00e7ois Ningre, Catherine Collet (Laboratoire d\u2019\u00c9tude Ressource For\u00eat-Bois \u2014 LERFOB)<br \/>\nPatrick Vallet, Thomas Perot (IRSTEA)<br \/>\nAlexandre Piboule (R&amp;D, ONF)<\/p>\n<p>____________________________________________________________________________<\/p>\n<p><strong>Contexte<\/strong> \u2014 La productivit\u00e9 foresti\u00e8re, la biodiversit\u00e9 et la r\u00e9sistance potentielle aux perturbations d\u00e9pendent \u00e9troitement de la structure de la canop\u00e9e. Jusque r\u00e9cemment, les \u00e9tudes architecturales sur plante enti\u00e8re \u00e9taient pour la plupart effectu\u00e9es sur des plants de petite taille, les variables de la canop\u00e9e \u00e9tant difficiles d&rsquo;acc\u00e8s en f\u00f4ret. L&rsquo;utilisation de la num\u00e9risation haute r\u00e9solution laser terrestre (TLS), mise en oeuvre dans ce projet, nous permet aujourd&rsquo;hui de recueillir ces donn\u00e9es d\u00e9taill\u00e9es de la canop\u00e9e en 3-D.<\/p>\n<p><strong>Objectifs<\/strong> \u2014 Il s&rsquo;agira de d\u00e9terminer l&rsquo;influence d&rsquo;itin\u00e9raires sylvicoles vari\u00e9s sur la structure des houppiers de ch\u00eane sessile et leur architecture, dans la perspective de raisonner des gestions int\u00e9grant des objectifs de production ou des \u00e9v\u00e9nements climatiques extr\u00eames tels que des s\u00e9cheresses.<\/p>\n<p><strong>Approches<\/strong> \u2014 Notre choix s&rsquo;est port\u00e9 sur le ch\u00eane sessile (<i>Quercus petraea<\/i> Liebl)- une essence feuillue largement distribu\u00e9e dans les for\u00eats plaine en Europe de l&rsquo;Ouest que l&rsquo;on peut trouver dans une large gamme de conditions de densit\u00e9s de peuplement, de sylvicultures et de m\u00e9langes. Nous utiliserons deux sites exp\u00e9rimentaux install\u00e9s depuis plusieurs ann\u00e9es, l&rsquo;un en ch\u00eane pur (For\u00eat de Tron\u00e7ais) et l&rsquo;autre en m\u00e9lange avec le pin sylvestre (For\u00eat de Orl\u00e9ans). Environ cent arbres dans chaque site seront scann\u00e9s pour extraire les descripteurs de l&rsquo;architecture de l\u2019houppier tels que la projection du houppier, le volume du houppier ou le d\u00e9placement du centre de gravit\u00e9 du houppier. Les donn\u00e9es de croissance disponibles dans chaque essai permettront de classer les arbres selon diff\u00e9rents statuts afin de tester les relations entre architectures du houppier et dynamiques de croissance.<\/p>\n<p><strong>R\u00e9sultats et impacts attendus<\/strong> \u2014 Nos r\u00e9sultats sur les effet des \u00e9claircies et du m\u00e9lange sur la structure des houppiers et la productivit\u00e9 des peuplements de ch\u00eane sessile vont contribuer \u00e0 enrichir les connaissances sur l&rsquo;impact de pratiques sylvicoles dans un contexte de changement climatique.<\/p>\n<p>&nbsp;<\/p>\n<p>&nbsp;<\/p>\n","protected":false},"excerpt":{"rendered":"<p>Linking crown plasticity to tree growth using terrestrial laser scanning under a gradient of competition conditions Responsable scientifique : Ignacio Barbeito (Laboratoire d\u2019\u00c9tude Ressource For\u00eat-Bois \u2014 LERFOB) Partenaires LabEx : Fran\u00e7ois Ningre, Catherine Collet (Laboratoire d\u2019\u00c9tude Ressource For\u00eat-Bois \u2014 LERFOB) &hellip; <a href=\"https:\/\/mycor.iam.inrae.fr\/ARBRE\/?page_id=9114\">Continuer la lecture <span class=\"meta-nav\">&rarr;<\/span><\/a><\/p>\n","protected":false},"author":4,"featured_media":0,"parent":2122,"menu_order":0,"comment_status":"closed","ping_status":"closed","template":"","meta":{"footnotes":""},"class_list":["post-9114","page","type-page","status-publish","hentry"],"_links":{"self":[{"href":"https:\/\/mycor.iam.inrae.fr\/ARBRE\/index.php?rest_route=\/wp\/v2\/pages\/9114","targetHints":{"allow":["GET"]}}],"collection":[{"href":"https:\/\/mycor.iam.inrae.fr\/ARBRE\/index.php?rest_route=\/wp\/v2\/pages"}],"about":[{"href":"https:\/\/mycor.iam.inrae.fr\/ARBRE\/index.php?rest_route=\/wp\/v2\/types\/page"}],"author":[{"embeddable":true,"href":"https:\/\/mycor.iam.inrae.fr\/ARBRE\/index.php?rest_route=\/wp\/v2\/users\/4"}],"replies":[{"embeddable":true,"href":"https:\/\/mycor.iam.inrae.fr\/ARBRE\/index.php?rest_route=%2Fwp%2Fv2%2Fcomments&post=9114"}],"version-history":[{"count":0,"href":"https:\/\/mycor.iam.inrae.fr\/ARBRE\/index.php?rest_route=\/wp\/v2\/pages\/9114\/revisions"}],"up":[{"embeddable":true,"href":"https:\/\/mycor.iam.inrae.fr\/ARBRE\/index.php?rest_route=\/wp\/v2\/pages\/2122"}],"wp:attachment":[{"href":"https:\/\/mycor.iam.inrae.fr\/ARBRE\/index.php?rest_route=%2Fwp%2Fv2%2Fmedia&parent=9114"}],"curies":[{"name":"wp","href":"https:\/\/api.w.org\/{rel}","templated":true}]}}