{"id":9172,"date":"2016-02-08T10:48:35","date_gmt":"2016-02-08T10:48:35","guid":{"rendered":"https:\/\/mycor.iam.inrae.fr\/ARBRE\/?page_id=9172"},"modified":"2016-03-29T12:18:28","modified_gmt":"2016-03-29T12:18:28","slug":"aap-2016-les-projets-laureats","status":"publish","type":"page","link":"https:\/\/mycor.iam.inrae.fr\/ARBRE\/?page_id=9172","title":{"rendered":"ARBRE AAP 2016 \u2014 Les Projets Laur\u00e9ats"},"content":{"rendered":"<p style=\"text-align: center;\"><a href=\"https:\/\/mycor.iam.inrae.fr\/ARBRE\/wp-content\/uploads\/2016\/02\/projets-de-recherche.png\"><img loading=\"lazy\" decoding=\"async\" class=\"alignleft  wp-image-9077\" src=\"https:\/\/mycor.iam.inrae.fr\/ARBRE\/wp-content\/uploads\/2016\/02\/projets-de-recherche.png\" alt=\"projets de recherche\" width=\"516\" height=\"72\" \/><\/a><\/p>\n<p>&nbsp;<\/p>\n<p>&nbsp;<\/p>\n<h2 style=\"text-align: left;\"><span style=\"color: #000000;\">Type de projet \u2014 INNOVANTS<br \/>\n<\/span><\/h2>\n<ul>\n<li><a href=\"https:\/\/mycor.iam.inrae.fr\/ARBRE\/?page_id=9533\"><strong><span style=\"color: #003366;\">GRECOFORCC<\/span><\/strong><\/a> <span style=\"color: #808080;\">\u2014 <span style=\"color: #808080;\">Assessing growth of main European coniferous tree species under a warmer climate regime<\/span><\/span><\/li>\n<li><span style=\"color: #003366;\"><strong><a style=\"color: #003366;\" href=\"https:\/\/mycor.iam.inrae.fr\/ARBRE\/?page_id=8979\">ASCOTUBE<\/a><\/strong><\/span> <span style=\"color: #808080;\">\u2014 <em>In vitro<\/em> and <em>in situ<\/em> unraveling truffle sexual reproduction using Ascobolus immersus as a test tube mode<\/span><\/li>\n<li><a href=\"https:\/\/mycor.iam.inrae.fr\/ARBRE\/?page_id=9414%20\"><span style=\"color: #003366;\"><strong>BAFES<\/strong> <\/span><\/a><span style=\"color: #808080;\">\u2014<\/span> <span style=\"color: #808080;\">Biomass harvest and ash recycling : impacts on forest ecosystem services values<\/span><\/li>\n<li><span style=\"color: #003366;\"><strong><a style=\"color: #003366;\" href=\"https:\/\/mycor.iam.inrae.fr\/ARBRE\/?page_id=9046\">CHM-era <\/a><\/strong><span style=\"color: #808080;\"><a style=\"color: #808080;\" href=\"https:\/\/mycor.iam.inrae.fr\/ARBRE\/?page_id=9046\">\u2014 <\/a>Utilisation de mod\u00e8les photogramm\u00e9triques d canop\u00e9e pour l&rsquo;\u00e9valuation de la ressource foreti\u00e8re<\/span><\/span><\/li>\n<li><span style=\"color: #003366;\"><strong><a style=\"color: #003366;\" href=\"ttp:\/\/mycor.iam.inrae.fr\/ARBRE\/?page_id=9422\">COHABIT <\/a><\/strong><span style=\"color: #808080;\"><a style=\"color: #808080;\" href=\"https:\/\/mycor.iam.inrae.fr\/ARBRE\/?page_id=9046\">\u2014<\/a><\/span><em> <span style=\"color: #808080;\">Controlling hormonal balance in mutualistic interactions between trees and fungi<\/span><\/em><\/span><\/li>\n<li><span style=\"color: #003366;\"><strong><a style=\"color: #003366;\" href=\"https:\/\/mycor.iam.inrae.fr\/ARBRE\/?page_id=8896\">METOX\u00a0 <\/a><\/strong><span style=\"color: #808080;\"><a style=\"color: #808080;\" href=\"https:\/\/mycor.iam.inrae.fr\/ARBRE\/?page_id=8896\">\u2014<\/a> Unravelling new metal- or redox-dependent proteins and processes in plants<\/span><\/span><\/li>\n<li><span style=\"color: #003366;\"><strong><a style=\"color: #003366;\" href=\"https:\/\/mycor.iam.inrae.fr\/ARBRE\/?page_id=9187\">VALBEECH <\/a><\/strong><span style=\"color: #808080;\"><a style=\"color: #808080;\" href=\"https:\/\/mycor.iam.inrae.fr\/ARBRE\/?page_id=9187\">\u2014<\/a> Valorisation du bois de h\u00eatre au travers la mise au point de nouveaux traitements de modification chimique respectueux de l&rsquo;environnement <\/span><\/span><\/li>\n<\/ul>\n<p>&nbsp;<\/p>\n<h2>Type de projet \u2014 INCITATIF<\/h2>\n<ul>\n<li><span style=\"color: #003366;\"><strong><a style=\"color: #003366;\" href=\"https:\/\/mycor.iam.inrae.fr\/ARBRE\/?page_id=8886\">ADFORIX <\/a><\/strong><span style=\"color: #808080;\">\u2014 Adaptation to climate change : Forest owners&rsquo; risk attitude and perception<\/span> <\/span><\/li>\n<li><span style=\"color: #003366;\"><strong><a style=\"color: #003366;\" href=\"https:\/\/mycor.iam.inrae.fr\/ARBRE\/?page_id=9027\">BILEUROPE <\/a><\/strong><a style=\"color: #003366;\" href=\"https:\/\/mycor.iam.inrae.fr\/ARBRE\/?page_id=9027\"><span style=\"color: #808080;\">\u2014<\/span> <span style=\"color: #808080;\">Adaptation to climate change : Forest owners&rsquo; risk attitude and perception<\/span><\/a><\/span><\/li>\n<li><span style=\"color: #003366;\"><strong><a style=\"color: #003366;\" href=\"https:\/\/mycor.iam.inrae.fr\/ARBRE\/?page_id=9267\">FEM-FIRE <\/a><\/strong><span style=\"color: #808080;\">\u2014Finite element modeling for fire resistance of timber composite panels<\/span><\/span><\/li>\n<li><span style=\"color: #003366;\"><strong><a style=\"color: #003366;\" href=\"https:\/\/mycor.iam.inrae.fr\/ARBRE\/?page_id=9017\">FERPAR <\/a><\/strong><span style=\"color: #808080;\">\u2014 Identification of plant ferredoxin protein partners<\/span><\/span><\/li>\n<li><span style=\"color: #003366;\"><strong><a style=\"color: #003366;\" href=\"https:\/\/mycor.iam.inrae.fr\/ARBRE\/?page_id=8914\">ISABEX <\/a><\/strong><span style=\"color: #808080;\">\u2014\u00a0 Interactions between Saprotrophic Bacteria and the white-rot <em>Phanerochaete chrysosporium<\/em> in presence of wood extractives<\/span><\/span><\/li>\n<li><span style=\"color: #003366;\"><strong><a style=\"color: #003366;\" href=\"https:\/\/mycor.iam.inrae.fr\/ARBRE\/?page_id=9114\">SCAN-COMP <\/a><\/strong><span style=\"color: #808080;\">\u2014 Linking crown plasticity to tree growth using terrestrial aser scanning under a gradient of competition conditions<\/span><\/span><\/li>\n<\/ul>\n<p>&nbsp;<\/p>\n<p><a href=\"https:\/\/mycor.iam.inrae.fr\/ARBRE\/wp-content\/uploads\/2016\/02\/projets-formation-dissem.png\"><img loading=\"lazy\" decoding=\"async\" class=\"alignleft  wp-image-9086\" src=\"https:\/\/mycor.iam.inrae.fr\/ARBRE\/wp-content\/uploads\/2016\/02\/projets-formation-dissem.png\" alt=\"projets formation dissem\" width=\"518\" height=\"72\" \/><\/a><\/p>\n<p>&nbsp;<\/p>\n<p>&nbsp;<\/p>\n<h2>Type de projet \u2014 INCITATIF<\/h2>\n<ul>\n<li><a href=\"https:\/\/mycor.iam.inrae.fr\/ARBRE\/?page_id=9033\"><strong><span style=\"color: #003366;\">DOPALEP<\/span><\/strong> <span style=\"color: #808080;\">\u2014<\/span> <span style=\"color: #808080;\">D\u00e9veloppement d&rsquo;outils partag\u00e9s pour la sylviculture de pin d&rsquo;Alep de qualit\u00e9<\/span><\/a><\/li>\n<li><strong><span style=\"color: #003366;\">IFGI<\/span><\/strong> <span style=\"color: #808080;\">\u2014 International Forestry and Global Issues<\/span><\/li>\n<li><strong><span style=\"color: #003366;\"><a style=\"color: #003366;\" href=\"https:\/\/mycor.iam.inrae.fr\/ARBRE\/?page_id=8872\">IUFRO 2016 <\/a><\/span><\/strong><span style=\"color: #808080;\">\u2014<\/span> <span style=\"color: #808080;\">Genomics and Forest Tree Genetics Conference<\/span><\/li>\n<li><strong><span style=\"color: #003366;\">BOURSES FEN<\/span><\/strong> <span style=\"color: #808080;\">\u2014 Soutien au recrutement internationa du master FAGE sp\u00e9cialti\u00e9 FEN (Forests and their Enivronment)<\/span><\/li>\n<\/ul>\n<p>&nbsp;<\/p>\n<p><a href=\"https:\/\/mycor.iam.inrae.fr\/ARBRE\/wp-content\/uploads\/2016\/02\/projet-valo.png\"><img loading=\"lazy\" decoding=\"async\" class=\"alignleft  wp-image-9087\" src=\"https:\/\/mycor.iam.inrae.fr\/ARBRE\/wp-content\/uploads\/2016\/02\/projet-valo.png\" alt=\"projet valo\" width=\"516\" height=\"72\" \/><\/a><\/p>\n<p>&nbsp;<\/p>\n<p>&nbsp;<\/p>\n<h2>Type de projet \u2014 INCITATIF<\/h2>\n<ul>\n<li><a href=\"https:\/\/mycor.iam.inrae.fr\/ARBRE\/?page_id=9609\"><strong><span style=\"color: #003366;\">ForManCLim<\/span><\/strong><\/a> \u2014 <span style=\"color: #808080;\">Nouveaux outils pour la caract\u00e9risation stationnelle et le choix de essences : application \u00e0 l&rsquo;am\u00e9nagement forestier en contexte de changement climatique<\/span><\/li>\n<\/ul>\n<p>&nbsp;<\/p>\n<p>&nbsp;<\/p>\n<p>&nbsp;<\/p>\n","protected":false},"excerpt":{"rendered":"<p>&nbsp; &nbsp; Type de projet \u2014 INNOVANTS GRECOFORCC \u2014 Assessing growth of main European coniferous tree species under a warmer climate regime ASCOTUBE \u2014 In vitro and in situ unraveling truffle sexual reproduction using Ascobolus immersus as a test tube &hellip; <a href=\"https:\/\/mycor.iam.inrae.fr\/ARBRE\/?page_id=9172\">Continuer la lecture <span class=\"meta-nav\">&rarr;<\/span><\/a><\/p>\n","protected":false},"author":4,"featured_media":0,"parent":2122,"menu_order":0,"comment_status":"closed","ping_status":"closed","template":"","meta":{"footnotes":""},"class_list":["post-9172","page","type-page","status-publish","hentry"],"_links":{"self":[{"href":"https:\/\/mycor.iam.inrae.fr\/ARBRE\/index.php?rest_route=\/wp\/v2\/pages\/9172","targetHints":{"allow":["GET"]}}],"collection":[{"href":"https:\/\/mycor.iam.inrae.fr\/ARBRE\/index.php?rest_route=\/wp\/v2\/pages"}],"about":[{"href":"https:\/\/mycor.iam.inrae.fr\/ARBRE\/index.php?rest_route=\/wp\/v2\/types\/page"}],"author":[{"embeddable":true,"href":"https:\/\/mycor.iam.inrae.fr\/ARBRE\/index.php?rest_route=\/wp\/v2\/users\/4"}],"replies":[{"embeddable":true,"href":"https:\/\/mycor.iam.inrae.fr\/ARBRE\/index.php?rest_route=%2Fwp%2Fv2%2Fcomments&post=9172"}],"version-history":[{"count":0,"href":"https:\/\/mycor.iam.inrae.fr\/ARBRE\/index.php?rest_route=\/wp\/v2\/pages\/9172\/revisions"}],"up":[{"embeddable":true,"href":"https:\/\/mycor.iam.inrae.fr\/ARBRE\/index.php?rest_route=\/wp\/v2\/pages\/2122"}],"wp:attachment":[{"href":"https:\/\/mycor.iam.inrae.fr\/ARBRE\/index.php?rest_route=%2Fwp%2Fv2%2Fmedia&parent=9172"}],"curies":[{"name":"wp","href":"https:\/\/api.w.org\/{rel}","templated":true}]}}