{"id":933,"date":"2013-07-19T07:47:48","date_gmt":"2013-07-19T07:47:48","guid":{"rendered":"https:\/\/mycor.iam.inrae.fr\/ARBRE\/?page_id=933"},"modified":"2022-09-20T12:16:35","modified_gmt":"2022-09-20T12:16:35","slug":"projets-theses-en-cours","status":"publish","type":"page","link":"https:\/\/mycor.iam.inrae.fr\/ARBRE\/?page_id=933","title":{"rendered":"Ils ont soutenu leur th\u00e8se"},"content":{"rendered":"<ul>\n<li><span style=\"color: #3366ff;\"><strong><a style=\"color: #3366ff;\" href=\"https:\/\/www.theses.fr\/2019LORR0242\" target=\"_blank\" rel=\"noopener\">BASSO V\u00e9ronica<\/a><\/strong><\/span> &#8211; UMR IAM &#8211; 12\/2019<br \/>\n<em><u>Sujet <\/u><\/em><em>: Les voies de signalisation des phytohormones dans l\u2019\u00e9tablissement de la symbiose ectomycorhizienne entre racines de Populus et Laccaria bicolor : un nouveau regard sur la modulation de la perception de l\u2019acide jasmonique au cours de la colonisation fongique<\/em><\/li>\n<\/ul>\n<ul>\n<li><a href=\"https:\/\/mycor.iam.inrae.fr\/ARBRE\/?page_id=1708\" target=\"_blank\" rel=\"noopener\"><strong><span style=\"color: #3366ff;\">BORNOT Yoran<\/span><\/strong><\/a> &#8211; EEF &#8211; 12\/2017<br \/>\n<em><u>Sujet <\/u><\/em><em>: Effet du statut nutritif des arbres sur leur r\u00e9silience \u00e0 la s\u00e9cheresse<\/em><\/li>\n<\/ul>\n<ul>\n<li><span style=\"color: #3366ff;\"><strong><a style=\"color: #3366ff;\" href=\"https:\/\/mycor.iam.inrae.fr\/ARBRE\/wp-content\/uploads\/2022\/09\/Resume-these-Nathalie-CAROL.pdf\" class=\"mtli_attachment mtli_pdf\" target=\"_blank\" rel=\"noopener\">CAROL Nathalie<\/a><\/strong><\/span> &#8211; UMR SILVA &#8211; 02\/2021<br \/>\n<em><u>Sujet <\/u><\/em><em>: Le r\u00f4le des managers de proximit\u00e9 dans la fabrique du sens strat\u00e9gique \u00e0 l&rsquo;Office National des For\u00eats : les effets des fronti\u00e8res sur le travail d&rsquo;influence des pratiques de martelage<\/em><\/li>\n<\/ul>\n<ul>\n<li><a href=\"https:\/\/mycor.iam.inrae.fr\/ARBRE\/?page_id=6088\" target=\"_blank\" rel=\"noopener\"><strong><span style=\"color: #3366ff;\">CHUSTE Pierre-Antoine<\/span><\/strong><\/a>&#8211; EEF &#8211; 12\/2018<br \/>\n<em><u>Sujet <\/u><\/em><em>: \u00c9tude de la sensibilit\u00e9 du h\u00eatre lorrain \u00e0 un \u00e9v\u00e9nement climatique extr\u00eame. Quels sont les r\u00f4les des m\u00e9tabolismes carbon\u00e9 et azot\u00e9 dans la mort des arbres\u00a0<\/em><\/li>\n<\/ul>\n<ul>\n<li><a href=\"https:\/\/mycor.iam.inrae.fr\/ARBRE\/?page_id=2124\" target=\"_blank\" rel=\"noopener\"><strong><span style=\"color: #3366ff;\">DEROY Aur\u00e9lie<\/span><\/strong><\/a> &#8211; UMR IAM &#8211; 11\/2015<br \/>\n<em><u>Sujet <\/u><\/em><em>: \u00c9volution et adaptation du syst\u00e8me de d\u00e9toxification de trametes versilocor, un champignon de d\u00e9composition du bois<\/em><\/li>\n<\/ul>\n<ul>\n<li><a href=\"https:\/\/mycor.iam.inrae.fr\/ARBRE\/?page_id=7261\" target=\"_blank\" rel=\"noopener\"><strong><span style=\"color: #3366ff;\">FRULEUX Alexandre<\/span><\/strong><\/a> \u2013 EEF &#8211; 04\/2017<br \/>\n<em><u>Sujet <\/u><\/em><em>: D\u00e9veloppement racinaire du h\u00eatre (Fagus sylvatica) en interaction avec d\u2019autres esp\u00e8ces foresti\u00e8res et en fonction de la disponibilit\u00e9 en eau : cons\u00e9quences sur la croissance et le fonctionnement hydrique et carbon\u00e9<\/em><\/li>\n<\/ul>\n<ul>\n<li><span style=\"color: #3366ff;\"><a style=\"color: #3366ff;\" href=\"https:\/\/mycor.iam.inrae.fr\/ARBRE\/?page_id=6096\" target=\"_blank\" rel=\"noopener\"><strong>HAMADA Jo\u00ebl <\/strong><\/a><\/span>\u2013 LERMAB &#8211; 11\/2016<br \/>\n<em><u>Sujet <\/u><\/em><em>: Effet de la variabilit\u00e9 intra et intersp\u00e9cifique du bois sur les proc\u00e9d\u00e9s de traitement thermique<\/em><\/li>\n<\/ul>\n<ul>\n<li><a href=\"https:\/\/mycor.iam.inrae.fr\/ARBRE\/?page_id=1167\" target=\"_blank\" rel=\"noopener\"><strong><span style=\"color: #3366ff;\">HILY Emeline<\/span><\/strong><\/a> \u2013 LEF- 07\/2017<br \/>\n<em><u>Sujet <\/u><\/em><em>: Paiements incitatifs pour la conservation de la biodiversit\u00e9 : une analyse dynamique et spatiale<\/em><\/li>\n<\/ul>\n<ul>\n<li><strong><span style=\"color: #3366ff;\"><a style=\"color: #3366ff;\" href=\"https:\/\/www.theses.fr\/2019LORR0023\">LIN Bo Jhih<\/a> <\/span><\/strong>\u2013 LERMAB &#8211; 04\/2019<br \/>\n<em><u>Sujet <\/u><\/em><em>: \u00c9tudes de bois trait\u00e9s par pyrolyse douce dans un r\u00e9acteur semi-industriel pour une production de mat\u00e9riaux durable : comportement thermique, changements de propri\u00e9t\u00e9s et mod\u00e9lisation cin\u00e9tique<\/em><\/li>\n<\/ul>\n<ul>\n<li><span style=\"color: #3366ff;\"><a style=\"color: #3366ff;\" href=\"https:\/\/mycor.nancy.inra.fr\/IAM\/?p=9289\" target=\"_blank\" rel=\"noopener\"><span style=\"color: #3366ff;\"><strong>MAILLARD<\/strong> <\/span><strong><span style=\"color: #3366ff;\">Fran\u00e7ois<\/span><\/strong><\/a><\/span> &#8211; UMR IAM &#8211; 10\/2018<br \/>\n<em><u>Sujet <\/u><\/em><em>: Biomass Removal Impact on soil Diversity, Geochemistry and tree Ecophysiology (BRIDGE): R\u00e9ponses fonctionnelles saisonni\u00e8res du rhizobiome des arbres \u00e0 l&rsquo;\u00e9limination de la mati\u00e8re organique dans les for\u00eats de ch\u00eanes et de h\u00eatres..<\/em><\/li>\n<\/ul>\n<ul>\n<li><a href=\"https:\/\/mycor.iam.inrae.fr\/ARBRE\/wp-content\/uploads\/2022\/09\/Soutenance-de-these-MUBAROK-Mahdi.pdf\" class=\"mtli_attachment mtli_pdf\" target=\"_blank\" rel=\"noopener\"><span style=\"color: #3366ff;\"><strong>MUBAROK Mahdi<\/strong> <\/span><\/a>\u2013 Lermab &#8211; 10\/2019<br \/>\n<em><u>Sujet <\/u><\/em><em>: Valorisation du bois de h\u00eatre par le d\u00e9veloppement de traitements de modification chimique innovants et respectueux de l&rsquo;environnement<\/em><\/li>\n<\/ul>\n<ul>\n<li><strong><span style=\"color: #3366ff;\"><a style=\"color: #3366ff;\" href=\"https:\/\/mycor.iam.inrae.fr\/ARBRE\/wp-content\/uploads\/2022\/09\/Soutenance-de-these-NADER-Saad.pdf\" class=\"mtli_attachment mtli_pdf\" target=\"_blank\" rel=\"noopener\">NADER Saad<\/a><\/span><\/strong> &#8211; Lermab &#8211; 12\/2021<br \/>\n<em><u>Sujet de th\u00e8se<\/u> : Production de cellulose microfibrill\u00e9e par explosion en phase vapeur (Nanosteamex)<\/em><br \/>\n04\/2020-10\/2021<\/li>\n<\/ul>\n<ul>\n<li><span style=\"color: #3366ff;\"><a style=\"color: #3366ff;\" href=\"https:\/\/mycor.iam.inrae.fr\/ARBRE\/?page_id=6600\" target=\"_blank\" rel=\"noopener\"><strong>NGUYEN Van tho<\/strong><\/a><\/span> \u2013 LERFOB &#8211; 10\/2018<br \/>\n<em>Sujet : \u00c9valuation de la qualit\u00e9 de bois ronds et de tronc d&rsquo;arbre \u00e0 partir de donn\u00e9es 3D issues d&rsquo;un LiDAR terrestre<\/em><\/li>\n<\/ul>\n<ul>\n<li><span style=\"color: #3366ff;\"><a style=\"color: #3366ff;\" href=\"https:\/\/mycor.iam.inrae.fr\/ARBRE\/?page_id=5684\" target=\"_blank\" rel=\"noopener\"><strong>NICOLITCH-CAFE Oc\u00e9ane<\/strong><\/a> <\/span>&#8211; UMR IAM &#8211; 12\/2017<br \/>\n<em><u>Sujet <\/u><\/em><em>: Impact de la disponibilit\u00e9 en nutriments inorganiques sur la structure fonctionnelle et taxonomique des communaut\u00e9s bact\u00e9riennes des sols forestiers\u00a0<\/em><\/li>\n<\/ul>\n<ul>\n<li><a href=\"https:\/\/mycor.iam.inrae.fr\/ARBRE\/?page_id=732\" target=\"_blank\" rel=\"noopener\"><strong><span style=\"color: #3366ff;\">NOYER Estelle<\/span><\/strong><\/a> &#8211; LERFOB &#8211; 05\/2017<br \/>\n<em><u>Sujet <\/u><\/em><em>: R\u00e9ponses des perches de h\u00eatre (Fagus sylvatica L.) \u00e0 l\u2019ouverture de la canop\u00e9e : approche multidisciplinaire et multi-\u00e9chelle<\/em><\/li>\n<\/ul>\n<ul>\n<li><a href=\"https:\/\/mycor.iam.inrae.fr\/ARBRE\/?page_id=1162\" target=\"_blank\" rel=\"noopener\"><strong><span style=\"color: #3366ff;\">PEGEOT Henri<\/span><\/strong><\/a> &#8211; UMR IAM &#8211; 12\/2015<br \/>\n<em><u>Sujet <\/u><\/em><em>: Etude des glutathion transf\u00e9rases de la classe Phi du peuplier (Populus trichocarpa) : caract\u00e9risation structurale, enzymatique et recherche de mol\u00e9cules cibles<\/em><\/li>\n<\/ul>\n<ul>\n<li><a href=\"https:\/\/mycor.iam.inrae.fr\/ARBRE\/?page_id=5488\" target=\"_blank\" rel=\"noopener\"><strong><span style=\"color: #3366ff;\">TOUSSAINT Maxime<\/span><\/strong><\/a> \u2013 Dynamic &#8211; 12\/2018<br \/>\n<em><u>Sujet <\/u><\/em><em>: Exploitation et exploration de la diversit\u00e9 g\u00e9n\u00e9tique d\u2019une population naturelle de Streptomyces issue d\u2019un micro-habitat sol<\/em><\/li>\n<\/ul>\n<ul>\n<li><span style=\"color: #0000ff;\"><strong><a style=\"color: #0000ff;\" href=\"https:\/\/mycor.iam.inrae.fr\/ARBRE\/wp-content\/uploads\/2022\/09\/Avis_de_souteance_Turc_Benjamin.pdf\" class=\"mtli_attachment mtli_pdf\" target=\"_blank\" rel=\"noopener\"><span style=\"color: #3366ff;\">TURC Benjamin<\/span><\/a><\/strong><\/span> &#8211; UMR Silva &#8211; 12\/2021<br \/>\n<em><u>Sujet de th\u00e8se<\/u> :Impact de l&rsquo;ozone et de la s\u00e9cheresse sur l&rsquo;allocation du carbone chez le peuplier : cons\u00e9quences pour la croissance et la production de biomasse<\/em> ligneuse<\/li>\n<\/ul>\n<ul>\n<li><a href=\"https:\/\/mycor.iam.inrae.fr\/ARBRE\/?page_id=7281\" target=\"_blank\" rel=\"noopener\"><strong><span style=\"color: #3366ff;\">VALETTE Nicolas<\/span><\/strong><\/a> &#8211; UMR IAM &#8211; 12\/2017<br \/>\n<em><u>Sujet <\/u><\/em><em>: La caract\u00e9risation fonctionnelle de petites prot\u00e9ines s\u00e9cr\u00e9t\u00e9es chez les champignons lignolytiques<\/em><\/li>\n<\/ul>\n<ul>\n<li><strong><span style=\"color: #3366ff;\"><a style=\"color: #3366ff;\" href=\"https:\/\/www.theses.fr\/2019LORR0276\" target=\"_blank\" rel=\"noopener\">ZANNINI Flavien<\/a> <\/span><\/strong>&#8211; UMR IAM &#8211; 12\/2019<br \/>\n<em><u>Sujet <\/u><\/em><em>: Analyse fonctionnelle de nouvelles prot\u00e9ines d\u00e9pendantes des m\u00e9taux ou du redox chez les plantes<\/em><\/li>\n<\/ul>\n","protected":false},"excerpt":{"rendered":"<p>BASSO V\u00e9ronica &#8211; UMR IAM &#8211; 12\/2019 Sujet : Les voies de signalisation des phytohormones dans l\u2019\u00e9tablissement de la symbiose ectomycorhizienne entre racines de Populus et Laccaria bicolor : un nouveau regard sur la modulation de la perception de l\u2019acide &hellip; <a href=\"https:\/\/mycor.iam.inrae.fr\/ARBRE\/?page_id=933\">Continuer la lecture <span class=\"meta-nav\">&rarr;<\/span><\/a><\/p>\n","protected":false},"author":4,"featured_media":0,"parent":296,"menu_order":0,"comment_status":"closed","ping_status":"open","template":"","meta":{"footnotes":""},"class_list":["post-933","page","type-page","status-publish","hentry"],"_links":{"self":[{"href":"https:\/\/mycor.iam.inrae.fr\/ARBRE\/index.php?rest_route=\/wp\/v2\/pages\/933","targetHints":{"allow":["GET"]}}],"collection":[{"href":"https:\/\/mycor.iam.inrae.fr\/ARBRE\/index.php?rest_route=\/wp\/v2\/pages"}],"about":[{"href":"https:\/\/mycor.iam.inrae.fr\/ARBRE\/index.php?rest_route=\/wp\/v2\/types\/page"}],"author":[{"embeddable":true,"href":"https:\/\/mycor.iam.inrae.fr\/ARBRE\/index.php?rest_route=\/wp\/v2\/users\/4"}],"replies":[{"embeddable":true,"href":"https:\/\/mycor.iam.inrae.fr\/ARBRE\/index.php?rest_route=%2Fwp%2Fv2%2Fcomments&post=933"}],"version-history":[{"count":0,"href":"https:\/\/mycor.iam.inrae.fr\/ARBRE\/index.php?rest_route=\/wp\/v2\/pages\/933\/revisions"}],"up":[{"embeddable":true,"href":"https:\/\/mycor.iam.inrae.fr\/ARBRE\/index.php?rest_route=\/wp\/v2\/pages\/296"}],"wp:attachment":[{"href":"https:\/\/mycor.iam.inrae.fr\/ARBRE\/index.php?rest_route=%2Fwp%2Fv2%2Fmedia&parent=933"}],"curies":[{"name":"wp","href":"https:\/\/api.w.org\/{rel}","templated":true}]}}